{"id":1713,"date":"2026-01-30T06:23:07","date_gmt":"2026-01-30T06:23:07","guid":{"rendered":"https:\/\/www.czqunfa.com\/?post_type=product&#038;p=1713"},"modified":"2026-01-30T06:23:09","modified_gmt":"2026-01-30T06:23:09","slug":"dinner-set-wholesale","status":"publish","type":"product","link":"https:\/\/www.czqunfa.com\/ru\/product\/dinner-set-wholesale\/","title":{"rendered":"\u0420\u043e\u0436\u0434\u0435\u0441\u0442\u0432\u0435\u043d\u0441\u043a\u0438\u0439 \u0441\u0442\u043e\u043b\u043e\u0432\u044b\u0439 \u043d\u0430\u0431\u043e\u0440 \u043e\u043f\u0442\u043e\u043c, \u043d\u0430\u0432\u0430\u043b\u043e\u043c \u044d\u043a\u043e\u043b\u043e\u0433\u0438\u0447\u0435\u0441\u043a\u0438 \u0447\u0438\u0441\u0442\u0430\u044f \u043f\u043e\u0441\u0443\u0434\u0430"},"content":{"rendered":"<div class=\"wp-block-columns is-layout-flex wp-container-core-columns-is-layout-9d6595d7 wp-block-columns-is-layout-flex\">\n<div class=\"wp-block-column is-layout-flow wp-block-column-is-layout-flow\">\n<h2 class=\"wp-block-heading\">Features of Christmas Dinner Set Wholesale<\/h2>\n\n\n\n<ul class=\"wp-block-list\">\n<li><strong>High-Quality Eco-Friendly Ceramic Material:<\/strong> This Christmas dinner set wholesale is made from carefully selected eco-friendly ceramic materials, fired at high temperatures, offering excellent durability, heat resistance, and thermal shock resistance. Designed for bulk supply and long-term commercial use.<\/li>\n\n\n\n<li><strong>\u0428\u0438\u0440\u043e\u043a\u0438\u0439 \u0430\u0441\u0441\u043e\u0440\u0442\u0438\u043c\u0435\u043d\u0442 \u043f\u0440\u043e\u0434\u0443\u043a\u0446\u0438\u0438: <\/strong>The Christmas dinner set wholesale includes bowls and cups in various sizes from 4.7&#8243; to 6.2&#8243;, as well as professional pie pans, covered stockpots, and multi-size baking pans, meeting all your Christmas dinner needs from kitchen preparation to table presentation.<\/li>\n\n\n\n<li><strong>High Packing Efficiency, Hassle-Free Logistics:<\/strong> Our bulk eco-friendly tableware features a nesting design for baking pans and stockpots, significantly increasing container loading capacity and saving you considerable cross-border shipping costs.<\/li>\n\n\n\n<li><strong>Direct from Manufacturer, Competitive Pricing:<\/strong> This Christmas dinner set wholesale is sold directly from the manufacturer, offering highly attractive wholesale prices. Minimum order quantity of 1000 pieces, helping you launch your Christmas season bestsellers at a low cost.<\/li>\n\n\n\n<li><strong>Flexible Customization Services: <\/strong>Our Christmas dinner set wholesale supports customization of Christmas-specific patterns, glaze colors, and brand logos. We have a mature R&amp;D team that can quickly respond to your OEM\/ODM needs.<\/li>\n<\/ul>\n<\/div>\n\n\n\n<div class=\"wp-block-column is-layout-flow wp-block-column-is-layout-flow\">\n<figure class=\"wp-block-image size-full\"><img decoding=\"async\" width=\"1000\" height=\"1000\" src=\"https:\/\/www.czqunfa.com\/wp-content\/uploads\/2026\/01\/christmas-dinner-set-wholesale-bulk-eco-friendly-tableware-8.webp\" alt=\"christmas-dinner-set-wholesale-bulk-eco-friendly-tableware-8\" class=\"wp-image-1733\" srcset=\"https:\/\/www.czqunfa.com\/wp-content\/uploads\/2026\/01\/christmas-dinner-set-wholesale-bulk-eco-friendly-tableware-8.webp 1000w, https:\/\/www.czqunfa.com\/wp-content\/uploads\/2026\/01\/christmas-dinner-set-wholesale-bulk-eco-friendly-tableware-8-300x300.webp 300w, https:\/\/www.czqunfa.com\/wp-content\/uploads\/2026\/01\/christmas-dinner-set-wholesale-bulk-eco-friendly-tableware-8-150x150.webp 150w, https:\/\/www.czqunfa.com\/wp-content\/uploads\/2026\/01\/christmas-dinner-set-wholesale-bulk-eco-friendly-tableware-8-768x768.webp 768w, https:\/\/www.czqunfa.com\/wp-content\/uploads\/2026\/01\/christmas-dinner-set-wholesale-bulk-eco-friendly-tableware-8-12x12.webp 12w, https:\/\/www.czqunfa.com\/wp-content\/uploads\/2026\/01\/christmas-dinner-set-wholesale-bulk-eco-friendly-tableware-8-600x600.webp 600w, https:\/\/www.czqunfa.com\/wp-content\/uploads\/2026\/01\/christmas-dinner-set-wholesale-bulk-eco-friendly-tableware-8-100x100.webp 100w\" sizes=\"(max-width: 1000px) 100vw, 1000px\" \/><\/figure>\n<\/div>\n<\/div>\n\n\n\n<figure class=\"wp-block-table\"><table class=\"has-fixed-layout\"><tbody><tr><td>Product Name<\/td><td>Item No.<\/td><td>Size<\/td><\/tr><tr><td>4.7&#8243; Bowl<\/td><td>23-0091-4<\/td><td>12 \u00d7 12 \u00d7 5.7 cm<\/td><\/tr><tr><td>5.6&#8243; Bowl<\/td><td>2236-31<\/td><td>14.3 \u00d7 14.3 \u00d7 7 cm<\/td><\/tr><tr><td>Cake Pot<\/td><td>T24-0133-1<\/td><td>7.6 \u00d7 7.6 \u00d7 5.1 cm<\/td><\/tr><tr><td>Handle Tip Tray<\/td><td>24-0052-2<\/td><td>28.5 \u00d7 22.4 \u00d7 4.3 cm<\/td><\/tr><tr><td>Round Stockpot with Lid<\/td><td>T24-0092-2 \/ T24-0312<\/td><td>S: Body: 20 \u00d7 15.8 \u00d7 6.1 cm, Lid: 20.1 \u00d7 16.1 \u00d7 2.3 cm<br>M: Body: 25 \u00d7 20 \u00d7 8 cm, Lid: 25 \u00d7 20 \u00d7 3 cm<\/td><\/tr><tr><td>\u0424\u043e\u0440\u043c\u0430 \u0434\u043b\u044f \u043f\u0438\u0440\u043e\u0433\u043e\u0432<\/td><td>21136-2 \/ 1137-2<\/td><td>S: 20.3 \u00d7 20.3 \u00d7 2.5 cm<br>M: 26 \u00d7 26 \u00d7 5.5 cm<\/td><\/tr><tr><td>8&#8243; Plate<\/td><td>2238-29<\/td><td>20.3 \u00d7 20.3 \u00d7 2.5 cm<\/td><\/tr><tr><td>5.1&#8243; Mug<\/td><td>23-2477-5<\/td><td>12.8 \u00d7 9.1 \u00d7 8.5 cm<\/td><\/tr><tr><td>6.2&#8243; Mug<\/td><td>22-0218-2<\/td><td>15.6 \u00d7 11.9 \u00d7 9.5 cm<\/td><\/tr><tr><td>Handle Bowl<\/td><td>1963-17<\/td><td>21.8 \u00d7 14.3 \u00d7 7.1 cm<\/td><\/tr><tr><td>Cake Pot<\/td><td>1659-8<\/td><td>7.7 \u00d7 7.7 \u00d7 5.3 cm<\/td><\/tr><tr><td>\u0424\u043e\u0440\u043c\u0430 \u0434\u043b\u044f \u0432\u044b\u043f\u0435\u0447\u043a\u0438<\/td><td>23-0050-6 \/ 23-0015-3 \/ 24-0279-5<\/td><td>S: 17 \u00d7 10 \u00d7 6 cm<br>M: 24 \u00d7 12.5 \u00d7 7.5 cm<br>L: 28 \u00d7 15.5 \u00d7 8.3 cm<\/td><\/tr><\/tbody><\/table><\/figure>\n\n\n\n<figure class=\"wp-block-gallery has-nested-images columns-default is-cropped wp-block-gallery-1 is-layout-flex wp-block-gallery-is-layout-flex\">\n<figure class=\"wp-block-image size-large\"><img decoding=\"async\" width=\"1000\" height=\"1000\" data-id=\"1734\" src=\"https:\/\/www.czqunfa.com\/wp-content\/uploads\/2026\/01\/christmas-dinner-set-wholesale-bulk-eco-friendly-tableware-9.webp\" alt=\"christmas-dinner-set-wholesale-bulk-eco-friendly-tableware-9\" class=\"wp-image-1734\" srcset=\"https:\/\/www.czqunfa.com\/wp-content\/uploads\/2026\/01\/christmas-dinner-set-wholesale-bulk-eco-friendly-tableware-9.webp 1000w, https:\/\/www.czqunfa.com\/wp-content\/uploads\/2026\/01\/christmas-dinner-set-wholesale-bulk-eco-friendly-tableware-9-300x300.webp 300w, https:\/\/www.czqunfa.com\/wp-content\/uploads\/2026\/01\/christmas-dinner-set-wholesale-bulk-eco-friendly-tableware-9-150x150.webp 150w, https:\/\/www.czqunfa.com\/wp-content\/uploads\/2026\/01\/christmas-dinner-set-wholesale-bulk-eco-friendly-tableware-9-768x768.webp 768w, https:\/\/www.czqunfa.com\/wp-content\/uploads\/2026\/01\/christmas-dinner-set-wholesale-bulk-eco-friendly-tableware-9-12x12.webp 12w, https:\/\/www.czqunfa.com\/wp-content\/uploads\/2026\/01\/christmas-dinner-set-wholesale-bulk-eco-friendly-tableware-9-600x600.webp 600w, https:\/\/www.czqunfa.com\/wp-content\/uploads\/2026\/01\/christmas-dinner-set-wholesale-bulk-eco-friendly-tableware-9-100x100.webp 100w\" sizes=\"(max-width: 1000px) 100vw, 1000px\" \/><\/figure>\n\n\n\n<figure class=\"wp-block-image size-large\"><img decoding=\"async\" width=\"1000\" height=\"1000\" data-id=\"1731\" src=\"https:\/\/www.czqunfa.com\/wp-content\/uploads\/2026\/01\/christmas-dinner-set-wholesale-bulk-eco-friendly-tableware-6.webp\" alt=\"christmas-dinner-set-wholesale-bulk-eco-friendly-tableware-6\" class=\"wp-image-1731\" srcset=\"https:\/\/www.czqunfa.com\/wp-content\/uploads\/2026\/01\/christmas-dinner-set-wholesale-bulk-eco-friendly-tableware-6.webp 1000w, https:\/\/www.czqunfa.com\/wp-content\/uploads\/2026\/01\/christmas-dinner-set-wholesale-bulk-eco-friendly-tableware-6-300x300.webp 300w, https:\/\/www.czqunfa.com\/wp-content\/uploads\/2026\/01\/christmas-dinner-set-wholesale-bulk-eco-friendly-tableware-6-150x150.webp 150w, https:\/\/www.czqunfa.com\/wp-content\/uploads\/2026\/01\/christmas-dinner-set-wholesale-bulk-eco-friendly-tableware-6-768x768.webp 768w, https:\/\/www.czqunfa.com\/wp-content\/uploads\/2026\/01\/christmas-dinner-set-wholesale-bulk-eco-friendly-tableware-6-12x12.webp 12w, https:\/\/www.czqunfa.com\/wp-content\/uploads\/2026\/01\/christmas-dinner-set-wholesale-bulk-eco-friendly-tableware-6-600x600.webp 600w, https:\/\/www.czqunfa.com\/wp-content\/uploads\/2026\/01\/christmas-dinner-set-wholesale-bulk-eco-friendly-tableware-6-100x100.webp 100w\" sizes=\"(max-width: 1000px) 100vw, 1000px\" \/><\/figure>\n<\/figure>","protected":false},"excerpt":{"rendered":"<p>Welcome to purchase our Christmas dinner set wholesale, crafted from high-quality, eco-friendly stoneware, combining classic festive design with modern functionality. The products offer excellent durability, ensuring resistance to both heat and cold, and are fully dishwasher, microwave, and oven safe, providing a reliable festive dining solution for global buyers.<\/p>\n<h2>Christmas Dinner Set Wholesale Parameter<\/h2>\n<table border=\"0\" width=\"102\" cellspacing=\"0\" cellpadding=\"0\">\n<tbody>\n<tr>\n<td width=\"51\" height=\"31\">\u041f\u0440\u043e\u0438\u0437\u0432\u043e\u0434\u0438\u0442\u0435\u043b\u044c<\/td>\n<td width=\"51\">QUNFA<\/td>\n<\/tr>\n<tr>\n<td width=\"51\" height=\"31\">\u0422\u0438\u043f \u043f\u0440\u043e\u0434\u0443\u043a\u0442\u0430<\/td>\n<td width=\"51\">\u041d\u0430\u0431\u043e\u0440 \u043f\u043e\u0441\u0443\u0434\u044b<\/td>\n<\/tr>\n<tr>\n<td width=\"51\" height=\"16\">\u041c\u043e\u0434\u0435\u043b\u044c \u2116.<\/td>\n<td width=\"51\">2238-29<\/td>\n<\/tr>\n<tr>\n<td width=\"51\" height=\"31\">\u041c\u0430\u0442\u0435\u0440\u0438\u0430\u043b<\/td>\n<td width=\"51\">\u041a\u0435\u0440\u0430\u043c\u0438\u043a\u0430<\/td>\n<\/tr>\n<tr>\n<td width=\"51\" height=\"31\">\u0426\u0432\u0435\u0442<\/td>\n<td width=\"51\">\u041a\u0440\u0430\u0441\u043d\u044b\u0439<\/td>\n<\/tr>\n<tr>\n<td width=\"51\" height=\"31\">\u043c\u0438\u043d\u0438\u043c\u0430\u043b\u044c\u043d\u044b\u0439 \u043e\u0431\u044a\u0435\u043c \u0437\u0430\u043a\u0430\u0437\u0430<\/td>\n<td width=\"51\">1000 \u0448\u0442.<\/td>\n<\/tr>\n<tr>\n<td width=\"51\" height=\"61\">\u041f\u043e\u043b\u044c\u0437\u043e\u0432\u0430\u0442\u0435\u043b\u044c\u0441\u043a\u0438\u0439<\/td>\n<td width=\"51\">\u0426\u0432\u0435\u0442\/\u0420\u0430\u0437\u043c\u0435\u0440\/\u041b\u043e\u0433\u043e\u0442\u0438\u043f\/\u0423\u043f\u0430\u043a\u043e\u0432\u043a\u0430\/\u0424\u043e\u0440\u043c\u0430<\/td>\n<\/tr>\n<tr>\n<td width=\"51\" height=\"31\">\u0423\u0437\u043e\u0440<\/td>\n<td width=\"51\">Christmas Pattern<\/td>\n<\/tr>\n<\/tbody>\n<\/table>","protected":false},"featured_media":1730,"comment_status":"closed","ping_status":"closed","template":"","meta":{"_acf_changed":false},"product_brand":[],"product_cat":[20,25],"product_tag":[],"class_list":{"0":"post-1713","1":"product","2":"type-product","3":"status-publish","4":"has-post-thumbnail","6":"product_cat-dinnerware-supplier","7":"product_cat-dinner-set-supplier","9":"first","10":"instock","11":"shipping-taxable","12":"product-type-simple"},"acf":[],"_links":{"self":[{"href":"https:\/\/www.czqunfa.com\/ru\/wp-json\/wp\/v2\/product\/1713","targetHints":{"allow":["GET"]}}],"collection":[{"href":"https:\/\/www.czqunfa.com\/ru\/wp-json\/wp\/v2\/product"}],"about":[{"href":"https:\/\/www.czqunfa.com\/ru\/wp-json\/wp\/v2\/types\/product"}],"replies":[{"embeddable":true,"href":"https:\/\/www.czqunfa.com\/ru\/wp-json\/wp\/v2\/comments?post=1713"}],"wp:featuredmedia":[{"embeddable":true,"href":"https:\/\/www.czqunfa.com\/ru\/wp-json\/wp\/v2\/media\/1730"}],"wp:attachment":[{"href":"https:\/\/www.czqunfa.com\/ru\/wp-json\/wp\/v2\/media?parent=1713"}],"wp:term":[{"taxonomy":"product_brand","embeddable":true,"href":"https:\/\/www.czqunfa.com\/ru\/wp-json\/wp\/v2\/product_brand?post=1713"},{"taxonomy":"product_cat","embeddable":true,"href":"https:\/\/www.czqunfa.com\/ru\/wp-json\/wp\/v2\/product_cat?post=1713"},{"taxonomy":"product_tag","embeddable":true,"href":"https:\/\/www.czqunfa.com\/ru\/wp-json\/wp\/v2\/product_tag?post=1713"}],"curies":[{"name":"wp","href":"https:\/\/api.w.org\/{rel}","templated":true}]}}