{"id":994,"date":"2025-12-24T10:21:43","date_gmt":"2025-12-24T10:21:43","guid":{"rendered":"https:\/\/www.tongdeceramic.com\/?post_type=product&#038;p=994"},"modified":"2025-12-25T03:34:05","modified_gmt":"2025-12-25T03:34:05","slug":"ceramic-ramekins-wholesale","status":"publish","type":"product","link":"https:\/\/www.czqunfa.com\/pt\/produto\/ceramic-ramekins-wholesale\/","title":{"rendered":"Ramequins redondos de cer\u00e2mica de 3 polegadas por grosso com impress\u00e3o para cozinha"},"content":{"rendered":"<div class=\"wp-block-columns is-layout-flex wp-container-core-columns-is-layout-9d6595d7 wp-block-columns-is-layout-flex\">\n<div class=\"wp-block-column is-layout-flow wp-block-column-is-layout-flow\">\n<h2 class=\"wp-block-heading\">Carater\u00edsticas de Ramequins de cer\u00e2mica Wholesale<\/h2>\n\n\n\n<ul class=\"wp-block-list\">\n<li><strong>Material cer\u00e2mico de alta qualidade:<\/strong> Estes ramequins de cer\u00e2mica por atacado s\u00e3o compostos por cer\u00e2mica de alta qualidade, densa e robusta, com boa resist\u00eancia ao calor e ao frio e longa vida \u00fatil.<\/li>\n\n\n\n<li><strong>Desenhos divertidos e \u00fanicos: <\/strong>Estes ramequins de cer\u00e2mica para venda por grosso apresentam 2 designs: uma vers\u00e3o preta com uma caveira branca e as palavras \u201cBONE APP\u00c9TIT\u201d e uma vers\u00e3o laranja com a silhueta de um gato preto. Os designs \u00fanicos e divertidos s\u00e3o perfeitos para o Dia das Bruxas e\/ou festas tem\u00e1ticas.<\/li>\n\n\n\n<li><strong>Tamanho compacto e pr\u00e1tico:<\/strong> Estes ramequins a granel t\u00eam uma forma cil\u00edndrica, s\u00e3o pequenos e requintados e s\u00e3o adequados para fazer sobremesas de dose \u00fanica ou para guardar pequenos snacks. O design empilh\u00e1vel permite poupar espa\u00e7o de arruma\u00e7\u00e3o na cozinha.<\/li>\n\n\n\n<li><strong>Utens\u00edlio de cozinha multifuncional:<\/strong> Estes ramequins de cer\u00e2mica por atacado podem ser utilizados n\u00e3o s\u00f3 como moldes para bolos, mousses e outras sobremesas, mas tamb\u00e9m como ta\u00e7as para pudim, ta\u00e7as para saladas e recipientes para snacks, oferecendo utiliza\u00e7\u00f5es vers\u00e1teis.<\/li>\n\n\n\n<li><strong>F\u00e1cil de limpar e seguro para a cozinha:<\/strong> Estes ramequins de cer\u00e2mica para venda por grosso apresentam superf\u00edcies interiores e exteriores lisas que s\u00e3o f\u00e1ceis de limpar e podem ser lavados na m\u00e1quina de lavar lou\u00e7a, no micro-ondas e no forno, facilitando o aquecimento e a limpeza.<\/li>\n<\/ul>\n<\/div>\n\n\n\n<div class=\"wp-block-column is-layout-flow wp-block-column-is-layout-flow\">\n<figure class=\"wp-block-image size-full\"><img decoding=\"async\" width=\"800\" height=\"800\" src=\"https:\/\/www.czqunfa.com\/wp-content\/uploads\/2025\/12\/322-round-ceramic-ramekins-wholesale-with-printed-for-kitchen-use-6.webp\" alt=\"3-Round-ceramic-ramekins-wholesale-with-printed-for-kitchen-use-6\" class=\"wp-image-1055\" srcset=\"https:\/\/www.czqunfa.com\/wp-content\/uploads\/2025\/12\/322-round-ceramic-ramekins-wholesale-with-printed-for-kitchen-use-6.webp 800w, https:\/\/www.czqunfa.com\/wp-content\/uploads\/2025\/12\/322-round-ceramic-ramekins-wholesale-with-printed-for-kitchen-use-6-300x300.webp 300w, https:\/\/www.czqunfa.com\/wp-content\/uploads\/2025\/12\/322-round-ceramic-ramekins-wholesale-with-printed-for-kitchen-use-6-150x150.webp 150w, https:\/\/www.czqunfa.com\/wp-content\/uploads\/2025\/12\/322-round-ceramic-ramekins-wholesale-with-printed-for-kitchen-use-6-768x768.webp 768w, https:\/\/www.czqunfa.com\/wp-content\/uploads\/2025\/12\/322-round-ceramic-ramekins-wholesale-with-printed-for-kitchen-use-6-600x600.webp 600w, https:\/\/www.czqunfa.com\/wp-content\/uploads\/2025\/12\/322-round-ceramic-ramekins-wholesale-with-printed-for-kitchen-use-6-100x100.webp 100w\" sizes=\"(max-width: 800px) 100vw, 800px\" \/><\/figure>\n<\/div>\n<\/div>\n\n\n\n<figure class=\"wp-block-gallery has-nested-images columns-default is-cropped wp-block-gallery-1 is-layout-flex wp-block-gallery-is-layout-flex\">\n<figure class=\"wp-block-image size-full\"><img decoding=\"async\" width=\"800\" height=\"800\" data-id=\"1051\" src=\"https:\/\/www.czqunfa.com\/wp-content\/uploads\/2025\/12\/322-round-ceramic-ramekins-wholesale-with-printed-for-kitchen-use-2.webp\" alt=\"3-redondos-cer\u00e2micos-ramequins-\u00e0-venda-com-impress\u00e3o-para-uso-na-cozinha-2\" class=\"wp-image-1051\" srcset=\"https:\/\/www.czqunfa.com\/wp-content\/uploads\/2025\/12\/322-round-ceramic-ramekins-wholesale-with-printed-for-kitchen-use-2.webp 800w, https:\/\/www.czqunfa.com\/wp-content\/uploads\/2025\/12\/322-round-ceramic-ramekins-wholesale-with-printed-for-kitchen-use-2-300x300.webp 300w, https:\/\/www.czqunfa.com\/wp-content\/uploads\/2025\/12\/322-round-ceramic-ramekins-wholesale-with-printed-for-kitchen-use-2-150x150.webp 150w, https:\/\/www.czqunfa.com\/wp-content\/uploads\/2025\/12\/322-round-ceramic-ramekins-wholesale-with-printed-for-kitchen-use-2-768x768.webp 768w, https:\/\/www.czqunfa.com\/wp-content\/uploads\/2025\/12\/322-round-ceramic-ramekins-wholesale-with-printed-for-kitchen-use-2-600x600.webp 600w, https:\/\/www.czqunfa.com\/wp-content\/uploads\/2025\/12\/322-round-ceramic-ramekins-wholesale-with-printed-for-kitchen-use-2-100x100.webp 100w\" sizes=\"(max-width: 800px) 100vw, 800px\" \/><\/figure>\n\n\n\n<figure class=\"wp-block-image size-full\"><img decoding=\"async\" width=\"800\" height=\"800\" data-id=\"1053\" src=\"https:\/\/www.czqunfa.com\/wp-content\/uploads\/2025\/12\/322-round-ceramic-ramekins-wholesale-with-printed-for-kitchen-use-4.webp\" alt=\"3-redondos-cer\u00e2micos-ramequins-\u00e0-venda-com-impress\u00e3o-para-uso-da-cozinha-4\" class=\"wp-image-1053\" srcset=\"https:\/\/www.czqunfa.com\/wp-content\/uploads\/2025\/12\/322-round-ceramic-ramekins-wholesale-with-printed-for-kitchen-use-4.webp 800w, https:\/\/www.czqunfa.com\/wp-content\/uploads\/2025\/12\/322-round-ceramic-ramekins-wholesale-with-printed-for-kitchen-use-4-300x300.webp 300w, https:\/\/www.czqunfa.com\/wp-content\/uploads\/2025\/12\/322-round-ceramic-ramekins-wholesale-with-printed-for-kitchen-use-4-150x150.webp 150w, https:\/\/www.czqunfa.com\/wp-content\/uploads\/2025\/12\/322-round-ceramic-ramekins-wholesale-with-printed-for-kitchen-use-4-768x768.webp 768w, https:\/\/www.czqunfa.com\/wp-content\/uploads\/2025\/12\/322-round-ceramic-ramekins-wholesale-with-printed-for-kitchen-use-4-600x600.webp 600w, https:\/\/www.czqunfa.com\/wp-content\/uploads\/2025\/12\/322-round-ceramic-ramekins-wholesale-with-printed-for-kitchen-use-4-100x100.webp 100w\" sizes=\"(max-width: 800px) 100vw, 800px\" \/><\/figure>\n<\/figure>\n\n\n\n<p><\/p>","protected":false},"excerpt":{"rendered":"<p>Bem-vindo ao comprar estes ramequins redondos de cer\u00e2mica de 3 polegadas por atacado. Fabricados em cer\u00e2mica de gr\u00e9s de alta qualidade, s\u00e3o robustos, duradouros e seguros para utiliza\u00e7\u00e3o no micro-ondas, forno e m\u00e1quina de lavar lou\u00e7a. O esmalte liso \u00e9 f\u00e1cil de limpar e o seu tamanho compacto torna-os ideais para molhos, sobremesas e produtos de pastelaria. A impress\u00e3o personalizada est\u00e1 dispon\u00edvel; estes ramequins de cer\u00e2mica personalizados fazem deles a escolha ideal para utens\u00edlios de cozinha e servi\u00e7os alimentares por grosso.<\/p>\n<h2>Ramequins redondos de cer\u00e2mica Par\u00e2metro por atacado<\/h2>\n<table border=\"0\" width=\"328\" cellspacing=\"0\" cellpadding=\"0\">\n<tbody>\n<tr>\n<td width=\"116\" height=\"16\">Fabricante<\/td>\n<td width=\"211\">QUNFA<\/td>\n<\/tr>\n<tr>\n<td width=\"116\" height=\"16\">Tipo de produto<\/td>\n<td width=\"211\">Ramekin<\/td>\n<\/tr>\n<tr>\n<td width=\"116\" height=\"16\">Modelo n.\u00ba.<\/td>\n<td width=\"211\">22-0161<\/td>\n<\/tr>\n<tr>\n<td width=\"116\" height=\"16\">Material<\/td>\n<td width=\"211\">Gr\u00e9s<\/td>\n<\/tr>\n<tr>\n<td width=\"116\" height=\"16\">Cor<\/td>\n<td width=\"211\">Preto,Laranja<\/td>\n<\/tr>\n<tr>\n<td width=\"116\" height=\"16\">Dimens\u00e3o<\/td>\n<td width=\"211\">7,6*7,6*5,1 cm<\/td>\n<\/tr>\n<tr>\n<td width=\"116\" height=\"16\">Quantidade m\u00ednima de encomenda<\/td>\n<td width=\"211\">1000 unidades<\/td>\n<\/tr>\n<tr>\n<td width=\"116\" height=\"16\">Personalizado<\/td>\n<td width=\"211\">Cor\/Tamanho\/Log\u00f3tipo\/Embalagem\/Forma<\/td>\n<\/tr>\n<\/tbody>\n<\/table>","protected":false},"featured_media":1050,"comment_status":"closed","ping_status":"closed","template":"","meta":{"_acf_changed":false},"product_brand":[],"product_cat":[22,29],"product_tag":[],"class_list":{"0":"post-994","1":"product","2":"type-product","3":"status-publish","4":"has-post-thumbnail","6":"product_cat-bakeware-manufacturer","7":"product_cat-wholesale-ramekins","9":"first","10":"instock","11":"shipping-taxable","12":"product-type-simple"},"acf":[],"_links":{"self":[{"href":"https:\/\/www.czqunfa.com\/pt\/wp-json\/wp\/v2\/product\/994","targetHints":{"allow":["GET"]}}],"collection":[{"href":"https:\/\/www.czqunfa.com\/pt\/wp-json\/wp\/v2\/product"}],"about":[{"href":"https:\/\/www.czqunfa.com\/pt\/wp-json\/wp\/v2\/types\/product"}],"replies":[{"embeddable":true,"href":"https:\/\/www.czqunfa.com\/pt\/wp-json\/wp\/v2\/comments?post=994"}],"wp:featuredmedia":[{"embeddable":true,"href":"https:\/\/www.czqunfa.com\/pt\/wp-json\/wp\/v2\/media\/1050"}],"wp:attachment":[{"href":"https:\/\/www.czqunfa.com\/pt\/wp-json\/wp\/v2\/media?parent=994"}],"wp:term":[{"taxonomy":"product_brand","embeddable":true,"href":"https:\/\/www.czqunfa.com\/pt\/wp-json\/wp\/v2\/product_brand?post=994"},{"taxonomy":"product_cat","embeddable":true,"href":"https:\/\/www.czqunfa.com\/pt\/wp-json\/wp\/v2\/product_cat?post=994"},{"taxonomy":"product_tag","embeddable":true,"href":"https:\/\/www.czqunfa.com\/pt\/wp-json\/wp\/v2\/product_tag?post=994"}],"curies":[{"name":"wp","href":"https:\/\/api.w.org\/{rel}","templated":true}]}}