{"id":424,"date":"2025-12-20T10:31:09","date_gmt":"2025-12-20T10:31:09","guid":{"rendered":"https:\/\/www.tongdeceramic.com\/?post_type=product&#038;p=424"},"modified":"2025-12-25T03:31:16","modified_gmt":"2025-12-25T03:31:16","slug":"restaurant-supply-bowls","status":"publish","type":"product","link":"https:\/\/www.czqunfa.com\/pt\/produto\/restaurant-supply-bowls\/","title":{"rendered":"Tigelas para restaurantes, conjunto de tigelas de cer\u00e2mica para misturar, venda por grosso"},"content":{"rendered":"<div class=\"wp-block-columns is-layout-flex wp-container-core-columns-is-layout-9d6595d7 wp-block-columns-is-layout-flex\">\n<div class=\"wp-block-column is-layout-flow wp-block-column-is-layout-flow\">\n<h2 class=\"wp-block-heading\">Carater\u00edsticas das ta\u00e7as para restaurantes<\/h2>\n\n\n\n<ul class=\"wp-block-list\">\n<li><strong>Material cer\u00e2mico de alta qualidade:<\/strong> Estas ta\u00e7as para restaurantes s\u00e3o feitas de gr\u00e9s de alta qualidade cuidadosamente selecionado. Esta ta\u00e7a possui uma estrutura densa e dur\u00e1vel com excelente resist\u00eancia ao calor e ao frio, tornando-a adequada para ambientes comerciais de alta frequ\u00eancia.<\/li>\n\n\n\n<li><strong>Seguran\u00e7a alimentar: <\/strong>Cumpre as normas de seguran\u00e7a em contacto com os alimentos. Estas ta\u00e7as para restaura\u00e7\u00e3o tornam-na segura para utiliza\u00e7\u00e3o em cozinhas de restaurantes, padarias, cafetarias e cozinhas dom\u00e9sticas.<\/li>\n\n\n\n<li><strong>Esmalte liso f\u00e1cil de limpar:<\/strong> A camada de esmalte suave e fina do conjunto de ta\u00e7as para misturar por atacado evita a acumula\u00e7\u00e3o de manchas de \u00f3leo e odores alimentares, permitindo a lavagem \u00e0 m\u00e3o e na m\u00e1quina de lavar lou\u00e7a. Estas ta\u00e7as para restaurantes mant\u00eam-se limpas e novas mesmo ap\u00f3s uma utiliza\u00e7\u00e3o prolongada.<\/li>\n\n\n\n<li><strong>Design multifuncional:<\/strong> Estas ta\u00e7as para restaurantes podem ser utilizadas como ta\u00e7a de mistura de fruta, ta\u00e7a de mistura de salada, ta\u00e7a de prepara\u00e7\u00e3o de ingredientes e ta\u00e7a de armazenamento, satisfazendo v\u00e1rias necessidades da cozinha, tais como prepara\u00e7\u00e3o de alimentos, mistura e servi\u00e7o.<\/li>\n\n\n\n<li><strong>Seguro para v\u00e1rios dispositivos:<\/strong> Este conjunto de ta\u00e7as misturadoras por atacado pode ser lavado na m\u00e1quina de lavar lou\u00e7a, no micro-ondas e no forno, adaptando-se aos processos operacionais eficientes das cozinhas dos restaurantes modernos.<\/li>\n<\/ul>\n<\/div>\n\n\n\n<div class=\"wp-block-column is-layout-flow wp-block-column-is-layout-flow\">\n<figure class=\"wp-block-image size-full\"><img decoding=\"async\" width=\"1000\" height=\"1000\" src=\"https:\/\/www.czqunfa.com\/wp-content\/uploads\/2025\/12\/restaurant-supply-bowls-ceramic-mixing-bowl-set-wholesale-1.webp\" alt=\"conjunto de ta\u00e7as de mistura de cer\u00e2mica para restaurantes - grossista-1\" class=\"wp-image-425\" srcset=\"https:\/\/www.czqunfa.com\/wp-content\/uploads\/2025\/12\/restaurant-supply-bowls-ceramic-mixing-bowl-set-wholesale-1.webp 1000w, https:\/\/www.czqunfa.com\/wp-content\/uploads\/2025\/12\/restaurant-supply-bowls-ceramic-mixing-bowl-set-wholesale-1-300x300.webp 300w, https:\/\/www.czqunfa.com\/wp-content\/uploads\/2025\/12\/restaurant-supply-bowls-ceramic-mixing-bowl-set-wholesale-1-150x150.webp 150w, https:\/\/www.czqunfa.com\/wp-content\/uploads\/2025\/12\/restaurant-supply-bowls-ceramic-mixing-bowl-set-wholesale-1-768x768.webp 768w, https:\/\/www.czqunfa.com\/wp-content\/uploads\/2025\/12\/restaurant-supply-bowls-ceramic-mixing-bowl-set-wholesale-1-600x600.webp 600w, https:\/\/www.czqunfa.com\/wp-content\/uploads\/2025\/12\/restaurant-supply-bowls-ceramic-mixing-bowl-set-wholesale-1-100x100.webp 100w\" sizes=\"(max-width: 1000px) 100vw, 1000px\" \/><\/figure>\n<\/div>\n<\/div>\n\n\n\n<figure class=\"wp-block-gallery has-nested-images columns-default is-cropped wp-block-gallery-1 is-layout-flex wp-block-gallery-is-layout-flex\">\n<figure class=\"wp-block-image size-large\"><img decoding=\"async\" width=\"1000\" height=\"1000\" data-id=\"426\" src=\"https:\/\/www.czqunfa.com\/wp-content\/uploads\/2025\/12\/restaurant-supply-bowls-ceramic-mixing-bowl-set-wholesale-2.webp\" alt=\"conjunto de ta\u00e7as de mistura de cer\u00e2mica para restaurantes - grossista-2\" class=\"wp-image-426\" srcset=\"https:\/\/www.czqunfa.com\/wp-content\/uploads\/2025\/12\/restaurant-supply-bowls-ceramic-mixing-bowl-set-wholesale-2.webp 1000w, https:\/\/www.czqunfa.com\/wp-content\/uploads\/2025\/12\/restaurant-supply-bowls-ceramic-mixing-bowl-set-wholesale-2-300x300.webp 300w, https:\/\/www.czqunfa.com\/wp-content\/uploads\/2025\/12\/restaurant-supply-bowls-ceramic-mixing-bowl-set-wholesale-2-150x150.webp 150w, https:\/\/www.czqunfa.com\/wp-content\/uploads\/2025\/12\/restaurant-supply-bowls-ceramic-mixing-bowl-set-wholesale-2-768x768.webp 768w, https:\/\/www.czqunfa.com\/wp-content\/uploads\/2025\/12\/restaurant-supply-bowls-ceramic-mixing-bowl-set-wholesale-2-600x600.webp 600w, https:\/\/www.czqunfa.com\/wp-content\/uploads\/2025\/12\/restaurant-supply-bowls-ceramic-mixing-bowl-set-wholesale-2-100x100.webp 100w\" sizes=\"(max-width: 1000px) 100vw, 1000px\" \/><\/figure>\n\n\n\n<figure class=\"wp-block-image size-large\"><img decoding=\"async\" width=\"1000\" height=\"1000\" data-id=\"427\" src=\"https:\/\/www.czqunfa.com\/wp-content\/uploads\/2025\/12\/restaurant-supply-bowls-ceramic-mixing-bowl-set-wholesale-3.webp\" alt=\"conjunto de ta\u00e7as de mistura de cer\u00e2mica para restaurantes - venda por grosso - 3\" class=\"wp-image-427\" srcset=\"https:\/\/www.czqunfa.com\/wp-content\/uploads\/2025\/12\/restaurant-supply-bowls-ceramic-mixing-bowl-set-wholesale-3.webp 1000w, https:\/\/www.czqunfa.com\/wp-content\/uploads\/2025\/12\/restaurant-supply-bowls-ceramic-mixing-bowl-set-wholesale-3-300x300.webp 300w, https:\/\/www.czqunfa.com\/wp-content\/uploads\/2025\/12\/restaurant-supply-bowls-ceramic-mixing-bowl-set-wholesale-3-150x150.webp 150w, https:\/\/www.czqunfa.com\/wp-content\/uploads\/2025\/12\/restaurant-supply-bowls-ceramic-mixing-bowl-set-wholesale-3-768x768.webp 768w, https:\/\/www.czqunfa.com\/wp-content\/uploads\/2025\/12\/restaurant-supply-bowls-ceramic-mixing-bowl-set-wholesale-3-600x600.webp 600w, https:\/\/www.czqunfa.com\/wp-content\/uploads\/2025\/12\/restaurant-supply-bowls-ceramic-mixing-bowl-set-wholesale-3-100x100.webp 100w\" sizes=\"(max-width: 1000px) 100vw, 1000px\" \/><\/figure>\n<\/figure>","protected":false},"excerpt":{"rendered":"<p>Bem-vindo ao comprar estas modernas ta\u00e7as de mistura para restaurantes, com uma constru\u00e7\u00e3o em cer\u00e2mica de primeira qualidade e uma excelente resist\u00eancia ao calor e ao frio. Concebidas para utiliza\u00e7\u00e3o profissional em restaurantes e cozinhas comerciais, estas ta\u00e7as de mistura est\u00e3o dispon\u00edveis em v\u00e1rios tamanhos pr\u00e1ticos. S\u00e3o ideais para misturar, servir e armazenar alimentos, perfeitas para fornecimento por grosso, projectos de servi\u00e7os alimentares e personaliza\u00e7\u00e3o OEM.<\/p>\n<h2>Fornecimento de tigelas para restaurantes Par\u00e2metro<\/h2>\n<table border=\"0\" width=\"328\" cellspacing=\"0\" cellpadding=\"0\">\n<tbody>\n<tr>\n<td width=\"116\" height=\"16\">Fabricante<\/td>\n<td width=\"211\">QUNFA<\/td>\n<\/tr>\n<tr>\n<td width=\"116\" height=\"16\">Tipo de produto<\/td>\n<td width=\"211\">Tigela para misturar<\/td>\n<\/tr>\n<tr>\n<td width=\"116\" height=\"16\">Modelo n.\u00ba.<\/td>\n<td width=\"211\">T25-0214<\/td>\n<\/tr>\n<tr>\n<td width=\"116\" height=\"16\">Material<\/td>\n<td width=\"211\">Gr\u00e9s<\/td>\n<\/tr>\n<tr>\n<td width=\"116\" height=\"16\">Cor<\/td>\n<td width=\"211\">Cinzento<\/td>\n<\/tr>\n<tr>\n<td width=\"116\" height=\"46\">Dimens\u00e3o<\/td>\n<td width=\"211\">8.8\u201dbowl:22.4*22.4*11.2cm 8\u2033bowl:20*20*10.1cm 6\u201cbowl:15*15*7.1cm<\/td>\n<\/tr>\n<tr>\n<td width=\"116\" height=\"16\">Quantidade m\u00ednima de encomenda<\/td>\n<td width=\"211\">1000 unidades<\/td>\n<\/tr>\n<tr>\n<td width=\"116\" height=\"16\">Personalizado<\/td>\n<td width=\"211\">Cor\/Tamanho\/Log\u00f3tipo\/Embalagem\/Forma<\/td>\n<\/tr>\n<\/tbody>\n<\/table>","protected":false},"featured_media":429,"comment_status":"closed","ping_status":"closed","template":"","meta":{"_acf_changed":false},"product_brand":[],"product_cat":[20,36,21,31],"product_tag":[],"class_list":{"0":"post-424","1":"product","2":"type-product","3":"status-publish","4":"has-post-thumbnail","6":"product_cat-dinnerware-supplier","7":"product_cat-ceramic-bowl-supplier","8":"product_cat-ceramic-kitchenware-wholesale","9":"product_cat-ceramic-mixing-bowls-supplier","11":"first","12":"instock","13":"shipping-taxable","14":"product-type-simple"},"acf":[],"_links":{"self":[{"href":"https:\/\/www.czqunfa.com\/pt\/wp-json\/wp\/v2\/product\/424","targetHints":{"allow":["GET"]}}],"collection":[{"href":"https:\/\/www.czqunfa.com\/pt\/wp-json\/wp\/v2\/product"}],"about":[{"href":"https:\/\/www.czqunfa.com\/pt\/wp-json\/wp\/v2\/types\/product"}],"replies":[{"embeddable":true,"href":"https:\/\/www.czqunfa.com\/pt\/wp-json\/wp\/v2\/comments?post=424"}],"wp:featuredmedia":[{"embeddable":true,"href":"https:\/\/www.czqunfa.com\/pt\/wp-json\/wp\/v2\/media\/429"}],"wp:attachment":[{"href":"https:\/\/www.czqunfa.com\/pt\/wp-json\/wp\/v2\/media?parent=424"}],"wp:term":[{"taxonomy":"product_brand","embeddable":true,"href":"https:\/\/www.czqunfa.com\/pt\/wp-json\/wp\/v2\/product_brand?post=424"},{"taxonomy":"product_cat","embeddable":true,"href":"https:\/\/www.czqunfa.com\/pt\/wp-json\/wp\/v2\/product_cat?post=424"},{"taxonomy":"product_tag","embeddable":true,"href":"https:\/\/www.czqunfa.com\/pt\/wp-json\/wp\/v2\/product_tag?post=424"}],"curies":[{"name":"wp","href":"https:\/\/api.w.org\/{rel}","templated":true}]}}