{"id":2149,"date":"2026-04-18T01:46:34","date_gmt":"2026-04-18T01:46:34","guid":{"rendered":"https:\/\/www.czqunfa.com\/?post_type=product&#038;p=2149"},"modified":"2026-04-18T01:46:35","modified_gmt":"2026-04-18T01:46:35","slug":"wholesale-ceramic-cupcake-pan","status":"publish","type":"product","link":"https:\/\/www.czqunfa.com\/pt\/produto\/wholesale-ceramic-cupcake-pan\/","title":{"rendered":"Panela de cer\u00e2mica para cupcake por atacado, Panela de cer\u00e2mica personalizada para muffin 6"},"content":{"rendered":"<div class=\"wp-block-columns is-layout-flex wp-container-core-columns-is-layout-9d6595d7 wp-block-columns-is-layout-flex\">\n<div class=\"wp-block-column is-layout-flow wp-block-column-is-layout-flow\">\n<h2 class=\"wp-block-heading\">Carater\u00edsticas da forma de cer\u00e2mica para cupcakes por atacado<\/h2>\n\n\n\n<ul class=\"wp-block-list\">\n<li><strong>Tabuleiro de seis grelhas para uma cozedura eficiente:<\/strong> A nossa forma de cer\u00e2mica para cupcakes por atacado tem um design de seis grelhas que nos permite cozer 6 cupcakes de tamanho normal de cada vez, melhorando assim muito a efici\u00eancia da cozedura. Adequada para uso familiar ou para produ\u00e7\u00e3o comercial em massa.<\/li>\n\n\n\n<li><strong>Feito de cer\u00e2mica de alta qualidade, transfer\u00eancia de calor uniforme: <\/strong>A nossa forma de cer\u00e2mica para cupcakes \u00e9 feita de cer\u00e2mica de alta qualidade, a transfer\u00eancia de calor \u00e9 est\u00e1vel e uniforme, evitando que qualquer parte do bolo fique queimada ou meio cozida, garantindo que cada cupcake fique dourado e macio.<\/li>\n\n\n\n<li><strong>Tamanho m\u00e9dio, r\u00e1cio adequado:<\/strong> Com um comprimento e uma rela\u00e7\u00e3o largura\/altura m\u00e9dios, a forma de cer\u00e2mica personalizada para 6 muffins cabe na maioria dos fornos dom\u00e9sticos, tendo profundidade suficiente para que a massa se expanda e evite transbordar.<\/li>\n\n\n\n<li><strong>F\u00e1cil de retirar e lavar:<\/strong> A superf\u00edcie \u00e9 plana e lisa, a forma de cer\u00e2mica personalizada para 6 muffins tem um bom efeito antiaderente, facilitando a remo\u00e7\u00e3o do bolo ap\u00f3s a cozedura, e tamb\u00e9m pode ser lavada diretamente na m\u00e1quina de lavar lou\u00e7a.<\/li>\n\n\n\n<li><strong>Alta resist\u00eancia ao calor e v\u00e1rias fun\u00e7\u00f5es:<\/strong> A nossa forma de cer\u00e2mica para cupcakes por atacado pode ser resistente a altas temperaturas no forno (geralmente acima de 200 graus cent\u00edgrados), que n\u00e3o s\u00f3 se aplica para assar cupcakes, mas tamb\u00e9m para fazer mini cheesecake, muffin, ou torta de ovo.<\/li>\n<\/ul>\n<\/div>\n\n\n\n<div class=\"wp-block-column is-layout-flow wp-block-column-is-layout-flow\">\n<figure class=\"wp-block-image size-full\"><img decoding=\"async\" width=\"1000\" height=\"1000\" src=\"https:\/\/www.czqunfa.com\/wp-content\/uploads\/2026\/04\/cupcake-baking-pan-1.webp\" alt=\"panela de cer\u00e2mica para cupcakes personalizada - panela para 6 muffins - 1\" class=\"wp-image-2145\" srcset=\"https:\/\/www.czqunfa.com\/wp-content\/uploads\/2026\/04\/cupcake-baking-pan-1.webp 1000w, https:\/\/www.czqunfa.com\/wp-content\/uploads\/2026\/04\/cupcake-baking-pan-1-300x300.webp 300w, https:\/\/www.czqunfa.com\/wp-content\/uploads\/2026\/04\/cupcake-baking-pan-1-150x150.webp 150w, https:\/\/www.czqunfa.com\/wp-content\/uploads\/2026\/04\/cupcake-baking-pan-1-768x768.webp 768w, https:\/\/www.czqunfa.com\/wp-content\/uploads\/2026\/04\/cupcake-baking-pan-1-12x12.webp 12w, https:\/\/www.czqunfa.com\/wp-content\/uploads\/2026\/04\/cupcake-baking-pan-1-600x600.webp 600w, https:\/\/www.czqunfa.com\/wp-content\/uploads\/2026\/04\/cupcake-baking-pan-1-100x100.webp 100w\" sizes=\"(max-width: 1000px) 100vw, 1000px\" \/><\/figure>\n<\/div>\n<\/div>\n\n\n\n<figure class=\"wp-block-gallery has-nested-images columns-default is-cropped wp-block-gallery-1 is-layout-flex wp-block-gallery-is-layout-flex\">\n<figure class=\"wp-block-image size-full\"><img decoding=\"async\" width=\"1000\" height=\"1000\" data-id=\"2147\" src=\"https:\/\/www.czqunfa.com\/wp-content\/uploads\/2026\/04\/cupcake-baking-pan-3.webp\" alt=\"forma para cupcakes-3\" class=\"wp-image-2147\" srcset=\"https:\/\/www.czqunfa.com\/wp-content\/uploads\/2026\/04\/cupcake-baking-pan-3.webp 1000w, https:\/\/www.czqunfa.com\/wp-content\/uploads\/2026\/04\/cupcake-baking-pan-3-300x300.webp 300w, https:\/\/www.czqunfa.com\/wp-content\/uploads\/2026\/04\/cupcake-baking-pan-3-150x150.webp 150w, https:\/\/www.czqunfa.com\/wp-content\/uploads\/2026\/04\/cupcake-baking-pan-3-768x768.webp 768w, https:\/\/www.czqunfa.com\/wp-content\/uploads\/2026\/04\/cupcake-baking-pan-3-12x12.webp 12w, https:\/\/www.czqunfa.com\/wp-content\/uploads\/2026\/04\/cupcake-baking-pan-3-600x600.webp 600w, https:\/\/www.czqunfa.com\/wp-content\/uploads\/2026\/04\/cupcake-baking-pan-3-100x100.webp 100w\" sizes=\"(max-width: 1000px) 100vw, 1000px\" \/><\/figure>\n\n\n\n<figure class=\"wp-block-image size-full\"><img decoding=\"async\" width=\"1000\" height=\"1000\" data-id=\"2148\" src=\"https:\/\/www.czqunfa.com\/wp-content\/uploads\/2026\/04\/cupcake-baking-pan-4.webp\" alt=\"forma para cupcakes - 4\" class=\"wp-image-2148\" srcset=\"https:\/\/www.czqunfa.com\/wp-content\/uploads\/2026\/04\/cupcake-baking-pan-4.webp 1000w, https:\/\/www.czqunfa.com\/wp-content\/uploads\/2026\/04\/cupcake-baking-pan-4-300x300.webp 300w, https:\/\/www.czqunfa.com\/wp-content\/uploads\/2026\/04\/cupcake-baking-pan-4-150x150.webp 150w, https:\/\/www.czqunfa.com\/wp-content\/uploads\/2026\/04\/cupcake-baking-pan-4-768x768.webp 768w, https:\/\/www.czqunfa.com\/wp-content\/uploads\/2026\/04\/cupcake-baking-pan-4-12x12.webp 12w, https:\/\/www.czqunfa.com\/wp-content\/uploads\/2026\/04\/cupcake-baking-pan-4-600x600.webp 600w, https:\/\/www.czqunfa.com\/wp-content\/uploads\/2026\/04\/cupcake-baking-pan-4-100x100.webp 100w\" sizes=\"(max-width: 1000px) 100vw, 1000px\" \/><\/figure>\n<\/figure>\n\n\n\n<p><\/p>","protected":false},"excerpt":{"rendered":"<p>Bem-vindo a comprar a nossa forma de cer\u00e2mica para cupcakes por atacado. Este tabuleiro de cer\u00e2mica para muffins com seis grelhas (30,6\u00d719,9\u00d74,8 cm) foi especialmente concebido para cozer 6 muffins ou cupcakes perfeitos de uma s\u00f3 vez. Feito de material cer\u00e2mico de alta qualidade, aquece uniformemente. N\u00e3o s\u00f3 \u00e9 adequada para fazer queques, como tamb\u00e9m pode ser utilizada para cozer cheesecakes, mini tartes ou sobremesas congeladas. \u00c9 o companheiro de cozedura ideal para fornos dom\u00e9sticos e fritadeiras de ar quente.<\/p>\n<h2>Par\u00e2metros de Panela de cer\u00e2mica para Cupcake por atacado<\/h2>\n<table width=\"328\">\n<tbody>\n<tr>\n<td width=\"116\">Fabricante<\/td>\n<td width=\"211\">QUNFA<\/td>\n<\/tr>\n<tr>\n<td width=\"116\">Tipo de produto<\/td>\n<td width=\"211\">\u00a0forma de cer\u00e2mica para muffins<\/td>\n<\/tr>\n<tr>\n<td width=\"116\">Modelo n.\u00ba.<\/td>\n<td width=\"211\">\u00a024-0446-3<\/td>\n<\/tr>\n<tr>\n<td width=\"116\">Material<\/td>\n<td width=\"211\">Gr\u00e9s<\/td>\n<\/tr>\n<tr>\n<td width=\"116\">Cor<\/td>\n<td width=\"211\">Bege<\/td>\n<\/tr>\n<tr>\n<td width=\"116\">Dimens\u00e3o<\/td>\n<td width=\"211\">30,6*19,9*4,8CM<\/td>\n<\/tr>\n<tr>\n<td width=\"116\">Quantidade m\u00ednima de encomenda<\/td>\n<td width=\"211\">1000 unidades<\/td>\n<\/tr>\n<tr>\n<td width=\"116\">Personalizado<\/td>\n<td width=\"211\">Cor\/Tamanho\/Log\u00f3tipo\/Embalagem\/Forma<\/td>\n<\/tr>\n<\/tbody>\n<\/table>","protected":false},"featured_media":2146,"comment_status":"closed","ping_status":"closed","template":"","meta":{"_acf_changed":false},"product_brand":[],"product_cat":[22,23],"product_tag":[],"class_list":{"0":"post-2149","1":"product","2":"type-product","3":"status-publish","4":"has-post-thumbnail","6":"product_cat-bakeware-manufacturer","7":"product_cat-wholesale-baking-dishes","9":"first","10":"instock","11":"shipping-taxable","12":"product-type-simple"},"acf":[],"_links":{"self":[{"href":"https:\/\/www.czqunfa.com\/pt\/wp-json\/wp\/v2\/product\/2149","targetHints":{"allow":["GET"]}}],"collection":[{"href":"https:\/\/www.czqunfa.com\/pt\/wp-json\/wp\/v2\/product"}],"about":[{"href":"https:\/\/www.czqunfa.com\/pt\/wp-json\/wp\/v2\/types\/product"}],"replies":[{"embeddable":true,"href":"https:\/\/www.czqunfa.com\/pt\/wp-json\/wp\/v2\/comments?post=2149"}],"wp:featuredmedia":[{"embeddable":true,"href":"https:\/\/www.czqunfa.com\/pt\/wp-json\/wp\/v2\/media\/2146"}],"wp:attachment":[{"href":"https:\/\/www.czqunfa.com\/pt\/wp-json\/wp\/v2\/media?parent=2149"}],"wp:term":[{"taxonomy":"product_brand","embeddable":true,"href":"https:\/\/www.czqunfa.com\/pt\/wp-json\/wp\/v2\/product_brand?post=2149"},{"taxonomy":"product_cat","embeddable":true,"href":"https:\/\/www.czqunfa.com\/pt\/wp-json\/wp\/v2\/product_cat?post=2149"},{"taxonomy":"product_tag","embeddable":true,"href":"https:\/\/www.czqunfa.com\/pt\/wp-json\/wp\/v2\/product_tag?post=2149"}],"curies":[{"name":"wp","href":"https:\/\/api.w.org\/{rel}","templated":true}]}}