{"id":2136,"date":"2026-04-18T03:09:05","date_gmt":"2026-04-18T03:09:05","guid":{"rendered":"https:\/\/www.czqunfa.com\/?post_type=product&#038;p=2136"},"modified":"2026-04-18T03:09:07","modified_gmt":"2026-04-18T03:09:07","slug":"ceramic-baking-pans-wholesale","status":"publish","type":"product","link":"https:\/\/www.czqunfa.com\/pt\/produto\/ceramic-baking-pans-wholesale\/","title":{"rendered":"Panelas de cer\u00e2mica por atacado, panelas para restaurantes"},"content":{"rendered":"<div class=\"wp-block-columns is-layout-flex wp-container-core-columns-is-layout-9d6595d7 wp-block-columns-is-layout-flex\">\n<div class=\"wp-block-column is-layout-flow wp-block-column-is-layout-flow\">\n<h2 class=\"wp-block-heading\">Carater\u00edsticas das formas de cer\u00e2mica para cozer por atacado<\/h2>\n\n\n\n<ul class=\"wp-block-list\">\n<li><strong>Esmalte pintado \u00e0 m\u00e3o: <\/strong>Estes tabuleiros de cer\u00e2mica de grandes dimens\u00f5es s\u00e3o todos pintados \u00e0 m\u00e3o com padr\u00f5es de flores silvestres e borboletas, apresentando uma atmosfera quente e natural de estilo rural. O seu estilo de design situa-se entre o moderno e a natureza, com uma textura quente e artesanal, acrescentando uma camada de encanto \u00e0 sua mesa de jantar ou de pastelaria.<\/li>\n\n\n\n<li><strong>Combina\u00e7\u00e3o flex\u00edvel de dois tamanhos: <\/strong>Estes tabuleiros de cer\u00e2mica, dispon\u00edveis por atacado em dois tamanhos distintos, podem acomodar v\u00e1rios produtos de pastelaria e tamanhos de fornos; o design permite o empilhamento vertical para formar uma estrutura de exposi\u00e7\u00e3o de dois n\u00edveis, o que os torna ideais para merchandising na loja e \u00e1reas de buffet para aumentar a atra\u00e7\u00e3o pelo produto.<\/li>\n\n\n\n<li><strong>Material cer\u00e2mico de primeira qualidade: <\/strong>Estes tabuleiros de cer\u00e2mica s\u00e3o fabricados em cer\u00e2mica de alta densidade, resistentes a temperaturas elevadas e a mudan\u00e7as bruscas de temperatura, n\u00e3o s\u00e3o propensos a fissuras ou deforma\u00e7\u00f5es e s\u00e3o duradouros.<\/li>\n\n\n\n<li><strong>Antiaderente e f\u00e1cil de limpar:<\/strong> As superf\u00edcies interiores e exteriores dos utens\u00edlios de cozinha para restaurantes s\u00e3o lisas com esmalte, n\u00e3o aderem a manchas de \u00f3leo e s\u00e3o f\u00e1ceis de limpar, podendo ser lavadas na m\u00e1quina de lavar lou\u00e7a.<\/li>\n\n\n\n<li><strong>Utiliza\u00e7\u00f5es vers\u00e1teis:<\/strong> Os utens\u00edlios de cozinha com tampa para restaurantes n\u00e3o s\u00f3 s\u00e3o adequados para cozer bolos e p\u00e3o, como tamb\u00e9m servem de assadeiras, saladeiras ou pratos de jantar, o que os torna ideais para reuni\u00f5es familiares, restaurantes, padarias e outras ocasi\u00f5es.<\/li>\n<\/ul>\n<\/div>\n\n\n\n<div class=\"wp-block-column is-layout-flow wp-block-column-is-layout-flow\">\n<figure class=\"wp-block-image size-full\"><img decoding=\"async\" width=\"1000\" height=\"1000\" src=\"https:\/\/www.czqunfa.com\/wp-content\/uploads\/2026\/04\/ceramic-baking-pans-wholesale-restaurant-supply-bakeware-with-lid-6.webp\" alt=\"frigideiras de cer\u00e2mica - venda por grosso de produtos para restaura\u00e7\u00e3o - frigideiras com tampa - 6\" class=\"wp-image-2210\" srcset=\"https:\/\/www.czqunfa.com\/wp-content\/uploads\/2026\/04\/ceramic-baking-pans-wholesale-restaurant-supply-bakeware-with-lid-6.webp 1000w, https:\/\/www.czqunfa.com\/wp-content\/uploads\/2026\/04\/ceramic-baking-pans-wholesale-restaurant-supply-bakeware-with-lid-6-300x300.webp 300w, https:\/\/www.czqunfa.com\/wp-content\/uploads\/2026\/04\/ceramic-baking-pans-wholesale-restaurant-supply-bakeware-with-lid-6-150x150.webp 150w, https:\/\/www.czqunfa.com\/wp-content\/uploads\/2026\/04\/ceramic-baking-pans-wholesale-restaurant-supply-bakeware-with-lid-6-768x768.webp 768w, https:\/\/www.czqunfa.com\/wp-content\/uploads\/2026\/04\/ceramic-baking-pans-wholesale-restaurant-supply-bakeware-with-lid-6-12x12.webp 12w, https:\/\/www.czqunfa.com\/wp-content\/uploads\/2026\/04\/ceramic-baking-pans-wholesale-restaurant-supply-bakeware-with-lid-6-600x600.webp 600w, https:\/\/www.czqunfa.com\/wp-content\/uploads\/2026\/04\/ceramic-baking-pans-wholesale-restaurant-supply-bakeware-with-lid-6-100x100.webp 100w\" sizes=\"(max-width: 1000px) 100vw, 1000px\" \/><\/figure>\n<\/div>\n<\/div>\n\n\n\n<figure class=\"wp-block-gallery has-nested-images columns-default is-cropped wp-block-gallery-1 is-layout-flex wp-block-gallery-is-layout-flex\">\n<figure class=\"wp-block-image size-full\"><img decoding=\"async\" width=\"1000\" height=\"1000\" data-id=\"2209\" src=\"https:\/\/www.czqunfa.com\/wp-content\/uploads\/2026\/04\/ceramic-baking-pans-wholesale-restaurant-supply-bakeware-with-lid-5.webp\" alt=\"frigideiras de cer\u00e2mica - venda por grosso de produtos para restaura\u00e7\u00e3o - frigideiras com tampa - 5\" class=\"wp-image-2209\" srcset=\"https:\/\/www.czqunfa.com\/wp-content\/uploads\/2026\/04\/ceramic-baking-pans-wholesale-restaurant-supply-bakeware-with-lid-5.webp 1000w, https:\/\/www.czqunfa.com\/wp-content\/uploads\/2026\/04\/ceramic-baking-pans-wholesale-restaurant-supply-bakeware-with-lid-5-300x300.webp 300w, https:\/\/www.czqunfa.com\/wp-content\/uploads\/2026\/04\/ceramic-baking-pans-wholesale-restaurant-supply-bakeware-with-lid-5-150x150.webp 150w, https:\/\/www.czqunfa.com\/wp-content\/uploads\/2026\/04\/ceramic-baking-pans-wholesale-restaurant-supply-bakeware-with-lid-5-768x768.webp 768w, https:\/\/www.czqunfa.com\/wp-content\/uploads\/2026\/04\/ceramic-baking-pans-wholesale-restaurant-supply-bakeware-with-lid-5-12x12.webp 12w, https:\/\/www.czqunfa.com\/wp-content\/uploads\/2026\/04\/ceramic-baking-pans-wholesale-restaurant-supply-bakeware-with-lid-5-600x600.webp 600w, https:\/\/www.czqunfa.com\/wp-content\/uploads\/2026\/04\/ceramic-baking-pans-wholesale-restaurant-supply-bakeware-with-lid-5-100x100.webp 100w\" sizes=\"(max-width: 1000px) 100vw, 1000px\" \/><\/figure>\n\n\n\n<figure class=\"wp-block-image size-full\"><img decoding=\"async\" width=\"1000\" height=\"1000\" data-id=\"2211\" src=\"https:\/\/www.czqunfa.com\/wp-content\/uploads\/2026\/04\/ceramic-baking-pans-wholesale-restaurant-supply-bakeware-with-lid-7.webp\" alt=\"frigideiras de cer\u00e2mica - venda por grosso de produtos para restaura\u00e7\u00e3o - frigideiras com tampa - 7\" class=\"wp-image-2211\" srcset=\"https:\/\/www.czqunfa.com\/wp-content\/uploads\/2026\/04\/ceramic-baking-pans-wholesale-restaurant-supply-bakeware-with-lid-7.webp 1000w, https:\/\/www.czqunfa.com\/wp-content\/uploads\/2026\/04\/ceramic-baking-pans-wholesale-restaurant-supply-bakeware-with-lid-7-300x300.webp 300w, https:\/\/www.czqunfa.com\/wp-content\/uploads\/2026\/04\/ceramic-baking-pans-wholesale-restaurant-supply-bakeware-with-lid-7-150x150.webp 150w, https:\/\/www.czqunfa.com\/wp-content\/uploads\/2026\/04\/ceramic-baking-pans-wholesale-restaurant-supply-bakeware-with-lid-7-768x768.webp 768w, https:\/\/www.czqunfa.com\/wp-content\/uploads\/2026\/04\/ceramic-baking-pans-wholesale-restaurant-supply-bakeware-with-lid-7-12x12.webp 12w, https:\/\/www.czqunfa.com\/wp-content\/uploads\/2026\/04\/ceramic-baking-pans-wholesale-restaurant-supply-bakeware-with-lid-7-600x600.webp 600w, https:\/\/www.czqunfa.com\/wp-content\/uploads\/2026\/04\/ceramic-baking-pans-wholesale-restaurant-supply-bakeware-with-lid-7-100x100.webp 100w\" sizes=\"(max-width: 1000px) 100vw, 1000px\" \/><\/figure>\n<\/figure>\n\n\n\n<p><\/p>","protected":false},"excerpt":{"rendered":"<p>Bem-vindo ao comprar por grosso estas formas rectangulares de cer\u00e2mica, concebidas para cozinhas comerciais e cadeias de padarias. S\u00e3o feitas de gr\u00e9s de alta qualidade e t\u00eam um padr\u00e3o de borboleta pintado \u00e0 m\u00e3o na superf\u00edcie. Estas panelas podem ser utilizadas em fornos de micro-ondas, fornos e m\u00e1quinas de lavar loi\u00e7a e s\u00e3o muito dur\u00e1veis. S\u00e3o perfeitas para compras a granel, personaliza\u00e7\u00e3o de s\u00e9ries de loi\u00e7a, bem como para fins de pastelaria dom\u00e9stica e comercial.<\/p>\n<h2>Assadeiras de cer\u00e2mica Atacado Par\u00e2metro<\/h2>\n<table width=\"328\">\n<tbody>\n<tr>\n<td width=\"116\">Fabricante<\/td>\n<td width=\"211\">QUNFA<\/td>\n<\/tr>\n<tr>\n<td width=\"116\">Tipo de produto<\/td>\n<td width=\"211\">\u00a0forma de cer\u00e2mica para muffins<\/td>\n<\/tr>\n<tr>\n<td width=\"116\">Modelo n.\u00ba.<\/td>\n<td width=\"211\">\u00a0T24-0418\/T24-0419<\/td>\n<\/tr>\n<tr>\n<td width=\"116\">Material<\/td>\n<td width=\"211\">Gr\u00e9s<\/td>\n<\/tr>\n<tr>\n<td width=\"116\">Cor<\/td>\n<td width=\"211\">Bege<\/td>\n<\/tr>\n<tr>\n<td width=\"116\">Dimens\u00e3o<\/td>\n<td width=\"211\">S\uff1aTampa: 29,8*18*1cm;<br \/>Corpo: 27,4*18,2*6cm <br \/>M\uff1aTampa: 33,5\u00d723,5\u00d71,2cm;<br \/>Corpo: 32,7x23x8cm<\/td>\n<\/tr>\n<tr>\n<td width=\"116\">Quantidade m\u00ednima de encomenda<\/td>\n<td width=\"211\">1000 unidades<\/td>\n<\/tr>\n<tr>\n<td width=\"116\">Personalizado<\/td>\n<td width=\"211\">Cor\/Tamanho\/Log\u00f3tipo\/Embalagem\/Forma<\/td>\n<\/tr>\n<\/tbody>\n<\/table>","protected":false},"featured_media":2212,"comment_status":"closed","ping_status":"closed","template":"","meta":{"_acf_changed":false},"product_brand":[],"product_cat":[22,23],"product_tag":[],"class_list":{"0":"post-2136","1":"product","2":"type-product","3":"status-publish","4":"has-post-thumbnail","6":"product_cat-bakeware-manufacturer","7":"product_cat-wholesale-baking-dishes","9":"first","10":"instock","11":"shipping-taxable","12":"product-type-simple"},"acf":[],"_links":{"self":[{"href":"https:\/\/www.czqunfa.com\/pt\/wp-json\/wp\/v2\/product\/2136","targetHints":{"allow":["GET"]}}],"collection":[{"href":"https:\/\/www.czqunfa.com\/pt\/wp-json\/wp\/v2\/product"}],"about":[{"href":"https:\/\/www.czqunfa.com\/pt\/wp-json\/wp\/v2\/types\/product"}],"replies":[{"embeddable":true,"href":"https:\/\/www.czqunfa.com\/pt\/wp-json\/wp\/v2\/comments?post=2136"}],"wp:featuredmedia":[{"embeddable":true,"href":"https:\/\/www.czqunfa.com\/pt\/wp-json\/wp\/v2\/media\/2212"}],"wp:attachment":[{"href":"https:\/\/www.czqunfa.com\/pt\/wp-json\/wp\/v2\/media?parent=2136"}],"wp:term":[{"taxonomy":"product_brand","embeddable":true,"href":"https:\/\/www.czqunfa.com\/pt\/wp-json\/wp\/v2\/product_brand?post=2136"},{"taxonomy":"product_cat","embeddable":true,"href":"https:\/\/www.czqunfa.com\/pt\/wp-json\/wp\/v2\/product_cat?post=2136"},{"taxonomy":"product_tag","embeddable":true,"href":"https:\/\/www.czqunfa.com\/pt\/wp-json\/wp\/v2\/product_tag?post=2136"}],"curies":[{"name":"wp","href":"https:\/\/api.w.org\/{rel}","templated":true}]}}