{"id":1862,"date":"2026-02-10T03:19:05","date_gmt":"2026-02-10T03:19:05","guid":{"rendered":"https:\/\/www.czqunfa.com\/?post_type=product&#038;p=1862"},"modified":"2026-02-10T03:19:07","modified_gmt":"2026-02-10T03:19:07","slug":"wholesale-ceramic-casserole-pot","status":"publish","type":"product","link":"https:\/\/www.czqunfa.com\/pt\/produto\/wholesale-ceramic-casserole-pot\/","title":{"rendered":"Pote de ca\u00e7arola de cer\u00e2mica por atacado, prato de ca\u00e7arola a granel de 6.4 \u2033"},"content":{"rendered":"<div class=\"wp-block-columns is-layout-flex wp-container-core-columns-is-layout-9d6595d7 wp-block-columns-is-layout-flex\">\n<div class=\"wp-block-column is-layout-flow wp-block-column-is-layout-flow\">\n<h2 class=\"wp-block-heading\">Carater\u00edsticas da ca\u00e7arola de cer\u00e2mica para venda por grosso<\/h2>\n\n\n\n<ul class=\"wp-block-list\">\n<li><strong>Material de gr\u00e9s de qualidade superior:<\/strong> Este tacho de cer\u00e2mica para venda por grosso \u00e9 fabricado em cer\u00e2mica de gr\u00e9s de alta qualidade. Este tacho oferece uma excelente reten\u00e7\u00e3o de calor e uma distribui\u00e7\u00e3o uniforme do calor. Garante que os alimentos s\u00e3o bem cozinhados, mantendo o seu sabor e humidade originais.<\/li>\n\n\n\n<li>Tamanho compacto e pr\u00e1tico de 6.4 \u2033: A capacidade da ca\u00e7arola de cer\u00e2mica por atacado \u00e9 de 6.4 polegadas (conveniente para por\u00e7\u00f5es individuais ou pequenas por\u00e7\u00f5es), comumente usada em restaurantes, caf\u00e9s, padarias e servi\u00e7os de refei\u00e7\u00f5es em hot\u00e9is para oferecer pratos assados individuais.<\/li>\n\n\n\n<li><strong>Esmalte dur\u00e1vel e resistente a lascas: <\/strong>A ca\u00e7arola com tampa, que pode ir ao forno por atacado, est\u00e1 coberta por um esmalte liso e antiaderente que \u00e9 resistente a riscos, manchas e lascas. As lavagens comerciais n\u00e3o alteram o seu brilho.<\/li>\n\n\n\n<li><strong>Utiliza\u00e7\u00e3o segura no forno e multifuncional:<\/strong> A panela de cer\u00e2mica para ca\u00e7arolas foi concebida para ser segura no forno, no micro-ondas, na m\u00e1quina de lavar lou\u00e7a e no congelador. Perfeita para cozer ca\u00e7arolas, guisados, massas, pratos de arroz e sobremesas, satisfazendo diversas necessidades culin\u00e1rias e de servi\u00e7o.<\/li>\n\n\n\n<li><strong>Apresenta\u00e7\u00e3o elegante na mesa:<\/strong> A nossa ca\u00e7arola com tampa para forno por atacado tem um acabamento vidrado elegante e um design minimalista, adequado para secret\u00e1ria, sala de jantar e sala de estar, bem como para exposi\u00e7\u00e3o em bancada. Pode utiliz\u00e1-la para expor utens\u00edlios de cozinha e de servi\u00e7o ao mesmo tempo.<\/li>\n\n\n\n<li><strong>Venda a granel por atacado e personaliza\u00e7\u00e3o:<\/strong> A panela de cer\u00e2mica para ca\u00e7arola por atacado permite encomendas a granel para personaliza\u00e7\u00e3o OEM\/ODM, como impress\u00e3o de log\u00f3tipo, op\u00e7\u00f5es de esmalte colorido, design de embalagem e varia\u00e7\u00f5es de tamanho para clientes e distribuidores de marcas.<\/li>\n<\/ul>\n<\/div>\n\n\n\n<div class=\"wp-block-column is-layout-flow wp-block-column-is-layout-flow\">\n<figure class=\"wp-block-image size-full\"><img decoding=\"async\" width=\"800\" height=\"800\" src=\"https:\/\/www.czqunfa.com\/wp-content\/uploads\/2026\/02\/wholesale-ceramic-casserole-pot-bulk-casserole-dish-2.webp\" alt=\"panela de ca\u00e7arola de cer\u00e2mica por atacado - prato de ca\u00e7arola a granel - 2\" class=\"wp-image-1864\" srcset=\"https:\/\/www.czqunfa.com\/wp-content\/uploads\/2026\/02\/wholesale-ceramic-casserole-pot-bulk-casserole-dish-2.webp 800w, https:\/\/www.czqunfa.com\/wp-content\/uploads\/2026\/02\/wholesale-ceramic-casserole-pot-bulk-casserole-dish-2-300x300.webp 300w, https:\/\/www.czqunfa.com\/wp-content\/uploads\/2026\/02\/wholesale-ceramic-casserole-pot-bulk-casserole-dish-2-150x150.webp 150w, https:\/\/www.czqunfa.com\/wp-content\/uploads\/2026\/02\/wholesale-ceramic-casserole-pot-bulk-casserole-dish-2-768x768.webp 768w, https:\/\/www.czqunfa.com\/wp-content\/uploads\/2026\/02\/wholesale-ceramic-casserole-pot-bulk-casserole-dish-2-12x12.webp 12w, https:\/\/www.czqunfa.com\/wp-content\/uploads\/2026\/02\/wholesale-ceramic-casserole-pot-bulk-casserole-dish-2-600x600.webp 600w, https:\/\/www.czqunfa.com\/wp-content\/uploads\/2026\/02\/wholesale-ceramic-casserole-pot-bulk-casserole-dish-2-100x100.webp 100w\" sizes=\"(max-width: 800px) 100vw, 800px\" \/><\/figure>\n<\/div>\n<\/div>\n\n\n\n<figure class=\"wp-block-gallery has-nested-images columns-default is-cropped wp-block-gallery-1 is-layout-flex wp-block-gallery-is-layout-flex\">\n<figure class=\"wp-block-image size-full\"><img decoding=\"async\" width=\"800\" height=\"800\" data-id=\"1864\" src=\"https:\/\/www.czqunfa.com\/wp-content\/uploads\/2026\/02\/wholesale-ceramic-casserole-pot-bulk-casserole-dish-2.webp\" alt=\"panela de ca\u00e7arola de cer\u00e2mica por atacado - prato de ca\u00e7arola a granel - 2\" class=\"wp-image-1864\" srcset=\"https:\/\/www.czqunfa.com\/wp-content\/uploads\/2026\/02\/wholesale-ceramic-casserole-pot-bulk-casserole-dish-2.webp 800w, https:\/\/www.czqunfa.com\/wp-content\/uploads\/2026\/02\/wholesale-ceramic-casserole-pot-bulk-casserole-dish-2-300x300.webp 300w, https:\/\/www.czqunfa.com\/wp-content\/uploads\/2026\/02\/wholesale-ceramic-casserole-pot-bulk-casserole-dish-2-150x150.webp 150w, https:\/\/www.czqunfa.com\/wp-content\/uploads\/2026\/02\/wholesale-ceramic-casserole-pot-bulk-casserole-dish-2-768x768.webp 768w, https:\/\/www.czqunfa.com\/wp-content\/uploads\/2026\/02\/wholesale-ceramic-casserole-pot-bulk-casserole-dish-2-12x12.webp 12w, https:\/\/www.czqunfa.com\/wp-content\/uploads\/2026\/02\/wholesale-ceramic-casserole-pot-bulk-casserole-dish-2-600x600.webp 600w, https:\/\/www.czqunfa.com\/wp-content\/uploads\/2026\/02\/wholesale-ceramic-casserole-pot-bulk-casserole-dish-2-100x100.webp 100w\" sizes=\"(max-width: 800px) 100vw, 800px\" \/><\/figure>\n\n\n\n<figure class=\"wp-block-image size-full\"><img decoding=\"async\" width=\"800\" height=\"800\" data-id=\"1866\" src=\"https:\/\/www.czqunfa.com\/wp-content\/uploads\/2026\/02\/wholesale-ceramic-casserole-pot-bulk-casserole-dish-4.webp\" alt=\"panela de ca\u00e7arola de cer\u00e2mica por atacado - prato de ca\u00e7arola a granel - 4\" class=\"wp-image-1866\" srcset=\"https:\/\/www.czqunfa.com\/wp-content\/uploads\/2026\/02\/wholesale-ceramic-casserole-pot-bulk-casserole-dish-4.webp 800w, https:\/\/www.czqunfa.com\/wp-content\/uploads\/2026\/02\/wholesale-ceramic-casserole-pot-bulk-casserole-dish-4-300x300.webp 300w, https:\/\/www.czqunfa.com\/wp-content\/uploads\/2026\/02\/wholesale-ceramic-casserole-pot-bulk-casserole-dish-4-150x150.webp 150w, https:\/\/www.czqunfa.com\/wp-content\/uploads\/2026\/02\/wholesale-ceramic-casserole-pot-bulk-casserole-dish-4-768x768.webp 768w, https:\/\/www.czqunfa.com\/wp-content\/uploads\/2026\/02\/wholesale-ceramic-casserole-pot-bulk-casserole-dish-4-12x12.webp 12w, https:\/\/www.czqunfa.com\/wp-content\/uploads\/2026\/02\/wholesale-ceramic-casserole-pot-bulk-casserole-dish-4-600x600.webp 600w, https:\/\/www.czqunfa.com\/wp-content\/uploads\/2026\/02\/wholesale-ceramic-casserole-pot-bulk-casserole-dish-4-100x100.webp 100w\" sizes=\"(max-width: 800px) 100vw, 800px\" \/><\/figure>\n<\/figure>\n\n\n\n<p><\/p>","protected":false},"excerpt":{"rendered":"<p>Bem-vindo ao comprar esta ca\u00e7arola de cer\u00e2mica de 6.4 \u2033 por atacado com tampa \u00e9 feita de gr\u00e9s seguro para forno de alta qualidade, proporcionando reten\u00e7\u00e3o de calor superior e durabilidade para assar e servir. Perfeito para casamentos, Ano Novo, restaurantes ou jantares em casa, oferece funcionalidade pr\u00e1tica com apresenta\u00e7\u00e3o elegante. As op\u00e7\u00f5es de fornecimento a granel e de personaliza\u00e7\u00e3o da marca fazem dela a escolha perfeita para restaurantes, hot\u00e9is, fornecedores de catering e distribuidores de utens\u00edlios de cozinha que procuram ca\u00e7arolas de cer\u00e2mica de alta qualidade.<\/p>\n<h2>Panela de cer\u00e2mica para ca\u00e7arola por atacado Par\u00e2metro<\/h2>\n<table width=\"328\">\n<tbody>\n<tr>\n<td width=\"116\">Fabricante<\/td>\n<td width=\"211\">QUNFA<\/td>\n<\/tr>\n<tr>\n<td width=\"116\">Tipo de produto<\/td>\n<td>Ca\u00e7arola<\/td>\n<\/tr>\n<tr>\n<td width=\"116\">Modelo n.\u00ba.<\/td>\n<td>22-0166\u00a0<\/td>\n<\/tr>\n<tr>\n<td width=\"116\">Material<\/td>\n<td width=\"211\">Gr\u00e9s<\/td>\n<\/tr>\n<tr>\n<td width=\"116\">Cor<\/td>\n<td width=\"211\">Vermelho\u00a0<\/td>\n<\/tr>\n<tr>\n<td width=\"116\">Dimens\u00e3o<\/td>\n<td width=\"211\">tampa:13*13*4cm <br \/>corpo:16,3*11,9*5,5cm <br \/>m\u00ednimo:16,3*11,9*9cm<\/td>\n<\/tr>\n<tr>\n<td width=\"116\">Quantidade m\u00ednima de encomenda<\/td>\n<td width=\"211\">1000 unidades<\/td>\n<\/tr>\n<tr>\n<td width=\"116\">Personalizado<\/td>\n<td width=\"211\">Cor\/Tamanho\/Log\u00f3tipo\/Embalagem\/Forma<\/td>\n<\/tr>\n<\/tbody>\n<\/table>","protected":false},"featured_media":1863,"comment_status":"closed","ping_status":"closed","template":"","meta":{"_acf_changed":false},"product_brand":[],"product_cat":[22,28],"product_tag":[],"class_list":{"0":"post-1862","1":"product","2":"type-product","3":"status-publish","4":"has-post-thumbnail","6":"product_cat-bakeware-manufacturer","7":"product_cat-wholesale-casserole-dishes","9":"first","10":"instock","11":"shipping-taxable","12":"product-type-simple"},"acf":[],"_links":{"self":[{"href":"https:\/\/www.czqunfa.com\/pt\/wp-json\/wp\/v2\/product\/1862","targetHints":{"allow":["GET"]}}],"collection":[{"href":"https:\/\/www.czqunfa.com\/pt\/wp-json\/wp\/v2\/product"}],"about":[{"href":"https:\/\/www.czqunfa.com\/pt\/wp-json\/wp\/v2\/types\/product"}],"replies":[{"embeddable":true,"href":"https:\/\/www.czqunfa.com\/pt\/wp-json\/wp\/v2\/comments?post=1862"}],"wp:featuredmedia":[{"embeddable":true,"href":"https:\/\/www.czqunfa.com\/pt\/wp-json\/wp\/v2\/media\/1863"}],"wp:attachment":[{"href":"https:\/\/www.czqunfa.com\/pt\/wp-json\/wp\/v2\/media?parent=1862"}],"wp:term":[{"taxonomy":"product_brand","embeddable":true,"href":"https:\/\/www.czqunfa.com\/pt\/wp-json\/wp\/v2\/product_brand?post=1862"},{"taxonomy":"product_cat","embeddable":true,"href":"https:\/\/www.czqunfa.com\/pt\/wp-json\/wp\/v2\/product_cat?post=1862"},{"taxonomy":"product_tag","embeddable":true,"href":"https:\/\/www.czqunfa.com\/pt\/wp-json\/wp\/v2\/product_tag?post=1862"}],"curies":[{"name":"wp","href":"https:\/\/api.w.org\/{rel}","templated":true}]}}