{"id":1814,"date":"2026-02-09T09:25:03","date_gmt":"2026-02-09T09:25:03","guid":{"rendered":"https:\/\/www.czqunfa.com\/?post_type=product&#038;p=1814"},"modified":"2026-02-09T09:25:06","modified_gmt":"2026-02-09T09:25:06","slug":"ceramic-salt-shaker-bulk","status":"publish","type":"product","link":"https:\/\/www.czqunfa.com\/pt\/produto\/ceramic-salt-shaker-bulk\/","title":{"rendered":"Saleiro de cer\u00e2mica a granel, Saleiro de cozinha borboleta"},"content":{"rendered":"<div class=\"wp-block-columns is-layout-flex wp-container-core-columns-is-layout-9d6595d7 wp-block-columns-is-layout-flex\">\n<div class=\"wp-block-column is-layout-flow wp-block-column-is-layout-flow\">\n<h2 class=\"wp-block-heading\">Carater\u00edsticas do Saleiro de cer\u00e2mica a granel<\/h2>\n\n\n\n<ul class=\"wp-block-list\">\n<li><strong>Design \u00fanico em forma de borboleta:<\/strong> O elegante saleiro de cer\u00e2mica em forma de borboleta acrescenta charme decorativo \u00e0s mesas de jantar e aos expositores de cozinha. O design distinto ajuda os retalhistas e as marcas a criarem colec\u00e7\u00f5es de utens\u00edlios de mesa e conjuntos de presentes apelativos.<\/li>\n\n\n\n<li><strong>Capacidade de fornecimento grossista a granel: <\/strong>Este fabrico direto da f\u00e1brica de saleiros de cer\u00e2mica garante pre\u00e7os competitivos por grosso, qualidade consistente e produ\u00e7\u00e3o em massa fi\u00e1vel para importadores globais, grossistas e marcas de utens\u00edlios de cozinha.<\/li>\n\n\n\n<li><strong>Material cer\u00e2mico de alta qualidade:<\/strong> Este saleiro de cer\u00e2mica \u00e9 fabricado em gr\u00e9s de alta qualidade, resistente e duradouro. Sem chumbo e sem c\u00e1dmio, cumpre as normas globais de conformidade de contacto com alimentos, garantindo um retalho sem preocupa\u00e7\u00f5es para a sua marca.<\/li>\n\n\n\n<li><strong>Esmalte extremamente f\u00e1cil de limpar:<\/strong> A superf\u00edcie dos shakers de temperos de cozinha por atacado apresenta um esmalte liso e resistente a manchas para uma limpeza f\u00e1cil. Mesmo os res\u00edduos de tempero podem ser facilmente removidos com um simples enxaguamento, mantendo um aspeto limpo durante muito tempo.<\/li>\n\n\n\n<li><strong>Versatile Kitchen Supply:<\/strong> Estes shakers de temperos de cozinha por atacado s\u00e3o adequados n\u00e3o s\u00f3 para sal, pimenta e outros temperos, mas tamb\u00e9m como uma pequena decora\u00e7\u00e3o de mesa ou recipiente de condimentos. A sua excelente veda\u00e7\u00e3o (design de rolha inferior) garante que os temperos permanecem secos e prolongam a sua vida \u00fatil.<\/li>\n<\/ul>\n<\/div>\n\n\n\n<div class=\"wp-block-column is-layout-flow wp-block-column-is-layout-flow\">\n<figure class=\"wp-block-image size-full\"><img decoding=\"async\" width=\"1000\" height=\"1000\" src=\"https:\/\/www.czqunfa.com\/wp-content\/uploads\/2026\/02\/ceramic-salt-shaker-bulk-butterfly-kitchen-seasoning-shaker-5.webp\" alt=\"Saleiro de cer\u00e2mica-bulk-butterfly-cozinha-seasoning-shaker-5\" class=\"wp-image-1819\" srcset=\"https:\/\/www.czqunfa.com\/wp-content\/uploads\/2026\/02\/ceramic-salt-shaker-bulk-butterfly-kitchen-seasoning-shaker-5.webp 1000w, https:\/\/www.czqunfa.com\/wp-content\/uploads\/2026\/02\/ceramic-salt-shaker-bulk-butterfly-kitchen-seasoning-shaker-5-300x300.webp 300w, https:\/\/www.czqunfa.com\/wp-content\/uploads\/2026\/02\/ceramic-salt-shaker-bulk-butterfly-kitchen-seasoning-shaker-5-150x150.webp 150w, https:\/\/www.czqunfa.com\/wp-content\/uploads\/2026\/02\/ceramic-salt-shaker-bulk-butterfly-kitchen-seasoning-shaker-5-768x768.webp 768w, https:\/\/www.czqunfa.com\/wp-content\/uploads\/2026\/02\/ceramic-salt-shaker-bulk-butterfly-kitchen-seasoning-shaker-5-12x12.webp 12w, https:\/\/www.czqunfa.com\/wp-content\/uploads\/2026\/02\/ceramic-salt-shaker-bulk-butterfly-kitchen-seasoning-shaker-5-600x600.webp 600w, https:\/\/www.czqunfa.com\/wp-content\/uploads\/2026\/02\/ceramic-salt-shaker-bulk-butterfly-kitchen-seasoning-shaker-5-100x100.webp 100w\" sizes=\"(max-width: 1000px) 100vw, 1000px\" \/><\/figure>\n<\/div>\n<\/div>\n\n\n\n<figure class=\"wp-block-gallery has-nested-images columns-default is-cropped wp-block-gallery-1 is-layout-flex wp-block-gallery-is-layout-flex\">\n<figure class=\"wp-block-image size-full\"><img decoding=\"async\" width=\"1000\" height=\"1000\" data-id=\"1815\" src=\"https:\/\/www.czqunfa.com\/wp-content\/uploads\/2026\/02\/ceramic-salt-shaker-bulk-butterfly-kitchen-seasoning-shaker-1.webp\" alt=\"saleiro de cer\u00e2mica-bulk-butterfly-cozinha-seasoning-shaker-1\" class=\"wp-image-1815\" srcset=\"https:\/\/www.czqunfa.com\/wp-content\/uploads\/2026\/02\/ceramic-salt-shaker-bulk-butterfly-kitchen-seasoning-shaker-1.webp 1000w, https:\/\/www.czqunfa.com\/wp-content\/uploads\/2026\/02\/ceramic-salt-shaker-bulk-butterfly-kitchen-seasoning-shaker-1-300x300.webp 300w, https:\/\/www.czqunfa.com\/wp-content\/uploads\/2026\/02\/ceramic-salt-shaker-bulk-butterfly-kitchen-seasoning-shaker-1-150x150.webp 150w, https:\/\/www.czqunfa.com\/wp-content\/uploads\/2026\/02\/ceramic-salt-shaker-bulk-butterfly-kitchen-seasoning-shaker-1-768x768.webp 768w, https:\/\/www.czqunfa.com\/wp-content\/uploads\/2026\/02\/ceramic-salt-shaker-bulk-butterfly-kitchen-seasoning-shaker-1-12x12.webp 12w, https:\/\/www.czqunfa.com\/wp-content\/uploads\/2026\/02\/ceramic-salt-shaker-bulk-butterfly-kitchen-seasoning-shaker-1-600x600.webp 600w, https:\/\/www.czqunfa.com\/wp-content\/uploads\/2026\/02\/ceramic-salt-shaker-bulk-butterfly-kitchen-seasoning-shaker-1-100x100.webp 100w\" sizes=\"(max-width: 1000px) 100vw, 1000px\" \/><\/figure>\n\n\n\n<figure class=\"wp-block-image size-full\"><img decoding=\"async\" width=\"1000\" height=\"1000\" data-id=\"1817\" src=\"https:\/\/www.czqunfa.com\/wp-content\/uploads\/2026\/02\/ceramic-salt-shaker-bulk-butterfly-kitchen-seasoning-shaker-3.webp\" alt=\"Saleiro de cer\u00e2mica-bulk-butterfly-kitchen-seasoning-shaker-3\" class=\"wp-image-1817\" srcset=\"https:\/\/www.czqunfa.com\/wp-content\/uploads\/2026\/02\/ceramic-salt-shaker-bulk-butterfly-kitchen-seasoning-shaker-3.webp 1000w, https:\/\/www.czqunfa.com\/wp-content\/uploads\/2026\/02\/ceramic-salt-shaker-bulk-butterfly-kitchen-seasoning-shaker-3-300x300.webp 300w, https:\/\/www.czqunfa.com\/wp-content\/uploads\/2026\/02\/ceramic-salt-shaker-bulk-butterfly-kitchen-seasoning-shaker-3-150x150.webp 150w, https:\/\/www.czqunfa.com\/wp-content\/uploads\/2026\/02\/ceramic-salt-shaker-bulk-butterfly-kitchen-seasoning-shaker-3-768x768.webp 768w, https:\/\/www.czqunfa.com\/wp-content\/uploads\/2026\/02\/ceramic-salt-shaker-bulk-butterfly-kitchen-seasoning-shaker-3-12x12.webp 12w, https:\/\/www.czqunfa.com\/wp-content\/uploads\/2026\/02\/ceramic-salt-shaker-bulk-butterfly-kitchen-seasoning-shaker-3-600x600.webp 600w, https:\/\/www.czqunfa.com\/wp-content\/uploads\/2026\/02\/ceramic-salt-shaker-bulk-butterfly-kitchen-seasoning-shaker-3-100x100.webp 100w\" sizes=\"(max-width: 1000px) 100vw, 1000px\" \/><\/figure>\n<\/figure>\n\n\n\n<p><\/p>","protected":false},"excerpt":{"rendered":"<p>Bem-vindo ao comprar o nosso saleiro de cer\u00e2mica em forma de borboleta a granel. S\u00e3o fabricados com cer\u00e2mica de qualidade alimentar de primeira qualidade e um acabamento decorativo vidrado. Estes recipientes para temperos de cozinha a granel combinam funcionalidade com uma decora\u00e7\u00e3o de mesa elegante, o que os torna ideais para retalhistas, fornecedores de presentes e marcas de artigos de mesa. Oferecemos solu\u00e7\u00f5es personalizadas OEM\/ODM completas. O fornecimento direto da f\u00e1brica garante pre\u00e7os competitivos, qualidade est\u00e1vel e entrega r\u00e1pida e global por grosso.<\/p>\n<h2>Saleiro de cer\u00e2mica Par\u00e2metro a granel<\/h2>\n<table width=\"328\">\n<tbody>\n<tr>\n<td width=\"116\">Fabricante<\/td>\n<td width=\"211\">QUNFA<\/td>\n<\/tr>\n<tr>\n<td width=\"116\">Tipo de produto<\/td>\n<td>Agitador S&amp;P<\/td>\n<\/tr>\n<tr>\n<td width=\"116\">Modelo n.\u00ba.<\/td>\n<td>T24-0335\u00a0<\/td>\n<\/tr>\n<tr>\n<td width=\"116\">Material<\/td>\n<td width=\"211\">Gr\u00e9s<\/td>\n<\/tr>\n<tr>\n<td width=\"116\">Cor<\/td>\n<td width=\"211\">Branco, preto<\/td>\n<\/tr>\n<tr>\n<td width=\"116\">Padr\u00e3o<\/td>\n<td width=\"211\">Borboleta<\/td>\n<\/tr>\n<tr>\n<td width=\"116\">Dimens\u00e3o<\/td>\n<td width=\"211\">5,2x3x4,2cm<\/td>\n<\/tr>\n<tr>\n<td width=\"116\">Quantidade m\u00ednima de encomenda<\/td>\n<td width=\"211\">1000 unidades<\/td>\n<\/tr>\n<tr>\n<td width=\"116\">Personalizado<\/td>\n<td width=\"211\">Cor\/Tamanho\/Log\u00f3tipo\/Embalagem\/Forma<\/td>\n<\/tr>\n<\/tbody>\n<\/table>","protected":false},"featured_media":1820,"comment_status":"closed","ping_status":"closed","template":"","meta":{"_acf_changed":false},"product_brand":[],"product_cat":[37,19],"product_tag":[],"class_list":{"0":"post-1814","1":"product","2":"type-product","3":"status-publish","4":"has-post-thumbnail","6":"product_cat-seasoning-shakers-wholesale","7":"product_cat-wholesale-serveware","9":"first","10":"instock","11":"shipping-taxable","12":"product-type-simple"},"acf":[],"_links":{"self":[{"href":"https:\/\/www.czqunfa.com\/pt\/wp-json\/wp\/v2\/product\/1814","targetHints":{"allow":["GET"]}}],"collection":[{"href":"https:\/\/www.czqunfa.com\/pt\/wp-json\/wp\/v2\/product"}],"about":[{"href":"https:\/\/www.czqunfa.com\/pt\/wp-json\/wp\/v2\/types\/product"}],"replies":[{"embeddable":true,"href":"https:\/\/www.czqunfa.com\/pt\/wp-json\/wp\/v2\/comments?post=1814"}],"wp:featuredmedia":[{"embeddable":true,"href":"https:\/\/www.czqunfa.com\/pt\/wp-json\/wp\/v2\/media\/1820"}],"wp:attachment":[{"href":"https:\/\/www.czqunfa.com\/pt\/wp-json\/wp\/v2\/media?parent=1814"}],"wp:term":[{"taxonomy":"product_brand","embeddable":true,"href":"https:\/\/www.czqunfa.com\/pt\/wp-json\/wp\/v2\/product_brand?post=1814"},{"taxonomy":"product_cat","embeddable":true,"href":"https:\/\/www.czqunfa.com\/pt\/wp-json\/wp\/v2\/product_cat?post=1814"},{"taxonomy":"product_tag","embeddable":true,"href":"https:\/\/www.czqunfa.com\/pt\/wp-json\/wp\/v2\/product_tag?post=1814"}],"curies":[{"name":"wp","href":"https:\/\/api.w.org\/{rel}","templated":true}]}}