{"id":1794,"date":"2026-02-10T06:41:03","date_gmt":"2026-02-10T06:41:03","guid":{"rendered":"https:\/\/www.czqunfa.com\/?post_type=product&#038;p=1794"},"modified":"2026-02-10T06:41:04","modified_gmt":"2026-02-10T06:41:04","slug":"bulk-gravy-boats","status":"publish","type":"product","link":"https:\/\/www.czqunfa.com\/pt\/produto\/bulk-gravy-boats\/","title":{"rendered":"Molheiras a granel, molheira de cer\u00e2mica personalizada pintada \u00e0 m\u00e3o"},"content":{"rendered":"<div class=\"wp-block-columns is-layout-flex wp-container-core-columns-is-layout-9d6595d7 wp-block-columns-is-layout-flex\">\n<div class=\"wp-block-column is-layout-flow wp-block-column-is-layout-flow\">\n<h2 class=\"wp-block-heading\">Carater\u00edsticas dos barcos de molho a granel<\/h2>\n\n\n\n<p><strong>Abelhas e flores Design: <\/strong>Estas molheiras a granel s\u00e3o decoradas com padr\u00f5es pintados \u00e0 m\u00e3o de abelhas, flores cor-de-rosa e folhas verdes. As bordas e a pega amarelas brilhantes combinam com a cer\u00e2mica branca suave, dando um toque de cor \u00e0 mesa de jantar di\u00e1ria.<\/p>\n\n\n\n<p><strong>Material cer\u00e2mico dur\u00e1vel e f\u00e1cil de limpar:<\/strong> Estas molheiras a granel s\u00e3o feitas de gr\u00e9s de alta qualidade, que \u00e9 dur\u00e1vel e f\u00e1cil de limpar. O excelente esmalte pode ser utilizado com seguran\u00e7a para alimentos, por isso n\u00e3o hesite em utiliz\u00e1-lo.<\/p>\n\n\n\n<p><strong>Verter suavemente sem qualquer fuga:<\/strong> O bico das molheiras a granel foi cuidadosamente concebido. Ao verter o molho, este flui suave e ordenadamente, com um fecho limpo e arrumado que n\u00e3o deixa pingos ou fugas, mantendo a mesa de jantar sempre arrumada.<\/p>\n\n\n\n<p><strong>Base larga com propriedades antiderrapantes e anti-calor:<\/strong> A base \u00e9 alargada e tratada para um efeito antiderrapante, garantindo um bom isolamento t\u00e9rmico. Mesmo quando se segura o molho quente, este pode ser agarrado com seguran\u00e7a sem se queimar ou derramar.<\/p>\n\n\n\n<p><strong>Cen\u00e1rio de utiliza\u00e7\u00e3o: <\/strong>A nossa molheira de cer\u00e2mica personalizada, que acompanha as torradas ao pequeno-almo\u00e7o, serve com u\u00edsque e natas ao ch\u00e1 da tarde ou rega o molho sobre a carne grelhada num jantar em fam\u00edlia, a elegante forma curva e as decora\u00e7\u00f5es detalhadas da molheira podem melhorar subtilmente o ambiente do jantar, tornando uma refei\u00e7\u00e3o normal numa experi\u00eancia memor\u00e1vel.<\/p>\n<\/div>\n\n\n\n<div class=\"wp-block-column is-layout-flow wp-block-column-is-layout-flow\">\n<figure class=\"wp-block-image size-full is-resized\"><img decoding=\"async\" width=\"1000\" height=\"1000\" src=\"https:\/\/www.czqunfa.com\/wp-content\/uploads\/2026\/02\/bulk-gravy-boats-1.webp\" alt=\"bulk-gravy-boats hand-painted-custom-ceramic-sauce-boat-1\" class=\"wp-image-1795\" style=\"width:308px;height:auto\" srcset=\"https:\/\/www.czqunfa.com\/wp-content\/uploads\/2026\/02\/bulk-gravy-boats-1.webp 1000w, https:\/\/www.czqunfa.com\/wp-content\/uploads\/2026\/02\/bulk-gravy-boats-1-300x300.webp 300w, https:\/\/www.czqunfa.com\/wp-content\/uploads\/2026\/02\/bulk-gravy-boats-1-150x150.webp 150w, https:\/\/www.czqunfa.com\/wp-content\/uploads\/2026\/02\/bulk-gravy-boats-1-768x768.webp 768w, https:\/\/www.czqunfa.com\/wp-content\/uploads\/2026\/02\/bulk-gravy-boats-1-12x12.webp 12w, https:\/\/www.czqunfa.com\/wp-content\/uploads\/2026\/02\/bulk-gravy-boats-1-600x600.webp 600w, https:\/\/www.czqunfa.com\/wp-content\/uploads\/2026\/02\/bulk-gravy-boats-1-100x100.webp 100w\" sizes=\"(max-width: 1000px) 100vw, 1000px\" \/><\/figure>\n<\/div>\n<\/div>\n\n\n\n<div class=\"wp-block-columns is-layout-flex wp-container-core-columns-is-layout-9d6595d7 wp-block-columns-is-layout-flex\">\n<div class=\"wp-block-column is-layout-flow wp-block-column-is-layout-flow\">\n<figure class=\"wp-block-image size-full\"><img decoding=\"async\" width=\"1000\" height=\"1000\" src=\"https:\/\/www.czqunfa.com\/wp-content\/uploads\/2026\/02\/bulk-gravy-boats-3.webp\" alt=\"molheiras a granel-3\" class=\"wp-image-1797\" srcset=\"https:\/\/www.czqunfa.com\/wp-content\/uploads\/2026\/02\/bulk-gravy-boats-3.webp 1000w, https:\/\/www.czqunfa.com\/wp-content\/uploads\/2026\/02\/bulk-gravy-boats-3-300x300.webp 300w, https:\/\/www.czqunfa.com\/wp-content\/uploads\/2026\/02\/bulk-gravy-boats-3-150x150.webp 150w, https:\/\/www.czqunfa.com\/wp-content\/uploads\/2026\/02\/bulk-gravy-boats-3-768x768.webp 768w, https:\/\/www.czqunfa.com\/wp-content\/uploads\/2026\/02\/bulk-gravy-boats-3-12x12.webp 12w, https:\/\/www.czqunfa.com\/wp-content\/uploads\/2026\/02\/bulk-gravy-boats-3-600x600.webp 600w, https:\/\/www.czqunfa.com\/wp-content\/uploads\/2026\/02\/bulk-gravy-boats-3-100x100.webp 100w\" sizes=\"(max-width: 1000px) 100vw, 1000px\" \/><\/figure>\n<\/div>\n\n\n\n<div class=\"wp-block-column is-layout-flow wp-block-column-is-layout-flow\">\n<figure class=\"wp-block-image size-full\"><img decoding=\"async\" width=\"1000\" height=\"1000\" src=\"https:\/\/www.czqunfa.com\/wp-content\/uploads\/2026\/02\/bulk-gravy-boats-4.webp\" alt=\"molheiras a granel-4\" class=\"wp-image-1798\" srcset=\"https:\/\/www.czqunfa.com\/wp-content\/uploads\/2026\/02\/bulk-gravy-boats-4.webp 1000w, https:\/\/www.czqunfa.com\/wp-content\/uploads\/2026\/02\/bulk-gravy-boats-4-300x300.webp 300w, https:\/\/www.czqunfa.com\/wp-content\/uploads\/2026\/02\/bulk-gravy-boats-4-150x150.webp 150w, https:\/\/www.czqunfa.com\/wp-content\/uploads\/2026\/02\/bulk-gravy-boats-4-768x768.webp 768w, https:\/\/www.czqunfa.com\/wp-content\/uploads\/2026\/02\/bulk-gravy-boats-4-12x12.webp 12w, https:\/\/www.czqunfa.com\/wp-content\/uploads\/2026\/02\/bulk-gravy-boats-4-600x600.webp 600w, https:\/\/www.czqunfa.com\/wp-content\/uploads\/2026\/02\/bulk-gravy-boats-4-100x100.webp 100w\" sizes=\"(max-width: 1000px) 100vw, 1000px\" \/><\/figure>\n<\/div>\n<\/div>","protected":false},"excerpt":{"rendered":"<p>Bem-vindo a comprar as nossas molheiras a granel s\u00e3o feitas de cer\u00e2mica segura para uso alimentar e apresentam uma estrutura resistente ao calor e antiderrapante, juntamente com um bico de vazamento optimizado. Tamb\u00e9m oferecemos servi\u00e7os de personaliza\u00e7\u00e3o de lotes e de venda por grosso de molheiras para restaurantes e hot\u00e9is. Apoiamos a impress\u00e3o de etiquetas e a personaliza\u00e7\u00e3o de cores exclusivas. Estamos ansiosos por estabelecer uma coopera\u00e7\u00e3o a longo prazo consigo.<\/p>\n<h2>Par\u00e2metro de barcos de molho a granel<\/h2>\n<table border=\"0\" width=\"505\" cellspacing=\"0\" cellpadding=\"0\">\n<tbody>\n<tr>\n<td width=\"179\" height=\"20\">Fabricante<\/td>\n<td width=\"325\">QUNFA<\/td>\n<\/tr>\n<tr>\n<td width=\"179\" height=\"20\">Tipo de produto<\/td>\n<td width=\"325\">Barcos de molho<\/td>\n<\/tr>\n<tr>\n<td width=\"179\" height=\"20\">Modelo n.\u00ba.<\/td>\n<td width=\"325\">1919-30<\/td>\n<\/tr>\n<tr>\n<td width=\"179\" height=\"20\">Material<\/td>\n<td width=\"325\">Gr\u00e9s<\/td>\n<\/tr>\n<tr>\n<td width=\"179\" height=\"18\">Padr\u00e3o<\/td>\n<td width=\"325\">Abelha<\/td>\n<\/tr>\n<tr>\n<td width=\"179\" height=\"36\">Dimens\u00e3o<\/td>\n<td width=\"325\">19x11x9,5cm<\/td>\n<\/tr>\n<tr>\n<td width=\"179\" height=\"18\">Peso<\/td>\n<td width=\"325\">400g<\/td>\n<\/tr>\n<tr>\n<td width=\"179\" height=\"18\">Quantidade m\u00ednima de encomenda<\/td>\n<td width=\"325\">1000 unidades<\/td>\n<\/tr>\n<tr>\n<td width=\"179\" height=\"18\">Personalizado<\/td>\n<td width=\"325\">Cor\/Tamanho\/Log\u00f3tipo\/Embalagem\/Forma<\/td>\n<\/tr>\n<\/tbody>\n<\/table>","protected":false},"featured_media":1800,"comment_status":"closed","ping_status":"closed","template":"","meta":{"_acf_changed":false},"product_brand":[],"product_cat":[19,39],"product_tag":[],"class_list":{"0":"post-1794","1":"product","2":"type-product","3":"status-publish","4":"has-post-thumbnail","6":"product_cat-wholesale-serveware","7":"product_cat-gravy-boat-supplier","9":"first","10":"instock","11":"shipping-taxable","12":"product-type-simple"},"acf":[],"_links":{"self":[{"href":"https:\/\/www.czqunfa.com\/pt\/wp-json\/wp\/v2\/product\/1794","targetHints":{"allow":["GET"]}}],"collection":[{"href":"https:\/\/www.czqunfa.com\/pt\/wp-json\/wp\/v2\/product"}],"about":[{"href":"https:\/\/www.czqunfa.com\/pt\/wp-json\/wp\/v2\/types\/product"}],"replies":[{"embeddable":true,"href":"https:\/\/www.czqunfa.com\/pt\/wp-json\/wp\/v2\/comments?post=1794"}],"wp:featuredmedia":[{"embeddable":true,"href":"https:\/\/www.czqunfa.com\/pt\/wp-json\/wp\/v2\/media\/1800"}],"wp:attachment":[{"href":"https:\/\/www.czqunfa.com\/pt\/wp-json\/wp\/v2\/media?parent=1794"}],"wp:term":[{"taxonomy":"product_brand","embeddable":true,"href":"https:\/\/www.czqunfa.com\/pt\/wp-json\/wp\/v2\/product_brand?post=1794"},{"taxonomy":"product_cat","embeddable":true,"href":"https:\/\/www.czqunfa.com\/pt\/wp-json\/wp\/v2\/product_cat?post=1794"},{"taxonomy":"product_tag","embeddable":true,"href":"https:\/\/www.czqunfa.com\/pt\/wp-json\/wp\/v2\/product_tag?post=1794"}],"curies":[{"name":"wp","href":"https:\/\/api.w.org\/{rel}","templated":true}]}}