{"id":1776,"date":"2026-02-06T07:18:54","date_gmt":"2026-02-06T07:18:54","guid":{"rendered":"https:\/\/www.czqunfa.com\/?post_type=product&#038;p=1776"},"modified":"2026-02-06T07:18:56","modified_gmt":"2026-02-06T07:18:56","slug":"unique-coffee-mugs-wholesale","status":"publish","type":"product","link":"https:\/\/www.czqunfa.com\/pt\/produto\/unique-coffee-mugs-wholesale\/","title":{"rendered":"Canecas de caf\u00e9 exclusivas com design de rosto"},"content":{"rendered":"<div class=\"wp-block-columns is-layout-flex wp-container-core-columns-is-layout-9d6595d7 wp-block-columns-is-layout-flex\">\n<div class=\"wp-block-column is-layout-flow wp-block-column-is-layout-flow\">\n<h2 class=\"wp-block-heading\">Carater\u00edsticas das canecas de caf\u00e9 exclusivas por atacado<\/h2>\n\n\n\n<ul class=\"wp-block-list\">\n<li><strong>Material cer\u00e2mico de alta qualidade: <\/strong>Estas canecas de caf\u00e9 exclusivas para venda por grosso s\u00e3o feitas de cer\u00e2mica de alta qualidade, com um corpo robusto e dur\u00e1vel que \u00e9 resistente a fissuras e lascas. T\u00eam uma excelente resist\u00eancia ao calor e ao frio, adequadas tanto para bebidas quentes como frias, satisfazendo as necessidades de utiliza\u00e7\u00e3o a longo prazo de caf\u00e9s, grossistas de presentes e retalhistas.<\/li>\n\n\n\n<li><strong>Esmalte seguro de qualidade alimentar: <\/strong>Estas canecas de caf\u00e9 exclusivas utilizam esmalte de qualidade alimentar amigo do ambiente, sem chumbo e sem c\u00e1dmio, cumprindo as normas internacionais de seguran\u00e7a para cer\u00e2mica de uso di\u00e1rio (como a FDA\/LFGB). S\u00e3o seguras para o contacto com v\u00e1rias bebidas quentes e frias e s\u00e3o adequadas para venda por grosso.<\/li>\n\n\n\n<li><strong>Design de rosto \u00fanico em estilo de aldeia:<\/strong> Os nossos copos de cer\u00e2mica personalizados apresentam um design facial criativo, combinando o estilo da aldeia com elementos art\u00edsticos. T\u00eam um elevado reconhecimento visual e s\u00e3o ideais para expor e oferecer. Perfeitas para a personaliza\u00e7\u00e3o de presentes, produtos culturais e criativos, colabora\u00e7\u00f5es com marcas de caf\u00e9 e promo\u00e7\u00f5es festivas.<\/li>\n\n\n\n<li><strong>Fornecimento direto da f\u00e1brica: <\/strong>Os nossos copos de cer\u00e2mica personalizados s\u00e3o oferecidos com servi\u00e7os de personaliza\u00e7\u00e3o profunda OEM\/ODM a partir de 1000 pe\u00e7as. Com a vantagem de pre\u00e7o de uma f\u00e1brica direta e uma cadeia de fornecimento est\u00e1vel, ajudamos a sua marca a criar bestsellers \u00fanicos no mercado.<\/li>\n\n\n\n<li><strong>Suporta personaliza\u00e7\u00e3o OEM\/ODM:<\/strong> Estas canecas de caf\u00e9 exclusivas por grosso suportam servi\u00e7os personalizados multidimensionais, incluindo: Impress\u00e3o\/grava\u00e7\u00e3o de log\u00f3tipo, cor do esmalte e tratamento de superf\u00edcie, ajustes de design facial e embalagem personalizada; satisfazendo as necessidades de aquisi\u00e7\u00e3o diferenciadas de marcas, empresas de brindes, importadores e vendedores de com\u00e9rcio eletr\u00f3nico.<\/li>\n<\/ul>\n<\/div>\n\n\n\n<div class=\"wp-block-column is-layout-flow wp-block-column-is-layout-flow\">\n<figure class=\"wp-block-image size-full\"><img decoding=\"async\" width=\"1000\" height=\"1001\" src=\"https:\/\/www.czqunfa.com\/wp-content\/uploads\/2026\/02\/village-style-unique-coffee-mugs-wholesale-with-face-design-1.webp\" alt=\"canecas-caf\u00e9-\u00fanicas-\u00e0-venda-por-grosso-com-desenho-da-face-1\" class=\"wp-image-1777\" srcset=\"https:\/\/www.czqunfa.com\/wp-content\/uploads\/2026\/02\/village-style-unique-coffee-mugs-wholesale-with-face-design-1.webp 1000w, https:\/\/www.czqunfa.com\/wp-content\/uploads\/2026\/02\/village-style-unique-coffee-mugs-wholesale-with-face-design-1-300x300.webp 300w, https:\/\/www.czqunfa.com\/wp-content\/uploads\/2026\/02\/village-style-unique-coffee-mugs-wholesale-with-face-design-1-150x150.webp 150w, https:\/\/www.czqunfa.com\/wp-content\/uploads\/2026\/02\/village-style-unique-coffee-mugs-wholesale-with-face-design-1-768x769.webp 768w, https:\/\/www.czqunfa.com\/wp-content\/uploads\/2026\/02\/village-style-unique-coffee-mugs-wholesale-with-face-design-1-12x12.webp 12w, https:\/\/www.czqunfa.com\/wp-content\/uploads\/2026\/02\/village-style-unique-coffee-mugs-wholesale-with-face-design-1-600x601.webp 600w, https:\/\/www.czqunfa.com\/wp-content\/uploads\/2026\/02\/village-style-unique-coffee-mugs-wholesale-with-face-design-1-100x100.webp 100w\" sizes=\"(max-width: 1000px) 100vw, 1000px\" \/><\/figure>\n<\/div>\n<\/div>\n\n\n\n<figure class=\"wp-block-gallery has-nested-images columns-default is-cropped wp-block-gallery-1 is-layout-flex wp-block-gallery-is-layout-flex\">\n<figure class=\"wp-block-image size-full\"><img decoding=\"async\" width=\"1000\" height=\"1000\" data-id=\"1778\" src=\"https:\/\/www.czqunfa.com\/wp-content\/uploads\/2026\/02\/village-style-unique-coffee-mugs-wholesale-with-face-design-2.webp\" alt=\"canecas-caf\u00e9-\u00fanicas-\u00e0-venda-por-grosso-com-desenho-do-face-2\" class=\"wp-image-1778\" srcset=\"https:\/\/www.czqunfa.com\/wp-content\/uploads\/2026\/02\/village-style-unique-coffee-mugs-wholesale-with-face-design-2.webp 1000w, https:\/\/www.czqunfa.com\/wp-content\/uploads\/2026\/02\/village-style-unique-coffee-mugs-wholesale-with-face-design-2-300x300.webp 300w, https:\/\/www.czqunfa.com\/wp-content\/uploads\/2026\/02\/village-style-unique-coffee-mugs-wholesale-with-face-design-2-150x150.webp 150w, https:\/\/www.czqunfa.com\/wp-content\/uploads\/2026\/02\/village-style-unique-coffee-mugs-wholesale-with-face-design-2-768x768.webp 768w, https:\/\/www.czqunfa.com\/wp-content\/uploads\/2026\/02\/village-style-unique-coffee-mugs-wholesale-with-face-design-2-12x12.webp 12w, https:\/\/www.czqunfa.com\/wp-content\/uploads\/2026\/02\/village-style-unique-coffee-mugs-wholesale-with-face-design-2-600x600.webp 600w, https:\/\/www.czqunfa.com\/wp-content\/uploads\/2026\/02\/village-style-unique-coffee-mugs-wholesale-with-face-design-2-100x100.webp 100w\" sizes=\"(max-width: 1000px) 100vw, 1000px\" \/><\/figure>\n\n\n\n<figure class=\"wp-block-image size-full\"><img decoding=\"async\" width=\"1000\" height=\"1000\" data-id=\"1779\" src=\"https:\/\/www.czqunfa.com\/wp-content\/uploads\/2026\/02\/village-style-unique-coffee-mugs-wholesale-with-face-design-3.webp\" alt=\"canecas-caf\u00e9-\u00fanicas-\u00e0-venda-por-grosso-com-desenho-da-face-3\" class=\"wp-image-1779\" srcset=\"https:\/\/www.czqunfa.com\/wp-content\/uploads\/2026\/02\/village-style-unique-coffee-mugs-wholesale-with-face-design-3.webp 1000w, https:\/\/www.czqunfa.com\/wp-content\/uploads\/2026\/02\/village-style-unique-coffee-mugs-wholesale-with-face-design-3-300x300.webp 300w, https:\/\/www.czqunfa.com\/wp-content\/uploads\/2026\/02\/village-style-unique-coffee-mugs-wholesale-with-face-design-3-150x150.webp 150w, https:\/\/www.czqunfa.com\/wp-content\/uploads\/2026\/02\/village-style-unique-coffee-mugs-wholesale-with-face-design-3-768x768.webp 768w, https:\/\/www.czqunfa.com\/wp-content\/uploads\/2026\/02\/village-style-unique-coffee-mugs-wholesale-with-face-design-3-12x12.webp 12w, https:\/\/www.czqunfa.com\/wp-content\/uploads\/2026\/02\/village-style-unique-coffee-mugs-wholesale-with-face-design-3-600x600.webp 600w, https:\/\/www.czqunfa.com\/wp-content\/uploads\/2026\/02\/village-style-unique-coffee-mugs-wholesale-with-face-design-3-100x100.webp 100w\" sizes=\"(max-width: 1000px) 100vw, 1000px\" \/><\/figure>\n<\/figure>\n\n\n\n<p><\/p>","protected":false},"excerpt":{"rendered":"<p>Bem-vindo a comprar as nossas canecas de caf\u00e9 exclusivas de cer\u00e2mica em estilo de aldeia por atacado com design de rosto, que s\u00e3o feitas de cer\u00e2mica dur\u00e1vel, ideal para presentes e mercados promocionais. Estes copos de cer\u00e2mica personalizados s\u00e3o compat\u00edveis com OEM\/ODM por atacado. Podem ser lavadas na m\u00e1quina de lavar loi\u00e7a, no micro-ondas e no forno e s\u00e3o perfeitas para caf\u00e9, leite, ch\u00e1 e bebidas multiusos - uma escolha ideal para importadores, grossistas de brindes e compradores de produtos para caf\u00e9s.<\/p>\n<h2>Canecas de caf\u00e9 exclusivas Par\u00e2metro por atacado<\/h2>\n<table width=\"328\">\n<tbody>\n<tr>\n<td width=\"116\">Fabricante<\/td>\n<td width=\"211\">QUNFA<\/td>\n<\/tr>\n<tr>\n<td width=\"116\">Tipo de produto<\/td>\n<td>Caneca e copo<\/td>\n<\/tr>\n<tr>\n<td width=\"116\">Modelo n.\u00ba.<\/td>\n<td>2319<\/td>\n<\/tr>\n<tr>\n<td width=\"116\">Material<\/td>\n<td width=\"211\">Gr\u00e9s<\/td>\n<\/tr>\n<tr>\n<td width=\"116\">Cor<\/td>\n<td width=\"211\">Castanho<\/td>\n<\/tr>\n<tr>\n<td width=\"116\">Dimens\u00e3o<\/td>\n<td width=\"211\">\u00a012,2*8,5*10,7cm<\/td>\n<\/tr>\n<tr>\n<td width=\"116\">Quantidade m\u00ednima de encomenda<\/td>\n<td width=\"211\">1000 unidades<\/td>\n<\/tr>\n<tr>\n<td width=\"116\">Personalizado<\/td>\n<td width=\"211\">Cor\/Tamanho\/Log\u00f3tipo\/Embalagem\/Forma<\/td>\n<\/tr>\n<\/tbody>\n<\/table>","protected":false},"featured_media":1783,"comment_status":"closed","ping_status":"closed","template":"","meta":{"_acf_changed":false},"product_brand":[],"product_cat":[18,44],"product_tag":[],"class_list":{"0":"post-1776","1":"product","2":"type-product","3":"status-publish","4":"has-post-thumbnail","6":"product_cat-drinkware-supplier","7":"product_cat-wholesale-cups-and-mugs","9":"first","10":"instock","11":"shipping-taxable","12":"product-type-simple"},"acf":[],"_links":{"self":[{"href":"https:\/\/www.czqunfa.com\/pt\/wp-json\/wp\/v2\/product\/1776","targetHints":{"allow":["GET"]}}],"collection":[{"href":"https:\/\/www.czqunfa.com\/pt\/wp-json\/wp\/v2\/product"}],"about":[{"href":"https:\/\/www.czqunfa.com\/pt\/wp-json\/wp\/v2\/types\/product"}],"replies":[{"embeddable":true,"href":"https:\/\/www.czqunfa.com\/pt\/wp-json\/wp\/v2\/comments?post=1776"}],"wp:featuredmedia":[{"embeddable":true,"href":"https:\/\/www.czqunfa.com\/pt\/wp-json\/wp\/v2\/media\/1783"}],"wp:attachment":[{"href":"https:\/\/www.czqunfa.com\/pt\/wp-json\/wp\/v2\/media?parent=1776"}],"wp:term":[{"taxonomy":"product_brand","embeddable":true,"href":"https:\/\/www.czqunfa.com\/pt\/wp-json\/wp\/v2\/product_brand?post=1776"},{"taxonomy":"product_cat","embeddable":true,"href":"https:\/\/www.czqunfa.com\/pt\/wp-json\/wp\/v2\/product_cat?post=1776"},{"taxonomy":"product_tag","embeddable":true,"href":"https:\/\/www.czqunfa.com\/pt\/wp-json\/wp\/v2\/product_tag?post=1776"}],"curies":[{"name":"wp","href":"https:\/\/api.w.org\/{rel}","templated":true}]}}