{"id":1769,"date":"2026-02-06T03:40:18","date_gmt":"2026-02-06T03:40:18","guid":{"rendered":"https:\/\/www.czqunfa.com\/?post_type=product&#038;p=1769"},"modified":"2026-02-06T03:40:20","modified_gmt":"2026-02-06T03:40:20","slug":"coffee-cup-and-saucer-set-bulk","status":"publish","type":"product","link":"https:\/\/www.czqunfa.com\/pt\/produto\/coffee-cup-and-saucer-set-bulk\/","title":{"rendered":"Conjunto de ch\u00e1venas e pires de caf\u00e9 a granel, canecas de cer\u00e2mica personalizadas e bonitas"},"content":{"rendered":"<div class=\"wp-block-columns is-layout-flex wp-container-core-columns-is-layout-9d6595d7 wp-block-columns-is-layout-flex\">\n<div class=\"wp-block-column is-layout-flow wp-block-column-is-layout-flow\">\n<h2 class=\"wp-block-heading\">Carater\u00edsticas do conjunto de ch\u00e1venas e pires de caf\u00e9 a granel<\/h2>\n\n\n\n<ul class=\"wp-block-list\">\n<li><strong>Aplica\u00e7\u00e3o vers\u00e1til:<\/strong> O nosso conjunto de ch\u00e1vena de caf\u00e9 e pires a granel n\u00e3o \u00e9 apenas uma ch\u00e1vena de caf\u00e9 de especialidade profissional, mas a sua capacidade moderada tamb\u00e9m \u00e9 adequada como ch\u00e1vena de leite para o pequeno-almo\u00e7o ou ch\u00e1vena de ch\u00e1 da tarde, oferecendo m\u00faltiplas utiliza\u00e7\u00f5es num s\u00f3 conjunto.<\/li>\n\n\n\n<li><strong>Material cer\u00e2mico de qualidade superior:<\/strong> Fabricado em cer\u00e2mica de alta qualidade, este conjunto de ch\u00e1venas e pires Nordic oferece uma excelente durabilidade e resist\u00eancia ao calor e ao frio. Ideal para utiliza\u00e7\u00e3o comercial a longo prazo em caf\u00e9s, hot\u00e9is e restaurantes.<\/li>\n\n\n\n<li><strong>Esmalte liso:<\/strong> O esmalte fino do conjunto de ch\u00e1venas e pires de caf\u00e9 evita que as manchas e os odores permane\u00e7am, tornando as ch\u00e1venas f\u00e1ceis de limpar. Adequado para uma utiliza\u00e7\u00e3o frequente em casas e estabelecimentos de restaura\u00e7\u00e3o, mantendo uma textura como nova durante muito tempo e reduzindo as perdas operacionais dos restaurantes.<\/li>\n\n\n\n<li><strong>Especialista em OEM\/ODM:<\/strong> Estas canecas de cer\u00e2mica personalizadas t\u00eam uma quantidade m\u00ednima de encomenda de 1000 unidades, suportando a impress\u00e3o do log\u00f3tipo no corpo da caneca, o desenvolvimento de padr\u00f5es exclusivos e a embalagem em caixa de oferta de cor personalizada, ajudando-o a criar uma imagem de marca diferenciada.<\/li>\n\n\n\n<li><strong>Garantia de qualidade para exporta\u00e7\u00e3o:<\/strong> As canecas de cer\u00e2mica personalizadas cumprem v\u00e1rias normas de seguran\u00e7a internacionais de qualidade alimentar e n\u00e3o cont\u00eam chumbo nem c\u00e1dmio. Fornecemos apoio completo em termos de documentos de conformidade para garantir um desalfandegamento sem problemas e a entrada em canais de venda a retalho de alta qualidade.<\/li>\n<\/ul>\n<\/div>\n\n\n\n<div class=\"wp-block-column is-layout-flow wp-block-column-is-layout-flow\">\n<figure class=\"wp-block-image size-full\"><img decoding=\"async\" width=\"1000\" height=\"1000\" src=\"https:\/\/www.czqunfa.com\/wp-content\/uploads\/2026\/02\/coffee-cup-and-saucer-set-bulk-custom-cute-ceramic-mugs-2.webp\" alt=\"conjunto de ch\u00e1venas de caf\u00e9 e de pires-jantar-jogo de canecas de cer\u00e2mica personalizadas-2\" class=\"wp-image-1771\" srcset=\"https:\/\/www.czqunfa.com\/wp-content\/uploads\/2026\/02\/coffee-cup-and-saucer-set-bulk-custom-cute-ceramic-mugs-2.webp 1000w, https:\/\/www.czqunfa.com\/wp-content\/uploads\/2026\/02\/coffee-cup-and-saucer-set-bulk-custom-cute-ceramic-mugs-2-300x300.webp 300w, https:\/\/www.czqunfa.com\/wp-content\/uploads\/2026\/02\/coffee-cup-and-saucer-set-bulk-custom-cute-ceramic-mugs-2-150x150.webp 150w, https:\/\/www.czqunfa.com\/wp-content\/uploads\/2026\/02\/coffee-cup-and-saucer-set-bulk-custom-cute-ceramic-mugs-2-768x768.webp 768w, https:\/\/www.czqunfa.com\/wp-content\/uploads\/2026\/02\/coffee-cup-and-saucer-set-bulk-custom-cute-ceramic-mugs-2-12x12.webp 12w, https:\/\/www.czqunfa.com\/wp-content\/uploads\/2026\/02\/coffee-cup-and-saucer-set-bulk-custom-cute-ceramic-mugs-2-600x600.webp 600w, https:\/\/www.czqunfa.com\/wp-content\/uploads\/2026\/02\/coffee-cup-and-saucer-set-bulk-custom-cute-ceramic-mugs-2-100x100.webp 100w\" sizes=\"(max-width: 1000px) 100vw, 1000px\" \/><\/figure>\n<\/div>\n<\/div>\n\n\n\n<figure class=\"wp-block-gallery has-nested-images columns-default is-cropped wp-block-gallery-1 is-layout-flex wp-block-gallery-is-layout-flex\">\n<figure class=\"wp-block-image size-full\"><img decoding=\"async\" width=\"1000\" height=\"1000\" data-id=\"1772\" src=\"https:\/\/www.czqunfa.com\/wp-content\/uploads\/2026\/02\/coffee-cup-and-saucer-set-bulk-custom-cute-ceramic-mugs-3.webp\" alt=\"coffee-cup-and-saucer-set-bulk-custom-cute-ceramic-mugs-3\" class=\"wp-image-1772\" srcset=\"https:\/\/www.czqunfa.com\/wp-content\/uploads\/2026\/02\/coffee-cup-and-saucer-set-bulk-custom-cute-ceramic-mugs-3.webp 1000w, https:\/\/www.czqunfa.com\/wp-content\/uploads\/2026\/02\/coffee-cup-and-saucer-set-bulk-custom-cute-ceramic-mugs-3-300x300.webp 300w, https:\/\/www.czqunfa.com\/wp-content\/uploads\/2026\/02\/coffee-cup-and-saucer-set-bulk-custom-cute-ceramic-mugs-3-150x150.webp 150w, https:\/\/www.czqunfa.com\/wp-content\/uploads\/2026\/02\/coffee-cup-and-saucer-set-bulk-custom-cute-ceramic-mugs-3-768x768.webp 768w, https:\/\/www.czqunfa.com\/wp-content\/uploads\/2026\/02\/coffee-cup-and-saucer-set-bulk-custom-cute-ceramic-mugs-3-12x12.webp 12w, https:\/\/www.czqunfa.com\/wp-content\/uploads\/2026\/02\/coffee-cup-and-saucer-set-bulk-custom-cute-ceramic-mugs-3-600x600.webp 600w, https:\/\/www.czqunfa.com\/wp-content\/uploads\/2026\/02\/coffee-cup-and-saucer-set-bulk-custom-cute-ceramic-mugs-3-100x100.webp 100w\" sizes=\"(max-width: 1000px) 100vw, 1000px\" \/><\/figure>\n\n\n\n<figure class=\"wp-block-image size-full\"><img decoding=\"async\" width=\"1000\" height=\"1000\" data-id=\"1774\" src=\"https:\/\/www.czqunfa.com\/wp-content\/uploads\/2026\/02\/coffee-cup-and-saucer-set-bulk-custom-cute-ceramic-mugs-5.webp\" alt=\"conjunto de ch\u00e1venas de caf\u00e9 e de torneiras de ch\u00e1 a granel- canecas de cer\u00e2mica de corte personalizado-5\" class=\"wp-image-1774\" srcset=\"https:\/\/www.czqunfa.com\/wp-content\/uploads\/2026\/02\/coffee-cup-and-saucer-set-bulk-custom-cute-ceramic-mugs-5.webp 1000w, https:\/\/www.czqunfa.com\/wp-content\/uploads\/2026\/02\/coffee-cup-and-saucer-set-bulk-custom-cute-ceramic-mugs-5-300x300.webp 300w, https:\/\/www.czqunfa.com\/wp-content\/uploads\/2026\/02\/coffee-cup-and-saucer-set-bulk-custom-cute-ceramic-mugs-5-150x150.webp 150w, https:\/\/www.czqunfa.com\/wp-content\/uploads\/2026\/02\/coffee-cup-and-saucer-set-bulk-custom-cute-ceramic-mugs-5-768x768.webp 768w, https:\/\/www.czqunfa.com\/wp-content\/uploads\/2026\/02\/coffee-cup-and-saucer-set-bulk-custom-cute-ceramic-mugs-5-12x12.webp 12w, https:\/\/www.czqunfa.com\/wp-content\/uploads\/2026\/02\/coffee-cup-and-saucer-set-bulk-custom-cute-ceramic-mugs-5-600x600.webp 600w, https:\/\/www.czqunfa.com\/wp-content\/uploads\/2026\/02\/coffee-cup-and-saucer-set-bulk-custom-cute-ceramic-mugs-5-100x100.webp 100w\" sizes=\"(max-width: 1000px) 100vw, 1000px\" \/><\/figure>\n<\/figure>\n\n\n\n<p><\/p>","protected":false},"excerpt":{"rendered":"<p>Bem-vindo ao comprar este conjunto de ch\u00e1venas e pires de caf\u00e9 n\u00f3rdico a granel \u00e9 feito de cer\u00e2mica premium com um esmalte suave e f\u00e1cil de limpar e excelente resist\u00eancia ao calor. Concebidas para caf\u00e9s, restaurantes e marcas de retalho, estas bonitas canecas de cer\u00e2mica personalizadas permitem a impress\u00e3o de log\u00f3tipos e a personaliza\u00e7\u00e3o de marcas privadas. Podem ser lavadas na m\u00e1quina de lavar lou\u00e7a, no micro-ondas e no forno, e s\u00e3o uma solu\u00e7\u00e3o duradoura e elegante para os grossistas de compras e presentes de caf\u00e9s a n\u00edvel mundial.<\/p>\n<h2>Conjunto de ch\u00e1venas e pires de caf\u00e9 Par\u00e2metro de volume<\/h2>\n<table border=\"0\" width=\"328\" cellspacing=\"0\" cellpadding=\"0\">\n<tbody>\n<tr>\n<td width=\"116\" height=\"17\">Fabricante<\/td>\n<td width=\"211\">QUNFA<\/td>\n<\/tr>\n<tr>\n<td width=\"116\" height=\"17\">Tipo de produto<\/td>\n<td>Caneca e copo<\/td>\n<\/tr>\n<tr>\n<td width=\"116\" height=\"17\">Modelo n.\u00ba.<\/td>\n<td width=\"211\">QF22-0248<\/td>\n<\/tr>\n<tr>\n<td width=\"116\" height=\"17\">Material<\/td>\n<td width=\"211\">Gr\u00e9s<\/td>\n<\/tr>\n<tr>\n<td width=\"116\" height=\"17\">Cor<\/td>\n<td width=\"211\">Bege<\/td>\n<\/tr>\n<tr>\n<td width=\"116\" height=\"31\">Dimens\u00e3o<\/td>\n<td width=\"211\">Copo: 12*8,4*6,7cm<br \/>Disco: 16*16*2,2cm<\/td>\n<\/tr>\n<tr>\n<td width=\"116\" height=\"17\">Quantidade m\u00ednima de encomenda<\/td>\n<td width=\"211\">1000 unidades<\/td>\n<\/tr>\n<tr>\n<td width=\"116\" height=\"17\">Personalizado<\/td>\n<td width=\"211\">Cor\/Tamanho\/Log\u00f3tipo\/Embalagem\/Forma<\/td>\n<\/tr>\n<\/tbody>\n<\/table>","protected":false},"featured_media":1770,"comment_status":"closed","ping_status":"closed","template":"","meta":{"_acf_changed":false},"product_brand":[],"product_cat":[18,44],"product_tag":[],"class_list":{"0":"post-1769","1":"product","2":"type-product","3":"status-publish","4":"has-post-thumbnail","6":"product_cat-drinkware-supplier","7":"product_cat-wholesale-cups-and-mugs","9":"first","10":"instock","11":"shipping-taxable","12":"product-type-simple"},"acf":[],"_links":{"self":[{"href":"https:\/\/www.czqunfa.com\/pt\/wp-json\/wp\/v2\/product\/1769","targetHints":{"allow":["GET"]}}],"collection":[{"href":"https:\/\/www.czqunfa.com\/pt\/wp-json\/wp\/v2\/product"}],"about":[{"href":"https:\/\/www.czqunfa.com\/pt\/wp-json\/wp\/v2\/types\/product"}],"replies":[{"embeddable":true,"href":"https:\/\/www.czqunfa.com\/pt\/wp-json\/wp\/v2\/comments?post=1769"}],"wp:featuredmedia":[{"embeddable":true,"href":"https:\/\/www.czqunfa.com\/pt\/wp-json\/wp\/v2\/media\/1770"}],"wp:attachment":[{"href":"https:\/\/www.czqunfa.com\/pt\/wp-json\/wp\/v2\/media?parent=1769"}],"wp:term":[{"taxonomy":"product_brand","embeddable":true,"href":"https:\/\/www.czqunfa.com\/pt\/wp-json\/wp\/v2\/product_brand?post=1769"},{"taxonomy":"product_cat","embeddable":true,"href":"https:\/\/www.czqunfa.com\/pt\/wp-json\/wp\/v2\/product_cat?post=1769"},{"taxonomy":"product_tag","embeddable":true,"href":"https:\/\/www.czqunfa.com\/pt\/wp-json\/wp\/v2\/product_tag?post=1769"}],"curies":[{"name":"wp","href":"https:\/\/api.w.org\/{rel}","templated":true}]}}