{"id":1611,"date":"2026-01-24T09:50:07","date_gmt":"2026-01-24T09:50:07","guid":{"rendered":"https:\/\/www.czqunfa.com\/?post_type=product&#038;p=1611"},"modified":"2026-01-24T09:50:09","modified_gmt":"2026-01-24T09:50:09","slug":"wholesale-dog-bowls","status":"publish","type":"product","link":"https:\/\/www.czqunfa.com\/pt\/produto\/wholesale-dog-bowls\/","title":{"rendered":"Ta\u00e7as para c\u00e3es por atacado, ta\u00e7as rasas de cer\u00e2mica personalizadas para animais de estima\u00e7\u00e3o"},"content":{"rendered":"<div class=\"wp-block-columns is-layout-flex wp-container-core-columns-is-layout-9d6595d7 wp-block-columns-is-layout-flex\">\n<div class=\"wp-block-column is-layout-flow wp-block-column-is-layout-flow\">\n<h2 class=\"wp-block-heading\">Carater\u00edsticas das ta\u00e7as para c\u00e3es por grosso<\/h2>\n\n\n\n<ul class=\"wp-block-list\">\n<li><strong>Conce\u00e7\u00e3o superficial: <\/strong>Estas tigelas para c\u00e3es por atacado t\u00eam um design pouco profundo, o que as torna especialmente adequadas para c\u00e3es de focinho curto, c\u00e3es pequenos, cachorros e animais de estima\u00e7\u00e3o idosos. Isto reduz o stress alimentar, evita o contacto com os bigodes e melhora o conforto alimentar.<\/li>\n\n\n\n<li><strong>Design criativo e moderno:<\/strong> Estas ta\u00e7as para c\u00e3es por grosso afastam-se das formas tradicionais de ta\u00e7as fundas, apresentando um aspeto elegante e inovador. Podem ser utilizadas como tigelas de comida para animais de estima\u00e7\u00e3o ou como pratos de guloseimas, aumentando o valor premium do produto a n\u00edvel retalhista.<\/li>\n\n\n\n<li><strong>Material de gr\u00e9s n\u00e3o t\u00f3xico: <\/strong>Estas tigelas para c\u00e3es por atacado s\u00e3o feitas de cer\u00e2mica de alta qualidade que \u00e9 segura para os alimentos, n\u00e3o t\u00f3xica e sem chumbo e c\u00e1dmio. S\u00e3o tamb\u00e9m mais pesadas e mais est\u00e1veis, pelo que \u00e9 menos prov\u00e1vel que sejam derrubadas pelos animais de estima\u00e7\u00e3o enquanto comem.<\/li>\n\n\n\n<li><strong>Desempenho universal quente e frio:<\/strong> As nossas tigelas de cer\u00e2mica personalizadas para animais de estima\u00e7\u00e3o s\u00e3o seguras para aquecimento de alimentos para animais de estima\u00e7\u00e3o no micro-ondas ou refrigera\u00e7\u00e3o, satisfazendo as diversas necessidades das fam\u00edlias modernas que possuem animais de estima\u00e7\u00e3o.<\/li>\n\n\n\n<li><strong>Pre\u00e7o direto da f\u00e1brica:<\/strong> As nossas tigelas de cer\u00e2mica personalizadas para c\u00e3es s\u00e3o enviadas diretamente da f\u00e1brica, sem intermedi\u00e1rios, para que possamos oferecer-lhe o pre\u00e7o mais competitivo do mercado.<\/li>\n<\/ul>\n<\/div>\n\n\n\n<div class=\"wp-block-column is-layout-flow wp-block-column-is-layout-flow\">\n<figure class=\"wp-block-image size-full\"><img decoding=\"async\" width=\"2560\" height=\"2560\" src=\"https:\/\/www.czqunfa.com\/wp-content\/uploads\/2026\/01\/novelty-wholesale-dog-bowls-shallow-custom-ceramic-pet-bowl-1-scaled.webp\" alt=\"novidade-venda por grosso de tigelas para c\u00e3es- tigela rasa personalizada de cer\u00e2mica para animais de estima\u00e7\u00e3o-1\" class=\"wp-image-1612\" srcset=\"https:\/\/www.czqunfa.com\/wp-content\/uploads\/2026\/01\/novelty-wholesale-dog-bowls-shallow-custom-ceramic-pet-bowl-1-scaled.webp 2560w, https:\/\/www.czqunfa.com\/wp-content\/uploads\/2026\/01\/novelty-wholesale-dog-bowls-shallow-custom-ceramic-pet-bowl-1-300x300.webp 300w, https:\/\/www.czqunfa.com\/wp-content\/uploads\/2026\/01\/novelty-wholesale-dog-bowls-shallow-custom-ceramic-pet-bowl-1-1600x1600.webp 1600w, https:\/\/www.czqunfa.com\/wp-content\/uploads\/2026\/01\/novelty-wholesale-dog-bowls-shallow-custom-ceramic-pet-bowl-1-150x150.webp 150w, https:\/\/www.czqunfa.com\/wp-content\/uploads\/2026\/01\/novelty-wholesale-dog-bowls-shallow-custom-ceramic-pet-bowl-1-768x768.webp 768w, https:\/\/www.czqunfa.com\/wp-content\/uploads\/2026\/01\/novelty-wholesale-dog-bowls-shallow-custom-ceramic-pet-bowl-1-1536x1536.webp 1536w, https:\/\/www.czqunfa.com\/wp-content\/uploads\/2026\/01\/novelty-wholesale-dog-bowls-shallow-custom-ceramic-pet-bowl-1-2048x2048.webp 2048w, https:\/\/www.czqunfa.com\/wp-content\/uploads\/2026\/01\/novelty-wholesale-dog-bowls-shallow-custom-ceramic-pet-bowl-1-12x12.webp 12w, https:\/\/www.czqunfa.com\/wp-content\/uploads\/2026\/01\/novelty-wholesale-dog-bowls-shallow-custom-ceramic-pet-bowl-1-1200x1200.webp 1200w, https:\/\/www.czqunfa.com\/wp-content\/uploads\/2026\/01\/novelty-wholesale-dog-bowls-shallow-custom-ceramic-pet-bowl-1-600x600.webp 600w, https:\/\/www.czqunfa.com\/wp-content\/uploads\/2026\/01\/novelty-wholesale-dog-bowls-shallow-custom-ceramic-pet-bowl-1-100x100.webp 100w\" sizes=\"(max-width: 2560px) 100vw, 2560px\" \/><\/figure>\n<\/div>\n<\/div>\n\n\n\n<figure class=\"wp-block-gallery has-nested-images columns-default is-cropped wp-block-gallery-1 is-layout-flex wp-block-gallery-is-layout-flex\">\n<figure class=\"wp-block-image size-full\"><img decoding=\"async\" width=\"2560\" height=\"2560\" data-id=\"1613\" src=\"https:\/\/www.czqunfa.com\/wp-content\/uploads\/2026\/01\/novelty-wholesale-dog-bowls-shallow-custom-ceramic-pet-bowl-2-scaled.webp\" alt=\"novidade-venda por grosso de ta\u00e7as para c\u00e3es- ta\u00e7a rasa personalizada de cer\u00e2mica para animais de estima\u00e7\u00e3o-2\" class=\"wp-image-1613\" srcset=\"https:\/\/www.czqunfa.com\/wp-content\/uploads\/2026\/01\/novelty-wholesale-dog-bowls-shallow-custom-ceramic-pet-bowl-2-scaled.webp 2560w, https:\/\/www.czqunfa.com\/wp-content\/uploads\/2026\/01\/novelty-wholesale-dog-bowls-shallow-custom-ceramic-pet-bowl-2-300x300.webp 300w, https:\/\/www.czqunfa.com\/wp-content\/uploads\/2026\/01\/novelty-wholesale-dog-bowls-shallow-custom-ceramic-pet-bowl-2-1600x1600.webp 1600w, https:\/\/www.czqunfa.com\/wp-content\/uploads\/2026\/01\/novelty-wholesale-dog-bowls-shallow-custom-ceramic-pet-bowl-2-150x150.webp 150w, https:\/\/www.czqunfa.com\/wp-content\/uploads\/2026\/01\/novelty-wholesale-dog-bowls-shallow-custom-ceramic-pet-bowl-2-768x768.webp 768w, https:\/\/www.czqunfa.com\/wp-content\/uploads\/2026\/01\/novelty-wholesale-dog-bowls-shallow-custom-ceramic-pet-bowl-2-1536x1536.webp 1536w, https:\/\/www.czqunfa.com\/wp-content\/uploads\/2026\/01\/novelty-wholesale-dog-bowls-shallow-custom-ceramic-pet-bowl-2-2048x2048.webp 2048w, https:\/\/www.czqunfa.com\/wp-content\/uploads\/2026\/01\/novelty-wholesale-dog-bowls-shallow-custom-ceramic-pet-bowl-2-12x12.webp 12w, https:\/\/www.czqunfa.com\/wp-content\/uploads\/2026\/01\/novelty-wholesale-dog-bowls-shallow-custom-ceramic-pet-bowl-2-1200x1200.webp 1200w, https:\/\/www.czqunfa.com\/wp-content\/uploads\/2026\/01\/novelty-wholesale-dog-bowls-shallow-custom-ceramic-pet-bowl-2-600x600.webp 600w, https:\/\/www.czqunfa.com\/wp-content\/uploads\/2026\/01\/novelty-wholesale-dog-bowls-shallow-custom-ceramic-pet-bowl-2-100x100.webp 100w\" sizes=\"(max-width: 2560px) 100vw, 2560px\" \/><\/figure>\n\n\n\n<figure class=\"wp-block-image size-full\"><img decoding=\"async\" width=\"2560\" height=\"2560\" data-id=\"1614\" src=\"https:\/\/www.czqunfa.com\/wp-content\/uploads\/2026\/01\/novelty-wholesale-dog-bowls-shallow-custom-ceramic-pet-bowl-3-scaled.webp\" alt=\"novidade-venda por grosso de tigelas para c\u00e3es- tigela rasa personalizada de cer\u00e2mica para animais de estima\u00e7\u00e3o-3\" class=\"wp-image-1614\" srcset=\"https:\/\/www.czqunfa.com\/wp-content\/uploads\/2026\/01\/novelty-wholesale-dog-bowls-shallow-custom-ceramic-pet-bowl-3-scaled.webp 2560w, https:\/\/www.czqunfa.com\/wp-content\/uploads\/2026\/01\/novelty-wholesale-dog-bowls-shallow-custom-ceramic-pet-bowl-3-300x300.webp 300w, https:\/\/www.czqunfa.com\/wp-content\/uploads\/2026\/01\/novelty-wholesale-dog-bowls-shallow-custom-ceramic-pet-bowl-3-1600x1600.webp 1600w, https:\/\/www.czqunfa.com\/wp-content\/uploads\/2026\/01\/novelty-wholesale-dog-bowls-shallow-custom-ceramic-pet-bowl-3-150x150.webp 150w, https:\/\/www.czqunfa.com\/wp-content\/uploads\/2026\/01\/novelty-wholesale-dog-bowls-shallow-custom-ceramic-pet-bowl-3-768x768.webp 768w, https:\/\/www.czqunfa.com\/wp-content\/uploads\/2026\/01\/novelty-wholesale-dog-bowls-shallow-custom-ceramic-pet-bowl-3-1536x1536.webp 1536w, https:\/\/www.czqunfa.com\/wp-content\/uploads\/2026\/01\/novelty-wholesale-dog-bowls-shallow-custom-ceramic-pet-bowl-3-2048x2048.webp 2048w, https:\/\/www.czqunfa.com\/wp-content\/uploads\/2026\/01\/novelty-wholesale-dog-bowls-shallow-custom-ceramic-pet-bowl-3-12x12.webp 12w, https:\/\/www.czqunfa.com\/wp-content\/uploads\/2026\/01\/novelty-wholesale-dog-bowls-shallow-custom-ceramic-pet-bowl-3-1200x1200.webp 1200w, https:\/\/www.czqunfa.com\/wp-content\/uploads\/2026\/01\/novelty-wholesale-dog-bowls-shallow-custom-ceramic-pet-bowl-3-600x600.webp 600w, https:\/\/www.czqunfa.com\/wp-content\/uploads\/2026\/01\/novelty-wholesale-dog-bowls-shallow-custom-ceramic-pet-bowl-3-100x100.webp 100w\" sizes=\"(max-width: 2560px) 100vw, 2560px\" \/><\/figure>\n<\/figure>\n\n\n\n<p><\/p>","protected":false},"excerpt":{"rendered":"<p>Bem-vindo ao comprar as nossas tigelas para c\u00e3es por atacado, que s\u00e3o feitas de cer\u00e2mica de alta qualidade e concebidas com uma forma pouco profunda para uma alimenta\u00e7\u00e3o confort\u00e1vel dos animais. A superf\u00edcie lisa e esmaltada \u00e9 f\u00e1cil de limpar e ajuda a manter uma melhor higiene, enquanto o corpo de cer\u00e2mica evita que se incline durante a utiliza\u00e7\u00e3o. Estas tigelas rasas de cer\u00e2mica para animais de estima\u00e7\u00e3o s\u00e3o ideais para marcas e grossistas que procuram solu\u00e7\u00f5es de alimenta\u00e7\u00e3o duradouras, elegantes e personaliz\u00e1veis.<\/p>\n<h2>Par\u00e2metro de ta\u00e7as para c\u00e3es por atacado<\/h2>\n<table border=\"0\" width=\"328\" cellspacing=\"0\" cellpadding=\"0\">\n<tbody>\n<tr>\n<td width=\"116\" height=\"17\">Fabricante<\/td>\n<td width=\"211\">QUNFA<\/td>\n<\/tr>\n<tr>\n<td width=\"116\" height=\"17\">Tipo de produto<\/td>\n<td>Tigelas para ra\u00e7\u00e3o animal<\/td>\n<\/tr>\n<tr>\n<td width=\"116\" height=\"17\">Modelo n.\u00ba.<\/td>\n<td width=\"211\">23-2420<\/td>\n<\/tr>\n<tr>\n<td width=\"116\" height=\"17\">Material<\/td>\n<td width=\"211\">Gr\u00e9s<\/td>\n<\/tr>\n<tr>\n<td width=\"116\" height=\"17\">Cor<\/td>\n<td width=\"211\">Rosa, Cinzento, Taupe, Roxo claro<\/td>\n<\/tr>\n<tr>\n<td width=\"116\" height=\"16\">Dimens\u00e3o<\/td>\n<td width=\"211\">15,2*15,2*2,5cm<\/td>\n<\/tr>\n<tr>\n<td width=\"116\" height=\"17\">Quantidade m\u00ednima de encomenda<\/td>\n<td width=\"211\">1000 unidades<\/td>\n<\/tr>\n<tr>\n<td width=\"116\" height=\"17\">Personalizado<\/td>\n<td width=\"211\">Cor\/Tamanho\/Log\u00f3tipo\/Embalagem\/Forma<\/td>\n<\/tr>\n<\/tbody>\n<\/table>","protected":false},"featured_media":1616,"comment_status":"closed","ping_status":"closed","template":"","meta":{"_acf_changed":false},"product_brand":[],"product_cat":[16,50],"product_tag":[],"class_list":{"0":"post-1611","1":"product","2":"type-product","3":"status-publish","4":"has-post-thumbnail","6":"product_cat-pet-bowl-manufacturer","7":"product_cat-ceramic-pet-bowls-wholesale","9":"first","10":"instock","11":"shipping-taxable","12":"product-type-simple"},"acf":[],"_links":{"self":[{"href":"https:\/\/www.czqunfa.com\/pt\/wp-json\/wp\/v2\/product\/1611","targetHints":{"allow":["GET"]}}],"collection":[{"href":"https:\/\/www.czqunfa.com\/pt\/wp-json\/wp\/v2\/product"}],"about":[{"href":"https:\/\/www.czqunfa.com\/pt\/wp-json\/wp\/v2\/types\/product"}],"replies":[{"embeddable":true,"href":"https:\/\/www.czqunfa.com\/pt\/wp-json\/wp\/v2\/comments?post=1611"}],"wp:featuredmedia":[{"embeddable":true,"href":"https:\/\/www.czqunfa.com\/pt\/wp-json\/wp\/v2\/media\/1616"}],"wp:attachment":[{"href":"https:\/\/www.czqunfa.com\/pt\/wp-json\/wp\/v2\/media?parent=1611"}],"wp:term":[{"taxonomy":"product_brand","embeddable":true,"href":"https:\/\/www.czqunfa.com\/pt\/wp-json\/wp\/v2\/product_brand?post=1611"},{"taxonomy":"product_cat","embeddable":true,"href":"https:\/\/www.czqunfa.com\/pt\/wp-json\/wp\/v2\/product_cat?post=1611"},{"taxonomy":"product_tag","embeddable":true,"href":"https:\/\/www.czqunfa.com\/pt\/wp-json\/wp\/v2\/product_tag?post=1611"}],"curies":[{"name":"wp","href":"https:\/\/api.w.org\/{rel}","templated":true}]}}