{"id":1591,"date":"2026-02-02T06:40:00","date_gmt":"2026-02-02T06:40:00","guid":{"rendered":"https:\/\/www.czqunfa.com\/?post_type=product&#038;p=1591"},"modified":"2026-02-02T06:40:05","modified_gmt":"2026-02-02T06:40:05","slug":"custom-printed-ceramic-plates","status":"publish","type":"product","link":"https:\/\/www.czqunfa.com\/pt\/produto\/custom-printed-ceramic-plates\/","title":{"rendered":"Placas de cer\u00e2mica com impress\u00e3o personalizada, placa de borboleta pintada \u00e0 m\u00e3o"},"content":{"rendered":"<div class=\"wp-block-columns is-layout-flex wp-container-core-columns-is-layout-9d6595d7 wp-block-columns-is-layout-flex\">\n<div class=\"wp-block-column is-layout-flow wp-block-column-is-layout-flow\">\n<h2 class=\"wp-block-heading\">Carater\u00edsticas das placas de cer\u00e2mica com impress\u00e3o personalizada<\/h2>\n\n\n\n<p><strong>Produtos de gr\u00e9s de alta qualidade:<\/strong> Estes pratos de cer\u00e2mica com impress\u00e3o personalizada s\u00e3o fabricados em gr\u00e9s de alta qualidade e cozidos a altas temperaturas, apresentando uma excelente resist\u00eancia aos choques e ao desgaste. S\u00e3o adequados para cen\u00e1rios de utiliza\u00e7\u00e3o frequente em hot\u00e9is, grupos de restaura\u00e7\u00e3o, etc.<\/p>\n\n\n\n<p><strong>Conce\u00e7\u00e3o art\u00edstica:<\/strong> Estas placas de cer\u00e2mica impressas personalizadas s\u00e3o desenhadas \u00e0 m\u00e3o com padr\u00f5es de borboletas por artes\u00e3os. As cores dos padr\u00f5es s\u00e3o permanentes e a superf\u00edcie \u00e9 lisa e n\u00e3o t\u00f3xica, cumprindo as normas de seguran\u00e7a em contacto com os alimentos.<\/p>\n\n\n\n<p><strong>Servi\u00e7o personalizado:<\/strong> Estas placas de cer\u00e2mica impressas personalizadas podem suportar a personaliza\u00e7\u00e3o de log\u00f3tipos e padr\u00f5es desenhados \u00e0 m\u00e3o, criando uma s\u00e9rie \u00fanica de produtos para si.<\/p>\n\n\n\n<p><strong>Design de esmalte liso e de f\u00e1cil limpeza:<\/strong> As nossas placas de cer\u00e2mica para venda por grosso resistentes a altas temperaturas apresentam um design de esmalte de alta qualidade, com um toque suave, evitando eficazmente manchas e res\u00edduos de \u00f3leo, e s\u00e3o f\u00e1ceis de limpar.<\/p>\n\n\n\n<p><strong>Fun\u00e7\u00f5es de utiliza\u00e7\u00e3o:<\/strong> Os pratos de cer\u00e2mica para venda por grosso podem ser aquecidos no micro-ondas e lavados na m\u00e1quina de lavar lou\u00e7a. S\u00e3o seguras no frigor\u00edfico. Recomenda-se que se evitem opera\u00e7\u00f5es s\u00fabitas de arrefecimento e aquecimento, o que permite uma melhor conserva\u00e7\u00e3o do produto.<\/p>\n<\/div>\n\n\n\n<div class=\"wp-block-column is-layout-flow wp-block-column-is-layout-flow\">\n<figure class=\"wp-block-image size-full\"><img decoding=\"async\" width=\"1000\" height=\"1000\" src=\"https:\/\/www.czqunfa.com\/wp-content\/uploads\/2026\/01\/ceramic-plate-1.webp\" alt=\"placas de cer\u00e2mica impressas personalizadas-butterfly-hand-painted-plate-2\" class=\"wp-image-1600\" srcset=\"https:\/\/www.czqunfa.com\/wp-content\/uploads\/2026\/01\/ceramic-plate-1.webp 1000w, https:\/\/www.czqunfa.com\/wp-content\/uploads\/2026\/01\/ceramic-plate-1-300x300.webp 300w, https:\/\/www.czqunfa.com\/wp-content\/uploads\/2026\/01\/ceramic-plate-1-150x150.webp 150w, https:\/\/www.czqunfa.com\/wp-content\/uploads\/2026\/01\/ceramic-plate-1-768x768.webp 768w, https:\/\/www.czqunfa.com\/wp-content\/uploads\/2026\/01\/ceramic-plate-1-12x12.webp 12w, https:\/\/www.czqunfa.com\/wp-content\/uploads\/2026\/01\/ceramic-plate-1-600x600.webp 600w, https:\/\/www.czqunfa.com\/wp-content\/uploads\/2026\/01\/ceramic-plate-1-100x100.webp 100w\" sizes=\"(max-width: 1000px) 100vw, 1000px\" \/><\/figure>\n<\/div>\n<\/div>\n\n\n\n<div class=\"wp-block-columns is-layout-flex wp-container-core-columns-is-layout-9d6595d7 wp-block-columns-is-layout-flex\">\n<div class=\"wp-block-column is-layout-flow wp-block-column-is-layout-flow\">\n<figure class=\"wp-block-image size-full\"><img decoding=\"async\" width=\"1000\" height=\"1000\" src=\"https:\/\/www.czqunfa.com\/wp-content\/uploads\/2026\/01\/ceramic-plate-2.webp\" alt=\"placa de cer\u00e2mica - grossista - 3\" class=\"wp-image-1601\" srcset=\"https:\/\/www.czqunfa.com\/wp-content\/uploads\/2026\/01\/ceramic-plate-2.webp 1000w, https:\/\/www.czqunfa.com\/wp-content\/uploads\/2026\/01\/ceramic-plate-2-300x300.webp 300w, https:\/\/www.czqunfa.com\/wp-content\/uploads\/2026\/01\/ceramic-plate-2-150x150.webp 150w, https:\/\/www.czqunfa.com\/wp-content\/uploads\/2026\/01\/ceramic-plate-2-768x768.webp 768w, https:\/\/www.czqunfa.com\/wp-content\/uploads\/2026\/01\/ceramic-plate-2-12x12.webp 12w, https:\/\/www.czqunfa.com\/wp-content\/uploads\/2026\/01\/ceramic-plate-2-600x600.webp 600w, https:\/\/www.czqunfa.com\/wp-content\/uploads\/2026\/01\/ceramic-plate-2-100x100.webp 100w\" sizes=\"(max-width: 1000px) 100vw, 1000px\" \/><\/figure>\n<\/div>\n\n\n\n<div class=\"wp-block-column is-layout-flow wp-block-column-is-layout-flow\">\n<figure class=\"wp-block-image size-full\"><img decoding=\"async\" width=\"1000\" height=\"1000\" src=\"https:\/\/www.czqunfa.com\/wp-content\/uploads\/2026\/01\/ceramic-plate-5.webp\" alt=\"placa de cer\u00e2mica - grossista - 6\" class=\"wp-image-1604\" srcset=\"https:\/\/www.czqunfa.com\/wp-content\/uploads\/2026\/01\/ceramic-plate-5.webp 1000w, https:\/\/www.czqunfa.com\/wp-content\/uploads\/2026\/01\/ceramic-plate-5-300x300.webp 300w, https:\/\/www.czqunfa.com\/wp-content\/uploads\/2026\/01\/ceramic-plate-5-150x150.webp 150w, https:\/\/www.czqunfa.com\/wp-content\/uploads\/2026\/01\/ceramic-plate-5-768x768.webp 768w, https:\/\/www.czqunfa.com\/wp-content\/uploads\/2026\/01\/ceramic-plate-5-12x12.webp 12w, https:\/\/www.czqunfa.com\/wp-content\/uploads\/2026\/01\/ceramic-plate-5-600x600.webp 600w, https:\/\/www.czqunfa.com\/wp-content\/uploads\/2026\/01\/ceramic-plate-5-100x100.webp 100w\" sizes=\"(max-width: 1000px) 100vw, 1000px\" \/><\/figure>\n<\/div>\n<\/div>\n\n\n\n<p><\/p>","protected":false},"excerpt":{"rendered":"<p>Bem-vindo ao comprar os nossos pratos de cer\u00e2mica impressos personalizados com padr\u00f5es de borboletas. Os padr\u00f5es desenhados \u00e0 m\u00e3o s\u00e3o criados utilizando esmaltes de alta qualidade e depois cozidos num forno, resultando numa superf\u00edcie lisa e n\u00e3o t\u00f3xica que cumpre as normas de seguran\u00e7a em contacto com os alimentos. A qualidade do nosso produto mant\u00e9m-se consistente, sendo seguro, fi\u00e1vel e duradouro. \u00c9 f\u00e1cil de limpar e pode ser personalizado para refletir a imagem da sua marca.<\/p>\n<h2><strong>Placas de cer\u00e2mica com impress\u00e3o personalizada Par\u00e2metro<\/strong><\/h2>\n<table width=\"534\">\n<tbody>\n<tr>\n<td width=\"116\">Fabricante<\/td>\n<td width=\"211\">QUNFA<\/td>\n<\/tr>\n<tr>\n<td width=\"116\">Tipo de produto<\/td>\n<td>Placa de cer\u00e2mica<\/td>\n<\/tr>\n<tr>\n<td width=\"116\">Modelo n.\u00ba.<\/td>\n<td width=\"211\">2237-32\/2238-33<\/td>\n<\/tr>\n<tr>\n<td width=\"116\">Material<\/td>\n<td width=\"211\">Gr\u00e9s<\/td>\n<\/tr>\n<tr>\n<td width=\"116\">Padr\u00e3o<\/td>\n<td width=\"211\">Borboleta bordada pintada \u00e0 m\u00e3o com rebordo azul<\/td>\n<\/tr>\n<tr>\n<td width=\"116\">Dimens\u00e3o<\/td>\n<td width=\"211\">10.5\u2033plate(2237-32):26.2\u00d726.2\u00d73.5cm<br \/>8\u2033plate(2238-33):20x20x2cm<\/td>\n<\/tr>\n<tr>\n<td width=\"116\">Quantidade m\u00ednima de encomenda<\/td>\n<td width=\"211\">1000 unidades<\/td>\n<\/tr>\n<tr>\n<td width=\"116\">Personalizado<\/td>\n<td width=\"211\">Cor\/Tamanho\/Log\u00f3tipo\/Embalagem\/Forma<\/td>\n<\/tr>\n<\/tbody>\n<\/table>","protected":false},"featured_media":1599,"comment_status":"closed","ping_status":"closed","template":"","meta":{"_acf_changed":false},"product_brand":[],"product_cat":[34,20],"product_tag":[],"class_list":{"0":"post-1591","1":"product","2":"type-product","3":"status-publish","4":"has-post-thumbnail","6":"product_cat-dinnerware-plates-wholesale","7":"product_cat-dinnerware-supplier","9":"first","10":"instock","11":"shipping-taxable","12":"product-type-simple"},"acf":[],"_links":{"self":[{"href":"https:\/\/www.czqunfa.com\/pt\/wp-json\/wp\/v2\/product\/1591","targetHints":{"allow":["GET"]}}],"collection":[{"href":"https:\/\/www.czqunfa.com\/pt\/wp-json\/wp\/v2\/product"}],"about":[{"href":"https:\/\/www.czqunfa.com\/pt\/wp-json\/wp\/v2\/types\/product"}],"replies":[{"embeddable":true,"href":"https:\/\/www.czqunfa.com\/pt\/wp-json\/wp\/v2\/comments?post=1591"}],"wp:featuredmedia":[{"embeddable":true,"href":"https:\/\/www.czqunfa.com\/pt\/wp-json\/wp\/v2\/media\/1599"}],"wp:attachment":[{"href":"https:\/\/www.czqunfa.com\/pt\/wp-json\/wp\/v2\/media?parent=1591"}],"wp:term":[{"taxonomy":"product_brand","embeddable":true,"href":"https:\/\/www.czqunfa.com\/pt\/wp-json\/wp\/v2\/product_brand?post=1591"},{"taxonomy":"product_cat","embeddable":true,"href":"https:\/\/www.czqunfa.com\/pt\/wp-json\/wp\/v2\/product_cat?post=1591"},{"taxonomy":"product_tag","embeddable":true,"href":"https:\/\/www.czqunfa.com\/pt\/wp-json\/wp\/v2\/product_tag?post=1591"}],"curies":[{"name":"wp","href":"https:\/\/api.w.org\/{rel}","templated":true}]}}