{"id":1569,"date":"2026-01-15T08:03:49","date_gmt":"2026-01-15T08:03:49","guid":{"rendered":"https:\/\/www.czqunfa.com\/?post_type=product&#038;p=1569"},"modified":"2026-01-15T08:09:53","modified_gmt":"2026-01-15T08:09:53","slug":"custom-flower-pots","status":"publish","type":"product","link":"https:\/\/www.czqunfa.com\/pt\/produto\/custom-flower-pots\/","title":{"rendered":"Vasos de flores personalizados \u00e0s riscas, vasos de cer\u00e2mica a granel para jardim"},"content":{"rendered":"<div class=\"wp-block-columns is-layout-flex wp-container-core-columns-is-layout-9d6595d7 wp-block-columns-is-layout-flex\">\n<div class=\"wp-block-column is-layout-flow wp-block-column-is-layout-flow\">\n<h2 class=\"wp-block-heading\">Carater\u00edsticas dos vasos de flores personalizados<\/h2>\n\n\n\n<ul class=\"wp-block-list\">\n<li><strong>Material cer\u00e2mico de alta qualidade: <\/strong>Estes vasos de flores personalizados s\u00e3o feitos de cer\u00e2mica de alta qualidade cozida a altas temperaturas, o que resulta numa textura robusta e numa superf\u00edcie delicada. Oferecem uma excelente durabilidade e estabilidade, adequadas para uma utiliza\u00e7\u00e3o prolongada no interior e no exterior.<\/li>\n\n\n\n<li><strong>Design elegante com riscas verticais:<\/strong> Estes vasos de flores personalizados apresentam uma forma cil\u00edndrica cl\u00e1ssica combinada com um design tridimensional em relevo com riscas verticais. Simples mas sofisticados, complementam na perfei\u00e7\u00e3o os centros de jardinagem, os escrit\u00f3rios e a decora\u00e7\u00e3o moderna da casa.<\/li>\n\n\n\n<li><strong>Aplica\u00e7\u00e3o multi-cen\u00e1rios em interiores e exteriores: <\/strong>Estas jardineiras de cer\u00e2mica por atacado est\u00e3o dispon\u00edveis em tamanhos grandes, m\u00e9dios e pequenos (n\u00edvel de 4,5 polegadas), adequados para v\u00e1rios cen\u00e1rios, como decora\u00e7\u00e3o de casa, jardins, varandas, escrit\u00f3rios e expositores de retalho, satisfazendo as necessidades de diferentes canais e mercados.<\/li>\n\n\n\n<li><strong>F\u00e1cil de limpar e de manter:<\/strong> Estes vasos de cer\u00e2mica para venda por grosso t\u00eam uma superf\u00edcie vidrada lisa e de alta qualidade que n\u00e3o s\u00f3 \u00e9 visualmente elegante como tamb\u00e9m \u00e9 muito f\u00e1cil de limpar, o que os torna ideais para utiliza\u00e7\u00e3o em casa e em exposi\u00e7\u00f5es comerciais de alta frequ\u00eancia.<\/li>\n\n\n\n<li><strong>Pre\u00e7o direto de f\u00e1brica: <\/strong>Como fabricante de vasos de flores em cer\u00e2mica, os nossos vasos de flores personalizados s\u00e3o produzidos e vendidos diretamente pela f\u00e1brica, reduzindo as liga\u00e7\u00f5es interm\u00e9dias e fornecendo aos grossistas, marcas e clientes de projectos pre\u00e7os de f\u00e1brica mais competitivos para plantadores de cer\u00e2mica por atacado.<\/li>\n<\/ul>\n<\/div>\n\n\n\n<div class=\"wp-block-column is-layout-flow wp-block-column-is-layout-flow\">\n<figure class=\"wp-block-image size-full\"><img decoding=\"async\" width=\"960\" height=\"960\" src=\"https:\/\/www.czqunfa.com\/wp-content\/uploads\/2026\/01\/striped-custom-flower-pots-bulk-ceramic-planters-for-garden-5.webp\" alt=\"vasos de flores \u00e0 medida com riscas-vasos de cer\u00e2mica para jardim-5\" class=\"wp-image-1576\" srcset=\"https:\/\/www.czqunfa.com\/wp-content\/uploads\/2026\/01\/striped-custom-flower-pots-bulk-ceramic-planters-for-garden-5.webp 960w, https:\/\/www.czqunfa.com\/wp-content\/uploads\/2026\/01\/striped-custom-flower-pots-bulk-ceramic-planters-for-garden-5-300x300.webp 300w, https:\/\/www.czqunfa.com\/wp-content\/uploads\/2026\/01\/striped-custom-flower-pots-bulk-ceramic-planters-for-garden-5-150x150.webp 150w, https:\/\/www.czqunfa.com\/wp-content\/uploads\/2026\/01\/striped-custom-flower-pots-bulk-ceramic-planters-for-garden-5-768x768.webp 768w, https:\/\/www.czqunfa.com\/wp-content\/uploads\/2026\/01\/striped-custom-flower-pots-bulk-ceramic-planters-for-garden-5-12x12.webp 12w, https:\/\/www.czqunfa.com\/wp-content\/uploads\/2026\/01\/striped-custom-flower-pots-bulk-ceramic-planters-for-garden-5-600x600.webp 600w, https:\/\/www.czqunfa.com\/wp-content\/uploads\/2026\/01\/striped-custom-flower-pots-bulk-ceramic-planters-for-garden-5-100x100.webp 100w\" sizes=\"(max-width: 960px) 100vw, 960px\" \/><\/figure>\n<\/div>\n<\/div>\n\n\n\n<figure class=\"wp-block-gallery has-nested-images columns-default is-cropped wp-block-gallery-1 is-layout-flex wp-block-gallery-is-layout-flex\">\n<figure class=\"wp-block-image size-full\"><img decoding=\"async\" width=\"960\" height=\"960\" data-id=\"1572\" src=\"https:\/\/www.czqunfa.com\/wp-content\/uploads\/2026\/01\/striped-custom-flower-pots-bulk-ceramic-planters-for-garden-1.webp\" alt=\"vasos de flores \u00e0 medida \u00e0s riscas - vasos de cer\u00e2mica a granel para jardim-1\" class=\"wp-image-1572\" srcset=\"https:\/\/www.czqunfa.com\/wp-content\/uploads\/2026\/01\/striped-custom-flower-pots-bulk-ceramic-planters-for-garden-1.webp 960w, https:\/\/www.czqunfa.com\/wp-content\/uploads\/2026\/01\/striped-custom-flower-pots-bulk-ceramic-planters-for-garden-1-300x300.webp 300w, https:\/\/www.czqunfa.com\/wp-content\/uploads\/2026\/01\/striped-custom-flower-pots-bulk-ceramic-planters-for-garden-1-150x150.webp 150w, https:\/\/www.czqunfa.com\/wp-content\/uploads\/2026\/01\/striped-custom-flower-pots-bulk-ceramic-planters-for-garden-1-768x768.webp 768w, https:\/\/www.czqunfa.com\/wp-content\/uploads\/2026\/01\/striped-custom-flower-pots-bulk-ceramic-planters-for-garden-1-12x12.webp 12w, https:\/\/www.czqunfa.com\/wp-content\/uploads\/2026\/01\/striped-custom-flower-pots-bulk-ceramic-planters-for-garden-1-600x600.webp 600w, https:\/\/www.czqunfa.com\/wp-content\/uploads\/2026\/01\/striped-custom-flower-pots-bulk-ceramic-planters-for-garden-1-100x100.webp 100w\" sizes=\"(max-width: 960px) 100vw, 960px\" \/><\/figure>\n\n\n\n<figure class=\"wp-block-image size-full\"><img decoding=\"async\" width=\"960\" height=\"960\" data-id=\"1574\" src=\"https:\/\/www.czqunfa.com\/wp-content\/uploads\/2026\/01\/striped-custom-flower-pots-bulk-ceramic-planters-for-garden-3.webp\" alt=\"vasos de flores \u00e0 medida com riscas-vasos de cer\u00e2mica para jardim-3\" class=\"wp-image-1574\" srcset=\"https:\/\/www.czqunfa.com\/wp-content\/uploads\/2026\/01\/striped-custom-flower-pots-bulk-ceramic-planters-for-garden-3.webp 960w, https:\/\/www.czqunfa.com\/wp-content\/uploads\/2026\/01\/striped-custom-flower-pots-bulk-ceramic-planters-for-garden-3-300x300.webp 300w, https:\/\/www.czqunfa.com\/wp-content\/uploads\/2026\/01\/striped-custom-flower-pots-bulk-ceramic-planters-for-garden-3-150x150.webp 150w, https:\/\/www.czqunfa.com\/wp-content\/uploads\/2026\/01\/striped-custom-flower-pots-bulk-ceramic-planters-for-garden-3-768x768.webp 768w, https:\/\/www.czqunfa.com\/wp-content\/uploads\/2026\/01\/striped-custom-flower-pots-bulk-ceramic-planters-for-garden-3-12x12.webp 12w, https:\/\/www.czqunfa.com\/wp-content\/uploads\/2026\/01\/striped-custom-flower-pots-bulk-ceramic-planters-for-garden-3-600x600.webp 600w, https:\/\/www.czqunfa.com\/wp-content\/uploads\/2026\/01\/striped-custom-flower-pots-bulk-ceramic-planters-for-garden-3-100x100.webp 100w\" sizes=\"(max-width: 960px) 100vw, 960px\" \/><\/figure>\n<\/figure>\n\n\n\n<p><\/p>","protected":false},"excerpt":{"rendered":"<p>Bem-vindo a comprar estes vasos de flores personalizados feitos de gr\u00e9s de alta qualidade, com um design simples \u00e0s riscas que \u00e9 simultaneamente decorativo e pr\u00e1tico. Os plantadores de cer\u00e2mica por atacado a pre\u00e7o de f\u00e1brica, com produ\u00e7\u00e3o em massa est\u00e1vel e prazos de entrega control\u00e1veis, apoiam a coopera\u00e7\u00e3o a longo prazo, fornecendo uma solu\u00e7\u00e3o de alto valor para os canais modernos de jardinagem, atacado e presentes comerciais.<\/p>\n<h2>Par\u00e2metro de vasos de flores personalizados<\/h2>\n<table width=\"328\">\n<tbody>\n<tr>\n<td width=\"116\">Fabricante<\/td>\n<td width=\"211\">QUNFA<\/td>\n<\/tr>\n<tr>\n<td width=\"116\">Tipo de produto<\/td>\n<td>Vaso para plantas<\/td>\n<\/tr>\n<tr>\n<td width=\"116\">Modelo n.\u00ba.<\/td>\n<td width=\"211\">NO70\u00a0<\/td>\n<\/tr>\n<tr>\n<td width=\"116\">Material<\/td>\n<td width=\"211\">Gr\u00e9s<\/td>\n<\/tr>\n<tr>\n<td width=\"116\">Cor<\/td>\n<td width=\"211\">Azul<\/td>\n<\/tr>\n<tr>\n<td width=\"116\">Dimens\u00e3o<\/td>\n<td width=\"211\">L:22*22*19cm, Dish:19.2*19.2*2.2cm<br \/>M:18*18*16.5cm, Dish:15.8*15.8*2cm<br \/>S:14.5*14.5*14.5cm, Dish:12.5*12.5*1.6cm<\/td>\n<\/tr>\n<tr>\n<td width=\"116\">Quantidade m\u00ednima de encomenda<\/td>\n<td width=\"211\">1000 unidades<\/td>\n<\/tr>\n<tr>\n<td width=\"116\">Personalizado<\/td>\n<td width=\"211\">Cor\/Tamanho\/Log\u00f3tipo\/Embalagem\/Forma<\/td>\n<\/tr>\n<\/tbody>\n<\/table>","protected":false},"featured_media":1575,"comment_status":"closed","ping_status":"closed","template":"","meta":{"_acf_changed":false},"product_brand":[],"product_cat":[17,45],"product_tag":[],"class_list":{"0":"post-1569","1":"product","2":"type-product","3":"status-publish","4":"has-post-thumbnail","6":"product_cat-home-garden-decor-wholesale","7":"product_cat-wholesale-flower-pots-and-planters","9":"first","10":"instock","11":"shipping-taxable","12":"product-type-simple"},"acf":[],"_links":{"self":[{"href":"https:\/\/www.czqunfa.com\/pt\/wp-json\/wp\/v2\/product\/1569","targetHints":{"allow":["GET"]}}],"collection":[{"href":"https:\/\/www.czqunfa.com\/pt\/wp-json\/wp\/v2\/product"}],"about":[{"href":"https:\/\/www.czqunfa.com\/pt\/wp-json\/wp\/v2\/types\/product"}],"replies":[{"embeddable":true,"href":"https:\/\/www.czqunfa.com\/pt\/wp-json\/wp\/v2\/comments?post=1569"}],"wp:featuredmedia":[{"embeddable":true,"href":"https:\/\/www.czqunfa.com\/pt\/wp-json\/wp\/v2\/media\/1575"}],"wp:attachment":[{"href":"https:\/\/www.czqunfa.com\/pt\/wp-json\/wp\/v2\/media?parent=1569"}],"wp:term":[{"taxonomy":"product_brand","embeddable":true,"href":"https:\/\/www.czqunfa.com\/pt\/wp-json\/wp\/v2\/product_brand?post=1569"},{"taxonomy":"product_cat","embeddable":true,"href":"https:\/\/www.czqunfa.com\/pt\/wp-json\/wp\/v2\/product_cat?post=1569"},{"taxonomy":"product_tag","embeddable":true,"href":"https:\/\/www.czqunfa.com\/pt\/wp-json\/wp\/v2\/product_tag?post=1569"}],"curies":[{"name":"wp","href":"https:\/\/api.w.org\/{rel}","templated":true}]}}