{"id":1561,"date":"2026-01-15T03:49:53","date_gmt":"2026-01-15T03:49:53","guid":{"rendered":"https:\/\/www.czqunfa.com\/?post_type=product&#038;p=1561"},"modified":"2026-01-15T06:29:05","modified_gmt":"2026-01-15T06:29:05","slug":"wholesale-planter-pots","status":"publish","type":"product","link":"https:\/\/www.czqunfa.com\/pt\/produto\/wholesale-planter-pots\/","title":{"rendered":"Vasos para plantas com pires por atacado, vaso de cer\u00e2mica para jardim a granel"},"content":{"rendered":"<div class=\"wp-block-columns is-layout-flex wp-container-core-columns-is-layout-9d6595d7 wp-block-columns-is-layout-flex\">\n<div class=\"wp-block-column is-layout-flow wp-block-column-is-layout-flow\">\n<h2 class=\"wp-block-heading\">Carater\u00edsticas dos vasos para plantas por atacado<\/h2>\n\n\n\n<ul class=\"wp-block-list\">\n<li><strong>Gr\u00e9s Premium: <\/strong>Estes vasos para plantas para venda por grosso s\u00e3o fabricados com uma forma c\u00f3nica cl\u00e1ssica, ladeados por um relevo de cactos finos e a inscri\u00e7\u00e3o art\u00edstica \u2018A GOOD LIFE\u2019 para real\u00e7ar o aspeto de qualidade do produto.<\/li>\n\n\n\n<li><strong>Cores da moda:<\/strong> Estes vasos de plantas por atacado v\u00eam numa vasta gama de cores da moda, tais como rosa elegante, verde vivo, bege natural e azul escuro, e assim por diante, adequados para combinar com diferentes ambientes dom\u00e9sticos e de escrit\u00f3rio.<\/li>\n\n\n\n<li><strong>Design elegante:<\/strong> Estes vasos de plantas para venda por grosso apresentam uma forma c\u00f3nica cl\u00e1ssica, adornada com delicados padr\u00f5es em relevo de cactos e a inscri\u00e7\u00e3o art\u00edstica \u201cA GOOD LIFE\u201d, que real\u00e7a a sensa\u00e7\u00e3o de qualidade do produto.<\/li>\n\n\n\n<li><strong>Inclui pires a condizer:<\/strong> O vaso de cer\u00e2mica para jardim \u00e9 fornecido a granel com um tabuleiro individual a condizer para captar eficazmente o excesso de \u00e1gua e manter toda a sua cole\u00e7\u00e3o de plantas de casa sob controlo e o seu ambiente intacto.<\/li>\n\n\n\n<li><strong>Aplica\u00e7\u00e3o multi-cen\u00e1rios: <\/strong>O vaso de cer\u00e2mica para jardim a granel est\u00e1 dispon\u00edvel em tr\u00eas tamanhos para satisfazer as necessidades de planta\u00e7\u00e3o de suculentas e plantas de folhas largas, que \u00e9 o mais vendido pelos centros de jardinagem e retalhistas.<\/li>\n\n\n\n<li><strong>Fornecimento por grosso e a granel: <\/strong>Estes vasos para plantas por atacado s\u00e3o oferecidos em quantidades a granel com uma capacidade de produ\u00e7\u00e3o est\u00e1vel, garantindo uma qualidade consistente e prazos de entrega fi\u00e1veis para grossistas, importadores e cadeias de retalhistas.<\/li>\n<\/ul>\n<\/div>\n\n\n\n<div class=\"wp-block-column is-layout-flow wp-block-column-is-layout-flow\">\n<figure class=\"wp-block-image size-full\"><img decoding=\"async\" width=\"800\" height=\"800\" src=\"https:\/\/www.czqunfa.com\/wp-content\/uploads\/2026\/01\/wholesale-planter-pots-with-saucers-ceramic-garden-pot-bulk-6.webp\" alt=\"vasos para plantas com pires de cer\u00e2mica para jardim - 6\" class=\"wp-image-1567\" srcset=\"https:\/\/www.czqunfa.com\/wp-content\/uploads\/2026\/01\/wholesale-planter-pots-with-saucers-ceramic-garden-pot-bulk-6.webp 800w, https:\/\/www.czqunfa.com\/wp-content\/uploads\/2026\/01\/wholesale-planter-pots-with-saucers-ceramic-garden-pot-bulk-6-300x300.webp 300w, https:\/\/www.czqunfa.com\/wp-content\/uploads\/2026\/01\/wholesale-planter-pots-with-saucers-ceramic-garden-pot-bulk-6-150x150.webp 150w, https:\/\/www.czqunfa.com\/wp-content\/uploads\/2026\/01\/wholesale-planter-pots-with-saucers-ceramic-garden-pot-bulk-6-768x768.webp 768w, https:\/\/www.czqunfa.com\/wp-content\/uploads\/2026\/01\/wholesale-planter-pots-with-saucers-ceramic-garden-pot-bulk-6-12x12.webp 12w, https:\/\/www.czqunfa.com\/wp-content\/uploads\/2026\/01\/wholesale-planter-pots-with-saucers-ceramic-garden-pot-bulk-6-600x600.webp 600w, https:\/\/www.czqunfa.com\/wp-content\/uploads\/2026\/01\/wholesale-planter-pots-with-saucers-ceramic-garden-pot-bulk-6-100x100.webp 100w\" sizes=\"(max-width: 800px) 100vw, 800px\" \/><\/figure>\n<\/div>\n<\/div>\n\n\n\n<figure class=\"wp-block-gallery has-nested-images columns-default is-cropped wp-block-gallery-1 is-layout-flex wp-block-gallery-is-layout-flex\">\n<figure class=\"wp-block-image size-full\"><img decoding=\"async\" width=\"800\" height=\"800\" data-id=\"1566\" src=\"https:\/\/www.czqunfa.com\/wp-content\/uploads\/2026\/01\/wholesale-planter-pots-with-saucers-ceramic-garden-pot-bulk-5.webp\" alt=\"vasos para plantas com pires de cer\u00e2mica para jardim - 5\" class=\"wp-image-1566\" srcset=\"https:\/\/www.czqunfa.com\/wp-content\/uploads\/2026\/01\/wholesale-planter-pots-with-saucers-ceramic-garden-pot-bulk-5.webp 800w, https:\/\/www.czqunfa.com\/wp-content\/uploads\/2026\/01\/wholesale-planter-pots-with-saucers-ceramic-garden-pot-bulk-5-300x300.webp 300w, https:\/\/www.czqunfa.com\/wp-content\/uploads\/2026\/01\/wholesale-planter-pots-with-saucers-ceramic-garden-pot-bulk-5-150x150.webp 150w, https:\/\/www.czqunfa.com\/wp-content\/uploads\/2026\/01\/wholesale-planter-pots-with-saucers-ceramic-garden-pot-bulk-5-768x768.webp 768w, https:\/\/www.czqunfa.com\/wp-content\/uploads\/2026\/01\/wholesale-planter-pots-with-saucers-ceramic-garden-pot-bulk-5-12x12.webp 12w, https:\/\/www.czqunfa.com\/wp-content\/uploads\/2026\/01\/wholesale-planter-pots-with-saucers-ceramic-garden-pot-bulk-5-600x600.webp 600w, https:\/\/www.czqunfa.com\/wp-content\/uploads\/2026\/01\/wholesale-planter-pots-with-saucers-ceramic-garden-pot-bulk-5-100x100.webp 100w\" sizes=\"(max-width: 800px) 100vw, 800px\" \/><\/figure>\n\n\n\n<figure class=\"wp-block-image size-full\"><img decoding=\"async\" width=\"800\" height=\"800\" data-id=\"1565\" src=\"https:\/\/www.czqunfa.com\/wp-content\/uploads\/2026\/01\/wholesale-planter-pots-with-saucers-ceramic-garden-pot-bulk-4.webp\" alt=\"vasos para plantas com pires de cer\u00e2mica para jardim - 4\" class=\"wp-image-1565\" srcset=\"https:\/\/www.czqunfa.com\/wp-content\/uploads\/2026\/01\/wholesale-planter-pots-with-saucers-ceramic-garden-pot-bulk-4.webp 800w, https:\/\/www.czqunfa.com\/wp-content\/uploads\/2026\/01\/wholesale-planter-pots-with-saucers-ceramic-garden-pot-bulk-4-300x300.webp 300w, https:\/\/www.czqunfa.com\/wp-content\/uploads\/2026\/01\/wholesale-planter-pots-with-saucers-ceramic-garden-pot-bulk-4-150x150.webp 150w, https:\/\/www.czqunfa.com\/wp-content\/uploads\/2026\/01\/wholesale-planter-pots-with-saucers-ceramic-garden-pot-bulk-4-768x768.webp 768w, https:\/\/www.czqunfa.com\/wp-content\/uploads\/2026\/01\/wholesale-planter-pots-with-saucers-ceramic-garden-pot-bulk-4-12x12.webp 12w, https:\/\/www.czqunfa.com\/wp-content\/uploads\/2026\/01\/wholesale-planter-pots-with-saucers-ceramic-garden-pot-bulk-4-600x600.webp 600w, https:\/\/www.czqunfa.com\/wp-content\/uploads\/2026\/01\/wholesale-planter-pots-with-saucers-ceramic-garden-pot-bulk-4-100x100.webp 100w\" sizes=\"(max-width: 800px) 100vw, 800px\" \/><\/figure>\n<\/figure>\n\n\n\n<p><\/p>","protected":false},"excerpt":{"rendered":"<p>Bem-vindo ao comprar estes vasos de planta\u00e7\u00e3o por atacado com pires. Fabricados em gr\u00e9s de alta qualidade, estes vasos de cer\u00e2mica foram concebidos para jardinagem interior e exterior, s\u00e3o dur\u00e1veis e oferecem uma excelente resist\u00eancia \u00e0s flutua\u00e7\u00f5es de temperatura. A superf\u00edcie apresenta um acabamento em relevo e \u00e9 fornecida com um pr\u00e1tico tabuleiro a condizer, o que os torna ideais para centros de jardinagem, retalhistas de plantas e projectos paisag\u00edsticos comerciais que procuram plantadores de cer\u00e2mica fi\u00e1veis a granel.<\/p>\n<h2>Par\u00e2metro de vasos de plantas por atacado<\/h2>\n<table width=\"328\">\n<tbody>\n<tr>\n<td width=\"116\">Fabricante<\/td>\n<td width=\"211\">QUNFA<\/td>\n<\/tr>\n<tr>\n<td width=\"116\">Tipo de produto<\/td>\n<td>Vaso para plantas<\/td>\n<\/tr>\n<tr>\n<td width=\"116\">Modelo n.\u00ba.<\/td>\n<td width=\"211\">NO70\u00a0<\/td>\n<\/tr>\n<tr>\n<td width=\"116\">Material<\/td>\n<td width=\"211\">Gr\u00e9s<\/td>\n<\/tr>\n<tr>\n<td width=\"116\">Cor<\/td>\n<td width=\"211\">Azul, Personalizado<\/td>\n<\/tr>\n<tr>\n<td width=\"116\">Dimens\u00e3o<\/td>\n<td width=\"211\">L:22*22*19cm, Dish:19.2*19.2*2.2cm<br \/>M:18*18*16.5cm, Dish:15.8*15.8*2cm<br \/>S:14.5*14.5*14.5cm, Dish:12.5*12.5*1.6cm<\/td>\n<\/tr>\n<tr>\n<td width=\"116\">Quantidade m\u00ednima de encomenda<\/td>\n<td width=\"211\">1000 unidades<\/td>\n<\/tr>\n<tr>\n<td width=\"116\">Personalizado<\/td>\n<td width=\"211\">Cor\/Tamanho\/Log\u00f3tipo\/Embalagem\/Forma<\/td>\n<\/tr>\n<\/tbody>\n<\/table>","protected":false},"featured_media":1563,"comment_status":"closed","ping_status":"closed","template":"","meta":{"_acf_changed":false},"product_brand":[],"product_cat":[17,45],"product_tag":[],"class_list":{"0":"post-1561","1":"product","2":"type-product","3":"status-publish","4":"has-post-thumbnail","6":"product_cat-home-garden-decor-wholesale","7":"product_cat-wholesale-flower-pots-and-planters","9":"first","10":"instock","11":"shipping-taxable","12":"product-type-simple"},"acf":[],"_links":{"self":[{"href":"https:\/\/www.czqunfa.com\/pt\/wp-json\/wp\/v2\/product\/1561","targetHints":{"allow":["GET"]}}],"collection":[{"href":"https:\/\/www.czqunfa.com\/pt\/wp-json\/wp\/v2\/product"}],"about":[{"href":"https:\/\/www.czqunfa.com\/pt\/wp-json\/wp\/v2\/types\/product"}],"replies":[{"embeddable":true,"href":"https:\/\/www.czqunfa.com\/pt\/wp-json\/wp\/v2\/comments?post=1561"}],"wp:featuredmedia":[{"embeddable":true,"href":"https:\/\/www.czqunfa.com\/pt\/wp-json\/wp\/v2\/media\/1563"}],"wp:attachment":[{"href":"https:\/\/www.czqunfa.com\/pt\/wp-json\/wp\/v2\/media?parent=1561"}],"wp:term":[{"taxonomy":"product_brand","embeddable":true,"href":"https:\/\/www.czqunfa.com\/pt\/wp-json\/wp\/v2\/product_brand?post=1561"},{"taxonomy":"product_cat","embeddable":true,"href":"https:\/\/www.czqunfa.com\/pt\/wp-json\/wp\/v2\/product_cat?post=1561"},{"taxonomy":"product_tag","embeddable":true,"href":"https:\/\/www.czqunfa.com\/pt\/wp-json\/wp\/v2\/product_tag?post=1561"}],"curies":[{"name":"wp","href":"https:\/\/api.w.org\/{rel}","templated":true}]}}