{"id":1551,"date":"2026-01-15T02:54:04","date_gmt":"2026-01-15T02:54:04","guid":{"rendered":"https:\/\/www.czqunfa.com\/?post_type=product&#038;p=1551"},"modified":"2026-01-15T02:54:06","modified_gmt":"2026-01-15T02:54:06","slug":"ramekins-bulk","status":"publish","type":"product","link":"https:\/\/www.czqunfa.com\/pt\/produto\/ramekins-bulk\/","title":{"rendered":"Ramequins em forma de cora\u00e7\u00e3o de 3.5 \"a granel, mini pratos de sufl\u00ea personalizados"},"content":{"rendered":"<div class=\"wp-block-columns is-layout-flex wp-container-core-columns-is-layout-9d6595d7 wp-block-columns-is-layout-flex\">\n<div class=\"wp-block-column is-layout-flow wp-block-column-is-layout-flow\">\n<h2 class=\"wp-block-heading\">Carater\u00edsticas dos Ramequins de cer\u00e2mica a granel<\/h2>\n\n\n\n<ul class=\"wp-block-list\">\n<li><strong>Material cer\u00e2mico de alta qualidade:<\/strong> Estes ramequins a granel s\u00e3o fabricados com mat\u00e9rias-primas cer\u00e2micas de primeira qualidade, resistentes a temperaturas elevadas e a choques t\u00e9rmicos, adequados para uma utiliza\u00e7\u00e3o comercial de elevada frequ\u00eancia e que satisfazem os requisitos de estabilidade dos canais grossistas e de restaura\u00e7\u00e3o.<\/li>\n\n\n\n<li><strong>Design em forma de cora\u00e7\u00e3o:<\/strong> Estes ramequins de cer\u00e2mica a granel adoptam o design em forma de cora\u00e7\u00e3o, s\u00e3o pequenos e delicados com um forte apelo visual, s\u00e3o perfeitos para sobremesas, produtos de pastelaria e produtos tem\u00e1ticos de f\u00e9rias, e ajudam as marcas a destacarem-se no retalho e na restaura\u00e7\u00e3o.<\/li>\n\n\n\n<li><strong>Aplica\u00e7\u00f5es vers\u00e1teis:<\/strong> Os ramequins de cer\u00e2mica de 3.5 \"a granel s\u00e3o perfeitos para fazer sufl\u00eas, pudins, ovos cozidos, molhos e muito mais. Eles s\u00e3o adequados para fazer pequenos pratos assados, sobremesas e assim por diante. \u00c9 popular em restaurantes, caf\u00e9s, padarias e panifica\u00e7\u00e3o dom\u00e9stica.<\/li>\n\n\n\n<li><strong>Esmalte liso: <\/strong>Os nossos mini pratos de souffl\u00e9 personalizados t\u00eam um esmalte suave e uniforme que evita a acumula\u00e7\u00e3o de res\u00edduos de comida e \u00f3leo, tornando-os f\u00e1ceis de limpar e reduzindo os custos de m\u00e3o de obra e manuten\u00e7\u00e3o para os clientes de catering.<\/li>\n\n\n\n<li><strong>Fornecimento direto da f\u00e1brica:<\/strong> Como fabricante profissional de artigos para pastelaria em cer\u00e2mica, os nossos mini pratos de souffl\u00e9 personalizados suportam encomendas a granel e parcerias a longo prazo, garantindo pre\u00e7os est\u00e1veis e prazos de entrega control\u00e1veis, tornando-os adequados para grossistas e clientes com base em projectos.<\/li>\n<\/ul>\n<\/div>\n\n\n\n<div class=\"wp-block-column is-layout-flow wp-block-column-is-layout-flow\">\n<figure class=\"wp-block-image size-full\"><img decoding=\"async\" width=\"800\" height=\"800\" src=\"https:\/\/www.czqunfa.com\/wp-content\/uploads\/2026\/01\/heart-shaped-ramekins-bulk-custom-mini-souffle-dishes-1.webp\" alt=\"Pratos-mini-souffle-1 em forma de cora\u00e7\u00e3o com ramequins a granel\" class=\"wp-image-1555\" srcset=\"https:\/\/www.czqunfa.com\/wp-content\/uploads\/2026\/01\/heart-shaped-ramekins-bulk-custom-mini-souffle-dishes-1.webp 800w, https:\/\/www.czqunfa.com\/wp-content\/uploads\/2026\/01\/heart-shaped-ramekins-bulk-custom-mini-souffle-dishes-1-300x300.webp 300w, https:\/\/www.czqunfa.com\/wp-content\/uploads\/2026\/01\/heart-shaped-ramekins-bulk-custom-mini-souffle-dishes-1-150x150.webp 150w, https:\/\/www.czqunfa.com\/wp-content\/uploads\/2026\/01\/heart-shaped-ramekins-bulk-custom-mini-souffle-dishes-1-768x768.webp 768w, https:\/\/www.czqunfa.com\/wp-content\/uploads\/2026\/01\/heart-shaped-ramekins-bulk-custom-mini-souffle-dishes-1-12x12.webp 12w, https:\/\/www.czqunfa.com\/wp-content\/uploads\/2026\/01\/heart-shaped-ramekins-bulk-custom-mini-souffle-dishes-1-600x600.webp 600w, https:\/\/www.czqunfa.com\/wp-content\/uploads\/2026\/01\/heart-shaped-ramekins-bulk-custom-mini-souffle-dishes-1-100x100.webp 100w\" sizes=\"(max-width: 800px) 100vw, 800px\" \/><\/figure>\n<\/div>\n<\/div>\n\n\n\n<figure class=\"wp-block-gallery has-nested-images columns-default is-cropped wp-block-gallery-1 is-layout-flex wp-block-gallery-is-layout-flex\">\n<figure class=\"wp-block-image size-full\"><img decoding=\"async\" width=\"800\" height=\"800\" data-id=\"1556\" src=\"https:\/\/www.czqunfa.com\/wp-content\/uploads\/2026\/01\/heart-shaped-ramekins-bulk-custom-mini-souffle-dishes-2.webp\" alt=\"pratos-mini-souffle-em-forma-de-cora\u00e7\u00e3o-ramekins-bulk-custom-mini-2\" class=\"wp-image-1556\" srcset=\"https:\/\/www.czqunfa.com\/wp-content\/uploads\/2026\/01\/heart-shaped-ramekins-bulk-custom-mini-souffle-dishes-2.webp 800w, https:\/\/www.czqunfa.com\/wp-content\/uploads\/2026\/01\/heart-shaped-ramekins-bulk-custom-mini-souffle-dishes-2-300x300.webp 300w, https:\/\/www.czqunfa.com\/wp-content\/uploads\/2026\/01\/heart-shaped-ramekins-bulk-custom-mini-souffle-dishes-2-150x150.webp 150w, https:\/\/www.czqunfa.com\/wp-content\/uploads\/2026\/01\/heart-shaped-ramekins-bulk-custom-mini-souffle-dishes-2-768x768.webp 768w, https:\/\/www.czqunfa.com\/wp-content\/uploads\/2026\/01\/heart-shaped-ramekins-bulk-custom-mini-souffle-dishes-2-12x12.webp 12w, https:\/\/www.czqunfa.com\/wp-content\/uploads\/2026\/01\/heart-shaped-ramekins-bulk-custom-mini-souffle-dishes-2-600x600.webp 600w, https:\/\/www.czqunfa.com\/wp-content\/uploads\/2026\/01\/heart-shaped-ramekins-bulk-custom-mini-souffle-dishes-2-100x100.webp 100w\" sizes=\"(max-width: 800px) 100vw, 800px\" \/><\/figure>\n\n\n\n<figure class=\"wp-block-image size-full\"><img decoding=\"async\" width=\"800\" height=\"800\" data-id=\"1557\" src=\"https:\/\/www.czqunfa.com\/wp-content\/uploads\/2026\/01\/heart-shaped-ramekins-bulk-custom-mini-souffle-dishes-3.webp\" alt=\"pratos-mini-souffle-3 personalizados com ramequins em forma de cora\u00e7\u00e3o\" class=\"wp-image-1557\" srcset=\"https:\/\/www.czqunfa.com\/wp-content\/uploads\/2026\/01\/heart-shaped-ramekins-bulk-custom-mini-souffle-dishes-3.webp 800w, https:\/\/www.czqunfa.com\/wp-content\/uploads\/2026\/01\/heart-shaped-ramekins-bulk-custom-mini-souffle-dishes-3-300x300.webp 300w, https:\/\/www.czqunfa.com\/wp-content\/uploads\/2026\/01\/heart-shaped-ramekins-bulk-custom-mini-souffle-dishes-3-150x150.webp 150w, https:\/\/www.czqunfa.com\/wp-content\/uploads\/2026\/01\/heart-shaped-ramekins-bulk-custom-mini-souffle-dishes-3-768x768.webp 768w, https:\/\/www.czqunfa.com\/wp-content\/uploads\/2026\/01\/heart-shaped-ramekins-bulk-custom-mini-souffle-dishes-3-12x12.webp 12w, https:\/\/www.czqunfa.com\/wp-content\/uploads\/2026\/01\/heart-shaped-ramekins-bulk-custom-mini-souffle-dishes-3-600x600.webp 600w, https:\/\/www.czqunfa.com\/wp-content\/uploads\/2026\/01\/heart-shaped-ramekins-bulk-custom-mini-souffle-dishes-3-100x100.webp 100w\" sizes=\"(max-width: 800px) 100vw, 800px\" \/><\/figure>\n<\/figure>\n\n\n\n<p><\/p>","protected":false},"excerpt":{"rendered":"<p>Bem-vindo ao comprar os ramequins de cer\u00e2mica de 3,5 polegadas em forma de cora\u00e7\u00e3o a granel, uma escolha ideal para grossistas de pastelaria e compradores de catering. Fabricados em cer\u00e2mica resistente ao calor de qualidade profissional, s\u00e3o adequados para forno e micro-ondas e s\u00e3o perfeitos para fazer souffl\u00e9s, pudins ou como prato de condimentos. A personaliza\u00e7\u00e3o profunda OEM\/ODM \u00e9 suportada para o ajudar a criar produtos de marca diferenciados.<\/p>\n<h2>Ramequins de cer\u00e2mica Par\u00e2metro a granel<\/h2>\n<table width=\"328\">\n<tbody>\n<tr>\n<td width=\"116\">Fabricante<\/td>\n<td width=\"211\">QUNFA<\/td>\n<\/tr>\n<tr>\n<td width=\"116\">Tipo de produto<\/td>\n<td>Ramekin<\/td>\n<\/tr>\n<tr>\n<td width=\"116\">Modelo n.\u00ba.<\/td>\n<td width=\"211\">23-0121<\/td>\n<\/tr>\n<tr>\n<td width=\"116\">Material<\/td>\n<td width=\"211\">Gr\u00e9s<\/td>\n<\/tr>\n<tr>\n<td width=\"116\">Cor<\/td>\n<td width=\"211\">Cor-de-rosa, vermelho<\/td>\n<\/tr>\n<tr>\n<td width=\"116\">Dimens\u00e3o<\/td>\n<td width=\"211\">\u00a08,9*8,9*4,3cm<\/td>\n<\/tr>\n<tr>\n<td width=\"116\">Quantidade m\u00ednima de encomenda<\/td>\n<td width=\"211\">1000 unidades<\/td>\n<\/tr>\n<tr>\n<td width=\"116\">Personalizado<\/td>\n<td width=\"211\">Cor\/Tamanho\/Log\u00f3tipo\/Embalagem\/Forma<\/td>\n<\/tr>\n<\/tbody>\n<\/table>","protected":false},"featured_media":1560,"comment_status":"closed","ping_status":"closed","template":"","meta":{"_acf_changed":false},"product_brand":[],"product_cat":[22,29],"product_tag":[],"class_list":{"0":"post-1551","1":"product","2":"type-product","3":"status-publish","4":"has-post-thumbnail","6":"product_cat-bakeware-manufacturer","7":"product_cat-wholesale-ramekins","9":"first","10":"instock","11":"shipping-taxable","12":"product-type-simple"},"acf":[],"_links":{"self":[{"href":"https:\/\/www.czqunfa.com\/pt\/wp-json\/wp\/v2\/product\/1551","targetHints":{"allow":["GET"]}}],"collection":[{"href":"https:\/\/www.czqunfa.com\/pt\/wp-json\/wp\/v2\/product"}],"about":[{"href":"https:\/\/www.czqunfa.com\/pt\/wp-json\/wp\/v2\/types\/product"}],"replies":[{"embeddable":true,"href":"https:\/\/www.czqunfa.com\/pt\/wp-json\/wp\/v2\/comments?post=1551"}],"wp:featuredmedia":[{"embeddable":true,"href":"https:\/\/www.czqunfa.com\/pt\/wp-json\/wp\/v2\/media\/1560"}],"wp:attachment":[{"href":"https:\/\/www.czqunfa.com\/pt\/wp-json\/wp\/v2\/media?parent=1551"}],"wp:term":[{"taxonomy":"product_brand","embeddable":true,"href":"https:\/\/www.czqunfa.com\/pt\/wp-json\/wp\/v2\/product_brand?post=1551"},{"taxonomy":"product_cat","embeddable":true,"href":"https:\/\/www.czqunfa.com\/pt\/wp-json\/wp\/v2\/product_cat?post=1551"},{"taxonomy":"product_tag","embeddable":true,"href":"https:\/\/www.czqunfa.com\/pt\/wp-json\/wp\/v2\/product_tag?post=1551"}],"curies":[{"name":"wp","href":"https:\/\/api.w.org\/{rel}","templated":true}]}}