{"id":1542,"date":"2026-01-15T02:09:44","date_gmt":"2026-01-15T02:09:44","guid":{"rendered":"https:\/\/www.czqunfa.com\/?post_type=product&#038;p=1542"},"modified":"2026-01-15T02:15:46","modified_gmt":"2026-01-15T02:15:46","slug":"wholesale-baking-pans","status":"publish","type":"product","link":"https:\/\/www.czqunfa.com\/pt\/produto\/wholesale-baking-pans\/","title":{"rendered":"Formas quadradas para p\u00e3o por atacado, Forma para p\u00e3o de cer\u00e2mica segura para forno"},"content":{"rendered":"<div class=\"wp-block-columns is-layout-flex wp-container-core-columns-is-layout-9d6595d7 wp-block-columns-is-layout-flex\">\n<div class=\"wp-block-column is-layout-flow wp-block-column-is-layout-flow\">\n<h2 class=\"wp-block-heading\">Carater\u00edsticas das formas de padaria por atacado<\/h2>\n\n\n\n<ul class=\"wp-block-list\">\n<li><strong>Gr\u00e9s de alta qualidade:<\/strong> Estas formas para pastelaria por atacado s\u00e3o feitas de gr\u00e9s de alta qualidade, com uma estrutura densa, excelente durabilidade e resist\u00eancia ao choque t\u00e9rmico, adequadas para uma utiliza\u00e7\u00e3o a longo prazo e de alta frequ\u00eancia na pastelaria, satisfazendo as necessidades dos compradores profissionais de pastelaria e clientes comerciais.<\/li>\n\n\n\n<li><strong>Aplic\u00e1vel a v\u00e1rias utiliza\u00e7\u00f5es: <\/strong>Estes tabuleiros por atacado s\u00e3o adequados para utiliza\u00e7\u00e3o no forno, no micro-ondas e na m\u00e1quina de lavar lou\u00e7a. S\u00e3o \u00e0 prova de calor e n\u00e3o se deformam, permitindo-lhe utiliz\u00e1-las para fazer torradas, bolos, brownies e pratos cozinhados, etc. Podem ser amplamente encontrados em marcas de pastelaria dom\u00e9stica, padaria, restaura\u00e7\u00e3o e retalho.<\/li>\n\n\n\n<li><strong>Design quadrado para um aquecimento uniforme: <\/strong>A estrutura cl\u00e1ssica da forma quadrada de cer\u00e2mica para p\u00e3o destas formas de cozer por atacado garante um aquecimento mais uniforme, ajudando a melhorar a consist\u00eancia dos produtos cozinhados e a boa modela\u00e7\u00e3o dos bordos. Especialmente adequadas para torradas e produtos de p\u00e3o quadrado, muito apreciadas pelos compradores profissionais de panifica\u00e7\u00e3o.<\/li>\n\n\n\n<li><strong>Superf\u00edcie vidrada lisa e f\u00e1cil de limpar:<\/strong> A nossa forma de p\u00e3o em cer\u00e2mica para forno apresenta uma superf\u00edcie vidrada de alta qualidade que \u00e9 suave ao toque, resiste a manchas e res\u00edduos de \u00f3leo e \u00e9 f\u00e1cil de limpar. Pode ser lavada na m\u00e1quina de lavar loi\u00e7a, reduzindo os custos de manuten\u00e7\u00e3o em utiliza\u00e7\u00e3o comercial.<\/li>\n\n\n\n<li><strong>Vendas diretas da f\u00e1brica: <\/strong>Os nossos tabuleiros por atacado s\u00e3o vendidos diretamente pelo fabricante, eliminando intermedi\u00e1rios e oferecendo os pre\u00e7os por atacado mais competitivos. Apoiamos a personaliza\u00e7\u00e3o em profundidade de cores, tamanhos e log\u00f3tipos de marcas para satisfazer as suas necessidades de mercado personalizadas.<\/li>\n<\/ul>\n<\/div>\n\n\n\n<div class=\"wp-block-column is-layout-flow wp-block-column-is-layout-flow\">\n<figure class=\"wp-block-image size-full\"><img decoding=\"async\" width=\"1000\" height=\"1000\" src=\"https:\/\/www.czqunfa.com\/wp-content\/uploads\/2026\/01\/square-wholesale-baking-pans-oven-safe-ceramic-bread-pan-3.webp\" alt=\"panelas quadradas de cer\u00e2mica para cozer no forno - 3\" class=\"wp-image-1545\" srcset=\"https:\/\/www.czqunfa.com\/wp-content\/uploads\/2026\/01\/square-wholesale-baking-pans-oven-safe-ceramic-bread-pan-3.webp 1000w, https:\/\/www.czqunfa.com\/wp-content\/uploads\/2026\/01\/square-wholesale-baking-pans-oven-safe-ceramic-bread-pan-3-300x300.webp 300w, https:\/\/www.czqunfa.com\/wp-content\/uploads\/2026\/01\/square-wholesale-baking-pans-oven-safe-ceramic-bread-pan-3-150x150.webp 150w, https:\/\/www.czqunfa.com\/wp-content\/uploads\/2026\/01\/square-wholesale-baking-pans-oven-safe-ceramic-bread-pan-3-768x768.webp 768w, https:\/\/www.czqunfa.com\/wp-content\/uploads\/2026\/01\/square-wholesale-baking-pans-oven-safe-ceramic-bread-pan-3-12x12.webp 12w, https:\/\/www.czqunfa.com\/wp-content\/uploads\/2026\/01\/square-wholesale-baking-pans-oven-safe-ceramic-bread-pan-3-600x600.webp 600w, https:\/\/www.czqunfa.com\/wp-content\/uploads\/2026\/01\/square-wholesale-baking-pans-oven-safe-ceramic-bread-pan-3-100x100.webp 100w\" sizes=\"(max-width: 1000px) 100vw, 1000px\" \/><\/figure>\n<\/div>\n<\/div>\n\n\n\n<figure class=\"wp-block-gallery has-nested-images columns-default is-cropped wp-block-gallery-1 is-layout-flex wp-block-gallery-is-layout-flex\">\n<figure class=\"wp-block-image size-full\"><img decoding=\"async\" width=\"1000\" height=\"1000\" data-id=\"1546\" src=\"https:\/\/www.czqunfa.com\/wp-content\/uploads\/2026\/01\/square-wholesale-baking-pans-oven-safe-ceramic-bread-pan-4.webp\" alt=\"panelas quadradas de cer\u00e2mica para cozer no forno - 4\" class=\"wp-image-1546\" srcset=\"https:\/\/www.czqunfa.com\/wp-content\/uploads\/2026\/01\/square-wholesale-baking-pans-oven-safe-ceramic-bread-pan-4.webp 1000w, https:\/\/www.czqunfa.com\/wp-content\/uploads\/2026\/01\/square-wholesale-baking-pans-oven-safe-ceramic-bread-pan-4-300x300.webp 300w, https:\/\/www.czqunfa.com\/wp-content\/uploads\/2026\/01\/square-wholesale-baking-pans-oven-safe-ceramic-bread-pan-4-150x150.webp 150w, https:\/\/www.czqunfa.com\/wp-content\/uploads\/2026\/01\/square-wholesale-baking-pans-oven-safe-ceramic-bread-pan-4-768x768.webp 768w, https:\/\/www.czqunfa.com\/wp-content\/uploads\/2026\/01\/square-wholesale-baking-pans-oven-safe-ceramic-bread-pan-4-12x12.webp 12w, https:\/\/www.czqunfa.com\/wp-content\/uploads\/2026\/01\/square-wholesale-baking-pans-oven-safe-ceramic-bread-pan-4-600x600.webp 600w, https:\/\/www.czqunfa.com\/wp-content\/uploads\/2026\/01\/square-wholesale-baking-pans-oven-safe-ceramic-bread-pan-4-100x100.webp 100w\" sizes=\"(max-width: 1000px) 100vw, 1000px\" \/><\/figure>\n\n\n\n<figure class=\"wp-block-image size-full\"><img decoding=\"async\" width=\"1000\" height=\"1000\" data-id=\"1547\" src=\"https:\/\/www.czqunfa.com\/wp-content\/uploads\/2026\/01\/square-wholesale-baking-pans-oven-safe-ceramic-bread-pan-5.webp\" alt=\"panelas quadradas de cer\u00e2mica para cozer no forno - 5\" class=\"wp-image-1547\" srcset=\"https:\/\/www.czqunfa.com\/wp-content\/uploads\/2026\/01\/square-wholesale-baking-pans-oven-safe-ceramic-bread-pan-5.webp 1000w, https:\/\/www.czqunfa.com\/wp-content\/uploads\/2026\/01\/square-wholesale-baking-pans-oven-safe-ceramic-bread-pan-5-300x300.webp 300w, https:\/\/www.czqunfa.com\/wp-content\/uploads\/2026\/01\/square-wholesale-baking-pans-oven-safe-ceramic-bread-pan-5-150x150.webp 150w, https:\/\/www.czqunfa.com\/wp-content\/uploads\/2026\/01\/square-wholesale-baking-pans-oven-safe-ceramic-bread-pan-5-768x768.webp 768w, https:\/\/www.czqunfa.com\/wp-content\/uploads\/2026\/01\/square-wholesale-baking-pans-oven-safe-ceramic-bread-pan-5-12x12.webp 12w, https:\/\/www.czqunfa.com\/wp-content\/uploads\/2026\/01\/square-wholesale-baking-pans-oven-safe-ceramic-bread-pan-5-600x600.webp 600w, https:\/\/www.czqunfa.com\/wp-content\/uploads\/2026\/01\/square-wholesale-baking-pans-oven-safe-ceramic-bread-pan-5-100x100.webp 100w\" sizes=\"(max-width: 1000px) 100vw, 1000px\" \/><\/figure>\n<\/figure>\n\n\n\n<p><\/p>","protected":false},"excerpt":{"rendered":"<p>Bem-vindo \u00e0 compra por grosso de formas para bolos feitas de material cer\u00e2mico de alta qualidade, seguras para utiliza\u00e7\u00e3o no forno, no micro-ondas e na m\u00e1quina de lavar lou\u00e7a. O design quadrado garante um aquecimento uniforme e o esmalte liso \u00e9 f\u00e1cil de limpar, adequado para uso a longo prazo em ambientes dom\u00e9sticos e comerciais de panifica\u00e7\u00e3o. A forma para p\u00e3o em cer\u00e2mica, segura para o forno, \u00e9 a escolha ideal para compradores de produtos de pastelaria e clientes grossistas.<\/p>\n<h2>Par\u00e2metro das formas de cozimento por atacado<\/h2>\n<table width=\"328\">\n<tbody>\n<tr>\n<td width=\"116\">Fabricante<\/td>\n<td width=\"211\">QUNFA<\/td>\n<\/tr>\n<tr>\n<td width=\"116\">Tipo de produto<\/td>\n<td>Assadeira, Forma para p\u00e3o de forma<\/td>\n<\/tr>\n<tr>\n<td width=\"116\">Modelo n.\u00ba.<\/td>\n<td width=\"211\">\u00a019-419<\/td>\n<\/tr>\n<tr>\n<td width=\"116\">Material<\/td>\n<td width=\"211\">Gr\u00e9s<\/td>\n<\/tr>\n<tr>\n<td width=\"116\">Cor<\/td>\n<td width=\"211\">Cinzento, cor-de-rosa, azul, amarelo<\/td>\n<\/tr>\n<tr>\n<td width=\"116\">Dimens\u00e3o<\/td>\n<td width=\"211\">7.7\u2033pan:19.5*19.5*6.2cm<br \/>9.3\u2033pan:23.5*23.5*7cm<\/td>\n<\/tr>\n<tr>\n<td width=\"116\">Quantidade m\u00ednima de encomenda<\/td>\n<td width=\"211\">1000 unidades<\/td>\n<\/tr>\n<tr>\n<td width=\"116\">Personalizado<\/td>\n<td width=\"211\">Cor\/Tamanho\/Log\u00f3tipo\/Embalagem\/Forma<\/td>\n<\/tr>\n<\/tbody>\n<\/table>","protected":false},"featured_media":1548,"comment_status":"closed","ping_status":"closed","template":"","meta":{"_acf_changed":false},"product_brand":[],"product_cat":[22,26,23],"product_tag":[],"class_list":{"0":"post-1542","1":"product","2":"type-product","3":"status-publish","4":"has-post-thumbnail","6":"product_cat-bakeware-manufacturer","7":"product_cat-ceramic-loaf-pan-supplier","8":"product_cat-wholesale-baking-dishes","10":"first","11":"instock","12":"shipping-taxable","13":"product-type-simple"},"acf":[],"_links":{"self":[{"href":"https:\/\/www.czqunfa.com\/pt\/wp-json\/wp\/v2\/product\/1542","targetHints":{"allow":["GET"]}}],"collection":[{"href":"https:\/\/www.czqunfa.com\/pt\/wp-json\/wp\/v2\/product"}],"about":[{"href":"https:\/\/www.czqunfa.com\/pt\/wp-json\/wp\/v2\/types\/product"}],"replies":[{"embeddable":true,"href":"https:\/\/www.czqunfa.com\/pt\/wp-json\/wp\/v2\/comments?post=1542"}],"wp:featuredmedia":[{"embeddable":true,"href":"https:\/\/www.czqunfa.com\/pt\/wp-json\/wp\/v2\/media\/1548"}],"wp:attachment":[{"href":"https:\/\/www.czqunfa.com\/pt\/wp-json\/wp\/v2\/media?parent=1542"}],"wp:term":[{"taxonomy":"product_brand","embeddable":true,"href":"https:\/\/www.czqunfa.com\/pt\/wp-json\/wp\/v2\/product_brand?post=1542"},{"taxonomy":"product_cat","embeddable":true,"href":"https:\/\/www.czqunfa.com\/pt\/wp-json\/wp\/v2\/product_cat?post=1542"},{"taxonomy":"product_tag","embeddable":true,"href":"https:\/\/www.czqunfa.com\/pt\/wp-json\/wp\/v2\/product_tag?post=1542"}],"curies":[{"name":"wp","href":"https:\/\/api.w.org\/{rel}","templated":true}]}}