{"id":1525,"date":"2026-01-14T09:28:26","date_gmt":"2026-01-14T09:28:26","guid":{"rendered":"https:\/\/www.czqunfa.com\/?post_type=product&#038;p=1525"},"modified":"2026-01-14T09:28:28","modified_gmt":"2026-01-14T09:28:28","slug":"ceramic-bread-pan-wholesale","status":"publish","type":"product","link":"https:\/\/www.czqunfa.com\/pt\/produto\/ceramic-bread-pan-wholesale\/","title":{"rendered":"5.2 \u201cPanela de cer\u00e2mica para p\u00e3o por atacado, Panela para p\u00e3o de caix\u00e3o personalizada com tampa para o Halloween"},"content":{"rendered":"<div class=\"wp-block-columns is-layout-flex wp-container-core-columns-is-layout-9d6595d7 wp-block-columns-is-layout-flex\">\n<div class=\"wp-block-column is-layout-flow wp-block-column-is-layout-flow\">\n<h2 class=\"wp-block-heading\">Carater\u00edsticas da Panela de cer\u00e2mica para p\u00e3o por atacado<\/h2>\n\n\n\n<ul class=\"wp-block-list\">\n<li><strong>Design \u00fanico do caix\u00e3o:<\/strong> Esta forma de p\u00e3o em cer\u00e2mica apresenta uma forma geom\u00e9trica de \u201ccaix\u00e3o\u201d altamente reconhec\u00edvel, com as palavras \u201cREST IN PEACE\u201d e uma decora\u00e7\u00e3o em cruz impressa na tampa. Este design diferenciado atrai rapidamente a aten\u00e7\u00e3o dos consumidores, tornando-a num artigo de topo de vendas para o Halloween ou mercados de tem\u00e1tica g\u00f3tica.<\/li>\n\n\n\n<li><strong>Material cer\u00e2mico de alta qualidade:<\/strong> Esta forma de p\u00e3o personalizada com tampa \u00e9 feita de cer\u00e2mica de alta densidade e de alta qualidade, cozida a altas temperaturas, resultando numa textura dura e resistente ao desgaste. Isto garante a durabilidade e a longevidade do produto durante a utiliza\u00e7\u00e3o a longo prazo e proporciona tamb\u00e9m uma excelente resist\u00eancia ao calor e ao frio.<\/li>\n\n\n\n<li><strong>Vers\u00e1til com tampa: <\/strong>Esta forma de p\u00e3o em cer\u00e2mica \u00e9 fornecida com uma tampa de cer\u00e2mica a condizer, que n\u00e3o s\u00f3 melhora a integridade do design, como tamb\u00e9m ajuda a manter a humidade durante a cozedura ou pode ser utilizada como caixa de arruma\u00e7\u00e3o para evitar a entrada de p\u00f3.<\/li>\n\n\n\n<li><strong>Cofre para forno\/micro-ondas\/lava-lou\u00e7as:<\/strong> Esta forma de p\u00e3o em cer\u00e2mica \u00e9 segura para utiliza\u00e7\u00e3o em fornos, micro-ondas e m\u00e1quinas de lavar lou\u00e7a, satisfazendo as necessidades de utiliza\u00e7\u00e3o de alta frequ\u00eancia de restaurantes, padarias, hot\u00e9is e canais de retalho, melhorando a efici\u00eancia.<\/li>\n\n\n\n<li><strong>F\u00e1cil de limpar:<\/strong> Esta forma de p\u00e3o personalizada com tampa tem um esmalte suave de alto desempenho, um toque delicado, boas propriedades antiaderentes e \u00e9 f\u00e1cil de limpar, mantendo-a limpa e nova durante muito tempo, quer seja para bricolage em casa ou para cozinhas comerciais.<\/li>\n\n\n\n<li><strong>Vantagens da venda direta da f\u00e1brica e da personaliza\u00e7\u00e3o:<\/strong> Esta forma de p\u00e3o em cer\u00e2mica \u00e9 fornecida diretamente da f\u00e1brica de origem, oferecendo pre\u00e7os altamente competitivos aos clientes grossistas. Apoiamos a personaliza\u00e7\u00e3o a granel a partir de 1000 pe\u00e7as (como modifica\u00e7\u00e3o de cor, impress\u00e3o de log\u00f3tipo), ajudando os clientes B-end a criar as suas pr\u00f3prias carater\u00edsticas de marca.<\/li>\n<\/ul>\n<\/div>\n\n\n\n<div class=\"wp-block-column is-layout-flow wp-block-column-is-layout-flow\">\n<figure class=\"wp-block-image size-full\"><img decoding=\"async\" width=\"1000\" height=\"1000\" src=\"https:\/\/www.czqunfa.com\/wp-content\/uploads\/2026\/01\/ceramic-bread-pan-wholesale-custom-loaf-pan-with-lid-1.webp\" alt=\"Panela de cer\u00e2mica - venda por grosso - panela de p\u00e3o personalizada com tampa - 1\" class=\"wp-image-1526\" srcset=\"https:\/\/www.czqunfa.com\/wp-content\/uploads\/2026\/01\/ceramic-bread-pan-wholesale-custom-loaf-pan-with-lid-1.webp 1000w, https:\/\/www.czqunfa.com\/wp-content\/uploads\/2026\/01\/ceramic-bread-pan-wholesale-custom-loaf-pan-with-lid-1-300x300.webp 300w, https:\/\/www.czqunfa.com\/wp-content\/uploads\/2026\/01\/ceramic-bread-pan-wholesale-custom-loaf-pan-with-lid-1-150x150.webp 150w, https:\/\/www.czqunfa.com\/wp-content\/uploads\/2026\/01\/ceramic-bread-pan-wholesale-custom-loaf-pan-with-lid-1-768x768.webp 768w, https:\/\/www.czqunfa.com\/wp-content\/uploads\/2026\/01\/ceramic-bread-pan-wholesale-custom-loaf-pan-with-lid-1-12x12.webp 12w, https:\/\/www.czqunfa.com\/wp-content\/uploads\/2026\/01\/ceramic-bread-pan-wholesale-custom-loaf-pan-with-lid-1-600x600.webp 600w, https:\/\/www.czqunfa.com\/wp-content\/uploads\/2026\/01\/ceramic-bread-pan-wholesale-custom-loaf-pan-with-lid-1-100x100.webp 100w\" sizes=\"(max-width: 1000px) 100vw, 1000px\" \/><\/figure>\n<\/div>\n<\/div>\n\n\n\n<figure class=\"wp-block-gallery has-nested-images columns-default is-cropped wp-block-gallery-1 is-layout-flex wp-block-gallery-is-layout-flex\">\n<figure class=\"wp-block-image size-full\"><img decoding=\"async\" width=\"1000\" height=\"1000\" data-id=\"1527\" src=\"https:\/\/www.czqunfa.com\/wp-content\/uploads\/2026\/01\/ceramic-bread-pan-wholesale-custom-loaf-pan-with-lid-2.webp\" alt=\"Panela de cer\u00e2mica - venda por grosso - Panela de p\u00e3o personalizada com tampa - 2\" class=\"wp-image-1527\" srcset=\"https:\/\/www.czqunfa.com\/wp-content\/uploads\/2026\/01\/ceramic-bread-pan-wholesale-custom-loaf-pan-with-lid-2.webp 1000w, https:\/\/www.czqunfa.com\/wp-content\/uploads\/2026\/01\/ceramic-bread-pan-wholesale-custom-loaf-pan-with-lid-2-300x300.webp 300w, https:\/\/www.czqunfa.com\/wp-content\/uploads\/2026\/01\/ceramic-bread-pan-wholesale-custom-loaf-pan-with-lid-2-150x150.webp 150w, https:\/\/www.czqunfa.com\/wp-content\/uploads\/2026\/01\/ceramic-bread-pan-wholesale-custom-loaf-pan-with-lid-2-768x768.webp 768w, https:\/\/www.czqunfa.com\/wp-content\/uploads\/2026\/01\/ceramic-bread-pan-wholesale-custom-loaf-pan-with-lid-2-12x12.webp 12w, https:\/\/www.czqunfa.com\/wp-content\/uploads\/2026\/01\/ceramic-bread-pan-wholesale-custom-loaf-pan-with-lid-2-600x600.webp 600w, https:\/\/www.czqunfa.com\/wp-content\/uploads\/2026\/01\/ceramic-bread-pan-wholesale-custom-loaf-pan-with-lid-2-100x100.webp 100w\" sizes=\"(max-width: 1000px) 100vw, 1000px\" \/><\/figure>\n\n\n\n<figure class=\"wp-block-image size-full\"><img decoding=\"async\" width=\"1000\" height=\"1000\" data-id=\"1528\" src=\"https:\/\/www.czqunfa.com\/wp-content\/uploads\/2026\/01\/ceramic-bread-pan-wholesale-custom-loaf-pan-with-lid-3.webp\" alt=\"Panela de cer\u00e2mica - venda por grosso - panela de p\u00e3o personalizada com tampa - 3\" class=\"wp-image-1528\" srcset=\"https:\/\/www.czqunfa.com\/wp-content\/uploads\/2026\/01\/ceramic-bread-pan-wholesale-custom-loaf-pan-with-lid-3.webp 1000w, https:\/\/www.czqunfa.com\/wp-content\/uploads\/2026\/01\/ceramic-bread-pan-wholesale-custom-loaf-pan-with-lid-3-300x300.webp 300w, https:\/\/www.czqunfa.com\/wp-content\/uploads\/2026\/01\/ceramic-bread-pan-wholesale-custom-loaf-pan-with-lid-3-150x150.webp 150w, https:\/\/www.czqunfa.com\/wp-content\/uploads\/2026\/01\/ceramic-bread-pan-wholesale-custom-loaf-pan-with-lid-3-768x768.webp 768w, https:\/\/www.czqunfa.com\/wp-content\/uploads\/2026\/01\/ceramic-bread-pan-wholesale-custom-loaf-pan-with-lid-3-12x12.webp 12w, https:\/\/www.czqunfa.com\/wp-content\/uploads\/2026\/01\/ceramic-bread-pan-wholesale-custom-loaf-pan-with-lid-3-600x600.webp 600w, https:\/\/www.czqunfa.com\/wp-content\/uploads\/2026\/01\/ceramic-bread-pan-wholesale-custom-loaf-pan-with-lid-3-100x100.webp 100w\" sizes=\"(max-width: 1000px) 100vw, 1000px\" \/><\/figure>\n<\/figure>\n\n\n\n<p><\/p>","protected":false},"excerpt":{"rendered":"<p>Bem-vindo a comprar a nossa forma de p\u00e3o em cer\u00e2mica por atacado. Com uma forma de caix\u00e3o \u00fanica como elemento central de design, \u00e9 feita de cer\u00e2mica selecionada de alta qualidade, com uma estrutura robusta e excelente resist\u00eancia ao calor e ao frio, adequada para fazer p\u00e3ezinhos personalizados, sobremesas ou como uma caixa de armazenamento \u00fanica. Contacte-nos agora para obter solu\u00e7\u00f5es personalizadas e aproveitar a oportunidade no mercado da panifica\u00e7\u00e3o especializada.<\/p>\n<h2>Panela de cer\u00e2mica para p\u00e3o por atacado Par\u00e2metro<\/h2>\n<table width=\"328\">\n<tbody>\n<tr>\n<td width=\"116\">Fabricante<\/td>\n<td width=\"211\">QUNFA<\/td>\n<\/tr>\n<tr>\n<td width=\"116\">Tipo de produto<\/td>\n<td>Forma para p\u00e3o<\/td>\n<\/tr>\n<tr>\n<td width=\"116\">Modelo n.\u00ba.<\/td>\n<td width=\"211\">\u00a022-0164<\/td>\n<\/tr>\n<tr>\n<td width=\"116\">Material<\/td>\n<td width=\"211\">Gr\u00e9s<\/td>\n<\/tr>\n<tr>\n<td width=\"116\">Cor<\/td>\n<td width=\"211\">Preto<\/td>\n<\/tr>\n<tr>\n<td width=\"116\">Dimens\u00e3o<\/td>\n<td width=\"211\">Caixa de caix\u00e3o: 13,3*8,9*5,1cm<br \/>Cobertura 13,3*8,9*4,5cm<\/td>\n<\/tr>\n<tr>\n<td width=\"116\">Quantidade m\u00ednima de encomenda<\/td>\n<td width=\"211\">1000 unidades<\/td>\n<\/tr>\n<tr>\n<td width=\"116\">Personalizado<\/td>\n<td width=\"211\">Cor\/Tamanho\/Log\u00f3tipo\/Embalagem\/Forma<\/td>\n<\/tr>\n<\/tbody>\n<\/table>","protected":false},"featured_media":1529,"comment_status":"closed","ping_status":"closed","template":"","meta":{"_acf_changed":false},"product_brand":[],"product_cat":[22,26],"product_tag":[],"class_list":{"0":"post-1525","1":"product","2":"type-product","3":"status-publish","4":"has-post-thumbnail","6":"product_cat-bakeware-manufacturer","7":"product_cat-ceramic-loaf-pan-supplier","9":"first","10":"instock","11":"shipping-taxable","12":"product-type-simple"},"acf":[],"_links":{"self":[{"href":"https:\/\/www.czqunfa.com\/pt\/wp-json\/wp\/v2\/product\/1525","targetHints":{"allow":["GET"]}}],"collection":[{"href":"https:\/\/www.czqunfa.com\/pt\/wp-json\/wp\/v2\/product"}],"about":[{"href":"https:\/\/www.czqunfa.com\/pt\/wp-json\/wp\/v2\/types\/product"}],"replies":[{"embeddable":true,"href":"https:\/\/www.czqunfa.com\/pt\/wp-json\/wp\/v2\/comments?post=1525"}],"wp:featuredmedia":[{"embeddable":true,"href":"https:\/\/www.czqunfa.com\/pt\/wp-json\/wp\/v2\/media\/1529"}],"wp:attachment":[{"href":"https:\/\/www.czqunfa.com\/pt\/wp-json\/wp\/v2\/media?parent=1525"}],"wp:term":[{"taxonomy":"product_brand","embeddable":true,"href":"https:\/\/www.czqunfa.com\/pt\/wp-json\/wp\/v2\/product_brand?post=1525"},{"taxonomy":"product_cat","embeddable":true,"href":"https:\/\/www.czqunfa.com\/pt\/wp-json\/wp\/v2\/product_cat?post=1525"},{"taxonomy":"product_tag","embeddable":true,"href":"https:\/\/www.czqunfa.com\/pt\/wp-json\/wp\/v2\/product_tag?post=1525"}],"curies":[{"name":"wp","href":"https:\/\/api.w.org\/{rel}","templated":true}]}}