{"id":1515,"date":"2026-02-06T02:45:41","date_gmt":"2026-02-06T02:45:41","guid":{"rendered":"https:\/\/www.czqunfa.com\/?post_type=product&#038;p=1515"},"modified":"2026-02-06T02:45:43","modified_gmt":"2026-02-06T02:45:43","slug":"coffee-mugs-in-bulk","status":"publish","type":"product","link":"https:\/\/www.czqunfa.com\/pt\/produto\/coffee-mugs-in-bulk\/","title":{"rendered":"Canecas de caf\u00e9 a granel, caneca de cer\u00e2mica segura para m\u00e1quina de lavar lou\u00e7a por atacado"},"content":{"rendered":"<div class=\"wp-block-columns is-layout-flex wp-container-core-columns-is-layout-9d6595d7 wp-block-columns-is-layout-flex\">\n<div class=\"wp-block-column is-layout-flow wp-block-column-is-layout-flow\">\n<h2 class=\"wp-block-heading\">Carater\u00edsticas das canecas de caf\u00e9 a granel<\/h2>\n\n\n\n<ul class=\"wp-block-list\">\n<li><strong>Material cer\u00e2mico de alta qualidade:<\/strong> Fabricadas em cer\u00e2mica de qualidade alimentar de primeira qualidade, estas canecas de caf\u00e9 de dois tons a granel oferecem uma excelente durabilidade e resist\u00eancia ao calor. A parede espessa da caneca garante uma utiliza\u00e7\u00e3o a longo prazo sem fissuras, tornando-as ideais para a distribui\u00e7\u00e3o por grosso, caf\u00e9s e projectos promocionais.<\/li>\n\n\n\n<li><strong>Est\u00e9tica moderna em dois tons:<\/strong> Estas canecas de caf\u00e9 de dois tons a granel, com interior e exterior coloridos ou dois tons no corpo e na pega, permitir-lhe-\u00e3o desfrutar de um belo aspeto em camadas aninhadas com estas canecas.<\/li>\n\n\n\n<li><strong>Aplica\u00e7\u00e3o vers\u00e1til:<\/strong> Estas canecas de caf\u00e9 a granel oferecem um equil\u00edbrio perfeito entre di\u00e2metro e capacidade, tornando-as n\u00e3o s\u00f3 em ch\u00e1venas de caf\u00e9 profissionais, mas tamb\u00e9m adequadas para utiliza\u00e7\u00e3o como ch\u00e1venas de leite para o pequeno-almo\u00e7o e ch\u00e1venas de \u00e1gua para o escrit\u00f3rio, abrangendo diversos mercados de consumidores finais.<\/li>\n\n\n\n<li><strong>F\u00e1cil de limpar:<\/strong> O interior da caneca de cer\u00e2mica para venda por grosso \u00e9 revestido com um esmalte liso e de alto brilho na superf\u00edcie, que \u00e9 f\u00e1cil de lavar e n\u00e3o adere facilmente a manchas de caf\u00e9 ou ch\u00e1. Tem um aspeto limpo e novo mesmo ap\u00f3s uma utiliza\u00e7\u00e3o prolongada.<\/li>\n\n\n\n<li><strong>Venda a granel por atacado e personaliza\u00e7\u00e3o dispon\u00edvel:<\/strong> As nossas canecas de cer\u00e2mica por atacado suportam a impress\u00e3o de log\u00f3tipos, personaliza\u00e7\u00e3o de cores, design de embalagens e servi\u00e7os OEM\/ODM - perfeitas para importadores, grossistas e marcas privadas.<\/li>\n<\/ul>\n<\/div>\n\n\n\n<div class=\"wp-block-column is-layout-flow wp-block-column-is-layout-flow\">\n<figure class=\"wp-block-image size-full\"><img decoding=\"async\" width=\"1000\" height=\"1000\" src=\"https:\/\/www.czqunfa.com\/wp-content\/uploads\/2026\/02\/coffee-mugs-in-bulk-dishwasher-safe-ceramic-mug-wholesale-1.webp\" alt=\"canecas de caf\u00e9 a granel- caneca de cer\u00e2mica lav\u00e1vel na m\u00e1quina de lavar lou\u00e7a-venda por grosso-1\" class=\"wp-image-1754\" srcset=\"https:\/\/www.czqunfa.com\/wp-content\/uploads\/2026\/02\/coffee-mugs-in-bulk-dishwasher-safe-ceramic-mug-wholesale-1.webp 1000w, https:\/\/www.czqunfa.com\/wp-content\/uploads\/2026\/02\/coffee-mugs-in-bulk-dishwasher-safe-ceramic-mug-wholesale-1-300x300.webp 300w, https:\/\/www.czqunfa.com\/wp-content\/uploads\/2026\/02\/coffee-mugs-in-bulk-dishwasher-safe-ceramic-mug-wholesale-1-150x150.webp 150w, https:\/\/www.czqunfa.com\/wp-content\/uploads\/2026\/02\/coffee-mugs-in-bulk-dishwasher-safe-ceramic-mug-wholesale-1-768x768.webp 768w, https:\/\/www.czqunfa.com\/wp-content\/uploads\/2026\/02\/coffee-mugs-in-bulk-dishwasher-safe-ceramic-mug-wholesale-1-12x12.webp 12w, https:\/\/www.czqunfa.com\/wp-content\/uploads\/2026\/02\/coffee-mugs-in-bulk-dishwasher-safe-ceramic-mug-wholesale-1-600x600.webp 600w, https:\/\/www.czqunfa.com\/wp-content\/uploads\/2026\/02\/coffee-mugs-in-bulk-dishwasher-safe-ceramic-mug-wholesale-1-100x100.webp 100w\" sizes=\"(max-width: 1000px) 100vw, 1000px\" \/><\/figure>\n<\/div>\n<\/div>\n\n\n\n<figure class=\"wp-block-gallery has-nested-images columns-default is-cropped wp-block-gallery-1 is-layout-flex wp-block-gallery-is-layout-flex\">\n<figure class=\"wp-block-image size-full\"><img decoding=\"async\" width=\"1000\" height=\"1000\" data-id=\"1767\" src=\"https:\/\/www.czqunfa.com\/wp-content\/uploads\/2026\/02\/coffee-mugs-in-bulk-dishwasher-safe-ceramic-mug-wholesale-14.webp\" alt=\"canecas de caf\u00e9 a granel- caneca de cer\u00e2mica lav\u00e1vel na m\u00e1quina de lavar lou\u00e7a- venda por grosso-14\" class=\"wp-image-1767\" srcset=\"https:\/\/www.czqunfa.com\/wp-content\/uploads\/2026\/02\/coffee-mugs-in-bulk-dishwasher-safe-ceramic-mug-wholesale-14.webp 1000w, https:\/\/www.czqunfa.com\/wp-content\/uploads\/2026\/02\/coffee-mugs-in-bulk-dishwasher-safe-ceramic-mug-wholesale-14-300x300.webp 300w, https:\/\/www.czqunfa.com\/wp-content\/uploads\/2026\/02\/coffee-mugs-in-bulk-dishwasher-safe-ceramic-mug-wholesale-14-150x150.webp 150w, https:\/\/www.czqunfa.com\/wp-content\/uploads\/2026\/02\/coffee-mugs-in-bulk-dishwasher-safe-ceramic-mug-wholesale-14-768x768.webp 768w, https:\/\/www.czqunfa.com\/wp-content\/uploads\/2026\/02\/coffee-mugs-in-bulk-dishwasher-safe-ceramic-mug-wholesale-14-12x12.webp 12w, https:\/\/www.czqunfa.com\/wp-content\/uploads\/2026\/02\/coffee-mugs-in-bulk-dishwasher-safe-ceramic-mug-wholesale-14-600x600.webp 600w, https:\/\/www.czqunfa.com\/wp-content\/uploads\/2026\/02\/coffee-mugs-in-bulk-dishwasher-safe-ceramic-mug-wholesale-14-100x100.webp 100w\" sizes=\"(max-width: 1000px) 100vw, 1000px\" \/><\/figure>\n\n\n\n<figure class=\"wp-block-image size-full\"><img decoding=\"async\" width=\"1000\" height=\"1000\" data-id=\"1758\" src=\"https:\/\/www.czqunfa.com\/wp-content\/uploads\/2026\/02\/coffee-mugs-in-bulk-dishwasher-safe-ceramic-mug-wholesale-5.webp\" alt=\"canecas de caf\u00e9 a granel- caneca de cer\u00e2mica lav\u00e1vel na m\u00e1quina de lavar lou\u00e7a-venda por grosso-5\" class=\"wp-image-1758\" srcset=\"https:\/\/www.czqunfa.com\/wp-content\/uploads\/2026\/02\/coffee-mugs-in-bulk-dishwasher-safe-ceramic-mug-wholesale-5.webp 1000w, https:\/\/www.czqunfa.com\/wp-content\/uploads\/2026\/02\/coffee-mugs-in-bulk-dishwasher-safe-ceramic-mug-wholesale-5-300x300.webp 300w, https:\/\/www.czqunfa.com\/wp-content\/uploads\/2026\/02\/coffee-mugs-in-bulk-dishwasher-safe-ceramic-mug-wholesale-5-150x150.webp 150w, https:\/\/www.czqunfa.com\/wp-content\/uploads\/2026\/02\/coffee-mugs-in-bulk-dishwasher-safe-ceramic-mug-wholesale-5-768x768.webp 768w, https:\/\/www.czqunfa.com\/wp-content\/uploads\/2026\/02\/coffee-mugs-in-bulk-dishwasher-safe-ceramic-mug-wholesale-5-12x12.webp 12w, https:\/\/www.czqunfa.com\/wp-content\/uploads\/2026\/02\/coffee-mugs-in-bulk-dishwasher-safe-ceramic-mug-wholesale-5-600x600.webp 600w, https:\/\/www.czqunfa.com\/wp-content\/uploads\/2026\/02\/coffee-mugs-in-bulk-dishwasher-safe-ceramic-mug-wholesale-5-100x100.webp 100w\" sizes=\"(max-width: 1000px) 100vw, 1000px\" \/><\/figure>\n<\/figure>\n\n\n\n<p><\/p>","protected":false},"excerpt":{"rendered":"<p>As nossas canecas de caf\u00e9 de dois tons a granel s\u00e3o feitas de cer\u00e2mica de alta qualidade com excelente resist\u00eancia ao calor e durabilidade. Estas canecas lav\u00e1veis na m\u00e1quina de lavar lou\u00e7a s\u00e3o f\u00e1ceis de limpar, seguras para utiliza\u00e7\u00e3o no micro-ondas e no forno e ideais para caf\u00e9s, restaurantes e projectos promocionais. Est\u00e3o dispon\u00edveis servi\u00e7os por grosso e de log\u00f3tipo personalizado, o que os torna a escolha perfeita para importadores e marcas privadas que procuram fornecedores fi\u00e1veis de canecas de cer\u00e2mica.<\/p>\n<h2>Canecas de caf\u00e9 a granel Par\u00e2metro<\/h2>\n<table width=\"328\">\n<tbody>\n<tr>\n<td width=\"116\">Fabricante<\/td>\n<td width=\"211\">QUNFA<\/td>\n<\/tr>\n<tr>\n<td width=\"116\">Tipo de produto<\/td>\n<td>Caneca e copo<\/td>\n<\/tr>\n<tr>\n<td width=\"116\">Modelo n.\u00ba.<\/td>\n<td width=\"211\">\u00a0QF21-149<\/td>\n<\/tr>\n<tr>\n<td width=\"116\">Material<\/td>\n<td width=\"211\">Gr\u00e9s<\/td>\n<\/tr>\n<tr>\n<td width=\"116\">Cor<\/td>\n<td width=\"211\">Branco para cinzento, branco para vermelho, branco para laranja, branco para verde<\/td>\n<\/tr>\n<tr>\n<td width=\"116\">Dimens\u00e3o<\/td>\n<td width=\"211\">12,7*9*13cm<\/td>\n<\/tr>\n<tr>\n<td width=\"116\">Quantidade m\u00ednima de encomenda<\/td>\n<td width=\"211\">1000 unidades<\/td>\n<\/tr>\n<tr>\n<td width=\"116\">Personalizado<\/td>\n<td width=\"211\">Cor\/Tamanho\/Log\u00f3tipo\/Embalagem\/Forma<\/td>\n<\/tr>\n<\/tbody>\n<\/table>","protected":false},"featured_media":1763,"comment_status":"closed","ping_status":"closed","template":"","meta":{"_acf_changed":false},"product_brand":[],"product_cat":[18,44],"product_tag":[],"class_list":{"0":"post-1515","1":"product","2":"type-product","3":"status-publish","4":"has-post-thumbnail","6":"product_cat-drinkware-supplier","7":"product_cat-wholesale-cups-and-mugs","9":"first","10":"instock","11":"shipping-taxable","12":"product-type-simple"},"acf":[],"_links":{"self":[{"href":"https:\/\/www.czqunfa.com\/pt\/wp-json\/wp\/v2\/product\/1515","targetHints":{"allow":["GET"]}}],"collection":[{"href":"https:\/\/www.czqunfa.com\/pt\/wp-json\/wp\/v2\/product"}],"about":[{"href":"https:\/\/www.czqunfa.com\/pt\/wp-json\/wp\/v2\/types\/product"}],"replies":[{"embeddable":true,"href":"https:\/\/www.czqunfa.com\/pt\/wp-json\/wp\/v2\/comments?post=1515"}],"wp:featuredmedia":[{"embeddable":true,"href":"https:\/\/www.czqunfa.com\/pt\/wp-json\/wp\/v2\/media\/1763"}],"wp:attachment":[{"href":"https:\/\/www.czqunfa.com\/pt\/wp-json\/wp\/v2\/media?parent=1515"}],"wp:term":[{"taxonomy":"product_brand","embeddable":true,"href":"https:\/\/www.czqunfa.com\/pt\/wp-json\/wp\/v2\/product_brand?post=1515"},{"taxonomy":"product_cat","embeddable":true,"href":"https:\/\/www.czqunfa.com\/pt\/wp-json\/wp\/v2\/product_cat?post=1515"},{"taxonomy":"product_tag","embeddable":true,"href":"https:\/\/www.czqunfa.com\/pt\/wp-json\/wp\/v2\/product_tag?post=1515"}],"curies":[{"name":"wp","href":"https:\/\/api.w.org\/{rel}","templated":true}]}}