{"id":1497,"date":"2026-01-10T06:30:50","date_gmt":"2026-01-10T06:30:50","guid":{"rendered":"https:\/\/www.czqunfa.com\/?post_type=product&#038;p=1497"},"modified":"2026-01-10T06:30:52","modified_gmt":"2026-01-10T06:30:52","slug":"wholesale-ceramic-ramekin","status":"publish","type":"product","link":"https:\/\/www.czqunfa.com\/pt\/produto\/wholesale-ceramic-ramekin\/","title":{"rendered":"Conjunto de 3 recipientes de cer\u00e2mica por atacado, copos de sufl\u00ea por atacado"},"content":{"rendered":"<div class=\"wp-block-columns is-layout-flex wp-container-core-columns-is-layout-9d6595d7 wp-block-columns-is-layout-flex\">\n<div class=\"wp-block-column is-layout-flow wp-block-column-is-layout-flow\">\n<h2 class=\"wp-block-heading\">Carater\u00edsticas do Ramequim de cer\u00e2mica por atacado<\/h2>\n\n\n\n<ul class=\"wp-block-list\">\n<li><strong>Esmalte iridescente, estilo de exibi\u00e7\u00e3o aprimorado:<\/strong> Este conjunto de ramequins de cer\u00e2mica para venda por grosso utiliza um esmalte iridescente \u00fanico, que apresenta uma variedade de brilhos iridescentes, tais como vermelho-alaranjado, verde-amarelo e verde-azulado, tornando as sobremesas acabadas visualmente extraordin\u00e1rias e estimulando eficazmente o consumo.<\/li>\n\n\n\n<li><strong>Recipiente multifun\u00e7\u00f5es para pastelaria e sobremesas: <\/strong>Este conjunto de ramequins de cer\u00e2mica por atacado pode ser usado para fazer sufl\u00ea, pudim, mousse, bolo assado, sobremesa, projetos de artesanato DIY, e assim por diante, e \u00e9 a escolha para marcas de panifica\u00e7\u00e3o, canais de catering, hot\u00e9is, bem como amantes de artesanato DIY.<\/li>\n\n\n\n<li><strong>Dur\u00e1vel e robusto, adequado para cozinhas comerciais:<\/strong> Este \u00e9 um conjunto de ramequins de cer\u00e2mica por atacado de alta qualidade, com textura espessa e excelente resist\u00eancia ao choque t\u00e9rmico, e cozedura a alta temperatura. \u00c9 resistente \u00e0 cozedura no forno e ao arrefecimento r\u00e1pido, e \u00e9 extremamente dur\u00e1vel.<\/li>\n\n\n\n<li><strong>Totalmente compat\u00edvel com todos os aparelhos de cozinha, f\u00e1cil de limpar:<\/strong> Estas ch\u00e1venas de souffl\u00e9 por atacado t\u00eam um esmalte suave que impede a ader\u00eancia de manchas, tornando-as seguras para a m\u00e1quina de lavar lou\u00e7a para uma limpeza eficiente. Tamb\u00e9m s\u00e3o adequados para aquecimento no micro-ondas e cozedura no forno, cumprindo os procedimentos operacionais normalizados.<\/li>\n\n\n\n<li><strong>Personaliza\u00e7\u00e3o e embalagem a granel dispon\u00edveis: <\/strong>O conjunto de ramequins de cer\u00e2mica por grosso est\u00e1 dispon\u00edvel em conjuntos de tr\u00eas cores, com uma quantidade m\u00ednima de encomenda de 1000 conjuntos. Os servi\u00e7os de personaliza\u00e7\u00e3o, como a impress\u00e3o do log\u00f3tipo, est\u00e3o dispon\u00edveis mediante pedido e s\u00e3o fornecidos com embalagens industriais resistentes ao choque para garantir um transporte seguro.<\/li>\n<\/ul>\n<\/div>\n\n\n\n<div class=\"wp-block-column is-layout-flow wp-block-column-is-layout-flow\">\n<figure class=\"wp-block-image size-full\"><img decoding=\"async\" width=\"800\" height=\"800\" src=\"https:\/\/www.czqunfa.com\/wp-content\/uploads\/2026\/01\/wholesale-ceramic-ramekin-set-of-3-custom-souffle-cups-1.webp\" alt=\"grossista-ceramic-ramekin-set-of-3-custom-souffle-cups-1\" class=\"wp-image-1498\" srcset=\"https:\/\/www.czqunfa.com\/wp-content\/uploads\/2026\/01\/wholesale-ceramic-ramekin-set-of-3-custom-souffle-cups-1.webp 800w, https:\/\/www.czqunfa.com\/wp-content\/uploads\/2026\/01\/wholesale-ceramic-ramekin-set-of-3-custom-souffle-cups-1-300x300.webp 300w, https:\/\/www.czqunfa.com\/wp-content\/uploads\/2026\/01\/wholesale-ceramic-ramekin-set-of-3-custom-souffle-cups-1-150x150.webp 150w, https:\/\/www.czqunfa.com\/wp-content\/uploads\/2026\/01\/wholesale-ceramic-ramekin-set-of-3-custom-souffle-cups-1-768x768.webp 768w, https:\/\/www.czqunfa.com\/wp-content\/uploads\/2026\/01\/wholesale-ceramic-ramekin-set-of-3-custom-souffle-cups-1-12x12.webp 12w, https:\/\/www.czqunfa.com\/wp-content\/uploads\/2026\/01\/wholesale-ceramic-ramekin-set-of-3-custom-souffle-cups-1-600x600.webp 600w, https:\/\/www.czqunfa.com\/wp-content\/uploads\/2026\/01\/wholesale-ceramic-ramekin-set-of-3-custom-souffle-cups-1-100x100.webp 100w\" sizes=\"(max-width: 800px) 100vw, 800px\" \/><\/figure>\n<\/div>\n<\/div>\n\n\n\n<figure class=\"wp-block-gallery has-nested-images columns-default is-cropped wp-block-gallery-1 is-layout-flex wp-block-gallery-is-layout-flex\">\n<figure class=\"wp-block-image size-full\"><img decoding=\"async\" width=\"800\" height=\"800\" data-id=\"1502\" src=\"https:\/\/www.czqunfa.com\/wp-content\/uploads\/2026\/01\/wholesale-ceramic-ramekin-set-of-3-custom-souffle-cups-5.webp\" alt=\"conjunto-de-tr\u00eas-copos-customizados-de-souffle-5\" class=\"wp-image-1502\" srcset=\"https:\/\/www.czqunfa.com\/wp-content\/uploads\/2026\/01\/wholesale-ceramic-ramekin-set-of-3-custom-souffle-cups-5.webp 800w, https:\/\/www.czqunfa.com\/wp-content\/uploads\/2026\/01\/wholesale-ceramic-ramekin-set-of-3-custom-souffle-cups-5-300x300.webp 300w, https:\/\/www.czqunfa.com\/wp-content\/uploads\/2026\/01\/wholesale-ceramic-ramekin-set-of-3-custom-souffle-cups-5-150x150.webp 150w, https:\/\/www.czqunfa.com\/wp-content\/uploads\/2026\/01\/wholesale-ceramic-ramekin-set-of-3-custom-souffle-cups-5-768x768.webp 768w, https:\/\/www.czqunfa.com\/wp-content\/uploads\/2026\/01\/wholesale-ceramic-ramekin-set-of-3-custom-souffle-cups-5-12x12.webp 12w, https:\/\/www.czqunfa.com\/wp-content\/uploads\/2026\/01\/wholesale-ceramic-ramekin-set-of-3-custom-souffle-cups-5-600x600.webp 600w, https:\/\/www.czqunfa.com\/wp-content\/uploads\/2026\/01\/wholesale-ceramic-ramekin-set-of-3-custom-souffle-cups-5-100x100.webp 100w\" sizes=\"(max-width: 800px) 100vw, 800px\" \/><\/figure>\n\n\n\n<figure class=\"wp-block-image size-full\"><img decoding=\"async\" width=\"800\" height=\"800\" data-id=\"1500\" src=\"https:\/\/www.czqunfa.com\/wp-content\/uploads\/2026\/01\/wholesale-ceramic-ramekin-set-of-3-custom-souffle-cups-3.webp\" alt=\"conjunto-de-tr\u00eas-copos-personalizados-de-cer\u00e2mica-ramequim-3\" class=\"wp-image-1500\" srcset=\"https:\/\/www.czqunfa.com\/wp-content\/uploads\/2026\/01\/wholesale-ceramic-ramekin-set-of-3-custom-souffle-cups-3.webp 800w, https:\/\/www.czqunfa.com\/wp-content\/uploads\/2026\/01\/wholesale-ceramic-ramekin-set-of-3-custom-souffle-cups-3-300x300.webp 300w, https:\/\/www.czqunfa.com\/wp-content\/uploads\/2026\/01\/wholesale-ceramic-ramekin-set-of-3-custom-souffle-cups-3-150x150.webp 150w, https:\/\/www.czqunfa.com\/wp-content\/uploads\/2026\/01\/wholesale-ceramic-ramekin-set-of-3-custom-souffle-cups-3-768x768.webp 768w, https:\/\/www.czqunfa.com\/wp-content\/uploads\/2026\/01\/wholesale-ceramic-ramekin-set-of-3-custom-souffle-cups-3-12x12.webp 12w, https:\/\/www.czqunfa.com\/wp-content\/uploads\/2026\/01\/wholesale-ceramic-ramekin-set-of-3-custom-souffle-cups-3-600x600.webp 600w, https:\/\/www.czqunfa.com\/wp-content\/uploads\/2026\/01\/wholesale-ceramic-ramekin-set-of-3-custom-souffle-cups-3-100x100.webp 100w\" sizes=\"(max-width: 800px) 100vw, 800px\" \/><\/figure>\n<\/figure>\n\n\n\n<p><\/p>","protected":false},"excerpt":{"rendered":"<p>Bem-vindo ao comprar o nosso conjunto de ramequins de cer\u00e2mica por atacado. Estes copos de sufl\u00ea de cer\u00e2mica arco-\u00edris por atacado s\u00e3o projetados para padarias, lojas de sobremesas, hot\u00e9is e cadeias de restaurantes. Feito de cer\u00e2mica de alta qualidade, tem excelente resist\u00eancia \u00e0 temperatura e durabilidade, e \u00e9 seguro para uso em fornos, micro-ondas e m\u00e1quinas de lavar lou\u00e7a. A personaliza\u00e7\u00e3o em massa \u00e9 aceite (encomenda m\u00ednima de 1000 conjuntos), oferecendo op\u00e7\u00f5es de personaliza\u00e7\u00e3o da marca e solu\u00e7\u00f5es fi\u00e1veis de envio em massa<\/p>\n<h2>Par\u00e2metro de Ramekin de cer\u00e2mica por atacado<\/h2>\n<table border=\"0\" width=\"328\" cellspacing=\"0\" cellpadding=\"0\">\n<tbody>\n<tr>\n<td width=\"116\" height=\"17\">Fabricante<\/td>\n<td width=\"211\">QUNFA<\/td>\n<\/tr>\n<tr>\n<td width=\"116\" height=\"17\">Tipo de produto<\/td>\n<td>Ramekin<\/td>\n<\/tr>\n<tr>\n<td width=\"116\" height=\"17\">Modelo n.\u00ba.<\/td>\n<td width=\"211\">2061<\/td>\n<\/tr>\n<tr>\n<td width=\"116\" height=\"17\">Material<\/td>\n<td width=\"211\">Gr\u00e9s<\/td>\n<\/tr>\n<tr>\n<td width=\"116\" height=\"17\">Cor<\/td>\n<td width=\"211\">Personalizado<\/td>\n<\/tr>\n<tr>\n<td width=\"116\" height=\"16\">Dimens\u00e3o<\/td>\n<td width=\"211\">7,3*7,3*3,8CM<\/td>\n<\/tr>\n<tr>\n<td width=\"116\" height=\"17\">Quantidade m\u00ednima de encomenda<\/td>\n<td width=\"211\">1000 unidades<\/td>\n<\/tr>\n<tr>\n<td width=\"116\" height=\"17\">Personalizado<\/td>\n<td width=\"211\">Cor\/Tamanho\/Log\u00f3tipo\/Embalagem\/Forma<\/td>\n<\/tr>\n<\/tbody>\n<\/table>","protected":false},"featured_media":1503,"comment_status":"closed","ping_status":"closed","template":"","meta":{"_acf_changed":false},"product_brand":[],"product_cat":[22,29],"product_tag":[],"class_list":{"0":"post-1497","1":"product","2":"type-product","3":"status-publish","4":"has-post-thumbnail","6":"product_cat-bakeware-manufacturer","7":"product_cat-wholesale-ramekins","9":"first","10":"instock","11":"shipping-taxable","12":"product-type-simple"},"acf":[],"_links":{"self":[{"href":"https:\/\/www.czqunfa.com\/pt\/wp-json\/wp\/v2\/product\/1497","targetHints":{"allow":["GET"]}}],"collection":[{"href":"https:\/\/www.czqunfa.com\/pt\/wp-json\/wp\/v2\/product"}],"about":[{"href":"https:\/\/www.czqunfa.com\/pt\/wp-json\/wp\/v2\/types\/product"}],"replies":[{"embeddable":true,"href":"https:\/\/www.czqunfa.com\/pt\/wp-json\/wp\/v2\/comments?post=1497"}],"wp:featuredmedia":[{"embeddable":true,"href":"https:\/\/www.czqunfa.com\/pt\/wp-json\/wp\/v2\/media\/1503"}],"wp:attachment":[{"href":"https:\/\/www.czqunfa.com\/pt\/wp-json\/wp\/v2\/media?parent=1497"}],"wp:term":[{"taxonomy":"product_brand","embeddable":true,"href":"https:\/\/www.czqunfa.com\/pt\/wp-json\/wp\/v2\/product_brand?post=1497"},{"taxonomy":"product_cat","embeddable":true,"href":"https:\/\/www.czqunfa.com\/pt\/wp-json\/wp\/v2\/product_cat?post=1497"},{"taxonomy":"product_tag","embeddable":true,"href":"https:\/\/www.czqunfa.com\/pt\/wp-json\/wp\/v2\/product_tag?post=1497"}],"curies":[{"name":"wp","href":"https:\/\/api.w.org\/{rel}","templated":true}]}}