{"id":1486,"date":"2026-01-10T02:42:21","date_gmt":"2026-01-10T02:42:21","guid":{"rendered":"https:\/\/www.czqunfa.com\/?post_type=product&#038;p=1486"},"modified":"2026-01-10T03:23:04","modified_gmt":"2026-01-10T03:23:04","slug":"ceramic-ice-cream-bowls-wholesale","status":"publish","type":"product","link":"https:\/\/www.czqunfa.com\/pt\/produto\/ceramic-ice-cream-bowls-wholesale\/","title":{"rendered":"Tigelas de sorvete de cer\u00e2mica por atacado, tigela redonda vitrificada personalizada"},"content":{"rendered":"<div class=\"wp-block-columns is-layout-flex wp-container-core-columns-is-layout-9d6595d7 wp-block-columns-is-layout-flex\">\n<div class=\"wp-block-column is-layout-flow wp-block-column-is-layout-flow\">\n<h2 class=\"wp-block-heading\">Carater\u00edsticas da ta\u00e7a de ramen personalizada<\/h2>\n\n\n\n<ul class=\"wp-block-list\">\n<li><strong>Material cer\u00e2mico de alta qualidade:<\/strong> Estas ta\u00e7as de cer\u00e2mica para gelados por atacado s\u00e3o feitas de mat\u00e9rias-primas cer\u00e2micas de alta qualidade cuidadosamente selecionadas, cozidas a altas temperaturas, resultando numa estrutura densa com excelente resist\u00eancia ao calor e ao frio. Adequado para uso repetido com alimentos quentes e frios, atendendo \u00e0s necessidades de uso comercial de alta frequ\u00eancia.<\/li>\n\n\n\n<li><strong>Processo de esmaltagem a cores, aspeto est\u00e1vel:<\/strong> Estas ta\u00e7as de sorvete de cer\u00e2mica utilizam um processo de aplica\u00e7\u00e3o de esmalte de cor madura, resultando em uma superf\u00edcie de esmalte uniforme e delicada com cor est\u00e1vel que n\u00e3o \u00e9 facilmente desbotada, adequada para personaliza\u00e7\u00e3o de marca e fornecimento a granel de longo prazo.<\/li>\n\n\n\n<li><strong>Esmalte liso e f\u00e1cil de limpar: <\/strong>As nossas tigelas de cer\u00e2mica personalizadas s\u00e3o revestidas com um esmalte de cores ricas, lisas e sem manchas, f\u00e1ceis de enxaguar e lav\u00e1veis na m\u00e1quina de lavar lou\u00e7a, poupando tempo e esfor\u00e7o na manuten\u00e7\u00e3o.<\/li>\n\n\n\n<li><strong>Aplica\u00e7\u00e3o multi-cenas e multiusos: <\/strong>As nossas ta\u00e7as de gelado de cer\u00e2mica por atacado n\u00e3o s\u00e3o apenas adequadas para ta\u00e7as de gelado, mas tamb\u00e9m para ta\u00e7as de sobremesa, ta\u00e7as de salada e ta\u00e7as de aperitivo, amplamente utilizadas em restaurantes, caf\u00e9s, lojas de sobremesas e canais de retalho.<\/li>\n\n\n\n<li><strong>Produ\u00e7\u00e3o por atacado e personalizada suportada:<\/strong> Estas ta\u00e7as de gelado de cer\u00e2mica por atacado oferecem servi\u00e7os de personaliza\u00e7\u00e3o OEM\/ODM com uma quantidade m\u00ednima de encomenda de 1000 pe\u00e7as, adequadas para propriet\u00e1rios de marcas, cadeias de restaurantes e importadores para compras a granel.<\/li>\n<\/ul>\n<\/div>\n\n\n\n<div class=\"wp-block-column is-layout-flow wp-block-column-is-layout-flow\">\n<figure class=\"wp-block-image size-full\"><img decoding=\"async\" width=\"800\" height=\"800\" src=\"https:\/\/www.czqunfa.com\/wp-content\/uploads\/2026\/01\/ceramic-ice-cream-bowls-wholesale-glazed-round-bowl-custom-2.webp\" alt=\"ta\u00e7as de gelado de cer\u00e2mica - venda por grosso - ta\u00e7a redonda vidrada - personalizada-2\" class=\"wp-image-1492\" srcset=\"https:\/\/www.czqunfa.com\/wp-content\/uploads\/2026\/01\/ceramic-ice-cream-bowls-wholesale-glazed-round-bowl-custom-2.webp 800w, https:\/\/www.czqunfa.com\/wp-content\/uploads\/2026\/01\/ceramic-ice-cream-bowls-wholesale-glazed-round-bowl-custom-2-300x300.webp 300w, https:\/\/www.czqunfa.com\/wp-content\/uploads\/2026\/01\/ceramic-ice-cream-bowls-wholesale-glazed-round-bowl-custom-2-150x150.webp 150w, https:\/\/www.czqunfa.com\/wp-content\/uploads\/2026\/01\/ceramic-ice-cream-bowls-wholesale-glazed-round-bowl-custom-2-768x768.webp 768w, https:\/\/www.czqunfa.com\/wp-content\/uploads\/2026\/01\/ceramic-ice-cream-bowls-wholesale-glazed-round-bowl-custom-2-12x12.webp 12w, https:\/\/www.czqunfa.com\/wp-content\/uploads\/2026\/01\/ceramic-ice-cream-bowls-wholesale-glazed-round-bowl-custom-2-600x600.webp 600w, https:\/\/www.czqunfa.com\/wp-content\/uploads\/2026\/01\/ceramic-ice-cream-bowls-wholesale-glazed-round-bowl-custom-2-100x100.webp 100w\" sizes=\"(max-width: 800px) 100vw, 800px\" \/><\/figure>\n<\/div>\n<\/div>\n\n\n\n<figure class=\"wp-block-gallery has-nested-images columns-default is-cropped wp-block-gallery-1 is-layout-flex wp-block-gallery-is-layout-flex\">\n<figure class=\"wp-block-image size-full\"><img decoding=\"async\" width=\"800\" height=\"800\" data-id=\"1495\" src=\"https:\/\/www.czqunfa.com\/wp-content\/uploads\/2026\/01\/ceramic-ice-cream-bowls-wholesale-glazed-round-bowl-custom-5.webp\" alt=\"ta\u00e7as de gelado de cer\u00e2mica - venda por grosso - ta\u00e7a redonda vidrada - personalizada-5\" class=\"wp-image-1495\" srcset=\"https:\/\/www.czqunfa.com\/wp-content\/uploads\/2026\/01\/ceramic-ice-cream-bowls-wholesale-glazed-round-bowl-custom-5.webp 800w, https:\/\/www.czqunfa.com\/wp-content\/uploads\/2026\/01\/ceramic-ice-cream-bowls-wholesale-glazed-round-bowl-custom-5-300x300.webp 300w, https:\/\/www.czqunfa.com\/wp-content\/uploads\/2026\/01\/ceramic-ice-cream-bowls-wholesale-glazed-round-bowl-custom-5-150x150.webp 150w, https:\/\/www.czqunfa.com\/wp-content\/uploads\/2026\/01\/ceramic-ice-cream-bowls-wholesale-glazed-round-bowl-custom-5-768x768.webp 768w, https:\/\/www.czqunfa.com\/wp-content\/uploads\/2026\/01\/ceramic-ice-cream-bowls-wholesale-glazed-round-bowl-custom-5-12x12.webp 12w, https:\/\/www.czqunfa.com\/wp-content\/uploads\/2026\/01\/ceramic-ice-cream-bowls-wholesale-glazed-round-bowl-custom-5-600x600.webp 600w, https:\/\/www.czqunfa.com\/wp-content\/uploads\/2026\/01\/ceramic-ice-cream-bowls-wholesale-glazed-round-bowl-custom-5-100x100.webp 100w\" sizes=\"(max-width: 800px) 100vw, 800px\" \/><\/figure>\n\n\n\n<figure class=\"wp-block-image size-full\"><img decoding=\"async\" width=\"800\" height=\"800\" data-id=\"1493\" src=\"https:\/\/www.czqunfa.com\/wp-content\/uploads\/2026\/01\/ceramic-ice-cream-bowls-wholesale-glazed-round-bowl-custom-3.webp\" alt=\"ta\u00e7as de gelado de cer\u00e2mica - venda por grosso - ta\u00e7a redonda vidrada - personalizada-3\" class=\"wp-image-1493\" srcset=\"https:\/\/www.czqunfa.com\/wp-content\/uploads\/2026\/01\/ceramic-ice-cream-bowls-wholesale-glazed-round-bowl-custom-3.webp 800w, https:\/\/www.czqunfa.com\/wp-content\/uploads\/2026\/01\/ceramic-ice-cream-bowls-wholesale-glazed-round-bowl-custom-3-300x300.webp 300w, https:\/\/www.czqunfa.com\/wp-content\/uploads\/2026\/01\/ceramic-ice-cream-bowls-wholesale-glazed-round-bowl-custom-3-150x150.webp 150w, https:\/\/www.czqunfa.com\/wp-content\/uploads\/2026\/01\/ceramic-ice-cream-bowls-wholesale-glazed-round-bowl-custom-3-768x768.webp 768w, https:\/\/www.czqunfa.com\/wp-content\/uploads\/2026\/01\/ceramic-ice-cream-bowls-wholesale-glazed-round-bowl-custom-3-12x12.webp 12w, https:\/\/www.czqunfa.com\/wp-content\/uploads\/2026\/01\/ceramic-ice-cream-bowls-wholesale-glazed-round-bowl-custom-3-600x600.webp 600w, https:\/\/www.czqunfa.com\/wp-content\/uploads\/2026\/01\/ceramic-ice-cream-bowls-wholesale-glazed-round-bowl-custom-3-100x100.webp 100w\" sizes=\"(max-width: 800px) 100vw, 800px\" \/><\/figure>\n<\/figure>","protected":false},"excerpt":{"rendered":"<p>Bem-vindo ao comprar estas ta\u00e7as de cer\u00e2mica para gelados por grosso, fabricadas com cer\u00e2mica de alta qualidade e tecnologia de esmalte colorido. Oferecem resist\u00eancia ao calor e ao frio e um aspeto est\u00e1vel, adequado para v\u00e1rios cen\u00e1rios de restaura\u00e7\u00e3o, como gelados, sobremesas e saladas. Podem ser lavadas na m\u00e1quina de lavar lou\u00e7a, no micro-ondas e no forno e satisfazem as necessidades comerciais de alta frequ\u00eancia, sendo a escolha ideal para marcas de restaura\u00e7\u00e3o, retalhistas e importadores.<\/p>\n<h2>Ta\u00e7as de gelado de cer\u00e2mica por atacado Par\u00e2metro<\/h2>\n<table border=\"0\" width=\"328\" cellspacing=\"0\" cellpadding=\"0\">\n<tbody>\n<tr>\n<td width=\"116\" height=\"17\">Fabricante<\/td>\n<td width=\"211\">QUNFA<\/td>\n<\/tr>\n<tr>\n<td width=\"116\" height=\"17\">Tipo de produto<\/td>\n<td>Ta\u00e7a de cer\u00e2mica<\/td>\n<\/tr>\n<tr>\n<td width=\"116\" height=\"17\">Modelo n.\u00ba.<\/td>\n<td width=\"211\">QF18-260<\/td>\n<\/tr>\n<tr>\n<td width=\"116\" height=\"17\">Material<\/td>\n<td width=\"211\">Gr\u00e9s<\/td>\n<\/tr>\n<tr>\n<td width=\"116\" height=\"17\">Cor<\/td>\n<td width=\"211\">Vermelho, amarelo, verde, azul claro<\/td>\n<\/tr>\n<tr>\n<td width=\"116\" height=\"16\">Dimens\u00e3o<\/td>\n<td width=\"211\">15*15*9,4CM<\/td>\n<\/tr>\n<tr>\n<td width=\"116\" height=\"17\">Quantidade m\u00ednima de encomenda<\/td>\n<td width=\"211\">1000 unidades<\/td>\n<\/tr>\n<tr>\n<td width=\"116\" height=\"17\">Personalizado<\/td>\n<td width=\"211\">Cor\/Tamanho\/Log\u00f3tipo\/Embalagem\/Forma<\/td>\n<\/tr>\n<\/tbody>\n<\/table>","protected":false},"featured_media":1494,"comment_status":"closed","ping_status":"closed","template":"","meta":{"_acf_changed":false},"product_brand":[],"product_cat":[20,36],"product_tag":[],"class_list":{"0":"post-1486","1":"product","2":"type-product","3":"status-publish","4":"has-post-thumbnail","6":"product_cat-dinnerware-supplier","7":"product_cat-ceramic-bowl-supplier","9":"first","10":"instock","11":"shipping-taxable","12":"product-type-simple"},"acf":[],"_links":{"self":[{"href":"https:\/\/www.czqunfa.com\/pt\/wp-json\/wp\/v2\/product\/1486","targetHints":{"allow":["GET"]}}],"collection":[{"href":"https:\/\/www.czqunfa.com\/pt\/wp-json\/wp\/v2\/product"}],"about":[{"href":"https:\/\/www.czqunfa.com\/pt\/wp-json\/wp\/v2\/types\/product"}],"replies":[{"embeddable":true,"href":"https:\/\/www.czqunfa.com\/pt\/wp-json\/wp\/v2\/comments?post=1486"}],"wp:featuredmedia":[{"embeddable":true,"href":"https:\/\/www.czqunfa.com\/pt\/wp-json\/wp\/v2\/media\/1494"}],"wp:attachment":[{"href":"https:\/\/www.czqunfa.com\/pt\/wp-json\/wp\/v2\/media?parent=1486"}],"wp:term":[{"taxonomy":"product_brand","embeddable":true,"href":"https:\/\/www.czqunfa.com\/pt\/wp-json\/wp\/v2\/product_brand?post=1486"},{"taxonomy":"product_cat","embeddable":true,"href":"https:\/\/www.czqunfa.com\/pt\/wp-json\/wp\/v2\/product_cat?post=1486"},{"taxonomy":"product_tag","embeddable":true,"href":"https:\/\/www.czqunfa.com\/pt\/wp-json\/wp\/v2\/product_tag?post=1486"}],"curies":[{"name":"wp","href":"https:\/\/api.w.org\/{rel}","templated":true}]}}