{"id":1240,"date":"2025-12-27T03:50:35","date_gmt":"2025-12-27T03:50:35","guid":{"rendered":"https:\/\/www.czqunfa.com\/?post_type=product&#038;p=1240"},"modified":"2025-12-27T06:57:10","modified_gmt":"2025-12-27T06:57:10","slug":"kitchen-utensil-holder-wholesale","status":"publish","type":"product","link":"https:\/\/www.czqunfa.com\/pt\/produto\/kitchen-utensil-holder-wholesale\/","title":{"rendered":"Atacado de porta-utens\u00edlios de cozinha, jarra de cer\u00e2mica para utens\u00edlios a granel"},"content":{"rendered":"<div class=\"wp-block-columns is-layout-flex wp-container-core-columns-is-layout-9d6595d7 wp-block-columns-is-layout-flex\">\n<div class=\"wp-block-column is-layout-flow wp-block-column-is-layout-flow\">\n<h2 class=\"wp-block-heading\">Carater\u00edsticas do Suporte de Utens\u00edlios de Cozinha Wholesale<\/h2>\n\n\n\n<ul class=\"wp-block-list\">\n<li><strong>Desenho do tema Flamingo:<\/strong> O padr\u00e3o de flamingo com uma lantejoula vermelha numa base de cer\u00e2mica rosa claro suave faz um design bonito e vibrante neste porta-utens\u00edlios de cozinha por atacado. Este design engenhoso significa que o porta-utens\u00edlios de cozinha \u00e9 uma ferramenta pr\u00e1tica, bem como um item decorativo para iluminar a sua cozinha, recanto de caf\u00e9 ou espa\u00e7o dom\u00e9stico.<\/li>\n\n\n\n<li><strong>Material cer\u00e2mico dur\u00e1vel de alta qualidade:<\/strong> Este porta-utens\u00edlios de cozinha por atacado \u00e9 fabricado em cer\u00e2mica de alta qualidade, com uma textura s\u00f3lida e densa, adequada para uma durabilidade a longo prazo em ambientes comerciais ou dom\u00e9sticos.<\/li>\n\n\n\n<li><strong>Esmalte liso, f\u00e1cil de limpar: <\/strong>O esmalte da superf\u00edcie deste porta-utens\u00edlios de cozinha por atacado \u00e9 delicado, resistente a manchas e a riscos, adequado para ambientes de cozinha quotidianos e satisfaz os requisitos pr\u00e1ticos das compras a granel.<\/li>\n\n\n\n<li><strong>Grande capacidade:<\/strong> O nosso frasco para utens\u00edlios de cozinha em gr\u00e9s tem uma forma cil\u00edndrica regular e um amplo espa\u00e7o interno, ideal para guardar v\u00e1rios utens\u00edlios de cozinha de cabo longo (como esp\u00e1tulas, colheres, batedores), utens\u00edlios de mesa ou como um recipiente de armazenamento multifuncional para porta-canetas, porta-pinc\u00e9is cosm\u00e9ticos, etc.<\/li>\n\n\n\n<li><strong>Adequado para mercados grossistas e de exporta\u00e7\u00e3o:<\/strong> O nosso fornecimento de frascos para utens\u00edlios em gr\u00e9s cumpre as normas internacionais para cer\u00e2mica de uso di\u00e1rio e \u00e9 adequado para compras a granel, com\u00e9rcio eletr\u00f3nico transfronteiri\u00e7o e canais de venda a retalho offline.<\/li>\n<\/ul>\n<\/div>\n\n\n\n<div class=\"wp-block-column is-layout-flow wp-block-column-is-layout-flow\">\n<figure class=\"wp-block-image size-full\"><img decoding=\"async\" width=\"800\" height=\"800\" src=\"https:\/\/www.czqunfa.com\/wp-content\/uploads\/2025\/12\/kitchen-utensil-holder-wholesale-stoneware-utensil-jar-bulk-1.webp\" alt=\"porta-utens\u00edlios-de-cozinha-por atacado-porcelana-utens\u00edlio-jarro-bulk-1\" class=\"wp-image-1248\" srcset=\"https:\/\/www.czqunfa.com\/wp-content\/uploads\/2025\/12\/kitchen-utensil-holder-wholesale-stoneware-utensil-jar-bulk-1.webp 800w, https:\/\/www.czqunfa.com\/wp-content\/uploads\/2025\/12\/kitchen-utensil-holder-wholesale-stoneware-utensil-jar-bulk-1-300x300.webp 300w, https:\/\/www.czqunfa.com\/wp-content\/uploads\/2025\/12\/kitchen-utensil-holder-wholesale-stoneware-utensil-jar-bulk-1-150x150.webp 150w, https:\/\/www.czqunfa.com\/wp-content\/uploads\/2025\/12\/kitchen-utensil-holder-wholesale-stoneware-utensil-jar-bulk-1-768x768.webp 768w, https:\/\/www.czqunfa.com\/wp-content\/uploads\/2025\/12\/kitchen-utensil-holder-wholesale-stoneware-utensil-jar-bulk-1-600x600.webp 600w, https:\/\/www.czqunfa.com\/wp-content\/uploads\/2025\/12\/kitchen-utensil-holder-wholesale-stoneware-utensil-jar-bulk-1-100x100.webp 100w\" sizes=\"(max-width: 800px) 100vw, 800px\" \/><\/figure>\n<\/div>\n<\/div>\n\n\n\n<figure class=\"wp-block-gallery has-nested-images columns-default is-cropped wp-block-gallery-1 is-layout-flex wp-block-gallery-is-layout-flex\">\n<figure class=\"wp-block-image size-full\"><img decoding=\"async\" width=\"800\" height=\"800\" data-id=\"1250\" src=\"https:\/\/www.czqunfa.com\/wp-content\/uploads\/2025\/12\/kitchen-utensil-holder-wholesale-stoneware-utensil-jar-bulk-3.webp\" alt=\"porta-utens\u00edlios-de-cozinha-por atacado-porcelana-utens\u00edlio-jarrafa-3\" class=\"wp-image-1250\" srcset=\"https:\/\/www.czqunfa.com\/wp-content\/uploads\/2025\/12\/kitchen-utensil-holder-wholesale-stoneware-utensil-jar-bulk-3.webp 800w, https:\/\/www.czqunfa.com\/wp-content\/uploads\/2025\/12\/kitchen-utensil-holder-wholesale-stoneware-utensil-jar-bulk-3-300x300.webp 300w, https:\/\/www.czqunfa.com\/wp-content\/uploads\/2025\/12\/kitchen-utensil-holder-wholesale-stoneware-utensil-jar-bulk-3-150x150.webp 150w, https:\/\/www.czqunfa.com\/wp-content\/uploads\/2025\/12\/kitchen-utensil-holder-wholesale-stoneware-utensil-jar-bulk-3-768x768.webp 768w, https:\/\/www.czqunfa.com\/wp-content\/uploads\/2025\/12\/kitchen-utensil-holder-wholesale-stoneware-utensil-jar-bulk-3-600x600.webp 600w, https:\/\/www.czqunfa.com\/wp-content\/uploads\/2025\/12\/kitchen-utensil-holder-wholesale-stoneware-utensil-jar-bulk-3-100x100.webp 100w\" sizes=\"(max-width: 800px) 100vw, 800px\" \/><\/figure>\n\n\n\n<figure class=\"wp-block-image size-full\"><img decoding=\"async\" width=\"800\" height=\"800\" data-id=\"1252\" src=\"https:\/\/www.czqunfa.com\/wp-content\/uploads\/2025\/12\/kitchen-utensil-holder-wholesale-stoneware-utensil-jar-bulk-5.webp\" alt=\"porta-utens\u00edlios-de-cozinha-por atacado-porcelana-utens\u00edlio-jarrafa-5\" class=\"wp-image-1252\" srcset=\"https:\/\/www.czqunfa.com\/wp-content\/uploads\/2025\/12\/kitchen-utensil-holder-wholesale-stoneware-utensil-jar-bulk-5.webp 800w, https:\/\/www.czqunfa.com\/wp-content\/uploads\/2025\/12\/kitchen-utensil-holder-wholesale-stoneware-utensil-jar-bulk-5-300x300.webp 300w, https:\/\/www.czqunfa.com\/wp-content\/uploads\/2025\/12\/kitchen-utensil-holder-wholesale-stoneware-utensil-jar-bulk-5-150x150.webp 150w, https:\/\/www.czqunfa.com\/wp-content\/uploads\/2025\/12\/kitchen-utensil-holder-wholesale-stoneware-utensil-jar-bulk-5-768x768.webp 768w, https:\/\/www.czqunfa.com\/wp-content\/uploads\/2025\/12\/kitchen-utensil-holder-wholesale-stoneware-utensil-jar-bulk-5-600x600.webp 600w, https:\/\/www.czqunfa.com\/wp-content\/uploads\/2025\/12\/kitchen-utensil-holder-wholesale-stoneware-utensil-jar-bulk-5-100x100.webp 100w\" sizes=\"(max-width: 800px) 100vw, 800px\" \/><\/figure>\n<\/figure>\n\n\n\n<p><\/p>","protected":false},"excerpt":{"rendered":"<p>Bem-vindo ao comprar o nosso porta-utens\u00edlios de cozinha Flamingo por atacado, com um frasco de cer\u00e2mica dur\u00e1vel e reto em estilo de lata com um design atraente de flamingo. Este frasco de utens\u00edlios de cozinha em gr\u00e9s oferece uma grande capacidade, estrutura est\u00e1vel e um acabamento vidrado suave, ideal para organizar utens\u00edlios de cozinha em casas, restaurantes e hot\u00e9is. A personaliza\u00e7\u00e3o est\u00e1 dispon\u00edvel para a cor, o log\u00f3tipo e a embalagem, o que o torna uma escolha perfeita para grossistas de cozinha, marcas de artigos para a casa e importadores.<\/p>\n<h2>Suporte de utens\u00edlios de cozinha por atacado Par\u00e2metro<\/h2>\n<table width=\"328\">\n<tbody>\n<tr>\n<td width=\"116\">Fabricante<\/td>\n<td width=\"211\">QUNFA<\/td>\n<\/tr>\n<tr>\n<td width=\"116\">Tipo de produto<\/td>\n<td>Suporte para utens\u00edlios<\/td>\n<\/tr>\n<tr>\n<td width=\"116\">Modelo n.\u00ba.<\/td>\n<td width=\"211\">19-0184-1\u00a0<\/td>\n<\/tr>\n<tr>\n<td width=\"116\">Material<\/td>\n<td width=\"211\">Gr\u00e9s<\/td>\n<\/tr>\n<tr>\n<td width=\"116\">Cor<\/td>\n<td width=\"211\">Cor-de-rosa<\/td>\n<\/tr>\n<tr>\n<td width=\"116\">Dimens\u00e3o<\/td>\n<td width=\"211\">10*10*17,3cm<\/td>\n<\/tr>\n<tr>\n<td width=\"116\">Quantidade m\u00ednima de encomenda<\/td>\n<td width=\"211\">1000 unidades<\/td>\n<\/tr>\n<tr>\n<td width=\"116\">Personalizado<\/td>\n<td width=\"211\">Cor\/Tamanho\/Log\u00f3tipo\/Embalagem\/Forma<\/td>\n<\/tr>\n<\/tbody>\n<\/table>","protected":false},"featured_media":1253,"comment_status":"closed","ping_status":"closed","template":"","meta":{"_acf_changed":false},"product_brand":[],"product_cat":[21,17,47,24],"product_tag":[],"class_list":{"0":"post-1240","1":"product","2":"type-product","3":"status-publish","4":"has-post-thumbnail","6":"product_cat-ceramic-kitchenware-wholesale","7":"product_cat-home-garden-decor-wholesale","8":"product_cat-canister-supplier","9":"product_cat-utensil-holder-manufacturer","11":"first","12":"instock","13":"shipping-taxable","14":"product-type-simple"},"acf":[],"_links":{"self":[{"href":"https:\/\/www.czqunfa.com\/pt\/wp-json\/wp\/v2\/product\/1240","targetHints":{"allow":["GET"]}}],"collection":[{"href":"https:\/\/www.czqunfa.com\/pt\/wp-json\/wp\/v2\/product"}],"about":[{"href":"https:\/\/www.czqunfa.com\/pt\/wp-json\/wp\/v2\/types\/product"}],"replies":[{"embeddable":true,"href":"https:\/\/www.czqunfa.com\/pt\/wp-json\/wp\/v2\/comments?post=1240"}],"wp:featuredmedia":[{"embeddable":true,"href":"https:\/\/www.czqunfa.com\/pt\/wp-json\/wp\/v2\/media\/1253"}],"wp:attachment":[{"href":"https:\/\/www.czqunfa.com\/pt\/wp-json\/wp\/v2\/media?parent=1240"}],"wp:term":[{"taxonomy":"product_brand","embeddable":true,"href":"https:\/\/www.czqunfa.com\/pt\/wp-json\/wp\/v2\/product_brand?post=1240"},{"taxonomy":"product_cat","embeddable":true,"href":"https:\/\/www.czqunfa.com\/pt\/wp-json\/wp\/v2\/product_cat?post=1240"},{"taxonomy":"product_tag","embeddable":true,"href":"https:\/\/www.czqunfa.com\/pt\/wp-json\/wp\/v2\/product_tag?post=1240"}],"curies":[{"name":"wp","href":"https:\/\/api.w.org\/{rel}","templated":true}]}}