{"id":1231,"date":"2025-12-27T03:00:21","date_gmt":"2025-12-27T03:00:21","guid":{"rendered":"https:\/\/www.czqunfa.com\/?post_type=product&#038;p=1231"},"modified":"2025-12-27T03:42:08","modified_gmt":"2025-12-27T03:42:08","slug":"ceramic-honey-pot-wholesale","status":"publish","type":"product","link":"https:\/\/www.czqunfa.com\/pt\/produto\/ceramic-honey-pot-wholesale\/","title":{"rendered":"Pote de mel de cer\u00e2mica bonito por grosso, frascos para armazenamento de alimentos a granel"},"content":{"rendered":"<div class=\"wp-block-columns is-layout-flex wp-container-core-columns-is-layout-9d6595d7 wp-block-columns-is-layout-flex\">\n<div class=\"wp-block-column is-layout-flow wp-block-column-is-layout-flow\">\n<h2 class=\"wp-block-heading\">Caracter\u00edsticas do pote de mel cer\u00e2mico por grosso<\/h2>\n\n\n\n<ul class=\"wp-block-list\">\n<li><strong>Design cl\u00e1ssico de jarro de mel em dois tons:<\/strong> O nosso pote de mel cer\u00e2mico por grosso apresenta um esquema de cores cl\u00e1ssico contrastante em branco e bege, com finas riscas verticais no corpo e uma tampa abaulada branca com uma pequena pega, tornando o produto altamente reconhec\u00edvel e visualmente apelativo.<\/li>\n\n\n\n<li><strong>Material cer\u00e2mico dur\u00e1vel:<\/strong> Estes frascos para armazenamento de alimentos a granel s\u00e3o feitos de cer\u00e2mica cozida a alta temperatura, resultando numa estrutura robusta que n\u00e3o \u00e9 propensa a rachaduras. Adequados para uso a granel a longo prazo e reabastecimento repetido, eles atendem aos requisitos de durabilidade comercial.<\/li>\n\n\n\n<li><strong>Adequado para uso alimentar e seguro: <\/strong>Estes frascos para armazenamento de alimentos a granel utilizam esmalte de qualidade alimentar, sem chumbo e c\u00e1dmio, adequado para armazenar mel, a\u00e7\u00facar, compotas, condimentos e outros produtos alimentares, satisfazendo as necessidades tanto do setor de servi\u00e7os alimentares como do retalho.<\/li>\n\n\n\n<li><strong>Kit completo para apicultura:<\/strong> O nosso pote de mel em cer\u00e2mica para revenda \u00e9 fornecido como um kit completo, incluindo o pote, a tampa e uma colher de madeira espec\u00edfica para mexer. A colher possui uma sali\u00eancia em espiral numa das extremidades, projetada especificamente para mexer mel espesso e cristalizado, aumentando o profissionalismo e a usabilidade do produto. Pronto a usar assim que sai da embalagem.<\/li>\n\n\n\n<li><strong>Suporte para vendas por grosso:<\/strong> O nosso pote de mel cer\u00e2mico por grosso oferece um fornecimento est\u00e1vel de grandes quantidades, adequado para grossistas, importadores, cadeias de retalho e aquisi\u00e7\u00e3o de catering. A personaliza\u00e7\u00e3o \u00e9 suportada para satisfazer as necessidades da sua pr\u00f3pria marca e diferencia\u00e7\u00e3o de mercado.<\/li>\n<\/ul>\n<\/div>\n\n\n\n<div class=\"wp-block-column is-layout-flow wp-block-column-is-layout-flow\">\n<figure class=\"wp-block-image size-full\"><img decoding=\"async\" width=\"1000\" height=\"1000\" src=\"https:\/\/www.czqunfa.com\/wp-content\/uploads\/2025\/12\/cute-ceramic-honey-pot-wholesale-bulk-food-storage-jars-1.webp\" alt=\"bonito-pote-de-mel-de-cer\u00e2mica-atacado-embalagens-para-armazenamento-de-alimentos-a-granel-1\" class=\"wp-image-1234\" srcset=\"https:\/\/www.czqunfa.com\/wp-content\/uploads\/2025\/12\/cute-ceramic-honey-pot-wholesale-bulk-food-storage-jars-1.webp 1000w, https:\/\/www.czqunfa.com\/wp-content\/uploads\/2025\/12\/cute-ceramic-honey-pot-wholesale-bulk-food-storage-jars-1-300x300.webp 300w, https:\/\/www.czqunfa.com\/wp-content\/uploads\/2025\/12\/cute-ceramic-honey-pot-wholesale-bulk-food-storage-jars-1-150x150.webp 150w, https:\/\/www.czqunfa.com\/wp-content\/uploads\/2025\/12\/cute-ceramic-honey-pot-wholesale-bulk-food-storage-jars-1-768x768.webp 768w, https:\/\/www.czqunfa.com\/wp-content\/uploads\/2025\/12\/cute-ceramic-honey-pot-wholesale-bulk-food-storage-jars-1-600x600.webp 600w, https:\/\/www.czqunfa.com\/wp-content\/uploads\/2025\/12\/cute-ceramic-honey-pot-wholesale-bulk-food-storage-jars-1-100x100.webp 100w\" sizes=\"(max-width: 1000px) 100vw, 1000px\" \/><\/figure>\n<\/div>\n<\/div>\n\n\n\n<figure class=\"wp-block-gallery has-nested-images columns-default is-cropped wp-block-gallery-1 is-layout-flex wp-block-gallery-is-layout-flex\">\n<figure class=\"wp-block-image size-full\"><img decoding=\"async\" width=\"1000\" height=\"1000\" data-id=\"1236\" src=\"https:\/\/www.czqunfa.com\/wp-content\/uploads\/2025\/12\/cute-ceramic-honey-pot-wholesale-bulk-food-storage-jars-3.webp\" alt=\"bonito-pote-de-mel-de-cer\u00e2mica-atacado-embalagens-para-armazenamento-de-alimentos-a-granel-3\" class=\"wp-image-1236\" srcset=\"https:\/\/www.czqunfa.com\/wp-content\/uploads\/2025\/12\/cute-ceramic-honey-pot-wholesale-bulk-food-storage-jars-3.webp 1000w, https:\/\/www.czqunfa.com\/wp-content\/uploads\/2025\/12\/cute-ceramic-honey-pot-wholesale-bulk-food-storage-jars-3-300x300.webp 300w, https:\/\/www.czqunfa.com\/wp-content\/uploads\/2025\/12\/cute-ceramic-honey-pot-wholesale-bulk-food-storage-jars-3-150x150.webp 150w, https:\/\/www.czqunfa.com\/wp-content\/uploads\/2025\/12\/cute-ceramic-honey-pot-wholesale-bulk-food-storage-jars-3-768x768.webp 768w, https:\/\/www.czqunfa.com\/wp-content\/uploads\/2025\/12\/cute-ceramic-honey-pot-wholesale-bulk-food-storage-jars-3-600x600.webp 600w, https:\/\/www.czqunfa.com\/wp-content\/uploads\/2025\/12\/cute-ceramic-honey-pot-wholesale-bulk-food-storage-jars-3-100x100.webp 100w\" sizes=\"(max-width: 1000px) 100vw, 1000px\" \/><\/figure>\n\n\n\n<figure class=\"wp-block-image size-full\"><img decoding=\"async\" width=\"1000\" height=\"1000\" data-id=\"1238\" src=\"https:\/\/www.czqunfa.com\/wp-content\/uploads\/2025\/12\/cute-ceramic-honey-pot-wholesale-bulk-food-storage-jars-5.webp\" alt=\"fofo-cer\u00e2mico-pote-de-mel-atacado-a-granel-potes-para-armazenamento-de-alimentos-5\" class=\"wp-image-1238\" srcset=\"https:\/\/www.czqunfa.com\/wp-content\/uploads\/2025\/12\/cute-ceramic-honey-pot-wholesale-bulk-food-storage-jars-5.webp 1000w, https:\/\/www.czqunfa.com\/wp-content\/uploads\/2025\/12\/cute-ceramic-honey-pot-wholesale-bulk-food-storage-jars-5-300x300.webp 300w, https:\/\/www.czqunfa.com\/wp-content\/uploads\/2025\/12\/cute-ceramic-honey-pot-wholesale-bulk-food-storage-jars-5-150x150.webp 150w, https:\/\/www.czqunfa.com\/wp-content\/uploads\/2025\/12\/cute-ceramic-honey-pot-wholesale-bulk-food-storage-jars-5-768x768.webp 768w, https:\/\/www.czqunfa.com\/wp-content\/uploads\/2025\/12\/cute-ceramic-honey-pot-wholesale-bulk-food-storage-jars-5-600x600.webp 600w, https:\/\/www.czqunfa.com\/wp-content\/uploads\/2025\/12\/cute-ceramic-honey-pot-wholesale-bulk-food-storage-jars-5-100x100.webp 100w\" sizes=\"(max-width: 1000px) 100vw, 1000px\" \/><\/figure>\n<\/figure>\n\n\n\n<p><\/p>","protected":false},"excerpt":{"rendered":"<p>Bem-vindo \u00e0 compra por grosso do nosso pote de mel em cer\u00e2mica com tampa e colher de madeira dedicada. Feito de cer\u00e2mica de alta qualidade e dur\u00e1vel, suave e f\u00e1cil de limpar. Os potes de armazenamento de alimentos a granel s\u00e3o feitos de cer\u00e2mica de alta qualidade para uso seguro e duradouro. Adequado para marcas de alimentos, supermercados boutique, hot\u00e9is e lojas de presentes. Dispon\u00edvel a granel com personaliza\u00e7\u00e3o OEM\/ODM para log\u00f3tipo, cor e embalagem.<\/p>\n<h2>Par\u00e2metros de venda por grosso do pote de mel em cer\u00e2mica<\/h2>\n<table width=\"328\">\n<tbody>\n<tr>\n<td width=\"116\">Fabricante<\/td>\n<td width=\"211\">QUNFA<\/td>\n<\/tr>\n<tr>\n<td width=\"116\">Tipo de produto<\/td>\n<td>Frasco de armazenamento<\/td>\n<\/tr>\n<tr>\n<td width=\"116\">Modelo n.\u00ba.<\/td>\n<td width=\"211\">QF21-060\u00a0<\/td>\n<\/tr>\n<tr>\n<td width=\"116\">Material<\/td>\n<td width=\"211\">Gr\u00e9s<\/td>\n<\/tr>\n<tr>\n<td width=\"116\">Cor<\/td>\n<td width=\"211\">Branco a Castanho<\/td>\n<\/tr>\n<tr>\n<td width=\"116\">Dimens\u00e3o<\/td>\n<td width=\"211\">tampa: 7,3 x 7,3 x 3,5 cm<br \/>jarra: 10,1 x 10,1 x 11,3 cm<br \/>barra de agita\u00e7\u00e3o: 15 cm<\/td>\n<\/tr>\n<tr>\n<td width=\"116\">Quantidade m\u00ednima de encomenda<\/td>\n<td width=\"211\">1000 unidades<\/td>\n<\/tr>\n<tr>\n<td width=\"116\">Personalizado<\/td>\n<td width=\"211\">Cor\/Tamanho\/Log\u00f3tipo\/Embalagem\/Forma<\/td>\n<\/tr>\n<\/tbody>\n<\/table>","protected":false},"featured_media":1239,"comment_status":"closed","ping_status":"closed","template":"","meta":{"_acf_changed":false},"product_brand":[],"product_cat":[17,47],"product_tag":[],"class_list":{"0":"post-1231","1":"product","2":"type-product","3":"status-publish","4":"has-post-thumbnail","6":"product_cat-home-garden-decor-wholesale","7":"product_cat-canister-supplier","9":"first","10":"instock","11":"shipping-taxable","12":"product-type-simple"},"acf":[],"_links":{"self":[{"href":"https:\/\/www.czqunfa.com\/pt\/wp-json\/wp\/v2\/product\/1231","targetHints":{"allow":["GET"]}}],"collection":[{"href":"https:\/\/www.czqunfa.com\/pt\/wp-json\/wp\/v2\/product"}],"about":[{"href":"https:\/\/www.czqunfa.com\/pt\/wp-json\/wp\/v2\/types\/product"}],"replies":[{"embeddable":true,"href":"https:\/\/www.czqunfa.com\/pt\/wp-json\/wp\/v2\/comments?post=1231"}],"wp:featuredmedia":[{"embeddable":true,"href":"https:\/\/www.czqunfa.com\/pt\/wp-json\/wp\/v2\/media\/1239"}],"wp:attachment":[{"href":"https:\/\/www.czqunfa.com\/pt\/wp-json\/wp\/v2\/media?parent=1231"}],"wp:term":[{"taxonomy":"product_brand","embeddable":true,"href":"https:\/\/www.czqunfa.com\/pt\/wp-json\/wp\/v2\/product_brand?post=1231"},{"taxonomy":"product_cat","embeddable":true,"href":"https:\/\/www.czqunfa.com\/pt\/wp-json\/wp\/v2\/product_cat?post=1231"},{"taxonomy":"product_tag","embeddable":true,"href":"https:\/\/www.czqunfa.com\/pt\/wp-json\/wp\/v2\/product_tag?post=1231"}],"curies":[{"name":"wp","href":"https:\/\/api.w.org\/{rel}","templated":true}]}}