{"id":1220,"date":"2025-12-27T02:21:46","date_gmt":"2025-12-27T02:21:46","guid":{"rendered":"https:\/\/www.czqunfa.com\/?post_type=product&#038;p=1220"},"modified":"2025-12-27T02:59:17","modified_gmt":"2025-12-27T02:59:17","slug":"empty-candle-jars-bulk","status":"publish","type":"product","link":"https:\/\/www.czqunfa.com\/pt\/produto\/empty-candle-jars-bulk\/","title":{"rendered":"Frascos de vela vazios simples a granel, recipientes de cer\u00e2mica personalizados para velas"},"content":{"rendered":"<div class=\"wp-block-columns is-layout-flex wp-container-core-columns-is-layout-9d6595d7 wp-block-columns-is-layout-flex\">\n<div class=\"wp-block-column is-layout-flow wp-block-column-is-layout-flow\">\n<h2 class=\"wp-block-heading\">Caracter\u00edsticas dos frascos de vela vazios a granel<\/h2>\n\n\n\n<ul class=\"wp-block-list\">\n<li><strong>Design minimalista moderno e mate: <\/strong>Estes frascos de vela vazios a granel apresentam uma forma cil\u00edndrica com riscas verticais, combinadas com cores mate de baixa satura\u00e7\u00e3o, como rosa claro, verde claro, branco sujo e amarelo brilhante, apresentando uma est\u00e9tica moderna minimalista e sofisticada. O seu design vers\u00e1til integra-se perfeitamente em v\u00e1rios cen\u00e1rios decorativos, incluindo o Natal, a decora\u00e7\u00e3o dom\u00e9stica do dia a dia e boutiques, real\u00e7ando o apelo visual das exposi\u00e7\u00f5es de produtos.<\/li>\n\n\n\n<li><strong>Design de frasco vazio, ideal para encher velas artesanais: <\/strong>Estes frascos de vela vazios a granel v\u00eam com copos vazios sem cera, convenientes para f\u00e1bricas de velas e est\u00fadios de velas artesanais para reabastecimento e receitas personalizadas.<\/li>\n\n\n\n<li><strong>Material cer\u00e2mico de alta qualidade e durabilidade:<\/strong> Estes frascos de vela vazios a granel s\u00e3o feitos de cer\u00e2mica de alta qualidade, que \u00e9 s\u00f3lida e tem excelente resist\u00eancia ao choque t\u00e9rmico. Podem suportar mudan\u00e7as de temperatura durante o enchimento com cera e o uso di\u00e1rio, n\u00e3o s\u00e3o propensos a rachar e s\u00e3o dur\u00e1veis.<\/li>\n\n\n\n<li><strong>Multifuncional: <\/strong>Os nossos recipientes personalizados para velas, com o seu design atraente, tamb\u00e9m podem ser usados como pequenos vasos para plantas, organizadores de artigos de papelaria, recipientes para guardar utens\u00edlios de cozinha ou simplesmente como itens decorativos para a casa, ampliando as ideias de vendas e os cen\u00e1rios de aplica\u00e7\u00e3o para clientes B2B.<\/li>\n\n\n\n<li><strong>Fornecimento est\u00e1vel, adequado para aquisi\u00e7\u00f5es em grande escala: <\/strong>Os nossos recipientes personalizados para velas suportam a produ\u00e7\u00e3o em massa, garantindo qualidade est\u00e1vel e prazos de entrega control\u00e1veis, tornando-os adequados para coopera\u00e7\u00e3o de longo prazo com vendedores de com\u00e9rcio eletr\u00f3nico transfronteiri\u00e7o, propriet\u00e1rios de marcas e canais grossistas.<\/li>\n<\/ul>\n<\/div>\n\n\n\n<div class=\"wp-block-column is-layout-flow wp-block-column-is-layout-flow\">\n<figure class=\"wp-block-image size-full\"><img decoding=\"async\" width=\"1000\" height=\"1000\" src=\"https:\/\/www.czqunfa.com\/wp-content\/uploads\/2025\/12\/simple-empty-candle-jars-bulk-custom-ceramic-candle-vessels-1.webp\" alt=\"frascos-de-velas-simples-vazios-a-granel-recipientes-de-cer\u00e2mica-personalizados-para-velas-1\" class=\"wp-image-1223\" srcset=\"https:\/\/www.czqunfa.com\/wp-content\/uploads\/2025\/12\/simple-empty-candle-jars-bulk-custom-ceramic-candle-vessels-1.webp 1000w, https:\/\/www.czqunfa.com\/wp-content\/uploads\/2025\/12\/simple-empty-candle-jars-bulk-custom-ceramic-candle-vessels-1-300x300.webp 300w, https:\/\/www.czqunfa.com\/wp-content\/uploads\/2025\/12\/simple-empty-candle-jars-bulk-custom-ceramic-candle-vessels-1-150x150.webp 150w, https:\/\/www.czqunfa.com\/wp-content\/uploads\/2025\/12\/simple-empty-candle-jars-bulk-custom-ceramic-candle-vessels-1-768x768.webp 768w, https:\/\/www.czqunfa.com\/wp-content\/uploads\/2025\/12\/simple-empty-candle-jars-bulk-custom-ceramic-candle-vessels-1-600x600.webp 600w, https:\/\/www.czqunfa.com\/wp-content\/uploads\/2025\/12\/simple-empty-candle-jars-bulk-custom-ceramic-candle-vessels-1-100x100.webp 100w\" sizes=\"(max-width: 1000px) 100vw, 1000px\" \/><\/figure>\n<\/div>\n<\/div>\n\n\n\n<figure class=\"wp-block-gallery has-nested-images columns-default is-cropped wp-block-gallery-1 is-layout-flex wp-block-gallery-is-layout-flex\">\n<figure class=\"wp-block-image size-full\"><img decoding=\"async\" width=\"1000\" height=\"1000\" data-id=\"1224\" src=\"https:\/\/www.czqunfa.com\/wp-content\/uploads\/2025\/12\/simple-empty-candle-jars-bulk-custom-ceramic-candle-vessels-2.webp\" alt=\"frascos-de-velas-simples-vazios-a-granel-recipientes-de-cer\u00e2mica-personalizados-para-velas-2\" class=\"wp-image-1224\" srcset=\"https:\/\/www.czqunfa.com\/wp-content\/uploads\/2025\/12\/simple-empty-candle-jars-bulk-custom-ceramic-candle-vessels-2.webp 1000w, https:\/\/www.czqunfa.com\/wp-content\/uploads\/2025\/12\/simple-empty-candle-jars-bulk-custom-ceramic-candle-vessels-2-300x300.webp 300w, https:\/\/www.czqunfa.com\/wp-content\/uploads\/2025\/12\/simple-empty-candle-jars-bulk-custom-ceramic-candle-vessels-2-150x150.webp 150w, https:\/\/www.czqunfa.com\/wp-content\/uploads\/2025\/12\/simple-empty-candle-jars-bulk-custom-ceramic-candle-vessels-2-768x768.webp 768w, https:\/\/www.czqunfa.com\/wp-content\/uploads\/2025\/12\/simple-empty-candle-jars-bulk-custom-ceramic-candle-vessels-2-600x600.webp 600w, https:\/\/www.czqunfa.com\/wp-content\/uploads\/2025\/12\/simple-empty-candle-jars-bulk-custom-ceramic-candle-vessels-2-100x100.webp 100w\" sizes=\"(max-width: 1000px) 100vw, 1000px\" \/><\/figure>\n\n\n\n<figure class=\"wp-block-image size-full\"><img decoding=\"async\" width=\"1000\" height=\"1000\" data-id=\"1227\" src=\"https:\/\/www.czqunfa.com\/wp-content\/uploads\/2025\/12\/simple-empty-candle-jars-bulk-custom-ceramic-candle-vessels-5.webp\" alt=\"frascos-de-velas-simples-vazios-a-granel-recipientes-de-cer\u00e2mica-personalizados-para-velas-5\" class=\"wp-image-1227\" srcset=\"https:\/\/www.czqunfa.com\/wp-content\/uploads\/2025\/12\/simple-empty-candle-jars-bulk-custom-ceramic-candle-vessels-5.webp 1000w, https:\/\/www.czqunfa.com\/wp-content\/uploads\/2025\/12\/simple-empty-candle-jars-bulk-custom-ceramic-candle-vessels-5-300x300.webp 300w, https:\/\/www.czqunfa.com\/wp-content\/uploads\/2025\/12\/simple-empty-candle-jars-bulk-custom-ceramic-candle-vessels-5-150x150.webp 150w, https:\/\/www.czqunfa.com\/wp-content\/uploads\/2025\/12\/simple-empty-candle-jars-bulk-custom-ceramic-candle-vessels-5-768x768.webp 768w, https:\/\/www.czqunfa.com\/wp-content\/uploads\/2025\/12\/simple-empty-candle-jars-bulk-custom-ceramic-candle-vessels-5-600x600.webp 600w, https:\/\/www.czqunfa.com\/wp-content\/uploads\/2025\/12\/simple-empty-candle-jars-bulk-custom-ceramic-candle-vessels-5-100x100.webp 100w\" sizes=\"(max-width: 1000px) 100vw, 1000px\" \/><\/figure>\n<\/figure>\n\n\n\n<p><\/p>","protected":false},"excerpt":{"rendered":"<p>Bem-vindo \u00e0 compra dos nossos frascos de vela vazios a granel, concebidos para a fabrica\u00e7\u00e3o profissional de velas e fornecimento por grosso. Estes recipientes de cer\u00e2mica personalizados para velas apresentam um design com riscas verticais e uma variedade de cores suaves e mate. Fabricados em cer\u00e2mica de alta qualidade, s\u00e3o resistentes e duradouros, com uma superf\u00edcie lisa e f\u00e1cil de limpar. S\u00e3o os recipientes b\u00e1sicos perfeitos para oficinas de velas, marcas de decora\u00e7\u00e3o e lojas de presentes criarem os seus pr\u00f3prios produtos de marca.<\/p>\n<h2>Frascos de vela vazios a granel Par\u00e2metro<\/h2>\n<table width=\"328\">\n<tbody>\n<tr>\n<td width=\"116\">Fabricante<\/td>\n<td width=\"211\">QUNFA<\/td>\n<\/tr>\n<tr>\n<td width=\"116\">Tipo de produto<\/td>\n<td>Frasco para velas<\/td>\n<\/tr>\n<tr>\n<td width=\"116\">Modelo n.\u00ba.<\/td>\n<td width=\"211\">24-0290\u00a0<\/td>\n<\/tr>\n<tr>\n<td width=\"116\">Material<\/td>\n<td width=\"211\">Gr\u00e9s<\/td>\n<\/tr>\n<tr>\n<td width=\"116\">Cor<\/td>\n<td width=\"211\">Rosa, Laranja, Azul, Amarelo, Cinza<\/td>\n<\/tr>\n<tr>\n<td width=\"116\">Dimens\u00e3o<\/td>\n<td width=\"211\">\u00a09*9*9,5 cm<\/td>\n<\/tr>\n<tr>\n<td width=\"116\">Quantidade m\u00ednima de encomenda<\/td>\n<td width=\"211\">1000 unidades<\/td>\n<\/tr>\n<tr>\n<td width=\"116\">Personalizado<\/td>\n<td width=\"211\">Cor\/Tamanho\/Log\u00f3tipo\/Embalagem\/Forma<\/td>\n<\/tr>\n<\/tbody>\n<\/table>","protected":false},"featured_media":1228,"comment_status":"closed","ping_status":"closed","template":"","meta":{"_acf_changed":false},"product_brand":[],"product_cat":[17,48],"product_tag":[],"class_list":{"0":"post-1220","1":"product","2":"type-product","3":"status-publish","4":"has-post-thumbnail","6":"product_cat-home-garden-decor-wholesale","7":"product_cat-wholesale-candle-containers","9":"first","10":"instock","11":"shipping-taxable","12":"product-type-simple"},"acf":[],"_links":{"self":[{"href":"https:\/\/www.czqunfa.com\/pt\/wp-json\/wp\/v2\/product\/1220","targetHints":{"allow":["GET"]}}],"collection":[{"href":"https:\/\/www.czqunfa.com\/pt\/wp-json\/wp\/v2\/product"}],"about":[{"href":"https:\/\/www.czqunfa.com\/pt\/wp-json\/wp\/v2\/types\/product"}],"replies":[{"embeddable":true,"href":"https:\/\/www.czqunfa.com\/pt\/wp-json\/wp\/v2\/comments?post=1220"}],"wp:featuredmedia":[{"embeddable":true,"href":"https:\/\/www.czqunfa.com\/pt\/wp-json\/wp\/v2\/media\/1228"}],"wp:attachment":[{"href":"https:\/\/www.czqunfa.com\/pt\/wp-json\/wp\/v2\/media?parent=1220"}],"wp:term":[{"taxonomy":"product_brand","embeddable":true,"href":"https:\/\/www.czqunfa.com\/pt\/wp-json\/wp\/v2\/product_brand?post=1220"},{"taxonomy":"product_cat","embeddable":true,"href":"https:\/\/www.czqunfa.com\/pt\/wp-json\/wp\/v2\/product_cat?post=1220"},{"taxonomy":"product_tag","embeddable":true,"href":"https:\/\/www.czqunfa.com\/pt\/wp-json\/wp\/v2\/product_tag?post=1220"}],"curies":[{"name":"wp","href":"https:\/\/api.w.org\/{rel}","templated":true}]}}