{"id":1206,"date":"2025-12-26T10:05:01","date_gmt":"2025-12-26T10:05:01","guid":{"rendered":"https:\/\/www.czqunfa.com\/?post_type=product&#038;p=1206"},"modified":"2025-12-26T10:51:05","modified_gmt":"2025-12-26T10:51:05","slug":"custom-salt-and-pepper-shakers","status":"publish","type":"product","link":"https:\/\/www.czqunfa.com\/pt\/produto\/custom-salt-and-pepper-shakers\/","title":{"rendered":"Saleiros e pimenteiros personalizados, jarra de cer\u00e2mica em forma de cora\u00e7\u00e3o a granel"},"content":{"rendered":"<div class=\"wp-block-columns is-layout-flex wp-container-core-columns-is-layout-9d6595d7 wp-block-columns-is-layout-flex\">\n<div class=\"wp-block-column is-layout-flow wp-block-column-is-layout-flow\">\n<h2 class=\"wp-block-heading\">Carater\u00edsticas dos saleiros e pimenteiros personalizados<\/h2>\n\n\n\n<ul class=\"wp-block-list\">\n<li><strong>Desenho em forma de cora\u00e7\u00e3o:<\/strong> Estes saleiros e pimenteiros personalizados apresentam uma forma cl\u00e1ssica de cora\u00e7\u00e3o com linhas arredondadas e cheias e uma cor vermelha vibrante e pura. O design exala calor e amor, melhorando significativamente a atra\u00e7\u00e3o visual e o valor emocional das mesas de jantar, bancadas de cozinha ou embalagens para take-away, tornando-os especialmente adequados para restaurantes tem\u00e1ticos, caf\u00e9s, prendas de casamento ou promo\u00e7\u00f5es de f\u00e9rias.<\/li>\n\n\n\n<li><strong>Material cer\u00e2mico de primeira qualidade:<\/strong> Estes saleiros e pimenteiros personalizados s\u00e3o fabricados em cer\u00e2mica de alta densidade, o que os torna robustos e capazes de suportar as varia\u00e7\u00f5es de temperatura do ambiente da cozinha, garantindo durabilidade e resist\u00eancia \u00e0 quebra, mesmo em caso de utiliza\u00e7\u00e3o comercial frequente.<\/li>\n\n\n\n<li><strong>Fun\u00e7\u00e3o de tempero eficiente e pr\u00e1tica:<\/strong> Estes saleiros e pimenteiros personalizados s\u00e3o concebidos com uma textura fina e uma abertura com v\u00e1rios orif\u00edcios (geralmente uma abertura com v\u00e1rios orif\u00edcios pequenos) adequada para um derrame r\u00e1pido e controlado de sal, pimenta e piripiri em p\u00f3, aplic\u00e1vel a refei\u00e7\u00f5es comerciais de ritmo.<\/li>\n\n\n\n<li><strong>Limpeza f\u00e1cil e manuten\u00e7\u00e3o higi\u00e9nica:<\/strong> A superf\u00edcie desta jarra de cer\u00e2mica tem um esmalte liso que n\u00e3o absorve facilmente res\u00edduos de \u00f3leo e temperos, permitindo uma lavagem f\u00e1cil. O produto \u00e9 totalmente compat\u00edvel com m\u00e1quinas de lavar loi\u00e7a comerciais, proporcionando uma limpeza eficaz e completa e esteriliza\u00e7\u00e3o a alta temperatura, cumprindo as normas de higiene para estabelecimentos comerciais e mantendo o seu aspeto imaculado durante muito tempo.<\/li>\n\n\n\n<li><strong>Fornecimento por grosso est\u00e1vel: <\/strong>Este frasco de cer\u00e2mica por atacado \u00e9 adequado para compras a granel, apoiando hot\u00e9is, cadeias de restaurantes, marcas de mobili\u00e1rio dom\u00e9stico, com\u00e9rcio eletr\u00f3nico e canais de presentes. Os servi\u00e7os de personaliza\u00e7\u00e3o OEM\/ODM est\u00e3o dispon\u00edveis para satisfazer as necessidades de diferencia\u00e7\u00e3o da marca.<\/li>\n<\/ul>\n<\/div>\n\n\n\n<div class=\"wp-block-column is-layout-flow wp-block-column-is-layout-flow\">\n<figure class=\"wp-block-image size-full\"><img decoding=\"async\" width=\"800\" height=\"800\" src=\"https:\/\/www.czqunfa.com\/wp-content\/uploads\/2025\/12\/custom-salt-and-pepper-shakers-heart-shape-ceramic-jar-bulk-1.webp\" alt=\"personalizada-sal-e-pimenta-shakers-cora\u00e7\u00e3o-forma-cer\u00e2mica-frasco-bulk-1\" class=\"wp-image-1207\" srcset=\"https:\/\/www.czqunfa.com\/wp-content\/uploads\/2025\/12\/custom-salt-and-pepper-shakers-heart-shape-ceramic-jar-bulk-1.webp 800w, https:\/\/www.czqunfa.com\/wp-content\/uploads\/2025\/12\/custom-salt-and-pepper-shakers-heart-shape-ceramic-jar-bulk-1-300x300.webp 300w, https:\/\/www.czqunfa.com\/wp-content\/uploads\/2025\/12\/custom-salt-and-pepper-shakers-heart-shape-ceramic-jar-bulk-1-150x150.webp 150w, https:\/\/www.czqunfa.com\/wp-content\/uploads\/2025\/12\/custom-salt-and-pepper-shakers-heart-shape-ceramic-jar-bulk-1-768x768.webp 768w, https:\/\/www.czqunfa.com\/wp-content\/uploads\/2025\/12\/custom-salt-and-pepper-shakers-heart-shape-ceramic-jar-bulk-1-600x600.webp 600w, https:\/\/www.czqunfa.com\/wp-content\/uploads\/2025\/12\/custom-salt-and-pepper-shakers-heart-shape-ceramic-jar-bulk-1-100x100.webp 100w\" sizes=\"(max-width: 800px) 100vw, 800px\" \/><\/figure>\n<\/div>\n<\/div>\n\n\n\n<figure class=\"wp-block-gallery has-nested-images columns-default is-cropped wp-block-gallery-1 is-layout-flex wp-block-gallery-is-layout-flex\">\n<figure class=\"wp-block-image size-full\"><img decoding=\"async\" width=\"800\" height=\"800\" data-id=\"1208\" src=\"https:\/\/www.czqunfa.com\/wp-content\/uploads\/2025\/12\/custom-salt-and-pepper-shakers-heart-shape-ceramic-jar-bulk-2.webp\" alt=\"personalizados-sal-e-pimenta-shakers-cora\u00e7\u00e3o-forma-cer\u00e2mica-frasco-bulk-2\" class=\"wp-image-1208\" srcset=\"https:\/\/www.czqunfa.com\/wp-content\/uploads\/2025\/12\/custom-salt-and-pepper-shakers-heart-shape-ceramic-jar-bulk-2.webp 800w, https:\/\/www.czqunfa.com\/wp-content\/uploads\/2025\/12\/custom-salt-and-pepper-shakers-heart-shape-ceramic-jar-bulk-2-300x300.webp 300w, https:\/\/www.czqunfa.com\/wp-content\/uploads\/2025\/12\/custom-salt-and-pepper-shakers-heart-shape-ceramic-jar-bulk-2-150x150.webp 150w, https:\/\/www.czqunfa.com\/wp-content\/uploads\/2025\/12\/custom-salt-and-pepper-shakers-heart-shape-ceramic-jar-bulk-2-768x768.webp 768w, https:\/\/www.czqunfa.com\/wp-content\/uploads\/2025\/12\/custom-salt-and-pepper-shakers-heart-shape-ceramic-jar-bulk-2-600x600.webp 600w, https:\/\/www.czqunfa.com\/wp-content\/uploads\/2025\/12\/custom-salt-and-pepper-shakers-heart-shape-ceramic-jar-bulk-2-100x100.webp 100w\" sizes=\"(max-width: 800px) 100vw, 800px\" \/><\/figure>\n\n\n\n<figure class=\"wp-block-image size-full\"><img decoding=\"async\" width=\"800\" height=\"800\" data-id=\"1211\" src=\"https:\/\/www.czqunfa.com\/wp-content\/uploads\/2025\/12\/custom-salt-and-pepper-shakers-heart-shape-ceramic-jar-bulk-5.webp\" alt=\"personalizada-sal-e-pimenta-shakers-cora\u00e7\u00e3o-forma-cer\u00e2mica-frasco-bulk-5\" class=\"wp-image-1211\" srcset=\"https:\/\/www.czqunfa.com\/wp-content\/uploads\/2025\/12\/custom-salt-and-pepper-shakers-heart-shape-ceramic-jar-bulk-5.webp 800w, https:\/\/www.czqunfa.com\/wp-content\/uploads\/2025\/12\/custom-salt-and-pepper-shakers-heart-shape-ceramic-jar-bulk-5-300x300.webp 300w, https:\/\/www.czqunfa.com\/wp-content\/uploads\/2025\/12\/custom-salt-and-pepper-shakers-heart-shape-ceramic-jar-bulk-5-150x150.webp 150w, https:\/\/www.czqunfa.com\/wp-content\/uploads\/2025\/12\/custom-salt-and-pepper-shakers-heart-shape-ceramic-jar-bulk-5-768x768.webp 768w, https:\/\/www.czqunfa.com\/wp-content\/uploads\/2025\/12\/custom-salt-and-pepper-shakers-heart-shape-ceramic-jar-bulk-5-600x600.webp 600w, https:\/\/www.czqunfa.com\/wp-content\/uploads\/2025\/12\/custom-salt-and-pepper-shakers-heart-shape-ceramic-jar-bulk-5-100x100.webp 100w\" sizes=\"(max-width: 800px) 100vw, 800px\" \/><\/figure>\n<\/figure>\n\n\n\n<p><\/p>","protected":false},"excerpt":{"rendered":"<p>Bem-vindo ao comprar os nossos saleiros e pimenteiros personalizados, fabricados em cer\u00e2mica de alta qualidade com uma forma de cora\u00e7\u00e3o vermelho vivo e marcante. Ideais para personaliza\u00e7\u00e3o OEM\/ODM, compras a granel, estes recipientes para temperos em cer\u00e2mica s\u00e3o perfeitos para retalhistas, marcas de utens\u00edlios de cozinha, hot\u00e9is e fornecedores de presentes que procuram acess\u00f3rios de cozinha duradouros, elegantes e personaliz\u00e1veis.<\/p>\n<h2>Par\u00e2metro de saleiros e pimenteiros personalizados<\/h2>\n<table width=\"328\">\n<tbody>\n<tr>\n<td width=\"116\">Fabricante<\/td>\n<td width=\"211\">QUNFA<\/td>\n<\/tr>\n<tr>\n<td width=\"116\">Tipo de produto<\/td>\n<td>Agitador S&amp;P<\/td>\n<\/tr>\n<tr>\n<td width=\"116\">Modelo n.\u00ba.<\/td>\n<td width=\"211\">23-2306-2\u00a0<\/td>\n<\/tr>\n<tr>\n<td width=\"116\">Material<\/td>\n<td width=\"211\">Gr\u00e9s<\/td>\n<\/tr>\n<tr>\n<td width=\"116\">Cor<\/td>\n<td width=\"211\">Vermelho<\/td>\n<\/tr>\n<tr>\n<td width=\"116\">Dimens\u00e3o<\/td>\n<td width=\"211\">5,2\u00d73,5x5CM<\/td>\n<\/tr>\n<tr>\n<td width=\"116\">Quantidade m\u00ednima de encomenda<\/td>\n<td width=\"211\">1000 unidades<\/td>\n<\/tr>\n<tr>\n<td width=\"116\">Personalizado<\/td>\n<td width=\"211\">Cor\/Tamanho\/Log\u00f3tipo\/Embalagem\/Forma<\/td>\n<\/tr>\n<\/tbody>\n<\/table>","protected":false},"featured_media":1212,"comment_status":"closed","ping_status":"closed","template":"","meta":{"_acf_changed":false},"product_brand":[],"product_cat":[37,19],"product_tag":[],"class_list":{"0":"post-1206","1":"product","2":"type-product","3":"status-publish","4":"has-post-thumbnail","6":"product_cat-seasoning-shakers-wholesale","7":"product_cat-wholesale-serveware","9":"first","10":"instock","11":"shipping-taxable","12":"product-type-simple"},"acf":[],"_links":{"self":[{"href":"https:\/\/www.czqunfa.com\/pt\/wp-json\/wp\/v2\/product\/1206","targetHints":{"allow":["GET"]}}],"collection":[{"href":"https:\/\/www.czqunfa.com\/pt\/wp-json\/wp\/v2\/product"}],"about":[{"href":"https:\/\/www.czqunfa.com\/pt\/wp-json\/wp\/v2\/types\/product"}],"replies":[{"embeddable":true,"href":"https:\/\/www.czqunfa.com\/pt\/wp-json\/wp\/v2\/comments?post=1206"}],"wp:featuredmedia":[{"embeddable":true,"href":"https:\/\/www.czqunfa.com\/pt\/wp-json\/wp\/v2\/media\/1212"}],"wp:attachment":[{"href":"https:\/\/www.czqunfa.com\/pt\/wp-json\/wp\/v2\/media?parent=1206"}],"wp:term":[{"taxonomy":"product_brand","embeddable":true,"href":"https:\/\/www.czqunfa.com\/pt\/wp-json\/wp\/v2\/product_brand?post=1206"},{"taxonomy":"product_cat","embeddable":true,"href":"https:\/\/www.czqunfa.com\/pt\/wp-json\/wp\/v2\/product_cat?post=1206"},{"taxonomy":"product_tag","embeddable":true,"href":"https:\/\/www.czqunfa.com\/pt\/wp-json\/wp\/v2\/product_tag?post=1206"}],"curies":[{"name":"wp","href":"https:\/\/api.w.org\/{rel}","templated":true}]}}