{"id":1199,"date":"2025-12-26T09:18:11","date_gmt":"2025-12-26T09:18:11","guid":{"rendered":"https:\/\/www.czqunfa.com\/?post_type=product&#038;p=1199"},"modified":"2025-12-30T02:37:47","modified_gmt":"2025-12-30T02:37:47","slug":"factory-supply-utensil-holder","status":"publish","type":"product","link":"https:\/\/www.czqunfa.com\/pt\/produto\/factory-supply-utensil-holder\/","title":{"rendered":"Suporte para utens\u00edlios fornecido pela f\u00e1brica, jarro de cer\u00e2mica a granel com suporte"},"content":{"rendered":"<div class=\"wp-block-columns is-layout-flex wp-container-core-columns-is-layout-9d6595d7 wp-block-columns-is-layout-flex\">\n<div class=\"wp-block-column is-layout-flow wp-block-column-is-layout-flow\">\n<h2 class=\"wp-block-heading\">Caracter\u00edsticas do suporte para utens\u00edlios fornecido pela f\u00e1brica<\/h2>\n\n\n\n<ul class=\"wp-block-list\">\n<li><strong>Design art\u00edstico Flamingo: <\/strong>Estes suportes para utens\u00edlios fornecidos pela f\u00e1brica apresentam um elegante padr\u00e3o de flamingos laranja-avermelhados, um design minimalista e moderno que real\u00e7a o apelo visual e o ambiente tem\u00e1tico de cozinhas, caf\u00e9s ou espa\u00e7os comerciais.<\/li>\n\n\n\n<li><strong>Design de armazenamento combinado modular:<\/strong> Este suporte para utens\u00edlios fornecido pela f\u00e1brica possui uma estrutura met\u00e1lica preta que suporta tr\u00eas potes quadrados de cer\u00e2mica. As al\u00e7as em ambos os lados da estrutura facilitam o transporte. Ideal para a organiza\u00e7\u00e3o eficiente de ferramentas, lou\u00e7as ou condimentos em espa\u00e7os comerciais.<\/li>\n\n\n\n<li><strong>Flexibilidade para uso separado: <\/strong>Estes potes de cer\u00e2mica por grosso podem ser removidos individualmente da estrutura e usados como potes de armazenamento independentes, porta-canetas ou pequenos vasos para plantas. A estrutura tamb\u00e9m pode ser usada independentemente como bandeja ou prateleira de armazenamento, atendendo a diversos cen\u00e1rios comerciais e necessidades de exposi\u00e7\u00e3o.<\/li>\n\n\n\n<li><strong>Material cer\u00e2mico de alta qualidade e durabilidade: <\/strong>Estes suportes para utens\u00edlios fornecidos pela f\u00e1brica s\u00e3o cuidadosamente fabricados com material cer\u00e2mico de alta qualidade, t\u00eam uma estrutura resistente e s\u00e3o adequados para uma utiliza\u00e7\u00e3o prolongada.<\/li>\n\n\n\n<li><strong>Adequado para compras por atacado e a granel: <\/strong>Estes jarros de cer\u00e2mica por grosso t\u00eam uma estrutura uniforme, s\u00e3o f\u00e1ceis de embalar e transportar e s\u00e3o adequados para supermercados, cadeias de artigos para o lar, fornecedores de restaurantes e canais de com\u00e9rcio eletr\u00f3nico.<\/li>\n<\/ul>\n<\/div>\n\n\n\n<div class=\"wp-block-column is-layout-flow wp-block-column-is-layout-flow\">\n<figure class=\"wp-block-image size-full\"><img decoding=\"async\" width=\"800\" height=\"800\" src=\"https:\/\/www.czqunfa.com\/wp-content\/uploads\/2025\/12\/wholesale-ceramic-spice-jars-factory-supply-utensil-holder-2.webp\" alt=\"atacado-frascos-de-cer\u00e2mica-para-especiarias-fornecimento-de-f\u00e1brica-suporte-para-utens\u00edlios-2\" class=\"wp-image-1201\" srcset=\"https:\/\/www.czqunfa.com\/wp-content\/uploads\/2025\/12\/wholesale-ceramic-spice-jars-factory-supply-utensil-holder-2.webp 800w, https:\/\/www.czqunfa.com\/wp-content\/uploads\/2025\/12\/wholesale-ceramic-spice-jars-factory-supply-utensil-holder-2-300x300.webp 300w, https:\/\/www.czqunfa.com\/wp-content\/uploads\/2025\/12\/wholesale-ceramic-spice-jars-factory-supply-utensil-holder-2-150x150.webp 150w, https:\/\/www.czqunfa.com\/wp-content\/uploads\/2025\/12\/wholesale-ceramic-spice-jars-factory-supply-utensil-holder-2-768x768.webp 768w, https:\/\/www.czqunfa.com\/wp-content\/uploads\/2025\/12\/wholesale-ceramic-spice-jars-factory-supply-utensil-holder-2-600x600.webp 600w, https:\/\/www.czqunfa.com\/wp-content\/uploads\/2025\/12\/wholesale-ceramic-spice-jars-factory-supply-utensil-holder-2-100x100.webp 100w\" sizes=\"(max-width: 800px) 100vw, 800px\" \/><\/figure>\n<\/div>\n<\/div>\n\n\n\n<figure class=\"wp-block-gallery has-nested-images columns-default is-cropped wp-block-gallery-1 is-layout-flex wp-block-gallery-is-layout-flex\">\n<figure class=\"wp-block-image size-full\"><img decoding=\"async\" width=\"800\" height=\"800\" data-id=\"1202\" src=\"https:\/\/www.czqunfa.com\/wp-content\/uploads\/2025\/12\/wholesale-ceramic-spice-jars-factory-supply-utensil-holder-3.webp\" alt=\"atacado-frascos-de-cer\u00e2mica-para-especiarias-fornecimento-de-f\u00e1brica-suporte-para-utens\u00edlios-3\" class=\"wp-image-1202\" srcset=\"https:\/\/www.czqunfa.com\/wp-content\/uploads\/2025\/12\/wholesale-ceramic-spice-jars-factory-supply-utensil-holder-3.webp 800w, https:\/\/www.czqunfa.com\/wp-content\/uploads\/2025\/12\/wholesale-ceramic-spice-jars-factory-supply-utensil-holder-3-300x300.webp 300w, https:\/\/www.czqunfa.com\/wp-content\/uploads\/2025\/12\/wholesale-ceramic-spice-jars-factory-supply-utensil-holder-3-150x150.webp 150w, https:\/\/www.czqunfa.com\/wp-content\/uploads\/2025\/12\/wholesale-ceramic-spice-jars-factory-supply-utensil-holder-3-768x768.webp 768w, https:\/\/www.czqunfa.com\/wp-content\/uploads\/2025\/12\/wholesale-ceramic-spice-jars-factory-supply-utensil-holder-3-600x600.webp 600w, https:\/\/www.czqunfa.com\/wp-content\/uploads\/2025\/12\/wholesale-ceramic-spice-jars-factory-supply-utensil-holder-3-100x100.webp 100w\" sizes=\"(max-width: 800px) 100vw, 800px\" \/><\/figure>\n\n\n\n<figure class=\"wp-block-image size-full\"><img decoding=\"async\" width=\"800\" height=\"800\" data-id=\"1204\" src=\"https:\/\/www.czqunfa.com\/wp-content\/uploads\/2025\/12\/wholesale-ceramic-spice-jars-factory-supply-utensil-holder-5.webp\" alt=\"atacado-jarros-de-cer\u00e2mica-para-especiarias-fornecimento-de-f\u00e1brica-suporte-para-utens\u00edlios-5\" class=\"wp-image-1204\" srcset=\"https:\/\/www.czqunfa.com\/wp-content\/uploads\/2025\/12\/wholesale-ceramic-spice-jars-factory-supply-utensil-holder-5.webp 800w, https:\/\/www.czqunfa.com\/wp-content\/uploads\/2025\/12\/wholesale-ceramic-spice-jars-factory-supply-utensil-holder-5-300x300.webp 300w, https:\/\/www.czqunfa.com\/wp-content\/uploads\/2025\/12\/wholesale-ceramic-spice-jars-factory-supply-utensil-holder-5-150x150.webp 150w, https:\/\/www.czqunfa.com\/wp-content\/uploads\/2025\/12\/wholesale-ceramic-spice-jars-factory-supply-utensil-holder-5-768x768.webp 768w, https:\/\/www.czqunfa.com\/wp-content\/uploads\/2025\/12\/wholesale-ceramic-spice-jars-factory-supply-utensil-holder-5-600x600.webp 600w, https:\/\/www.czqunfa.com\/wp-content\/uploads\/2025\/12\/wholesale-ceramic-spice-jars-factory-supply-utensil-holder-5-100x100.webp 100w\" sizes=\"(max-width: 800px) 100vw, 800px\" \/><\/figure>\n<\/figure>\n\n\n\n<p><\/p>","protected":false},"excerpt":{"rendered":"<p>Bem-vindo a adquirir os nossos suportes para utens\u00edlios fornecidos pela nossa f\u00e1brica e uma estrutura met\u00e1lica preta com pegas. O design exclusivo com padr\u00e3o de flamingo \u00e9 esteticamente agrad\u00e1vel e apelativo. Fabricado em cer\u00e2mica vidrada de alta qualidade, ideal para marcas de utens\u00edlios de cozinha, retalhistas de decora\u00e7\u00e3o para o lar e fornecedores do setor hoteleiro que procuram personaliza\u00e7\u00e3o OEM\/ODM, compras a granel e solu\u00e7\u00f5es de armazenamento em cer\u00e2mica distintas para os mercados retalhista e de servi\u00e7os alimentares.<\/p>\n<h2>Par\u00e2metros do suporte para utens\u00edlios fornecido pela f\u00e1brica<\/h2>\n<table border=\"0\" width=\"328\" cellspacing=\"0\" cellpadding=\"0\">\n<tbody>\n<tr>\n<td width=\"116\" height=\"17\">Fabricante<\/td>\n<td width=\"211\">QUNFA<\/td>\n<\/tr>\n<tr>\n<td width=\"116\" height=\"17\">Tipo de produto<\/td>\n<td>Suporte para utens\u00edlios, jarro de armazenamento<\/td>\n<\/tr>\n<tr>\n<td width=\"116\" height=\"17\">Modelo n.\u00ba.<\/td>\n<td width=\"211\">T20-0063<\/td>\n<\/tr>\n<tr>\n<td width=\"116\" height=\"17\">Material<\/td>\n<td width=\"211\">Gr\u00e9s<\/td>\n<\/tr>\n<tr>\n<td width=\"116\" height=\"17\">Cor<\/td>\n<td width=\"211\">Branco<\/td>\n<\/tr>\n<tr>\n<td width=\"116\" height=\"31\">Dimens\u00e3o<\/td>\n<td width=\"211\">Balde para ferramentas quadrado de 4\u2033: 10,2*10,2*13,2 cm<br \/>Estrutura de ferro: 38,3*11,7*15,3 cm<\/td>\n<\/tr>\n<tr>\n<td width=\"116\" height=\"17\">Quantidade m\u00ednima de encomenda<\/td>\n<td width=\"211\">1000 unidades<\/td>\n<\/tr>\n<tr>\n<td width=\"116\" height=\"17\">Personalizado<\/td>\n<td width=\"211\">Cor\/Tamanho\/Log\u00f3tipo\/Embalagem\/Forma<\/td>\n<\/tr>\n<\/tbody>\n<\/table>","protected":false},"featured_media":1200,"comment_status":"closed","ping_status":"closed","template":"","meta":{"_acf_changed":false},"product_brand":[],"product_cat":[21,24],"product_tag":[],"class_list":{"0":"post-1199","1":"product","2":"type-product","3":"status-publish","4":"has-post-thumbnail","6":"product_cat-ceramic-kitchenware-wholesale","7":"product_cat-utensil-holder-manufacturer","9":"first","10":"instock","11":"shipping-taxable","12":"product-type-simple"},"acf":[],"_links":{"self":[{"href":"https:\/\/www.czqunfa.com\/pt\/wp-json\/wp\/v2\/product\/1199","targetHints":{"allow":["GET"]}}],"collection":[{"href":"https:\/\/www.czqunfa.com\/pt\/wp-json\/wp\/v2\/product"}],"about":[{"href":"https:\/\/www.czqunfa.com\/pt\/wp-json\/wp\/v2\/types\/product"}],"replies":[{"embeddable":true,"href":"https:\/\/www.czqunfa.com\/pt\/wp-json\/wp\/v2\/comments?post=1199"}],"wp:featuredmedia":[{"embeddable":true,"href":"https:\/\/www.czqunfa.com\/pt\/wp-json\/wp\/v2\/media\/1200"}],"wp:attachment":[{"href":"https:\/\/www.czqunfa.com\/pt\/wp-json\/wp\/v2\/media?parent=1199"}],"wp:term":[{"taxonomy":"product_brand","embeddable":true,"href":"https:\/\/www.czqunfa.com\/pt\/wp-json\/wp\/v2\/product_brand?post=1199"},{"taxonomy":"product_cat","embeddable":true,"href":"https:\/\/www.czqunfa.com\/pt\/wp-json\/wp\/v2\/product_cat?post=1199"},{"taxonomy":"product_tag","embeddable":true,"href":"https:\/\/www.czqunfa.com\/pt\/wp-json\/wp\/v2\/product_tag?post=1199"}],"curies":[{"name":"wp","href":"https:\/\/api.w.org\/{rel}","templated":true}]}}