{"id":1186,"date":"2025-12-26T08:03:58","date_gmt":"2025-12-26T08:03:58","guid":{"rendered":"https:\/\/www.czqunfa.com\/?post_type=product&#038;p=1186"},"modified":"2025-12-26T08:55:56","modified_gmt":"2025-12-26T08:55:56","slug":"ceramic-mugs-wholesale","status":"publish","type":"product","link":"https:\/\/www.czqunfa.com\/pt\/produto\/ceramic-mugs-wholesale\/","title":{"rendered":"Canecas de cer\u00e2mica de 400 ml por grosso, fornecimento de copos de cer\u00e2mica em relevo"},"content":{"rendered":"<div class=\"wp-block-columns is-layout-flex wp-container-core-columns-is-layout-9d6595d7 wp-block-columns-is-layout-flex\">\n<div class=\"wp-block-column is-layout-flow wp-block-column-is-layout-flow\">\n<h2 class=\"wp-block-heading\">Caracter\u00edsticas das canecas de cer\u00e2mica por grosso<\/h2>\n\n\n\n<ul class=\"wp-block-list\">\n<li><strong>Cer\u00e2mica dur\u00e1vel de alta qualidade: <\/strong>Estas canecas de cer\u00e2mica por grosso s\u00e3o fabricadas com mat\u00e9rias-primas cer\u00e2micas de alta qualidade, resultando numa textura s\u00f3lida e excelente resist\u00eancia ao choque t\u00e9rmico. Podem suportar mudan\u00e7as frequentes de temperatura, satisfazendo os requisitos de utiliza\u00e7\u00e3o intensiva em ambientes comerciais e garantindo uma durabilidade prolongada.<\/li>\n\n\n\n<li><strong>Design em relevo: <\/strong>Estas canecas de cer\u00e2mica por grosso apresentam um design tridimensional em relevo, resultando em texturas n\u00edtidas e um toque delicado, distinguindo-as das canecas de cer\u00e2mica planas comuns e tornando-as mais adequadas para personaliza\u00e7\u00e3o de marcas e para o mercado de gama m\u00e9dia a alta.<\/li>\n\n\n\n<li><strong>Est\u00e9tica criativa em dois tons:<\/strong> Estas canecas de cer\u00e2mica por grosso combinam um corpo branco puro com um interior colorido (amarelo\/laranja\/verde\/rosa\/cinzento, etc.), cujas cores vivas se destacam num estilo arrojado de blocos de cores, numa s\u00e9rie facilmente reconhec\u00edvel e coesa.<\/li>\n\n\n\n<li><strong>Recomenda\u00e7\u00e3o de lavagem \u00e0 m\u00e3o para prolongar a vida \u00fatil:<\/strong> Estas canecas de cer\u00e2mica vendidas por grosso recomendam a lavagem \u00e0 m\u00e3o para manter os detalhes em relevo e a textura do esmalte, tornando-as adequadas para lojas boutique e para o mercado de presentes.<\/li>\n\n\n\n<li><strong>Tamanho padronizado e uso vers\u00e1til:<\/strong> Estas ch\u00e1venas de cer\u00e2mica por grosso t\u00eam uma capacidade uniforme de 400 ml, adequada para conter v\u00e1rias bebidas quentes e frias, como \u00e1gua, caf\u00e9, leite, ch\u00e1 e sumo, atendendo \u00e0s diversas necessidades de caf\u00e9s, restaurantes, hot\u00e9is, escrit\u00f3rios e outros locais.<\/li>\n\n\n\n<li><strong>Personaliza\u00e7\u00e3o dispon\u00edvel:<\/strong> Estas ch\u00e1venas de cer\u00e2mica por grosso podem ser personalizadas com padr\u00f5es gravados, log\u00f3tipos, cores, efeitos de esmalte e solu\u00e7\u00f5es de embalagem, atendendo \u00e0s necessidades individuais dos propriet\u00e1rios de marcas, fornecedores de presentes e aquisi\u00e7\u00f5es de projetos.<\/li>\n<\/ul>\n<\/div>\n\n\n\n<div class=\"wp-block-column is-layout-flow wp-block-column-is-layout-flow\">\n<figure class=\"wp-block-image size-full\"><img decoding=\"async\" width=\"1000\" height=\"1000\" src=\"https:\/\/www.czqunfa.com\/wp-content\/uploads\/2025\/12\/400ml-ceramic-mugs-wholesale-embossed-ceramic-cups-supply-11.webp\" alt=\"Canecas de cer\u00e2mica de 400 ml por grosso, canecas de cer\u00e2mica com relevo, fornecimento 11\" class=\"wp-image-1188\" srcset=\"https:\/\/www.czqunfa.com\/wp-content\/uploads\/2025\/12\/400ml-ceramic-mugs-wholesale-embossed-ceramic-cups-supply-11.webp 1000w, https:\/\/www.czqunfa.com\/wp-content\/uploads\/2025\/12\/400ml-ceramic-mugs-wholesale-embossed-ceramic-cups-supply-11-300x300.webp 300w, https:\/\/www.czqunfa.com\/wp-content\/uploads\/2025\/12\/400ml-ceramic-mugs-wholesale-embossed-ceramic-cups-supply-11-150x150.webp 150w, https:\/\/www.czqunfa.com\/wp-content\/uploads\/2025\/12\/400ml-ceramic-mugs-wholesale-embossed-ceramic-cups-supply-11-768x768.webp 768w, https:\/\/www.czqunfa.com\/wp-content\/uploads\/2025\/12\/400ml-ceramic-mugs-wholesale-embossed-ceramic-cups-supply-11-600x600.webp 600w, https:\/\/www.czqunfa.com\/wp-content\/uploads\/2025\/12\/400ml-ceramic-mugs-wholesale-embossed-ceramic-cups-supply-11-100x100.webp 100w\" sizes=\"(max-width: 1000px) 100vw, 1000px\" \/><\/figure>\n<\/div>\n<\/div>\n\n\n\n<figure class=\"wp-block-gallery has-nested-images columns-default is-cropped wp-block-gallery-1 is-layout-flex wp-block-gallery-is-layout-flex\">\n<figure class=\"wp-block-image size-full\"><img decoding=\"async\" width=\"1000\" height=\"1000\" data-id=\"1189\" src=\"https:\/\/www.czqunfa.com\/wp-content\/uploads\/2025\/12\/400ml-ceramic-mugs-wholesale-embossed-ceramic-cups-supply-12.webp\" alt=\"Canecas de cer\u00e2mica de 400 ml por grosso, canecas de cer\u00e2mica em relevo, fornecimento de 12 unidades\" class=\"wp-image-1189\" srcset=\"https:\/\/www.czqunfa.com\/wp-content\/uploads\/2025\/12\/400ml-ceramic-mugs-wholesale-embossed-ceramic-cups-supply-12.webp 1000w, https:\/\/www.czqunfa.com\/wp-content\/uploads\/2025\/12\/400ml-ceramic-mugs-wholesale-embossed-ceramic-cups-supply-12-300x300.webp 300w, https:\/\/www.czqunfa.com\/wp-content\/uploads\/2025\/12\/400ml-ceramic-mugs-wholesale-embossed-ceramic-cups-supply-12-150x150.webp 150w, https:\/\/www.czqunfa.com\/wp-content\/uploads\/2025\/12\/400ml-ceramic-mugs-wholesale-embossed-ceramic-cups-supply-12-768x768.webp 768w, https:\/\/www.czqunfa.com\/wp-content\/uploads\/2025\/12\/400ml-ceramic-mugs-wholesale-embossed-ceramic-cups-supply-12-600x600.webp 600w, https:\/\/www.czqunfa.com\/wp-content\/uploads\/2025\/12\/400ml-ceramic-mugs-wholesale-embossed-ceramic-cups-supply-12-100x100.webp 100w\" sizes=\"(max-width: 1000px) 100vw, 1000px\" \/><\/figure>\n\n\n\n<figure class=\"wp-block-image size-full\"><img decoding=\"async\" width=\"1000\" height=\"1000\" data-id=\"1190\" src=\"https:\/\/www.czqunfa.com\/wp-content\/uploads\/2025\/12\/400ml-ceramic-mugs-wholesale-embossed-ceramic-cups-supply-13.webp\" alt=\"Canecas de cer\u00e2mica de 400 ml por grosso, canecas de cer\u00e2mica com relevo, fornecimento 13\" class=\"wp-image-1190\" srcset=\"https:\/\/www.czqunfa.com\/wp-content\/uploads\/2025\/12\/400ml-ceramic-mugs-wholesale-embossed-ceramic-cups-supply-13.webp 1000w, https:\/\/www.czqunfa.com\/wp-content\/uploads\/2025\/12\/400ml-ceramic-mugs-wholesale-embossed-ceramic-cups-supply-13-300x300.webp 300w, https:\/\/www.czqunfa.com\/wp-content\/uploads\/2025\/12\/400ml-ceramic-mugs-wholesale-embossed-ceramic-cups-supply-13-150x150.webp 150w, https:\/\/www.czqunfa.com\/wp-content\/uploads\/2025\/12\/400ml-ceramic-mugs-wholesale-embossed-ceramic-cups-supply-13-768x768.webp 768w, https:\/\/www.czqunfa.com\/wp-content\/uploads\/2025\/12\/400ml-ceramic-mugs-wholesale-embossed-ceramic-cups-supply-13-600x600.webp 600w, https:\/\/www.czqunfa.com\/wp-content\/uploads\/2025\/12\/400ml-ceramic-mugs-wholesale-embossed-ceramic-cups-supply-13-100x100.webp 100w\" sizes=\"(max-width: 1000px) 100vw, 1000px\" \/><\/figure>\n<\/figure>\n\n\n\n<p><\/p>","protected":false},"excerpt":{"rendered":"<p>Bem-vindo \u00e0 compra por grosso destas canecas de cer\u00e2mica de 400 ml com design em relevo, feitas de gr\u00e9s dur\u00e1vel para uso a longo prazo. Estas canecas de cer\u00e2mica ecol\u00f3gicas suportam personaliza\u00e7\u00e3o OEM\/ODM, incluindo log\u00f3tipo, padr\u00e3o, cor e embalagem, tornando-as ideais para hot\u00e9is, caf\u00e9s, brindes corporativos e marcas de retalho. Um fornecedor confi\u00e1vel de canecas de cer\u00e2mica em relevo para encomendas em grandes quantidades e projetos de marca pr\u00f3pria.<\/p>\n<h2>Par\u00e2metros de venda por grosso de canecas de cer\u00e2mica<\/h2>\n<table border=\"0\" width=\"328\" cellspacing=\"0\" cellpadding=\"0\">\n<tbody>\n<tr>\n<td width=\"116\" height=\"17\">Fabricante<\/td>\n<td width=\"211\">QUNFA<\/td>\n<\/tr>\n<tr>\n<td width=\"116\" height=\"17\">Tipo de produto<\/td>\n<td>Caneca e copo<\/td>\n<\/tr>\n<tr>\n<td width=\"116\" height=\"17\">Modelo n.\u00ba.<\/td>\n<td width=\"211\">QF22-117<\/td>\n<\/tr>\n<tr>\n<td width=\"116\" height=\"17\">Material<\/td>\n<td width=\"211\">Gr\u00e9s<\/td>\n<\/tr>\n<tr>\n<td width=\"116\" height=\"76\">Cor<\/td>\n<td width=\"211\">Rosa por dentro e branco por fora, verde por dentro e branco por fora, azul por dentro e branco por fora, laranja por dentro e branco por fora, cinza por dentro e branco por fora, amarelo por dentro e branco por fora<\/td>\n<\/tr>\n<tr>\n<td width=\"116\" height=\"16\">Dimens\u00e3o<\/td>\n<td width=\"211\">13,7 x 9,6 x 11,5 cm<\/td>\n<\/tr>\n<tr>\n<td width=\"116\" height=\"17\">Quantidade m\u00ednima de encomenda<\/td>\n<td width=\"211\">1000 unidades<\/td>\n<\/tr>\n<tr>\n<td width=\"116\" height=\"17\">Personalizado<\/td>\n<td width=\"211\">Cor\/Tamanho\/Log\u00f3tipo\/Embalagem\/Forma<\/td>\n<\/tr>\n<\/tbody>\n<\/table>","protected":false},"featured_media":1192,"comment_status":"closed","ping_status":"closed","template":"","meta":{"_acf_changed":false},"product_brand":[],"product_cat":[18,44],"product_tag":[],"class_list":{"0":"post-1186","1":"product","2":"type-product","3":"status-publish","4":"has-post-thumbnail","6":"product_cat-drinkware-supplier","7":"product_cat-wholesale-cups-and-mugs","9":"first","10":"instock","11":"shipping-taxable","12":"product-type-simple"},"acf":[],"_links":{"self":[{"href":"https:\/\/www.czqunfa.com\/pt\/wp-json\/wp\/v2\/product\/1186","targetHints":{"allow":["GET"]}}],"collection":[{"href":"https:\/\/www.czqunfa.com\/pt\/wp-json\/wp\/v2\/product"}],"about":[{"href":"https:\/\/www.czqunfa.com\/pt\/wp-json\/wp\/v2\/types\/product"}],"replies":[{"embeddable":true,"href":"https:\/\/www.czqunfa.com\/pt\/wp-json\/wp\/v2\/comments?post=1186"}],"wp:featuredmedia":[{"embeddable":true,"href":"https:\/\/www.czqunfa.com\/pt\/wp-json\/wp\/v2\/media\/1192"}],"wp:attachment":[{"href":"https:\/\/www.czqunfa.com\/pt\/wp-json\/wp\/v2\/media?parent=1186"}],"wp:term":[{"taxonomy":"product_brand","embeddable":true,"href":"https:\/\/www.czqunfa.com\/pt\/wp-json\/wp\/v2\/product_brand?post=1186"},{"taxonomy":"product_cat","embeddable":true,"href":"https:\/\/www.czqunfa.com\/pt\/wp-json\/wp\/v2\/product_cat?post=1186"},{"taxonomy":"product_tag","embeddable":true,"href":"https:\/\/www.czqunfa.com\/pt\/wp-json\/wp\/v2\/product_tag?post=1186"}],"curies":[{"name":"wp","href":"https:\/\/api.w.org\/{rel}","templated":true}]}}