{"id":1176,"date":"2025-12-26T07:32:23","date_gmt":"2025-12-26T07:32:23","guid":{"rendered":"https:\/\/www.czqunfa.com\/?post_type=product&#038;p=1176"},"modified":"2025-12-27T02:39:21","modified_gmt":"2025-12-27T02:39:21","slug":"wholesale-ceramic-dinnerware","status":"publish","type":"product","link":"https:\/\/www.czqunfa.com\/pt\/produto\/wholesale-ceramic-dinnerware\/","title":{"rendered":"Lou\u00e7as de cer\u00e2mica por atacado, lou\u00e7as com padr\u00f5es personalizados"},"content":{"rendered":"<div class=\"wp-block-columns is-layout-flex wp-container-core-columns-is-layout-9d6595d7 wp-block-columns-is-layout-flex\">\n<div class=\"wp-block-column is-layout-flow wp-block-column-is-layout-flow\">\n<h2 class=\"wp-block-heading\">Caracter\u00edsticas dos servi\u00e7os de mesa de cer\u00e2mica por grosso<\/h2>\n\n\n\n<ul class=\"wp-block-list\">\n<li><strong>Estilo art\u00edstico turco:<\/strong> Inspirada na arte cer\u00e2mica tradicional turca, esta lou\u00e7a de cer\u00e2mica para venda por grosso \u00e9 esmaltada com uma paleta de cores \u00fanica de azul, branco, vermelho e amarelo. Os desenhos apresentam flores delicadas, elementos geom\u00e9tricos e naturais (ramos, folhas e montanhas), e o visual completo e \u00fanico realmente real\u00e7a a sensa\u00e7\u00e3o cultural e a apar\u00eancia da sala de jantar.<\/li>\n\n\n\n<li><strong>Su\u00edte comercial completa:<\/strong> Esta lou\u00e7a de cer\u00e2mica por grosso inclui pratos de sobremesa de 14 cm e ta\u00e7as de sopa\/salada de 19 cm. Uma \u00fanica linha de produtos cobre todas as suas necessidades para a apresenta\u00e7\u00e3o de aperitivos, pratos principais, sopas, bebidas e sobremesas, permitindo que restaurantes e hot\u00e9is comprem e coordenem o estilo de uma s\u00f3 vez.<\/li>\n\n\n\n<li><strong>Material cer\u00e2mico de alta qualidade e durabilidade: <\/strong>Fabricada em cer\u00e2mica de alta densidade, esta lou\u00e7a de cer\u00e2mica para venda por grosso \u00e9 robusta e resistente a choques t\u00e9rmicos, tornando-a adequada para uso frequente e flutua\u00e7\u00f5es de temperatura em cozinhas comerciais, garantindo uma longa vida \u00fatil.<\/li>\n\n\n\n<li><strong>Desempenho superior e f\u00e1cil limpeza:<\/strong> Estas superf\u00edcies personalizadas para lou\u00e7as t\u00eam um esmalte liso que resiste a manchas, permitindo uma f\u00e1cil lavagem \u00e0 m\u00e3o e total compatibilidade com m\u00e1quinas de lavar lou\u00e7a para uma limpeza e higieniza\u00e7\u00e3o eficientes. Os baixos custos de manuten\u00e7\u00e3o garantem que permane\u00e7a brilhante e novo por muito tempo.<\/li>\n\n\n\n<li><strong>Padr\u00f5es e tamanhos altamente personaliz\u00e1veis:<\/strong> Estes artigos de mesa personalizados permitem que os clientes B2B personalizem os padr\u00f5es e combina\u00e7\u00f5es de cores dos seus artigos de mesa de acordo com o posicionamento da sua marca. Tamb\u00e9m \u00e9 poss\u00edvel ajustar o tamanho de alguns produtos, tornando-os ideais para criar uma imagem de marca \u00fanica, quartos de hotel tem\u00e1ticos ou restaurantes especializados.<\/li>\n<\/ul>\n<\/div>\n\n\n\n<div class=\"wp-block-column is-layout-flow wp-block-column-is-layout-flow\">\n<figure class=\"wp-block-image size-full\"><img decoding=\"async\" width=\"800\" height=\"800\" src=\"https:\/\/www.czqunfa.com\/wp-content\/uploads\/2025\/12\/turkish-style-wholesale-ceramic-dinnerware-custom-pattern-tableware-3.webp\" alt=\"lou\u00e7a de cer\u00e2mica por atacado ao estilo turco, padr\u00f5es personalizados, lou\u00e7a de mesa 3\" class=\"wp-image-1180\" srcset=\"https:\/\/www.czqunfa.com\/wp-content\/uploads\/2025\/12\/turkish-style-wholesale-ceramic-dinnerware-custom-pattern-tableware-3.webp 800w, https:\/\/www.czqunfa.com\/wp-content\/uploads\/2025\/12\/turkish-style-wholesale-ceramic-dinnerware-custom-pattern-tableware-3-300x300.webp 300w, https:\/\/www.czqunfa.com\/wp-content\/uploads\/2025\/12\/turkish-style-wholesale-ceramic-dinnerware-custom-pattern-tableware-3-150x150.webp 150w, https:\/\/www.czqunfa.com\/wp-content\/uploads\/2025\/12\/turkish-style-wholesale-ceramic-dinnerware-custom-pattern-tableware-3-768x768.webp 768w, https:\/\/www.czqunfa.com\/wp-content\/uploads\/2025\/12\/turkish-style-wholesale-ceramic-dinnerware-custom-pattern-tableware-3-600x600.webp 600w, https:\/\/www.czqunfa.com\/wp-content\/uploads\/2025\/12\/turkish-style-wholesale-ceramic-dinnerware-custom-pattern-tableware-3-100x100.webp 100w\" sizes=\"(max-width: 800px) 100vw, 800px\" \/><\/figure>\n<\/div>\n<\/div>\n\n\n\n<figure class=\"wp-block-gallery has-nested-images columns-default is-cropped wp-block-gallery-1 is-layout-flex wp-block-gallery-is-layout-flex\">\n<figure class=\"wp-block-image size-full\"><img decoding=\"async\" width=\"800\" height=\"800\" data-id=\"1179\" src=\"https:\/\/www.czqunfa.com\/wp-content\/uploads\/2025\/12\/turkish-style-wholesale-ceramic-dinnerware-custom-pattern-tableware-2.webp\" alt=\"lou\u00e7a de cer\u00e2mica por atacado ao estilo turco, lou\u00e7a com padr\u00e3o personalizado, 2\" class=\"wp-image-1179\" srcset=\"https:\/\/www.czqunfa.com\/wp-content\/uploads\/2025\/12\/turkish-style-wholesale-ceramic-dinnerware-custom-pattern-tableware-2.webp 800w, https:\/\/www.czqunfa.com\/wp-content\/uploads\/2025\/12\/turkish-style-wholesale-ceramic-dinnerware-custom-pattern-tableware-2-300x300.webp 300w, https:\/\/www.czqunfa.com\/wp-content\/uploads\/2025\/12\/turkish-style-wholesale-ceramic-dinnerware-custom-pattern-tableware-2-150x150.webp 150w, https:\/\/www.czqunfa.com\/wp-content\/uploads\/2025\/12\/turkish-style-wholesale-ceramic-dinnerware-custom-pattern-tableware-2-768x768.webp 768w, https:\/\/www.czqunfa.com\/wp-content\/uploads\/2025\/12\/turkish-style-wholesale-ceramic-dinnerware-custom-pattern-tableware-2-600x600.webp 600w, https:\/\/www.czqunfa.com\/wp-content\/uploads\/2025\/12\/turkish-style-wholesale-ceramic-dinnerware-custom-pattern-tableware-2-100x100.webp 100w\" sizes=\"(max-width: 800px) 100vw, 800px\" \/><\/figure>\n\n\n\n<figure class=\"wp-block-image size-full\"><img decoding=\"async\" width=\"800\" height=\"800\" data-id=\"1181\" src=\"https:\/\/www.czqunfa.com\/wp-content\/uploads\/2025\/12\/turkish-style-wholesale-ceramic-dinnerware-custom-pattern-tableware-4.webp\" alt=\"lou\u00e7a de cer\u00e2mica por atacado ao estilo turco, lou\u00e7a de mesa com padr\u00e3o personalizado 4\" class=\"wp-image-1181\" srcset=\"https:\/\/www.czqunfa.com\/wp-content\/uploads\/2025\/12\/turkish-style-wholesale-ceramic-dinnerware-custom-pattern-tableware-4.webp 800w, https:\/\/www.czqunfa.com\/wp-content\/uploads\/2025\/12\/turkish-style-wholesale-ceramic-dinnerware-custom-pattern-tableware-4-300x300.webp 300w, https:\/\/www.czqunfa.com\/wp-content\/uploads\/2025\/12\/turkish-style-wholesale-ceramic-dinnerware-custom-pattern-tableware-4-150x150.webp 150w, https:\/\/www.czqunfa.com\/wp-content\/uploads\/2025\/12\/turkish-style-wholesale-ceramic-dinnerware-custom-pattern-tableware-4-768x768.webp 768w, https:\/\/www.czqunfa.com\/wp-content\/uploads\/2025\/12\/turkish-style-wholesale-ceramic-dinnerware-custom-pattern-tableware-4-600x600.webp 600w, https:\/\/www.czqunfa.com\/wp-content\/uploads\/2025\/12\/turkish-style-wholesale-ceramic-dinnerware-custom-pattern-tableware-4-100x100.webp 100w\" sizes=\"(max-width: 800px) 100vw, 800px\" \/><\/figure>\n<\/figure>\n\n\n\n<p><\/p>","protected":false},"excerpt":{"rendered":"<p>Bem-vindo \u00e0 compra deste servi\u00e7o de lou\u00e7a de cer\u00e2mica por atacado em estilo turco, com ricos padr\u00f5es tradicionais e designs personaliz\u00e1veis. Feito de cer\u00e2mica dur\u00e1vel e de alta temperatura, este servi\u00e7o de mesa com padr\u00f5es oferece servi\u00e7os OEM\/ODM, incluindo cores personalizadas, motivos e impress\u00e3o de log\u00f3tipos. Ideal para importadores, marcas, hot\u00e9is, restaurantes e retalhistas que procuram lou\u00e7a de cer\u00e2mica distinta e de alta qualidade para compra a granel.<\/p>\n<h2>Par\u00e2metros de lou\u00e7as de cer\u00e2mica para revenda<\/h2>\n<table width=\"328\">\n<tbody>\n<tr>\n<td width=\"116\">Fabricante<\/td>\n<td width=\"211\">QUNFA<\/td>\n<\/tr>\n<tr>\n<td width=\"116\">Tipo de produto<\/td>\n<td>Conjunto de lou\u00e7a<\/td>\n<\/tr>\n<tr>\n<td width=\"116\">Modelo n.\u00ba.<\/td>\n<td width=\"211\">2433BL<\/td>\n<\/tr>\n<tr>\n<td width=\"116\">Material<\/td>\n<td width=\"211\">Gr\u00e9s<\/td>\n<\/tr>\n<tr>\n<td width=\"116\">Cor<\/td>\n<td width=\"211\">Azul<\/td>\n<\/tr>\n<tr>\n<td width=\"116\">Dimens\u00e3o<\/td>\n<td width=\"211\">\u00a0Prato de 8 polegadas: 20,3 x 20,3 x 1,9 cm<br \/>10,5\u201c placa: 26,7*26,7*3,5 cm<br \/>Tigela redonda de 7,5\u201d: 19,1 x 19,1 x 4,8 cm<br \/>Caneca de 14 oz: 12,7 x 9,8 x 9 cm<br \/>Prato redondo de 5,6 polegadas: 14,3 x 14,3 x 6,7 cm<\/td>\n<\/tr>\n<tr>\n<td width=\"116\">Quantidade m\u00ednima de encomenda<\/td>\n<td width=\"211\">1000 unidades<\/td>\n<\/tr>\n<tr>\n<td width=\"116\">Personalizado<\/td>\n<td width=\"211\">Cor\/Tamanho\/Log\u00f3tipo\/Embalagem\/Forma<\/td>\n<\/tr>\n<\/tbody>\n<\/table>","protected":false},"featured_media":1182,"comment_status":"closed","ping_status":"closed","template":"","meta":{"_acf_changed":false},"product_brand":[],"product_cat":[20,25],"product_tag":[],"class_list":{"0":"post-1176","1":"product","2":"type-product","3":"status-publish","4":"has-post-thumbnail","6":"product_cat-dinnerware-supplier","7":"product_cat-dinner-set-supplier","9":"first","10":"instock","11":"shipping-taxable","12":"product-type-simple"},"acf":[],"_links":{"self":[{"href":"https:\/\/www.czqunfa.com\/pt\/wp-json\/wp\/v2\/product\/1176","targetHints":{"allow":["GET"]}}],"collection":[{"href":"https:\/\/www.czqunfa.com\/pt\/wp-json\/wp\/v2\/product"}],"about":[{"href":"https:\/\/www.czqunfa.com\/pt\/wp-json\/wp\/v2\/types\/product"}],"replies":[{"embeddable":true,"href":"https:\/\/www.czqunfa.com\/pt\/wp-json\/wp\/v2\/comments?post=1176"}],"wp:featuredmedia":[{"embeddable":true,"href":"https:\/\/www.czqunfa.com\/pt\/wp-json\/wp\/v2\/media\/1182"}],"wp:attachment":[{"href":"https:\/\/www.czqunfa.com\/pt\/wp-json\/wp\/v2\/media?parent=1176"}],"wp:term":[{"taxonomy":"product_brand","embeddable":true,"href":"https:\/\/www.czqunfa.com\/pt\/wp-json\/wp\/v2\/product_brand?post=1176"},{"taxonomy":"product_cat","embeddable":true,"href":"https:\/\/www.czqunfa.com\/pt\/wp-json\/wp\/v2\/product_cat?post=1176"},{"taxonomy":"product_tag","embeddable":true,"href":"https:\/\/www.czqunfa.com\/pt\/wp-json\/wp\/v2\/product_tag?post=1176"}],"curies":[{"name":"wp","href":"https:\/\/api.w.org\/{rel}","templated":true}]}}