{"id":1159,"date":"2025-12-26T06:37:10","date_gmt":"2025-12-26T06:37:10","guid":{"rendered":"https:\/\/www.czqunfa.com\/?post_type=product&#038;p=1159"},"modified":"2025-12-26T07:09:51","modified_gmt":"2025-12-26T07:09:51","slug":"wholesale-pet-bowls","status":"publish","type":"product","link":"https:\/\/www.czqunfa.com\/pt\/produto\/wholesale-pet-bowls\/","title":{"rendered":"Ta\u00e7as para animais de estima\u00e7\u00e3o por grosso, ta\u00e7a de cer\u00e2mica para c\u00e3es a granel com suporte de ferro"},"content":{"rendered":"<div class=\"wp-block-columns is-layout-flex wp-container-core-columns-is-layout-9d6595d7 wp-block-columns-is-layout-flex\">\n<div class=\"wp-block-column is-layout-flow wp-block-column-is-layout-flow\">\n<h2 class=\"wp-block-heading\">Caracter\u00edsticas das tigelas para animais de estima\u00e7\u00e3o por grosso<\/h2>\n\n\n\n<ul class=\"wp-block-list\">\n<li><strong>Ta\u00e7as de cer\u00e2mica de alta qualidade, adequadas para alimentos: <\/strong>Estas tigelas para animais de estima\u00e7\u00e3o s\u00e3o fabricadas em cer\u00e2mica premium cuidadosamente selecionada, densas e resistentes, com uma superf\u00edcie lisa, oferecendo excelente resist\u00eancia ao calor e ao frio, al\u00e9m de serem seguras, inodoras e dur\u00e1veis.<\/li>\n\n\n\n<li><strong>Design saud\u00e1vel para alimenta\u00e7\u00e3o com levantamento:<\/strong> Estas tigelas para animais de estima\u00e7\u00e3o vendidas por grosso v\u00eam com um suporte arqueado de ferro preto resistente que eleva a tigela a uma altura adequada (aproximadamente 9 cm), ajudando os animais de estima\u00e7\u00e3o a manter uma postura natural da coluna vertebral enquanto comem, promovendo a digest\u00e3o e reduzindo a tens\u00e3o no pesco\u00e7o.<\/li>\n\n\n\n<li><strong>Divis\u00f3rias funcionais e avisos inteligentes: <\/strong>Estas tigelas para animais de estima\u00e7\u00e3o vendidas por grosso apresentam um design duplo, distinguindo claramente entre as fun\u00e7\u00f5es \u201cBeber\u201d e \u201cSede\u201d. As tigelas tamb\u00e9m apresentam padr\u00f5es atraentes com pegadas de patas para orientar os animais de estima\u00e7\u00e3o e adicionar divers\u00e3o.<\/li>\n\n\n\n<li><strong>Design est\u00e1vel, seguro e antiderrapante:<\/strong> Estas tigelas de cer\u00e2mica para c\u00e3es t\u00eam um suporte de ferro est\u00e1vel, antiderrapante e resistente. O fundo plano da tigela de cer\u00e2mica garante estabilidade e evita que ela tombe enquanto o animal est\u00e1 a comer.<\/li>\n\n\n\n<li><strong>Grande capacidade: <\/strong>Estas tigelas de cer\u00e2mica para c\u00e3es t\u00eam uma capacidade de 1000 ml, atendendo \u00e0s necessidades di\u00e1rias de fam\u00edlias com v\u00e1rios animais de estima\u00e7\u00e3o, lojas de animais, hot\u00e9is para animais e outros estabelecimentos comerciais que atendem c\u00e3es ou gatos de m\u00e9dio a grande porte.<\/li>\n<\/ul>\n<\/div>\n\n\n\n<div class=\"wp-block-column is-layout-flow wp-block-column-is-layout-flow\">\n<figure class=\"wp-block-image size-full\"><img decoding=\"async\" width=\"960\" height=\"960\" src=\"https:\/\/www.czqunfa.com\/wp-content\/uploads\/2025\/12\/wholesale-pet-bowls-bulk-ceramic-dog-bowls-with-iron-arched-support-2.webp\" alt=\"venda por grosso de tigelas para animais de estima\u00e7\u00e3o, tigelas de cer\u00e2mica para c\u00e3es a granel com suporte arqueado em ferro 2\" class=\"wp-image-1161\" srcset=\"https:\/\/www.czqunfa.com\/wp-content\/uploads\/2025\/12\/wholesale-pet-bowls-bulk-ceramic-dog-bowls-with-iron-arched-support-2.webp 960w, https:\/\/www.czqunfa.com\/wp-content\/uploads\/2025\/12\/wholesale-pet-bowls-bulk-ceramic-dog-bowls-with-iron-arched-support-2-300x300.webp 300w, https:\/\/www.czqunfa.com\/wp-content\/uploads\/2025\/12\/wholesale-pet-bowls-bulk-ceramic-dog-bowls-with-iron-arched-support-2-150x150.webp 150w, https:\/\/www.czqunfa.com\/wp-content\/uploads\/2025\/12\/wholesale-pet-bowls-bulk-ceramic-dog-bowls-with-iron-arched-support-2-768x768.webp 768w, https:\/\/www.czqunfa.com\/wp-content\/uploads\/2025\/12\/wholesale-pet-bowls-bulk-ceramic-dog-bowls-with-iron-arched-support-2-600x600.webp 600w, https:\/\/www.czqunfa.com\/wp-content\/uploads\/2025\/12\/wholesale-pet-bowls-bulk-ceramic-dog-bowls-with-iron-arched-support-2-100x100.webp 100w\" sizes=\"(max-width: 960px) 100vw, 960px\" \/><\/figure>\n<\/div>\n<\/div>\n\n\n\n<figure class=\"wp-block-gallery has-nested-images columns-default is-cropped wp-block-gallery-1 is-layout-flex wp-block-gallery-is-layout-flex\">\n<figure class=\"wp-block-image size-full\"><img decoding=\"async\" width=\"960\" height=\"960\" data-id=\"1162\" src=\"https:\/\/www.czqunfa.com\/wp-content\/uploads\/2025\/12\/wholesale-pet-bowls-bulk-ceramic-dog-bowls-with-iron-arched-support-3.webp\" alt=\"venda por grosso de tigelas para animais de estima\u00e7\u00e3o, tigelas de cer\u00e2mica para c\u00e3es a granel com suporte arqueado em ferro 3\" class=\"wp-image-1162\" srcset=\"https:\/\/www.czqunfa.com\/wp-content\/uploads\/2025\/12\/wholesale-pet-bowls-bulk-ceramic-dog-bowls-with-iron-arched-support-3.webp 960w, https:\/\/www.czqunfa.com\/wp-content\/uploads\/2025\/12\/wholesale-pet-bowls-bulk-ceramic-dog-bowls-with-iron-arched-support-3-300x300.webp 300w, https:\/\/www.czqunfa.com\/wp-content\/uploads\/2025\/12\/wholesale-pet-bowls-bulk-ceramic-dog-bowls-with-iron-arched-support-3-150x150.webp 150w, https:\/\/www.czqunfa.com\/wp-content\/uploads\/2025\/12\/wholesale-pet-bowls-bulk-ceramic-dog-bowls-with-iron-arched-support-3-768x768.webp 768w, https:\/\/www.czqunfa.com\/wp-content\/uploads\/2025\/12\/wholesale-pet-bowls-bulk-ceramic-dog-bowls-with-iron-arched-support-3-600x600.webp 600w, https:\/\/www.czqunfa.com\/wp-content\/uploads\/2025\/12\/wholesale-pet-bowls-bulk-ceramic-dog-bowls-with-iron-arched-support-3-100x100.webp 100w\" sizes=\"(max-width: 960px) 100vw, 960px\" \/><\/figure>\n\n\n\n<figure class=\"wp-block-image size-full\"><img decoding=\"async\" width=\"960\" height=\"960\" data-id=\"1163\" src=\"https:\/\/www.czqunfa.com\/wp-content\/uploads\/2025\/12\/wholesale-pet-bowls-bulk-ceramic-dog-bowls-with-iron-arched-support-4.webp\" alt=\"venda por grosso de tigelas para animais de estima\u00e7\u00e3o, tigelas de cer\u00e2mica para c\u00e3es a granel com suporte arqueado em ferro 4\" class=\"wp-image-1163\" srcset=\"https:\/\/www.czqunfa.com\/wp-content\/uploads\/2025\/12\/wholesale-pet-bowls-bulk-ceramic-dog-bowls-with-iron-arched-support-4.webp 960w, https:\/\/www.czqunfa.com\/wp-content\/uploads\/2025\/12\/wholesale-pet-bowls-bulk-ceramic-dog-bowls-with-iron-arched-support-4-300x300.webp 300w, https:\/\/www.czqunfa.com\/wp-content\/uploads\/2025\/12\/wholesale-pet-bowls-bulk-ceramic-dog-bowls-with-iron-arched-support-4-150x150.webp 150w, https:\/\/www.czqunfa.com\/wp-content\/uploads\/2025\/12\/wholesale-pet-bowls-bulk-ceramic-dog-bowls-with-iron-arched-support-4-768x768.webp 768w, https:\/\/www.czqunfa.com\/wp-content\/uploads\/2025\/12\/wholesale-pet-bowls-bulk-ceramic-dog-bowls-with-iron-arched-support-4-600x600.webp 600w, https:\/\/www.czqunfa.com\/wp-content\/uploads\/2025\/12\/wholesale-pet-bowls-bulk-ceramic-dog-bowls-with-iron-arched-support-4-100x100.webp 100w\" sizes=\"(max-width: 960px) 100vw, 960px\" \/><\/figure>\n<\/figure>\n\n\n\n<p><\/p>","protected":false},"excerpt":{"rendered":"<p>Bem-vindo \u00e0 compra destas tigelas para animais de estima\u00e7\u00e3o por atacado com suporte arqueado de ferro, perfeitas para uso a longo prazo, est\u00e1veis e alimenta\u00e7\u00e3o elevada. Esta tigela de cer\u00e2mica para c\u00e3es a granel tem uma tigela de cer\u00e2mica remov\u00edvel e um suporte de ferro resistente, que se adapta a diferentes situa\u00e7\u00f5es de alimenta\u00e7\u00e3o, perfeita para marcas de animais de estima\u00e7\u00e3o, distribuidores e retalhistas no mercado grossista que desejam fornecer aos clientes solu\u00e7\u00f5es de alimenta\u00e7\u00e3o personaliz\u00e1veis e de alta qualidade.<\/p>\n<h2>Par\u00e2metros das tigelas para animais de estima\u00e7\u00e3o por grosso<\/h2>\n<table border=\"0\" width=\"328\" cellspacing=\"0\" cellpadding=\"0\">\n<tbody>\n<tr>\n<td width=\"116\" height=\"17\">Fabricante<\/td>\n<td width=\"211\">QUNFA<\/td>\n<\/tr>\n<tr>\n<td width=\"116\" height=\"17\">Tipo de produto<\/td>\n<td>Ta\u00e7as elevadas para animais de estima\u00e7\u00e3o, ta\u00e7as duplas para animais de estima\u00e7\u00e3o<\/td>\n<\/tr>\n<tr>\n<td width=\"116\" height=\"17\">Modelo n.\u00ba.<\/td>\n<td width=\"211\">QF22CW-25<\/td>\n<\/tr>\n<tr>\n<td width=\"116\" height=\"17\">Material<\/td>\n<td width=\"211\">Gr\u00e9s<\/td>\n<\/tr>\n<tr>\n<td width=\"116\" height=\"17\">Cor<\/td>\n<td width=\"211\">Branco<\/td>\n<\/tr>\n<tr>\n<td width=\"116\" height=\"31\">Dimens\u00e3o<\/td>\n<td width=\"211\">Ta\u00e7a: 15,5 x 15,5 x 6,5 cm<br \/>Suporte de ferro: 34,3 x 16 x 9 cm<\/td>\n<\/tr>\n<tr>\n<td width=\"116\" height=\"17\">Quantidade m\u00ednima de encomenda<\/td>\n<td width=\"211\">1000 unidades<\/td>\n<\/tr>\n<tr>\n<td width=\"116\" height=\"17\">Personalizado<\/td>\n<td width=\"211\">Cor\/Tamanho\/Log\u00f3tipo\/Embalagem\/Forma<\/td>\n<\/tr>\n<\/tbody>\n<\/table>","protected":false},"featured_media":1165,"comment_status":"closed","ping_status":"closed","template":"","meta":{"_acf_changed":false},"product_brand":[],"product_cat":[16,52,51],"product_tag":[],"class_list":{"0":"post-1159","1":"product","2":"type-product","3":"status-publish","4":"has-post-thumbnail","6":"product_cat-pet-bowl-manufacturer","7":"product_cat-double-pet-bowl-factory","8":"product_cat-raised-pet-bowls-wholesale","10":"first","11":"instock","12":"shipping-taxable","13":"product-type-simple"},"acf":[],"_links":{"self":[{"href":"https:\/\/www.czqunfa.com\/pt\/wp-json\/wp\/v2\/product\/1159","targetHints":{"allow":["GET"]}}],"collection":[{"href":"https:\/\/www.czqunfa.com\/pt\/wp-json\/wp\/v2\/product"}],"about":[{"href":"https:\/\/www.czqunfa.com\/pt\/wp-json\/wp\/v2\/types\/product"}],"replies":[{"embeddable":true,"href":"https:\/\/www.czqunfa.com\/pt\/wp-json\/wp\/v2\/comments?post=1159"}],"wp:featuredmedia":[{"embeddable":true,"href":"https:\/\/www.czqunfa.com\/pt\/wp-json\/wp\/v2\/media\/1165"}],"wp:attachment":[{"href":"https:\/\/www.czqunfa.com\/pt\/wp-json\/wp\/v2\/media?parent=1159"}],"wp:term":[{"taxonomy":"product_brand","embeddable":true,"href":"https:\/\/www.czqunfa.com\/pt\/wp-json\/wp\/v2\/product_brand?post=1159"},{"taxonomy":"product_cat","embeddable":true,"href":"https:\/\/www.czqunfa.com\/pt\/wp-json\/wp\/v2\/product_cat?post=1159"},{"taxonomy":"product_tag","embeddable":true,"href":"https:\/\/www.czqunfa.com\/pt\/wp-json\/wp\/v2\/product_tag?post=1159"}],"curies":[{"name":"wp","href":"https:\/\/api.w.org\/{rel}","templated":true}]}}