{"id":1104,"date":"2025-12-25T09:51:01","date_gmt":"2025-12-25T09:51:01","guid":{"rendered":"https:\/\/www.tongdeceramic.com\/?post_type=product&#038;p=1104"},"modified":"2025-12-25T09:51:02","modified_gmt":"2025-12-25T09:51:02","slug":"custom-baking-pans","status":"publish","type":"product","link":"https:\/\/www.czqunfa.com\/pt\/produto\/custom-baking-pans\/","title":{"rendered":"Tabuleiros de cozedura personalizados, tabuleiros redondos de cer\u00e2mica para cozedura por grosso"},"content":{"rendered":"<div class=\"wp-block-columns is-layout-flex wp-container-core-columns-is-layout-9d6595d7 wp-block-columns-is-layout-flex\">\n<div class=\"wp-block-column is-layout-flow wp-block-column-is-layout-flow\">\n<h2 class=\"wp-block-heading\">Carater\u00edsticas das formas personalizadas<\/h2>\n\n\n\n<ul class=\"wp-block-list\">\n<li><strong>Material cer\u00e2mico de alta qualidade:<\/strong> Estes tabuleiros personalizados s\u00e3o feitos de gr\u00e9s resistente ao calor de alta qualidade, cozido a alta temperatura, a densidade de desenho, resistente ao calor e ao frio, adequado para cozedura frequente e utiliza\u00e7\u00e3o comercial.<\/li>\n\n\n\n<li><strong>Design anti-escaldante de orelha dupla:<\/strong> As formas personalizadas possuem pegas arredondadas integradas em ambos os lados para uma eleva\u00e7\u00e3o segura e uma preven\u00e7\u00e3o eficaz contra escald\u00f5es, tornando-as especialmente adequadas para uma remo\u00e7\u00e3o segura de fornos de alta temperatura.<\/li>\n\n\n\n<li><strong>Cores do macaron:<\/strong> Estes pratos de cer\u00e2mica para assar por atacado est\u00e3o dispon\u00edveis numa variedade de cores suaves e mate, incluindo verde, bege, rosa e azul. O esmalte suave e a cor uniforme unificam o estilo dos utens\u00edlios de mesa, melhoram o apelo est\u00e9tico da apresenta\u00e7\u00e3o dos alimentos e s\u00e3o adequados para a personaliza\u00e7\u00e3o da marca, expositores de retalho e conjuntos de oferta.<\/li>\n\n\n\n<li><strong>Limpeza extremamente f\u00e1cil: <\/strong>O esmalte liso no interior e no exterior evita que o \u00f3leo e a gordura adiram, os nossos tabuleiros de cer\u00e2mica por atacado, permitindo uma lavagem f\u00e1cil e r\u00e1pida. Totalmente compat\u00edvel com a m\u00e1quina de lavar loi\u00e7a, \u00e9 altamente eficiente na limpeza e mant\u00e9m os alimentos com um aspeto novo durante muito tempo.<\/li>\n\n\n\n<li><strong>Suporte para venda por atacado e personaliza\u00e7\u00e3o: <\/strong>As nossas formas personalizadas s\u00e3o adequadas para compras a granel e suportam op\u00e7\u00f5es de personaliza\u00e7\u00e3o de cores, esmaltes, log\u00f3tipos e embalagens para satisfazer as diversas necessidades dos propriet\u00e1rios de marcas, importadores e distribuidores.<\/li>\n<\/ul>\n<\/div>\n\n\n\n<div class=\"wp-block-column is-layout-flow wp-block-column-is-layout-flow\">\n<figure class=\"wp-block-image size-full\"><img decoding=\"async\" width=\"800\" height=\"800\" src=\"https:\/\/www.czqunfa.com\/wp-content\/uploads\/2025\/12\/custom-baking-pans-round-ceramic-baking-dishes-wholesale-5.webp\" alt=\"assadeiras personalizadas-pratos redondos de cer\u00e2mica para assar-venda por grosso-5\" class=\"wp-image-1119\" srcset=\"https:\/\/www.czqunfa.com\/wp-content\/uploads\/2025\/12\/custom-baking-pans-round-ceramic-baking-dishes-wholesale-5.webp 800w, https:\/\/www.czqunfa.com\/wp-content\/uploads\/2025\/12\/custom-baking-pans-round-ceramic-baking-dishes-wholesale-5-300x300.webp 300w, https:\/\/www.czqunfa.com\/wp-content\/uploads\/2025\/12\/custom-baking-pans-round-ceramic-baking-dishes-wholesale-5-150x150.webp 150w, https:\/\/www.czqunfa.com\/wp-content\/uploads\/2025\/12\/custom-baking-pans-round-ceramic-baking-dishes-wholesale-5-768x768.webp 768w, https:\/\/www.czqunfa.com\/wp-content\/uploads\/2025\/12\/custom-baking-pans-round-ceramic-baking-dishes-wholesale-5-600x600.webp 600w, https:\/\/www.czqunfa.com\/wp-content\/uploads\/2025\/12\/custom-baking-pans-round-ceramic-baking-dishes-wholesale-5-100x100.webp 100w\" sizes=\"(max-width: 800px) 100vw, 800px\" \/><\/figure>\n<\/div>\n<\/div>\n\n\n\n<figure class=\"wp-block-gallery has-nested-images columns-default is-cropped wp-block-gallery-1 is-layout-flex wp-block-gallery-is-layout-flex\">\n<figure class=\"wp-block-image size-full\"><img decoding=\"async\" width=\"800\" height=\"800\" data-id=\"1115\" src=\"https:\/\/www.czqunfa.com\/wp-content\/uploads\/2025\/12\/custom-baking-pans-round-ceramic-baking-dishes-wholesale-1.webp\" alt=\"assadeiras personalizadas - pratos redondos de cer\u00e2mica para assar - grossista-1\" class=\"wp-image-1115\" srcset=\"https:\/\/www.czqunfa.com\/wp-content\/uploads\/2025\/12\/custom-baking-pans-round-ceramic-baking-dishes-wholesale-1.webp 800w, https:\/\/www.czqunfa.com\/wp-content\/uploads\/2025\/12\/custom-baking-pans-round-ceramic-baking-dishes-wholesale-1-300x300.webp 300w, https:\/\/www.czqunfa.com\/wp-content\/uploads\/2025\/12\/custom-baking-pans-round-ceramic-baking-dishes-wholesale-1-150x150.webp 150w, https:\/\/www.czqunfa.com\/wp-content\/uploads\/2025\/12\/custom-baking-pans-round-ceramic-baking-dishes-wholesale-1-768x768.webp 768w, https:\/\/www.czqunfa.com\/wp-content\/uploads\/2025\/12\/custom-baking-pans-round-ceramic-baking-dishes-wholesale-1-600x600.webp 600w, https:\/\/www.czqunfa.com\/wp-content\/uploads\/2025\/12\/custom-baking-pans-round-ceramic-baking-dishes-wholesale-1-100x100.webp 100w\" sizes=\"(max-width: 800px) 100vw, 800px\" \/><\/figure>\n\n\n\n<figure class=\"wp-block-image size-full\"><img decoding=\"async\" width=\"800\" height=\"800\" data-id=\"1116\" src=\"https:\/\/www.czqunfa.com\/wp-content\/uploads\/2025\/12\/custom-baking-pans-round-ceramic-baking-dishes-wholesale-2.webp\" alt=\"assadeiras personalizadas-pratos redondos de cer\u00e2mica para assar-venda por grosso-2\" class=\"wp-image-1116\" srcset=\"https:\/\/www.czqunfa.com\/wp-content\/uploads\/2025\/12\/custom-baking-pans-round-ceramic-baking-dishes-wholesale-2.webp 800w, https:\/\/www.czqunfa.com\/wp-content\/uploads\/2025\/12\/custom-baking-pans-round-ceramic-baking-dishes-wholesale-2-300x300.webp 300w, https:\/\/www.czqunfa.com\/wp-content\/uploads\/2025\/12\/custom-baking-pans-round-ceramic-baking-dishes-wholesale-2-150x150.webp 150w, https:\/\/www.czqunfa.com\/wp-content\/uploads\/2025\/12\/custom-baking-pans-round-ceramic-baking-dishes-wholesale-2-768x768.webp 768w, https:\/\/www.czqunfa.com\/wp-content\/uploads\/2025\/12\/custom-baking-pans-round-ceramic-baking-dishes-wholesale-2-600x600.webp 600w, https:\/\/www.czqunfa.com\/wp-content\/uploads\/2025\/12\/custom-baking-pans-round-ceramic-baking-dishes-wholesale-2-100x100.webp 100w\" sizes=\"(max-width: 800px) 100vw, 800px\" \/><\/figure>\n<\/figure>\n\n\n\n<p><\/p>","protected":false},"excerpt":{"rendered":"<p>Bem-vindo ao comprar as nossas formas personalizadas com pegas duplas, dispon\u00edveis em dois tamanhos e numa variedade de cores suaves e mate. Fabricadas em cer\u00e2mica de qualidade comercial, s\u00e3o resistentes ao calor e \u00e0s mudan\u00e7as bruscas de temperatura. As pegas duplas s\u00e3o resistentes ao calor, f\u00e1ceis de remover, podem ser lavadas na m\u00e1quina de lavar lou\u00e7a e no micro-ondas. Tamb\u00e9m podem ir ao forno. Ideal para padarias, restaurantes, caf\u00e9s e hot\u00e9is para melhorar a efici\u00eancia da prepara\u00e7\u00e3o de alimentos e o aspeto visual.<\/p>\n<h2>Par\u00e2metro de formas personalizadas<\/h2>\n<table border=\"0\" width=\"328\" cellspacing=\"0\" cellpadding=\"0\">\n<tbody>\n<tr>\n<td width=\"116\" height=\"16\">Fabricante<\/td>\n<td width=\"211\">QUNFA<\/td>\n<\/tr>\n<tr>\n<td width=\"116\" height=\"16\">Tipo de produto<\/td>\n<td>Assadeira<\/td>\n<\/tr>\n<tr>\n<td width=\"116\" height=\"16\">Modelo n.\u00ba.<\/td>\n<td width=\"211\">23-2170BL<\/td>\n<\/tr>\n<tr>\n<td width=\"116\" height=\"16\">Material<\/td>\n<td width=\"211\">Gr\u00e9s<\/td>\n<\/tr>\n<tr>\n<td width=\"116\" height=\"16\">Cor<\/td>\n<td width=\"211\">Azul, verde, amarelo, cor-de-rosa<\/td>\n<\/tr>\n<tr>\n<td width=\"116\" height=\"31\">Dimens\u00e3o<\/td>\n<td width=\"211\">S:14,5*12*4CM<br \/>M:16,7*14,5*5CM<\/td>\n<\/tr>\n<tr>\n<td width=\"116\" height=\"16\">Quantidade m\u00ednima de encomenda<\/td>\n<td width=\"211\">1000 unidades<\/td>\n<\/tr>\n<tr>\n<td width=\"116\" height=\"16\">Personalizado<\/td>\n<td width=\"211\">Cor\/Tamanho\/Log\u00f3tipo\/Embalagem\/Forma<\/td>\n<\/tr>\n<\/tbody>\n<\/table>","protected":false},"featured_media":1120,"comment_status":"closed","ping_status":"closed","template":"","meta":{"_acf_changed":false},"product_brand":[],"product_cat":[22,23],"product_tag":[],"class_list":{"0":"post-1104","1":"product","2":"type-product","3":"status-publish","4":"has-post-thumbnail","6":"product_cat-bakeware-manufacturer","7":"product_cat-wholesale-baking-dishes","9":"first","10":"instock","11":"shipping-taxable","12":"product-type-simple"},"acf":[],"_links":{"self":[{"href":"https:\/\/www.czqunfa.com\/pt\/wp-json\/wp\/v2\/product\/1104","targetHints":{"allow":["GET"]}}],"collection":[{"href":"https:\/\/www.czqunfa.com\/pt\/wp-json\/wp\/v2\/product"}],"about":[{"href":"https:\/\/www.czqunfa.com\/pt\/wp-json\/wp\/v2\/types\/product"}],"replies":[{"embeddable":true,"href":"https:\/\/www.czqunfa.com\/pt\/wp-json\/wp\/v2\/comments?post=1104"}],"wp:featuredmedia":[{"embeddable":true,"href":"https:\/\/www.czqunfa.com\/pt\/wp-json\/wp\/v2\/media\/1120"}],"wp:attachment":[{"href":"https:\/\/www.czqunfa.com\/pt\/wp-json\/wp\/v2\/media?parent=1104"}],"wp:term":[{"taxonomy":"product_brand","embeddable":true,"href":"https:\/\/www.czqunfa.com\/pt\/wp-json\/wp\/v2\/product_brand?post=1104"},{"taxonomy":"product_cat","embeddable":true,"href":"https:\/\/www.czqunfa.com\/pt\/wp-json\/wp\/v2\/product_cat?post=1104"},{"taxonomy":"product_tag","embeddable":true,"href":"https:\/\/www.czqunfa.com\/pt\/wp-json\/wp\/v2\/product_tag?post=1104"}],"curies":[{"name":"wp","href":"https:\/\/api.w.org\/{rel}","templated":true}]}}