{"id":1058,"date":"2025-12-25T02:26:06","date_gmt":"2025-12-25T02:26:06","guid":{"rendered":"https:\/\/www.tongdeceramic.com\/?post_type=product&#038;p=1058"},"modified":"2025-12-25T03:30:04","modified_gmt":"2025-12-25T03:30:04","slug":"custom-ramekin","status":"publish","type":"product","link":"https:\/\/www.czqunfa.com\/pt\/produto\/custom-ramekin\/","title":{"rendered":"Conjunto exclusivo de 2 ramequins personalizados, forminhas de cer\u00e2mica para bolos, venda por grosso"},"content":{"rendered":"<div class=\"wp-block-columns is-layout-flex wp-container-core-columns-is-layout-9d6595d7 wp-block-columns-is-layout-flex\">\n<div class=\"wp-block-column is-layout-flow wp-block-column-is-layout-flow\">\n<h2 class=\"wp-block-heading\">Caracter\u00edsticas do Ramekin personalizado<\/h2>\n\n\n\n<ul class=\"wp-block-list\">\n<li><strong>Cer\u00e2mica dur\u00e1vel de alta qualidade:<\/strong> Este ramequim personalizado \u00e9 feito de gr\u00e9s de alta qualidade; tem uma textura resistente e grande resist\u00eancia ao choque t\u00e9rmico. \u00c9 suficientemente dur\u00e1vel para suportar altas temperaturas no forno e aquecimento no micro-ondas.<\/li>\n\n\n\n<li><strong>Designs divertidos com dois temas: <\/strong>Este ramequim personalizado inclui dois designs exclusivos (2 no total). Um apresenta um divertido padr\u00e3o de fantasmas e ab\u00f3boras, adequado para o Halloween ou festas tem\u00e1ticas; o outro apresenta um design simples e moderno com riscas vermelhas e amarelas, com cores brilhantes e vibrantes. Dois estilos que atendem a diversas necessidades est\u00e9ticas e ocasi\u00f5es.<\/li>\n\n\n\n<li><strong>EasyCleaning de n\u00edvel comercial:<\/strong> Este ramequim personalizado apresenta um interior e exterior com esmalte liso que o tornam resistente a manchas e permite uma lavagem f\u00e1cil e r\u00e1pida. Al\u00e9m disso, tamb\u00e9m pode ser lavado na m\u00e1quina de lavar lou\u00e7a, o que facilita a limpeza e \u00e9 perfeito para uso comercial intensivo.<\/li>\n\n\n\n<li><strong>Caixa multifuncional Tiny Box:<\/strong> Devido ao seu formato cil\u00edndrico com a parte superior aberta, este conjunto de forminhas de cer\u00e2mica para bolos \u00e9 perfeito para assar bolos individuais, pudim de chocolate, creme assado ou sufl\u00ea. Podem ser utilizadas como saladeiras, ta\u00e7as para snacks ou at\u00e9 mesmo para servir molhos.<\/li>\n\n\n\n<li><strong>Vantagens do conjunto por grosso:<\/strong> Este ramequim personalizado, vendido em um conjunto de dois na forma de atacado, oferece uma op\u00e7\u00e3o de compra econ\u00f4mica para clientes B2B, como caf\u00e9s, padarias e restaurantes. O design padronizado facilita a cria\u00e7\u00e3o de menus serializados ou brindes promocionais.<\/li>\n<\/ul>\n<\/div>\n\n\n\n<div class=\"wp-block-column is-layout-flow wp-block-column-is-layout-flow\">\n<figure class=\"wp-block-image size-full\"><img decoding=\"async\" width=\"800\" height=\"800\" src=\"https:\/\/www.czqunfa.com\/wp-content\/uploads\/2025\/12\/unique-custom-ramekin-ceramic-cake-cups-wholesale-set-of-2-5.webp\" alt=\"conjunto exclusivo de 2 forminhas de cer\u00e2mica personalizadas para bolos, \u00e0 venda por atacado\" class=\"wp-image-1063\" srcset=\"https:\/\/www.czqunfa.com\/wp-content\/uploads\/2025\/12\/unique-custom-ramekin-ceramic-cake-cups-wholesale-set-of-2-5.webp 800w, https:\/\/www.czqunfa.com\/wp-content\/uploads\/2025\/12\/unique-custom-ramekin-ceramic-cake-cups-wholesale-set-of-2-5-300x300.webp 300w, https:\/\/www.czqunfa.com\/wp-content\/uploads\/2025\/12\/unique-custom-ramekin-ceramic-cake-cups-wholesale-set-of-2-5-150x150.webp 150w, https:\/\/www.czqunfa.com\/wp-content\/uploads\/2025\/12\/unique-custom-ramekin-ceramic-cake-cups-wholesale-set-of-2-5-768x768.webp 768w, https:\/\/www.czqunfa.com\/wp-content\/uploads\/2025\/12\/unique-custom-ramekin-ceramic-cake-cups-wholesale-set-of-2-5-600x600.webp 600w, https:\/\/www.czqunfa.com\/wp-content\/uploads\/2025\/12\/unique-custom-ramekin-ceramic-cake-cups-wholesale-set-of-2-5-100x100.webp 100w\" sizes=\"(max-width: 800px) 100vw, 800px\" \/><\/figure>\n<\/div>\n<\/div>\n\n\n\n<figure class=\"wp-block-gallery has-nested-images columns-default is-cropped wp-block-gallery-1 is-layout-flex wp-block-gallery-is-layout-flex\">\n<figure class=\"wp-block-image size-full\"><img decoding=\"async\" width=\"800\" height=\"800\" data-id=\"1060\" src=\"https:\/\/www.czqunfa.com\/wp-content\/uploads\/2025\/12\/unique-custom-ramekin-ceramic-cake-cups-wholesale-set-of-2-2.webp\" alt=\"conjunto exclusivo de 2 forminhas de cer\u00e2mica personalizadas para bolos, \u00e0 venda por grosso\" class=\"wp-image-1060\" srcset=\"https:\/\/www.czqunfa.com\/wp-content\/uploads\/2025\/12\/unique-custom-ramekin-ceramic-cake-cups-wholesale-set-of-2-2.webp 800w, https:\/\/www.czqunfa.com\/wp-content\/uploads\/2025\/12\/unique-custom-ramekin-ceramic-cake-cups-wholesale-set-of-2-2-300x300.webp 300w, https:\/\/www.czqunfa.com\/wp-content\/uploads\/2025\/12\/unique-custom-ramekin-ceramic-cake-cups-wholesale-set-of-2-2-150x150.webp 150w, https:\/\/www.czqunfa.com\/wp-content\/uploads\/2025\/12\/unique-custom-ramekin-ceramic-cake-cups-wholesale-set-of-2-2-768x768.webp 768w, https:\/\/www.czqunfa.com\/wp-content\/uploads\/2025\/12\/unique-custom-ramekin-ceramic-cake-cups-wholesale-set-of-2-2-600x600.webp 600w, https:\/\/www.czqunfa.com\/wp-content\/uploads\/2025\/12\/unique-custom-ramekin-ceramic-cake-cups-wholesale-set-of-2-2-100x100.webp 100w\" sizes=\"(max-width: 800px) 100vw, 800px\" \/><\/figure>\n\n\n\n<figure class=\"wp-block-image size-full\"><img decoding=\"async\" width=\"800\" height=\"800\" data-id=\"1062\" src=\"https:\/\/www.czqunfa.com\/wp-content\/uploads\/2025\/12\/unique-custom-ramekin-ceramic-cake-cups-wholesale-set-of-2-4.webp\" alt=\"conjunto exclusivo de 2 ou 4 forminhas de cer\u00e2mica personalizadas para bolos, \u00e0 venda por grosso\" class=\"wp-image-1062\" srcset=\"https:\/\/www.czqunfa.com\/wp-content\/uploads\/2025\/12\/unique-custom-ramekin-ceramic-cake-cups-wholesale-set-of-2-4.webp 800w, https:\/\/www.czqunfa.com\/wp-content\/uploads\/2025\/12\/unique-custom-ramekin-ceramic-cake-cups-wholesale-set-of-2-4-300x300.webp 300w, https:\/\/www.czqunfa.com\/wp-content\/uploads\/2025\/12\/unique-custom-ramekin-ceramic-cake-cups-wholesale-set-of-2-4-150x150.webp 150w, https:\/\/www.czqunfa.com\/wp-content\/uploads\/2025\/12\/unique-custom-ramekin-ceramic-cake-cups-wholesale-set-of-2-4-768x768.webp 768w, https:\/\/www.czqunfa.com\/wp-content\/uploads\/2025\/12\/unique-custom-ramekin-ceramic-cake-cups-wholesale-set-of-2-4-600x600.webp 600w, https:\/\/www.czqunfa.com\/wp-content\/uploads\/2025\/12\/unique-custom-ramekin-ceramic-cake-cups-wholesale-set-of-2-4-100x100.webp 100w\" sizes=\"(max-width: 800px) 100vw, 800px\" \/><\/figure>\n<\/figure>\n\n\n\n<p><\/p>","protected":false},"excerpt":{"rendered":"<p>Bem-vindo a adquirir este ramekin personalizado com cer\u00e2mica de gr\u00e9s de alta qualidade, boa resist\u00eancia ao calor e ao frio. Com um acabamento esmaltado suave e f\u00e1cil de limpar. Estas forminhas de cer\u00e2mica para bolos a granel s\u00e3o perfeitas para panifica\u00e7\u00e3o, sobremesas e servi\u00e7os de alimenta\u00e7\u00e3o. Dispon\u00edveis em branco e cores personalizadas, os servi\u00e7os OEM\/ODM est\u00e3o dispon\u00edveis para restaurantes, padarias, hot\u00e9is e compradores grossistas.<\/p>\n<h2>Par\u00e2metro exclusivo do ramekin personalizado<\/h2>\n<table border=\"0\" width=\"328\" cellspacing=\"0\" cellpadding=\"0\">\n<tbody>\n<tr>\n<td width=\"116\" height=\"16\">Fabricante<\/td>\n<td width=\"211\">QUNFA<\/td>\n<\/tr>\n<tr>\n<td width=\"116\" height=\"16\">Tipo de produto<\/td>\n<td width=\"211\">Ramekin<\/td>\n<\/tr>\n<tr>\n<td width=\"116\" height=\"16\">Modelo n.\u00ba.<\/td>\n<td width=\"211\">22-0161W-V146<\/td>\n<\/tr>\n<tr>\n<td width=\"116\" height=\"16\">Material<\/td>\n<td width=\"211\">Gr\u00e9s<\/td>\n<\/tr>\n<tr>\n<td width=\"116\" height=\"16\">Cor<\/td>\n<td width=\"211\">Branco, personalizado<\/td>\n<\/tr>\n<tr>\n<td width=\"116\" height=\"16\">Dimens\u00e3o<\/td>\n<td width=\"211\">7,6*7,6*5,1 cm<\/td>\n<\/tr>\n<tr>\n<td width=\"116\" height=\"16\">Quantidade m\u00ednima de encomenda<\/td>\n<td width=\"211\">1000 unidades<\/td>\n<\/tr>\n<tr>\n<td width=\"116\" height=\"16\">Personalizado<\/td>\n<td width=\"211\">Cor\/Tamanho\/Log\u00f3tipo\/Embalagem\/Forma<\/td>\n<\/tr>\n<\/tbody>\n<\/table>","protected":false},"featured_media":1064,"comment_status":"closed","ping_status":"closed","template":"","meta":{"_acf_changed":false},"product_brand":[],"product_cat":[22,29],"product_tag":[],"class_list":{"0":"post-1058","1":"product","2":"type-product","3":"status-publish","4":"has-post-thumbnail","6":"product_cat-bakeware-manufacturer","7":"product_cat-wholesale-ramekins","9":"first","10":"instock","11":"shipping-taxable","12":"product-type-simple"},"acf":[],"_links":{"self":[{"href":"https:\/\/www.czqunfa.com\/pt\/wp-json\/wp\/v2\/product\/1058","targetHints":{"allow":["GET"]}}],"collection":[{"href":"https:\/\/www.czqunfa.com\/pt\/wp-json\/wp\/v2\/product"}],"about":[{"href":"https:\/\/www.czqunfa.com\/pt\/wp-json\/wp\/v2\/types\/product"}],"replies":[{"embeddable":true,"href":"https:\/\/www.czqunfa.com\/pt\/wp-json\/wp\/v2\/comments?post=1058"}],"wp:featuredmedia":[{"embeddable":true,"href":"https:\/\/www.czqunfa.com\/pt\/wp-json\/wp\/v2\/media\/1064"}],"wp:attachment":[{"href":"https:\/\/www.czqunfa.com\/pt\/wp-json\/wp\/v2\/media?parent=1058"}],"wp:term":[{"taxonomy":"product_brand","embeddable":true,"href":"https:\/\/www.czqunfa.com\/pt\/wp-json\/wp\/v2\/product_brand?post=1058"},{"taxonomy":"product_cat","embeddable":true,"href":"https:\/\/www.czqunfa.com\/pt\/wp-json\/wp\/v2\/product_cat?post=1058"},{"taxonomy":"product_tag","embeddable":true,"href":"https:\/\/www.czqunfa.com\/pt\/wp-json\/wp\/v2\/product_tag?post=1058"}],"curies":[{"name":"wp","href":"https:\/\/api.w.org\/{rel}","templated":true}]}}