{"id":1057,"date":"2025-12-25T08:58:43","date_gmt":"2025-12-25T08:58:43","guid":{"rendered":"https:\/\/www.tongdeceramic.com\/?post_type=product&#038;p=1057"},"modified":"2025-12-26T01:57:19","modified_gmt":"2025-12-26T01:57:19","slug":"bulk-loaf-pans","status":"publish","type":"product","link":"https:\/\/www.czqunfa.com\/pt\/produto\/bulk-loaf-pans\/","title":{"rendered":"Formas para p\u00e3o em grandes quantidades, formas para p\u00e3o em cer\u00e2mica pr\u00f3prias para forno, venda por grosso"},"content":{"rendered":"<div class=\"wp-block-columns is-layout-flex wp-container-core-columns-is-layout-9d6595d7 wp-block-columns-is-layout-flex\">\n<div class=\"wp-block-column is-layout-flow wp-block-column-is-layout-flow\">\n<h2 class=\"wp-block-heading\">Carater\u00edsticas das formas para p\u00e3o de forma a granel<\/h2>\n\n\n\n<ul class=\"wp-block-list\">\n<li><strong>Material cer\u00e2mico de alta qualidade:<\/strong> Estas formas de p\u00e3o a granel s\u00e3o feitas de gr\u00e9s resistente ao calor de alta qualidade, cozido a alta temperatura, a densidade de desenho, resistente ao calor e ao frio, adequado para cozedura frequente e utiliza\u00e7\u00e3o comercial.<\/li>\n\n\n\n<li><strong>Cofre para forno\/micro-ondas\/lava-lou\u00e7as:<\/strong> Estas formas de p\u00e3o a granel s\u00e3o seguras para utiliza\u00e7\u00e3o em fornos, micro-ondas e m\u00e1quinas de lavar lou\u00e7a, satisfazendo as necessidades de utiliza\u00e7\u00e3o frequente de restaurantes, padarias, hot\u00e9is e canais de venda a retalho, melhorando a efici\u00eancia.<\/li>\n\n\n\n<li><strong>Design anti-derrame com rebordo ondulado: <\/strong>As formas para p\u00e3es a granel com um design \u00fanico de bordos ondulados enrolados n\u00e3o s\u00f3 acrescentam um aspeto est\u00e9tico, como tamb\u00e9m evitam eficazmente que a massa ou os l\u00edquidos transbordem durante a cozedura, mantendo o forno limpo e aumentando as taxas de sucesso da cozedura.<\/li>\n\n\n\n<li><strong>Tamanho pr\u00e1tico padr\u00e3o: <\/strong>A forma para p\u00e3o em cer\u00e2mica \u00e9 o recipiente ideal para fazer p\u00e3es de tamanho normal, rolo de carne, bolos de carne ou sobremesas refrigeradas, produzindo resultados limpos e uniformes. Adapta-se \u00e0 maioria das grelhas de forno comerciais.<\/li>\n\n\n\n<li><strong>Suporte para venda por atacado e personaliza\u00e7\u00e3o:<\/strong> A nossa forma de p\u00e3o de cer\u00e2mica por atacado \u00e9 adequada para compras a granel e suporta op\u00e7\u00f5es de personaliza\u00e7\u00e3o de cores, esmaltes, log\u00f3tipos e embalagens para satisfazer as diversas necessidades dos propriet\u00e1rios de marcas, importadores e distribuidores.<\/li>\n<\/ul>\n<\/div>\n\n\n\n<div class=\"wp-block-column is-layout-flow wp-block-column-is-layout-flow\">\n<figure class=\"wp-block-image size-full\"><img decoding=\"async\" width=\"1000\" height=\"1000\" src=\"https:\/\/www.czqunfa.com\/wp-content\/uploads\/2025\/12\/bulk-loaf-pans-oven-safe-ceramic-bread-pans-wholesale-4.webp\" alt=\"Formas de p\u00e3o de cer\u00e2mica seguras para forno - venda por grosso - 4\" class=\"wp-image-1146\" srcset=\"https:\/\/www.czqunfa.com\/wp-content\/uploads\/2025\/12\/bulk-loaf-pans-oven-safe-ceramic-bread-pans-wholesale-4.webp 1000w, https:\/\/www.czqunfa.com\/wp-content\/uploads\/2025\/12\/bulk-loaf-pans-oven-safe-ceramic-bread-pans-wholesale-4-300x300.webp 300w, https:\/\/www.czqunfa.com\/wp-content\/uploads\/2025\/12\/bulk-loaf-pans-oven-safe-ceramic-bread-pans-wholesale-4-150x150.webp 150w, https:\/\/www.czqunfa.com\/wp-content\/uploads\/2025\/12\/bulk-loaf-pans-oven-safe-ceramic-bread-pans-wholesale-4-768x768.webp 768w, https:\/\/www.czqunfa.com\/wp-content\/uploads\/2025\/12\/bulk-loaf-pans-oven-safe-ceramic-bread-pans-wholesale-4-600x600.webp 600w, https:\/\/www.czqunfa.com\/wp-content\/uploads\/2025\/12\/bulk-loaf-pans-oven-safe-ceramic-bread-pans-wholesale-4-100x100.webp 100w\" sizes=\"(max-width: 1000px) 100vw, 1000px\" \/><\/figure>\n<\/div>\n<\/div>\n\n\n\n<figure class=\"wp-block-gallery has-nested-images columns-default is-cropped wp-block-gallery-1 is-layout-flex wp-block-gallery-is-layout-flex\">\n<figure class=\"wp-block-image size-full\"><img decoding=\"async\" width=\"1000\" height=\"1000\" data-id=\"1147\" src=\"https:\/\/www.czqunfa.com\/wp-content\/uploads\/2025\/12\/bulk-loaf-pans-oven-safe-ceramic-bread-pans-wholesale-5.webp\" alt=\"Formas de p\u00e3o de cer\u00e2mica seguras para forno - grossista-5\" class=\"wp-image-1147\" srcset=\"https:\/\/www.czqunfa.com\/wp-content\/uploads\/2025\/12\/bulk-loaf-pans-oven-safe-ceramic-bread-pans-wholesale-5.webp 1000w, https:\/\/www.czqunfa.com\/wp-content\/uploads\/2025\/12\/bulk-loaf-pans-oven-safe-ceramic-bread-pans-wholesale-5-300x300.webp 300w, https:\/\/www.czqunfa.com\/wp-content\/uploads\/2025\/12\/bulk-loaf-pans-oven-safe-ceramic-bread-pans-wholesale-5-150x150.webp 150w, https:\/\/www.czqunfa.com\/wp-content\/uploads\/2025\/12\/bulk-loaf-pans-oven-safe-ceramic-bread-pans-wholesale-5-768x768.webp 768w, https:\/\/www.czqunfa.com\/wp-content\/uploads\/2025\/12\/bulk-loaf-pans-oven-safe-ceramic-bread-pans-wholesale-5-600x600.webp 600w, https:\/\/www.czqunfa.com\/wp-content\/uploads\/2025\/12\/bulk-loaf-pans-oven-safe-ceramic-bread-pans-wholesale-5-100x100.webp 100w\" sizes=\"(max-width: 1000px) 100vw, 1000px\" \/><\/figure>\n\n\n\n<figure class=\"wp-block-image size-full\"><img decoding=\"async\" width=\"1000\" height=\"1000\" data-id=\"1148\" src=\"https:\/\/www.czqunfa.com\/wp-content\/uploads\/2025\/12\/bulk-loaf-pans-oven-safe-ceramic-bread-pans-wholesale-6.webp\" alt=\"Formas de p\u00e3o de cer\u00e2mica seguras para forno - grossista - 6\" class=\"wp-image-1148\" srcset=\"https:\/\/www.czqunfa.com\/wp-content\/uploads\/2025\/12\/bulk-loaf-pans-oven-safe-ceramic-bread-pans-wholesale-6.webp 1000w, https:\/\/www.czqunfa.com\/wp-content\/uploads\/2025\/12\/bulk-loaf-pans-oven-safe-ceramic-bread-pans-wholesale-6-300x300.webp 300w, https:\/\/www.czqunfa.com\/wp-content\/uploads\/2025\/12\/bulk-loaf-pans-oven-safe-ceramic-bread-pans-wholesale-6-150x150.webp 150w, https:\/\/www.czqunfa.com\/wp-content\/uploads\/2025\/12\/bulk-loaf-pans-oven-safe-ceramic-bread-pans-wholesale-6-768x768.webp 768w, https:\/\/www.czqunfa.com\/wp-content\/uploads\/2025\/12\/bulk-loaf-pans-oven-safe-ceramic-bread-pans-wholesale-6-600x600.webp 600w, https:\/\/www.czqunfa.com\/wp-content\/uploads\/2025\/12\/bulk-loaf-pans-oven-safe-ceramic-bread-pans-wholesale-6-100x100.webp 100w\" sizes=\"(max-width: 1000px) 100vw, 1000px\" \/><\/figure>\n<\/figure>\n\n\n\n<p><\/p>","protected":false},"excerpt":{"rendered":"<p>Bem-vindo ao comprar as nossas formas de p\u00e3o redondas para macarr\u00e3o s\u00e3o feitas de gr\u00e9s de alta qualidade com excelente resist\u00eancia ao calor e ao frio. Podem ir ao forno, ao micro-ondas e \u00e0 m\u00e1quina de lavar loi\u00e7a, com uma superf\u00edcie lisa e vidrada para uma limpeza f\u00e1cil. Ideal para compras a granel, personaliza\u00e7\u00e3o OEM\/ODM e fornecimento por grosso a padarias, hot\u00e9is e marcas de utens\u00edlios de cozinha.<\/p>\n<h2>Par\u00e2metro de formas de p\u00e3o a granel<\/h2>\n<table width=\"328\">\n<tbody>\n<tr>\n<td width=\"116\">Fabricante<\/td>\n<td width=\"211\">QUNFA<\/td>\n<\/tr>\n<tr>\n<td width=\"116\">Tipo de produto<\/td>\n<td>Forma para p\u00e3o<\/td>\n<\/tr>\n<tr>\n<td width=\"116\">Modelo n.\u00ba.<\/td>\n<td width=\"211\">\u00a0QFF15-0074<\/td>\n<\/tr>\n<tr>\n<td width=\"116\">Material<\/td>\n<td width=\"211\">Gr\u00e9s<\/td>\n<\/tr>\n<tr>\n<td width=\"116\">Cor<\/td>\n<td width=\"211\">Azul, Vermelho, Personalizado<\/td>\n<\/tr>\n<tr>\n<td width=\"116\">Dimens\u00e3o<\/td>\n<td width=\"211\">\u00a025*15*8CM<\/td>\n<\/tr>\n<tr>\n<td width=\"116\">Quantidade m\u00ednima de encomenda<\/td>\n<td width=\"211\">1000 unidades<\/td>\n<\/tr>\n<tr>\n<td width=\"116\">Personalizado<\/td>\n<td width=\"211\">Cor\/Tamanho\/Log\u00f3tipo\/Embalagem\/Forma<\/td>\n<\/tr>\n<\/tbody>\n<\/table>","protected":false},"featured_media":1144,"comment_status":"closed","ping_status":"closed","template":"","meta":{"_acf_changed":false},"product_brand":[],"product_cat":[22,26],"product_tag":[],"class_list":{"0":"post-1057","1":"product","2":"type-product","3":"status-publish","4":"has-post-thumbnail","6":"product_cat-bakeware-manufacturer","7":"product_cat-ceramic-loaf-pan-supplier","9":"first","10":"instock","11":"shipping-taxable","12":"product-type-simple"},"acf":[],"_links":{"self":[{"href":"https:\/\/www.czqunfa.com\/pt\/wp-json\/wp\/v2\/product\/1057","targetHints":{"allow":["GET"]}}],"collection":[{"href":"https:\/\/www.czqunfa.com\/pt\/wp-json\/wp\/v2\/product"}],"about":[{"href":"https:\/\/www.czqunfa.com\/pt\/wp-json\/wp\/v2\/types\/product"}],"replies":[{"embeddable":true,"href":"https:\/\/www.czqunfa.com\/pt\/wp-json\/wp\/v2\/comments?post=1057"}],"wp:featuredmedia":[{"embeddable":true,"href":"https:\/\/www.czqunfa.com\/pt\/wp-json\/wp\/v2\/media\/1144"}],"wp:attachment":[{"href":"https:\/\/www.czqunfa.com\/pt\/wp-json\/wp\/v2\/media?parent=1057"}],"wp:term":[{"taxonomy":"product_brand","embeddable":true,"href":"https:\/\/www.czqunfa.com\/pt\/wp-json\/wp\/v2\/product_brand?post=1057"},{"taxonomy":"product_cat","embeddable":true,"href":"https:\/\/www.czqunfa.com\/pt\/wp-json\/wp\/v2\/product_cat?post=1057"},{"taxonomy":"product_tag","embeddable":true,"href":"https:\/\/www.czqunfa.com\/pt\/wp-json\/wp\/v2\/product_tag?post=1057"}],"curies":[{"name":"wp","href":"https:\/\/api.w.org\/{rel}","templated":true}]}}