{"id":1713,"date":"2026-01-30T06:23:07","date_gmt":"2026-01-30T06:23:07","guid":{"rendered":"https:\/\/www.czqunfa.com\/?post_type=product&#038;p=1713"},"modified":"2026-01-30T06:23:09","modified_gmt":"2026-01-30T06:23:09","slug":"dinner-set-wholesale","status":"publish","type":"product","link":"https:\/\/www.czqunfa.com\/ja\/product\/dinner-set-wholesale\/","title":{"rendered":"\u30af\u30ea\u30b9\u30de\u30b9\u30c7\u30a3\u30ca\u30fc\u30bb\u30c3\u30c8\u5378\u58f2\u3001\u30d0\u30eb\u30af\u74b0\u5883\u306b\u512a\u3057\u3044\u98df\u5668"},"content":{"rendered":"<div class=\"wp-block-columns is-layout-flex wp-container-core-columns-is-layout-9d6595d7 wp-block-columns-is-layout-flex\">\n<div class=\"wp-block-column is-layout-flow wp-block-column-is-layout-flow\">\n<h2 class=\"wp-block-heading\">\u30af\u30ea\u30b9\u30de\u30b9\u30c7\u30a3\u30ca\u30fc\u30bb\u30c3\u30c8\u5378\u58f2\u306e\u7279\u5fb4<\/h2>\n\n\n\n<ul class=\"wp-block-list\">\n<li><strong>\u9ad8\u54c1\u8cea\u3067\u74b0\u5883\u306b\u512a\u3057\u3044\u30bb\u30e9\u30df\u30c3\u30af\u7d20\u6750\uff1a<\/strong> \u3053\u306e\u30af\u30ea\u30b9\u30de\u30b9\u30c7\u30a3\u30ca\u30fc\u30bb\u30c3\u30c8\u5378\u58f2\u306f\u3001\u53b3\u9078\u3055\u308c\u305f\u74b0\u5883\u306b\u512a\u3057\u3044\u30bb\u30e9\u30df\u30c3\u30af\u6750\u6599\u304b\u3089\u4f5c\u3089\u308c\u3001\u9ad8\u6e29\u3067\u713c\u6210\u3055\u308c\u3001\u512a\u308c\u305f\u8010\u4e45\u6027\u3001\u8010\u71b1\u6027\u3001\u8010\u71b1\u885d\u6483\u6027\u3092\u63d0\u4f9b\u3057\u307e\u3059\u3002\u5927\u91cf\u4f9b\u7d66\u3068\u9577\u671f\u7684\u306a\u5546\u696d\u4f7f\u7528\u306e\u305f\u3081\u306b\u8a2d\u8a08\u3055\u308c\u3066\u3044\u307e\u3059\u3002.<\/li>\n\n\n\n<li><strong>\u5305\u62ec\u7684\u306a\u88fd\u54c1\u7fa4\uff1a <\/strong>4.7\u2033\u304b\u30896.2\u2033\u307e\u3067\u69d8\u3005\u306a\u30b5\u30a4\u30ba\u306e\u30dc\u30a6\u30eb\u3084\u30ab\u30c3\u30d7\u3001\u30d7\u30ed\u4ed5\u69d8\u306e\u30d1\u30a4\u30d1\u30f3\u3001\u30ab\u30d0\u30fc\u4ed8\u304d\u30b9\u30c8\u30c3\u30af\u30dd\u30c3\u30c8\u3001\u30de\u30eb\u30c1\u30b5\u30a4\u30ba\u306e\u30d9\u30fc\u30ad\u30f3\u30b0\u30d1\u30f3\u306a\u3069\u3001\u30ad\u30c3\u30c1\u30f3\u306e\u6e96\u5099\u304b\u3089\u30c6\u30fc\u30d6\u30eb\u306e\u6f14\u51fa\u307e\u3067\u3001\u30af\u30ea\u30b9\u30de\u30b9\u30c7\u30a3\u30ca\u30fc\u306e\u3042\u3089\u3086\u308b\u30cb\u30fc\u30ba\u306b\u5fdc\u3048\u308b\u30af\u30ea\u30b9\u30de\u30b9\u30c7\u30a3\u30ca\u30fc\u30bb\u30c3\u30c8\u5378\u58f2\u308a\u3002.<\/li>\n\n\n\n<li><strong>\u9ad8\u3044\u68b1\u5305\u52b9\u7387\u3001\u624b\u9593\u306e\u304b\u304b\u3089\u306a\u3044\u7269\u6d41\uff1a<\/strong> \u5f53\u793e\u306e\u74b0\u5883\u306b\u512a\u3057\u3044\u30d0\u30eb\u30af\u98df\u5668\u306f\u3001\u30d9\u30fc\u30ad\u30f3\u30b0\u30d1\u30f3\u3084\u30b9\u30c8\u30c3\u30af\u30dd\u30c3\u30c8\u306e\u30cd\u30b9\u30c6\u30a3\u30f3\u30b0\u30c7\u30b6\u30a4\u30f3\u304c\u7279\u5fb4\u3067\u3001\u30b3\u30f3\u30c6\u30ca\u306e\u7a4d\u8f09\u91cf\u3092\u5927\u5e45\u306b\u5897\u3084\u3057\u3001\u56fd\u5883\u3092\u8d8a\u3048\u305f\u8f38\u9001\u30b3\u30b9\u30c8\u3092\u5927\u5e45\u306b\u524a\u6e1b\u3057\u307e\u3059\u3002.<\/li>\n\n\n\n<li><strong>\u30e1\u30fc\u30ab\u30fc\u304b\u3089\u76f4\u63a5\u3001\u7af6\u4e89\u529b\u306e\u3042\u308b\u4fa1\u683c\uff1a<\/strong> \u3053\u306e\u30af\u30ea\u30b9\u30de\u30b9\u30c7\u30a3\u30ca\u30fc\u30bb\u30c3\u30c8\u5378\u58f2\u306f\u3001\u975e\u5e38\u306b\u9b45\u529b\u7684\u306a\u5378\u58f2\u4fa1\u683c\u3092\u63d0\u4f9b\u3057\u3001\u30e1\u30fc\u30ab\u30fc\u304b\u3089\u76f4\u63a5\u8ca9\u58f2\u3055\u308c\u3066\u3044\u307e\u3059\u3002\u6700\u4f4e\u6ce8\u6587\u6570\u91cf\u306f1000\u500b\u3067\u3001\u30af\u30ea\u30b9\u30de\u30b9\u30b7\u30fc\u30ba\u30f3\u306e\u30d9\u30b9\u30c8\u30bb\u30e9\u30fc\u3092\u4f4e\u30b3\u30b9\u30c8\u3067\u767a\u58f2\u3059\u308b\u3053\u3068\u304c\u3067\u304d\u307e\u3059\u3002.<\/li>\n\n\n\n<li><strong>\u67d4\u8edf\u306a\u30ab\u30b9\u30bf\u30de\u30a4\u30ba\u30b5\u30fc\u30d3\u30b9\uff1a <\/strong>\u79c1\u305f\u3061\u306e\u30af\u30ea\u30b9\u30de\u30b9\u30c7\u30a3\u30ca\u30fc\u30bb\u30c3\u30c8\u5378\u58f2\u306f\u3001\u30af\u30ea\u30b9\u30de\u30b9\u56fa\u6709\u306e\u30d1\u30bf\u30fc\u30f3\u3001\u91c9\u85ac\u306e\u8272\u3001\u30d6\u30e9\u30f3\u30c9\u30ed\u30b4\u306e\u30ab\u30b9\u30bf\u30de\u30a4\u30ba\u3092\u30b5\u30dd\u30fc\u30c8\u3057\u3066\u3044\u307e\u3059\u3002\u6211\u3005\u306f\u3059\u3050\u306b\u3042\u306a\u305f\u306eOEM \/ ODM\u306e\u30cb\u30fc\u30ba\u306b\u5fdc\u3048\u308b\u3053\u3068\u304c\u3067\u304d\u308b\u6210\u719f\u3057\u305fR\uff06D\u30c1\u30fc\u30e0\u3092\u6301\u3063\u3066\u3044\u307e\u3059\u3002.<\/li>\n<\/ul>\n<\/div>\n\n\n\n<div class=\"wp-block-column is-layout-flow wp-block-column-is-layout-flow\">\n<figure class=\"wp-block-image size-full\"><img decoding=\"async\" width=\"1000\" height=\"1000\" src=\"https:\/\/www.czqunfa.com\/wp-content\/uploads\/2026\/01\/christmas-dinner-set-wholesale-bulk-eco-friendly-tableware-8.webp\" alt=\"\u30af\u30ea\u30b9\u30de\u30b9\u30c7\u30a3\u30ca\u30fc\u30bb\u30c3\u30c8-\u5378\u58f2\u308a-\u30d0\u30eb\u30af\u30a8\u30b3\u98df\u5668-8\" class=\"wp-image-1733\" srcset=\"https:\/\/www.czqunfa.com\/wp-content\/uploads\/2026\/01\/christmas-dinner-set-wholesale-bulk-eco-friendly-tableware-8.webp 1000w, https:\/\/www.czqunfa.com\/wp-content\/uploads\/2026\/01\/christmas-dinner-set-wholesale-bulk-eco-friendly-tableware-8-300x300.webp 300w, https:\/\/www.czqunfa.com\/wp-content\/uploads\/2026\/01\/christmas-dinner-set-wholesale-bulk-eco-friendly-tableware-8-150x150.webp 150w, https:\/\/www.czqunfa.com\/wp-content\/uploads\/2026\/01\/christmas-dinner-set-wholesale-bulk-eco-friendly-tableware-8-768x768.webp 768w, https:\/\/www.czqunfa.com\/wp-content\/uploads\/2026\/01\/christmas-dinner-set-wholesale-bulk-eco-friendly-tableware-8-12x12.webp 12w, https:\/\/www.czqunfa.com\/wp-content\/uploads\/2026\/01\/christmas-dinner-set-wholesale-bulk-eco-friendly-tableware-8-600x600.webp 600w, https:\/\/www.czqunfa.com\/wp-content\/uploads\/2026\/01\/christmas-dinner-set-wholesale-bulk-eco-friendly-tableware-8-100x100.webp 100w\" sizes=\"(max-width: 1000px) 100vw, 1000px\" \/><\/figure>\n<\/div>\n<\/div>\n\n\n\n<figure class=\"wp-block-table\"><table class=\"has-fixed-layout\"><tbody><tr><td>\u88fd\u54c1\u540d<\/td><td>\u5546\u54c1\u756a\u53f7.<\/td><td>\u30b5\u30a4\u30ba<\/td><\/tr><tr><td>4.7\u2033\u30dc\u30a6\u30eb<\/td><td>23-0091-4<\/td><td>12 \u00d7 12 \u00d7 5.7 cm<\/td><\/tr><tr><td>5.6\u2033\u30dc\u30a6\u30eb<\/td><td>2236-31<\/td><td>14.3 \u00d7 14.3 \u00d7 7 cm<\/td><\/tr><tr><td>\u30b1\u30fc\u30ad\u30fb\u30dd\u30c3\u30c8<\/td><td>T24-0133-1<\/td><td>7.6 \u00d7 7.6 \u00d7 5.1 cm<\/td><\/tr><tr><td>\u30cf\u30f3\u30c9\u30eb\u30fb\u30c1\u30c3\u30d7\u30fb\u30c8\u30ec\u30a4<\/td><td>24-0052-2<\/td><td>28.5 \u00d7 22.4 \u00d7 4.3 cm<\/td><\/tr><tr><td>\u84cb\u4ed8\u304d\u4e38\u578b\u30b9\u30c8\u30c3\u30af\u30dd\u30c3\u30c8<\/td><td>T24-0092-2 \/ T24-0312<\/td><td>S\uff1a\u672c\u4f53\uff1a20\u00d715.8\u00d76.1cm\u3001\u84cb\uff1a20.1\u00d716.1\u00d72.3cm<br>M\uff1a\u672c\u4f53\uff1a25\u00d720\u00d78cm\u3001\u84cb\uff1a25\u00d720\u00d73cm<\/td><\/tr><tr><td>\u30d1\u30a4\u30d1\u30f3<\/td><td>21136-2 \/ 1137-2<\/td><td>S: 20.3 \u00d7 20.3 \u00d7 2.5 cm<br>M: 26 \u00d7 26 \u00d7 5.5 cm<\/td><\/tr><tr><td>8\u2033\u30d7\u30ec\u30fc\u30c8<\/td><td>2238-29<\/td><td>20.3 \u00d7 20.3 \u00d7 2.5 cm<\/td><\/tr><tr><td>5.1\u2033\u30de\u30b0\u30ab\u30c3\u30d7<\/td><td>23-2477-5<\/td><td>12.8 \u00d7 9.1 \u00d7 8.5 cm<\/td><\/tr><tr><td>6.2\u2033\u30de\u30b0\u30ab\u30c3\u30d7<\/td><td>22-0218-2<\/td><td>15.6 \u00d7 11.9 \u00d7 9.5 cm<\/td><\/tr><tr><td>\u30cf\u30f3\u30c9\u30eb\u30dc\u30a6\u30eb<\/td><td>1963-17<\/td><td>21.8 \u00d7 14.3 \u00d7 7.1 cm<\/td><\/tr><tr><td>\u30b1\u30fc\u30ad\u30fb\u30dd\u30c3\u30c8<\/td><td>1659-8<\/td><td>7.7 \u00d7 7.7 \u00d7 5.3 cm<\/td><\/tr><tr><td>\u30d9\u30fc\u30ad\u30f3\u30b0\u30d1\u30f3<\/td><td>23-0050-6 \/ 23-0015-3 \/ 24-0279-5<\/td><td>S\uff1a17\u00d710\u00d76\u30bb\u30f3\u30c1<br>M: 24 \u00d7 12.5 \u00d7 7.5 cm<br>\u9577\u3055\uff1a28\u00d715.5\u00d78.3cm<\/td><\/tr><\/tbody><\/table><\/figure>\n\n\n\n<figure class=\"wp-block-gallery has-nested-images columns-default is-cropped wp-block-gallery-1 is-layout-flex wp-block-gallery-is-layout-flex\">\n<figure class=\"wp-block-image size-large\"><img decoding=\"async\" width=\"1000\" height=\"1000\" data-id=\"1734\" src=\"https:\/\/www.czqunfa.com\/wp-content\/uploads\/2026\/01\/christmas-dinner-set-wholesale-bulk-eco-friendly-tableware-9.webp\" alt=\"\u30af\u30ea\u30b9\u30de\u30b9\u30c7\u30a3\u30ca\u30fc\u30bb\u30c3\u30c8-\u5378\u58f2\u308a-\u304b\u3055\u3070\u308b\u30a8\u30b3\u98df\u5668-9\" class=\"wp-image-1734\" srcset=\"https:\/\/www.czqunfa.com\/wp-content\/uploads\/2026\/01\/christmas-dinner-set-wholesale-bulk-eco-friendly-tableware-9.webp 1000w, https:\/\/www.czqunfa.com\/wp-content\/uploads\/2026\/01\/christmas-dinner-set-wholesale-bulk-eco-friendly-tableware-9-300x300.webp 300w, https:\/\/www.czqunfa.com\/wp-content\/uploads\/2026\/01\/christmas-dinner-set-wholesale-bulk-eco-friendly-tableware-9-150x150.webp 150w, https:\/\/www.czqunfa.com\/wp-content\/uploads\/2026\/01\/christmas-dinner-set-wholesale-bulk-eco-friendly-tableware-9-768x768.webp 768w, https:\/\/www.czqunfa.com\/wp-content\/uploads\/2026\/01\/christmas-dinner-set-wholesale-bulk-eco-friendly-tableware-9-12x12.webp 12w, https:\/\/www.czqunfa.com\/wp-content\/uploads\/2026\/01\/christmas-dinner-set-wholesale-bulk-eco-friendly-tableware-9-600x600.webp 600w, https:\/\/www.czqunfa.com\/wp-content\/uploads\/2026\/01\/christmas-dinner-set-wholesale-bulk-eco-friendly-tableware-9-100x100.webp 100w\" sizes=\"(max-width: 1000px) 100vw, 1000px\" \/><\/figure>\n\n\n\n<figure class=\"wp-block-image size-large\"><img decoding=\"async\" width=\"1000\" height=\"1000\" data-id=\"1731\" src=\"https:\/\/www.czqunfa.com\/wp-content\/uploads\/2026\/01\/christmas-dinner-set-wholesale-bulk-eco-friendly-tableware-6.webp\" alt=\"\u30af\u30ea\u30b9\u30de\u30b9\u30c7\u30a3\u30ca\u30fc\u30bb\u30c3\u30c8-\u5378\u58f2\u308a-\u30d0\u30eb\u30af\u30a8\u30b3\u98df\u5668-6\" class=\"wp-image-1731\" srcset=\"https:\/\/www.czqunfa.com\/wp-content\/uploads\/2026\/01\/christmas-dinner-set-wholesale-bulk-eco-friendly-tableware-6.webp 1000w, https:\/\/www.czqunfa.com\/wp-content\/uploads\/2026\/01\/christmas-dinner-set-wholesale-bulk-eco-friendly-tableware-6-300x300.webp 300w, https:\/\/www.czqunfa.com\/wp-content\/uploads\/2026\/01\/christmas-dinner-set-wholesale-bulk-eco-friendly-tableware-6-150x150.webp 150w, https:\/\/www.czqunfa.com\/wp-content\/uploads\/2026\/01\/christmas-dinner-set-wholesale-bulk-eco-friendly-tableware-6-768x768.webp 768w, https:\/\/www.czqunfa.com\/wp-content\/uploads\/2026\/01\/christmas-dinner-set-wholesale-bulk-eco-friendly-tableware-6-12x12.webp 12w, https:\/\/www.czqunfa.com\/wp-content\/uploads\/2026\/01\/christmas-dinner-set-wholesale-bulk-eco-friendly-tableware-6-600x600.webp 600w, https:\/\/www.czqunfa.com\/wp-content\/uploads\/2026\/01\/christmas-dinner-set-wholesale-bulk-eco-friendly-tableware-6-100x100.webp 100w\" sizes=\"(max-width: 1000px) 100vw, 1000px\" \/><\/figure>\n<\/figure>","protected":false},"excerpt":{"rendered":"<p>\u79c1\u305f\u3061\u306e\u30af\u30ea\u30b9\u30de\u30b9\u30c7\u30a3\u30ca\u30fc\u30bb\u30c3\u30c8\u5378\u58f2\u3092\u8cfc\u5165\u3059\u308b\u6b53\u8fce\u3001\u9ad8\u54c1\u8cea\u3067\u74b0\u5883\u306b\u512a\u3057\u3044\u30b9\u30c8\u30fc\u30f3\u30a6\u30a7\u30a2\u304b\u3089\u4f5c\u3089\u308c\u3001\u53e4\u5178\u7684\u306a\u304a\u795d\u3044\u306e\u30c7\u30b6\u30a4\u30f3\u3068\u73fe\u4ee3\u7684\u306a\u6a5f\u80fd\u6027\u3092\u517c\u306d\u5099\u3048\u3066\u3044\u307e\u3059\u3002\u88fd\u54c1\u306f\u3001\u71b1\u3068\u51b7\u305f\u3055\u306e\u4e21\u65b9\u306b\u8010\u6027\u3092\u78ba\u4fdd\u3057\u3001\u512a\u308c\u305f\u8010\u4e45\u6027\u3092\u63d0\u4f9b\u3057\u3001\u5b8c\u5168\u306b\u98df\u5668\u6d17\u3044\u6a5f\u3001\u96fb\u5b50\u30ec\u30f3\u30b8\u3001\u30aa\u30fc\u30d6\u30f3\u5b89\u5168\u3067\u3042\u308a\u3001\u30b0\u30ed\u30fc\u30d0\u30eb\u30d0\u30a4\u30e4\u30fc\u306e\u305f\u3081\u306e\u4fe1\u983c\u6027\u306e\u9ad8\u3044\u304a\u795d\u3044\u306e\u30c0\u30a4\u30cb\u30f3\u30b0\u30bd\u30ea\u30e5\u30fc\u30b7\u30e7\u30f3\u3092\u63d0\u4f9b\u3057\u307e\u3059\u3002.<\/p>\n<h2>\u30af\u30ea\u30b9\u30de\u30b9\u30c7\u30a3\u30ca\u30fc\u30bb\u30c3\u30c8\u5378\u58f2\u30d1\u30e9\u30e1\u30fc\u30bf<\/h2>\n<table border=\"0\" width=\"102\" cellspacing=\"0\" cellpadding=\"0\">\n<tbody>\n<tr>\n<td width=\"51\" height=\"31\">\u88fd\u9020\u696d\u8005<\/td>\n<td width=\"51\">QUNFA<\/td>\n<\/tr>\n<tr>\n<td width=\"51\" height=\"31\">\u88fd\u54c1\u30bf\u30a4\u30d7<\/td>\n<td width=\"51\">\u98df\u5668\u30bb\u30c3\u30c8<\/td>\n<\/tr>\n<tr>\n<td width=\"51\" height=\"16\">\u30e2\u30c7\u30eb\u756a\u53f7.<\/td>\n<td width=\"51\">2238-29<\/td>\n<\/tr>\n<tr>\n<td width=\"51\" height=\"31\">\u6750\u6599<\/td>\n<td width=\"51\">\u30b9\u30c8\u30fc\u30f3\u30a6\u30a7\u30a2<\/td>\n<\/tr>\n<tr>\n<td width=\"51\" height=\"31\">\u8272<\/td>\n<td width=\"51\">\u30ec\u30c3\u30c9<\/td>\n<\/tr>\n<tr>\n<td width=\"51\" height=\"31\">\u6700\u5c0f\u767a\u6ce8\u6570\u91cf<\/td>\n<td width=\"51\">1000\u500b<\/td>\n<\/tr>\n<tr>\n<td width=\"51\" height=\"61\">\u30ab\u30b9\u30bf\u30e0<\/td>\n<td width=\"51\">\u8272\uff0f\u30b5\u30a4\u30ba\uff0f\u30ed\u30b4\uff0f\u30d1\u30c3\u30b1\u30fc\u30b8\uff0f\u5f62\u72b6<\/td>\n<\/tr>\n<tr>\n<td width=\"51\" height=\"31\">\u30d1\u30bf\u30fc\u30f3<\/td>\n<td width=\"51\">\u30af\u30ea\u30b9\u30de\u30b9\u30fb\u30d1\u30bf\u30fc\u30f3<\/td>\n<\/tr>\n<\/tbody>\n<\/table>","protected":false},"featured_media":1730,"comment_status":"closed","ping_status":"closed","template":"","meta":{"_acf_changed":false},"product_brand":[],"product_cat":[20,25],"product_tag":[],"class_list":{"0":"post-1713","1":"product","2":"type-product","3":"status-publish","4":"has-post-thumbnail","6":"product_cat-dinnerware-supplier","7":"product_cat-dinner-set-supplier","9":"first","10":"instock","11":"shipping-taxable","12":"product-type-simple"},"acf":[],"_links":{"self":[{"href":"https:\/\/www.czqunfa.com\/ja\/wp-json\/wp\/v2\/product\/1713","targetHints":{"allow":["GET"]}}],"collection":[{"href":"https:\/\/www.czqunfa.com\/ja\/wp-json\/wp\/v2\/product"}],"about":[{"href":"https:\/\/www.czqunfa.com\/ja\/wp-json\/wp\/v2\/types\/product"}],"replies":[{"embeddable":true,"href":"https:\/\/www.czqunfa.com\/ja\/wp-json\/wp\/v2\/comments?post=1713"}],"wp:featuredmedia":[{"embeddable":true,"href":"https:\/\/www.czqunfa.com\/ja\/wp-json\/wp\/v2\/media\/1730"}],"wp:attachment":[{"href":"https:\/\/www.czqunfa.com\/ja\/wp-json\/wp\/v2\/media?parent=1713"}],"wp:term":[{"taxonomy":"product_brand","embeddable":true,"href":"https:\/\/www.czqunfa.com\/ja\/wp-json\/wp\/v2\/product_brand?post=1713"},{"taxonomy":"product_cat","embeddable":true,"href":"https:\/\/www.czqunfa.com\/ja\/wp-json\/wp\/v2\/product_cat?post=1713"},{"taxonomy":"product_tag","embeddable":true,"href":"https:\/\/www.czqunfa.com\/ja\/wp-json\/wp\/v2\/product_tag?post=1713"}],"curies":[{"name":"wp","href":"https:\/\/api.w.org\/{rel}","templated":true}]}}