{"id":1657,"date":"2026-01-30T03:37:38","date_gmt":"2026-01-30T03:37:38","guid":{"rendered":"https:\/\/www.czqunfa.com\/?post_type=product&#038;p=1657"},"modified":"2026-01-30T03:37:41","modified_gmt":"2026-01-30T03:37:41","slug":"restaurant-tableware-supplies","status":"publish","type":"product","link":"https:\/\/www.czqunfa.com\/ja\/product\/restaurant-tableware-supplies\/","title":{"rendered":"\u30ec\u30b9\u30c8\u30e9\u30f3\u98df\u5668\u7528\u54c1\u3001\u30c7\u30a3\u30ca\u30fc\u30bb\u30c3\u30c816pc\u5378\u58f2"},"content":{"rendered":"<div class=\"wp-block-columns is-layout-flex wp-container-core-columns-is-layout-9d6595d7 wp-block-columns-is-layout-flex\">\n<div class=\"wp-block-column is-layout-flow wp-block-column-is-layout-flow\">\n<h2 class=\"wp-block-heading\">\u30ec\u30b9\u30c8\u30e9\u30f3\u98df\u5668\u7528\u54c1\u306e\u7279\u5fb4<\/h2>\n\n\n\n<ul class=\"wp-block-list\">\n<li><strong>\u8010\u4e45\u6027\u306e\u3042\u308b\u30bb\u30e9\u30df\u30c3\u30af\u7d20\u6750\uff1a<\/strong> \u53b3\u9078\u3055\u308c\u305f\u9ad8\u7d1a\u30bb\u30e9\u30df\u30c3\u30af\u3092\u9ad8\u6e29\u3067\u713c\u6210\u3057\u3001\u8010\u4e45\u6027\u3001\u8010\u71b1\u6027\u3001\u8010\u71b1\u885d\u6483\u6027\u306b\u512a\u308c\u3066\u3044\u307e\u3059\u3002\u30ec\u30b9\u30c8\u30e9\u30f3\u3001\u30db\u30c6\u30eb\u3001\u5378\u58f2\u5e02\u5834\u3067\u306e\u9577\u671f\u4f7f\u7528\u5411\u3051\u306b\u8a2d\u8a08\u3055\u308c\u3066\u3044\u307e\u3059\u3002.<\/li>\n\n\n\n<li><strong>\u30d0\u30ec\u30f3\u30bf\u30a4\u30f3\u30fb\u30cf\u30fc\u30c8\u306e\u30c7\u30b6\u30a4\u30f3\uff1a <\/strong>\u30ed\u30de\u30f3\u30c1\u30c3\u30af\u306a\u30d0\u30ec\u30f3\u30bf\u30a4\u30f3\u30fb\u30cf\u30fc\u30c8\u3092\u30c6\u30fc\u30de\u306b\u3057\u305f\u30ec\u30b9\u30c8\u30e9\u30f3\u7528\u98df\u5668\u30bb\u30c3\u30c8\u3002\u3053\u306e\u98df\u5668\u30bb\u30c3\u30c8\u306f\u3001\u30c6\u30fc\u30de\u30ec\u30b9\u30c8\u30e9\u30f3\u3001\u5b63\u7bc0\u306e\u30d7\u30ed\u30e2\u30fc\u30b7\u30e7\u30f3\u3001\u30ae\u30d5\u30c8\u30b3\u30ec\u30af\u30b7\u30e7\u30f3\u3001\u30a4\u30d9\u30f3\u30c8\u30c0\u30a4\u30cb\u30f3\u30b0\u306b\u6700\u9069\u3067\u3001\u30d0\u30a4\u30e4\u30fc\u306e\u8996\u899a\u7684\u306a\u5dee\u5225\u5316\u306b\u5f79\u7acb\u3061\u307e\u3059\u3002.<\/li>\n\n\n\n<li><strong>\u5378\u58f2\u308a\u752816\u70b9\u30c7\u30a3\u30ca\u30fc\u30bb\u30c3\u30c8\uff1a<\/strong> \u3053\u308c\u3089\u306e\u30ec\u30b9\u30c8\u30e9\u30f3\u7528\u98df\u5668\u306f\u3001\u30d7\u30ec\u30fc\u30c8\u3001\u30dc\u30a6\u30eb\u3001\u30ab\u30c3\u30d7\u3001\u30d4\u30c3\u30c1\u30e3\u30fc\u3001\u304a\u3088\u3073\u8907\u6570\u306e\u30b5\u30a4\u30ba\u306e\u30a2\u30af\u30bb\u30b5\u30ea\u30fc\u3092\u542b\u307f\u3001\u30ec\u30b9\u30c8\u30e9\u30f3\u3001\u5c0f\u58f2\u5e97\u3001\u5927\u91cf\u8cfc\u5165\u8005\u306e\u305f\u3081\u306e\u67d4\u8edf\u306a\u30bb\u30c3\u30c8\u306e\u7d44\u307f\u5408\u308f\u305b\u3092\u30b5\u30dd\u30fc\u30c8\u3057\u307e\u3059\u3002\u67c4\u3001\u8272\u3001\u30d1\u30c3\u30b1\u30fc\u30b8\u306eOEM\/ODM\u30ab\u30b9\u30bf\u30de\u30a4\u30ba\u304c\u53ef\u80fd\u3067\u3059\u3002.<\/li>\n\n\n\n<li><strong>\u6700\u65b0\u306e\u53a8\u623f\u6a5f\u5668\u306b\u5b8c\u5168\u5bfe\u5fdc\uff1a<\/strong> \u5f53\u793e\u306e\u30ec\u30b9\u30c8\u30e9\u30f3\u7528\u98df\u5668\u306f\u3001\u98df\u5668\u6d17\u6d44\u6a5f\u3001\u96fb\u5b50\u30ec\u30f3\u30b8\u3001\u30aa\u30fc\u30d6\u30f3\u306b\u5bfe\u3059\u308b\u5305\u62ec\u7684\u306a\u5b89\u5168\u8a8d\u8a3c\u3092\u63d0\u4f9b\u3057\u3066\u304a\u308a\u3001\u4f7f\u7528\u983b\u5ea6\u306e\u9ad8\u3044\u696d\u52d9\u7528\u30ec\u30b9\u30c8\u30e9\u30f3\u3084\u8fd1\u4ee3\u7684\u306a\u5bb6\u5ead\u3067\u306e\u4f7f\u7528\u3092\u5927\u3044\u306b\u4fc3\u9032\u3057\u3066\u3044\u308b\u3002.<\/li>\n\n\n\n<li><strong>\u624b\u5165\u308c\u304c\u975e\u5e38\u306b\u7c21\u5358\u306a\u91c9\u85ac\u306e\u304b\u304b\u3063\u305f\u8868\u9762\uff1a<\/strong> \u30c7\u30a3\u30ca\u30fc\u30bb\u30c3\u30c816pc\u5378\u58f2\u306e\u9ad8\u54c1\u8cea\u306a\u91c9\u85ac\u306e\u8868\u9762\u306f\u6ed1\u3089\u304b\u3067\u7dfb\u5bc6\u306a\u305f\u3081\u3001\u304a\u624b\u5165\u308c\u304c\u7c21\u5358\u3067\u3001\u50b7\u3084\u81ed\u3044\u306e\u5438\u7740\u304c\u3042\u308a\u307e\u305b\u3093\u3002\u9577\u671f\u9593\u65b0\u54c1\u540c\u69d8\u306e\u8cea\u611f\u3092\u4fdd\u3061\u3001\u8cb7\u3044\u66ff\u3048\u30b3\u30b9\u30c8\u3092\u524a\u6e1b\u3057\u307e\u3059\u3002.<\/li>\n\n\n\n<li><strong>\u30ed\u30b8\u30b9\u30c6\u30a3\u30af\u30b9\u3068\u5229\u76ca\u306e\u5229\u70b9\uff1a <\/strong>\u30ec\u30b9\u30c8\u30e9\u30f3\u7528\u98df\u5668\u985e\u306f\u5b8c\u5168\u306b\u5165\u308c\u5b50\u306b\u306a\u308a\u3001\u7a4d\u307f\u91cd\u306d\u308b\u3053\u3068\u304c\u3067\u304d\u308b\u305f\u3081\u3001\u68b1\u5305\u30b9\u30da\u30fc\u30b9\u3092\u6700\u5c0f\u9650\u306b\u6291\u3048\u3001\u8f38\u9001\u91cf\u3092\u5927\u5e45\u306b\u524a\u6e1b\u3057\u3001\u30ab\u30fc\u30c8\u30f3\u3042\u305f\u308a\u306e\u7a4d\u8f09\u91cf\u3092\u5927\u5e45\u306b\u5897\u3084\u3057\u3001\u88fd\u54c11\u500b\u3042\u305f\u308a\u306e\u6d77\u4e0a\u8f38\u9001\u30b3\u30b9\u30c8\u3092\u4e0b\u3052\u308b\u3053\u3068\u304c\u3067\u304d\u308b\u3002.<\/li>\n<\/ul>\n<\/div>\n\n\n\n<div class=\"wp-block-column is-layout-flow wp-block-column-is-layout-flow\">\n<figure class=\"wp-block-image size-full\"><img decoding=\"async\" width=\"1000\" height=\"1000\" src=\"https:\/\/www.czqunfa.com\/wp-content\/uploads\/2026\/01\/valentine-hearts-series-restaurant-tableware-supplies-wholesale-1.webp\" alt=\"\u30d0\u30ec\u30f3\u30bf\u30a4\u30f3-\u30cf\u30fc\u30c8-\u30b7\u30ea\u30fc\u30ba-\u30ec\u30b9\u30c8\u30e9\u30f3\u98df\u5668-\u5378\u58f2-1\" class=\"wp-image-1687\" srcset=\"https:\/\/www.czqunfa.com\/wp-content\/uploads\/2026\/01\/valentine-hearts-series-restaurant-tableware-supplies-wholesale-1.webp 1000w, https:\/\/www.czqunfa.com\/wp-content\/uploads\/2026\/01\/valentine-hearts-series-restaurant-tableware-supplies-wholesale-1-300x300.webp 300w, https:\/\/www.czqunfa.com\/wp-content\/uploads\/2026\/01\/valentine-hearts-series-restaurant-tableware-supplies-wholesale-1-150x150.webp 150w, https:\/\/www.czqunfa.com\/wp-content\/uploads\/2026\/01\/valentine-hearts-series-restaurant-tableware-supplies-wholesale-1-768x768.webp 768w, https:\/\/www.czqunfa.com\/wp-content\/uploads\/2026\/01\/valentine-hearts-series-restaurant-tableware-supplies-wholesale-1-12x12.webp 12w, https:\/\/www.czqunfa.com\/wp-content\/uploads\/2026\/01\/valentine-hearts-series-restaurant-tableware-supplies-wholesale-1-600x600.webp 600w, https:\/\/www.czqunfa.com\/wp-content\/uploads\/2026\/01\/valentine-hearts-series-restaurant-tableware-supplies-wholesale-1-100x100.webp 100w\" sizes=\"(max-width: 1000px) 100vw, 1000px\" \/><\/figure>\n<\/div>\n<\/div>\n\n\n\n<figure class=\"wp-block-table\"><table class=\"has-fixed-layout\"><tbody><tr><td>\u88fd\u54c1\u540d<\/td><td>\u5546\u54c1\u756a\u53f7.<\/td><td>\u30b5\u30a4\u30ba<\/td><\/tr><tr><td>\u8d64\u3044\u30d4\u30c3\u30c1\u30e3\u30fc<\/td><td>QF2012S-1049<\/td><td>18 \u00d7 12.8 \u00d7 17.8 cm<\/td><\/tr><tr><td>\u30de\u30b0\u30ab\u30c3\u30d7<\/td><td>QF2012S-1050R<\/td><td>13 \u00d7 9 \u00d7 11.5 cm<\/td><\/tr><tr><td>\u30ab\u30c3\u30d7\u4ed8\u304d\u30c6\u30a3\u30fc\u30dd\u30c3\u30c8<\/td><td>QF2012S-1051R<\/td><td>\u84cb6 \u00d7 6 \u00d7 4 cm\u30c6\u30a3\u30fc\u30dd\u30c3\u30c8: 18 \u00d7 12.5 \u00d7 8.2 cm\u30ab\u30c3\u30d7: 14.5 \u00d7 11.6 \u00d7 5.5 cm14.5 \u00d7 11.6 \u00d7 5.5 cm<\/td><\/tr><tr><td>\u30c6\u30a3\u30fc\u30dd\u30c3\u30c8<\/td><td>QF2012S-1052<\/td><td>\u84cb\uff1a8.5\u00d78.5\u00d74cm\u672c\u4f53\uff1a19.5\u00d713\u00d712cm<\/td><\/tr><tr><td>\u30cf\u30fc\u30c8\u30dc\u30a6\u30eb<\/td><td>QF2012S-1053<\/td><td>16.8 \u00d7 15.8 \u00d7 4.8 cm<\/td><\/tr><tr><td>\u30d0\u30bf\u30fc\u5165\u308c<\/td><td>QF2012S-1056R<\/td><td>\u84cb13.5 \u00d7 8.6 \u00d7 8.5 cm\u76bf: 18.5 \u00d7 12 \u00d7 10.5 cm<\/td><\/tr><tr><td>\u30d1\u30a4\u30d1\u30f3<\/td><td>QF2012S-1129R<\/td><td>29 \u00d7 29 \u00d7 4 cm<\/td><\/tr><tr><td>\u30dc\u30a6\u30eb<\/td><td>QF2012S-1130R<\/td><td>27 \u00d7 27 \u00d7 13.7 cm<\/td><\/tr><tr><td>\u30cf\u30fc\u30c8\u30d7\u30ec\u30fc\u30c8<\/td><td>QF2012S-1131R<\/td><td>20.6 \u00d7 19 \u00d7 2.5 cm<\/td><\/tr><tr><td>\u30ab\u30c3\u30d7<\/td><td>QF2012S-1132R<\/td><td>5 \u00d7 5 \u00d7 6 cm<\/td><\/tr><tr><td>\u30b9\u30d7\u30fc\u30f3<\/td><td>QF2012S-1134R<\/td><td>26 \u00d7 8 \u00d7 2.5 cm<\/td><\/tr><tr><td>\u30e9\u30a6\u30f3\u30c9\u30d7\u30ec\u30fc\u30c8<\/td><td>QF2012S-1135R<\/td><td>26.9 \u00d7 26.9 \u00d7 2.5 cm<\/td><\/tr><tr><td>\u30e9\u30a6\u30f3\u30c9\u30d7\u30ec\u30fc\u30c8<\/td><td>QF2012S-1136R<\/td><td>22 \u00d7 22 \u00d7 2.7 cm<\/td><\/tr><tr><td>\u30bb\u30e9\u30df\u30c3\u30af\u30dc\u30a6\u30eb<\/td><td>QF2012S-1137R<\/td><td>14.7 \u00d7 14.7 \u00d7 9 cm<\/td><\/tr><tr><td>\u76bf\u4ed8\u304d\u30ab\u30c3\u30d7<\/td><td>QF2012S-1138R<\/td><td>\u30ab\u30c3\u30d79.4 \u00d7 6.2 \u00d7 5.5 cm\u76bf: 13.5 \u00d7 9 \u00d7 0.6 cm<\/td><\/tr><tr><td>\u767d\u3044\u30d4\u30c3\u30c1\u30e3\u30fc<\/td><td>QF2012S-1139R<\/td><td>10.2 \u00d7 8.5 \u00d7 12.3 cm<\/td><\/tr><\/tbody><\/table><\/figure>\n\n\n\n<figure class=\"wp-block-gallery has-nested-images columns-default is-cropped wp-block-gallery-1 is-layout-flex wp-block-gallery-is-layout-flex\">\n<figure class=\"wp-block-image size-large\"><img decoding=\"async\" width=\"800\" height=\"800\" data-id=\"1689\" src=\"https:\/\/www.czqunfa.com\/wp-content\/uploads\/2026\/01\/valentine-hearts-series-restaurant-tableware-supplies-wholesale-3.webp\" alt=\"\u30d0\u30ec\u30f3\u30bf\u30a4\u30f3\u30fb\u30cf\u30fc\u30c8\u30fb\u30b7\u30ea\u30fc\u30ba-\u30ec\u30b9\u30c8\u30e9\u30f3\u98df\u5668-\u5378\u58f2-3\" class=\"wp-image-1689\" srcset=\"https:\/\/www.czqunfa.com\/wp-content\/uploads\/2026\/01\/valentine-hearts-series-restaurant-tableware-supplies-wholesale-3.webp 800w, https:\/\/www.czqunfa.com\/wp-content\/uploads\/2026\/01\/valentine-hearts-series-restaurant-tableware-supplies-wholesale-3-300x300.webp 300w, https:\/\/www.czqunfa.com\/wp-content\/uploads\/2026\/01\/valentine-hearts-series-restaurant-tableware-supplies-wholesale-3-150x150.webp 150w, https:\/\/www.czqunfa.com\/wp-content\/uploads\/2026\/01\/valentine-hearts-series-restaurant-tableware-supplies-wholesale-3-768x768.webp 768w, https:\/\/www.czqunfa.com\/wp-content\/uploads\/2026\/01\/valentine-hearts-series-restaurant-tableware-supplies-wholesale-3-12x12.webp 12w, https:\/\/www.czqunfa.com\/wp-content\/uploads\/2026\/01\/valentine-hearts-series-restaurant-tableware-supplies-wholesale-3-600x600.webp 600w, https:\/\/www.czqunfa.com\/wp-content\/uploads\/2026\/01\/valentine-hearts-series-restaurant-tableware-supplies-wholesale-3-100x100.webp 100w\" sizes=\"(max-width: 800px) 100vw, 800px\" \/><\/figure>\n\n\n\n<figure class=\"wp-block-image size-large\"><img decoding=\"async\" width=\"800\" height=\"800\" data-id=\"1692\" src=\"https:\/\/www.czqunfa.com\/wp-content\/uploads\/2026\/01\/valentine-hearts-series-restaurant-tableware-supplies-wholesale-7.webp\" alt=\"\u30d0\u30ec\u30f3\u30bf\u30a4\u30f3\u30cf\u30fc\u30c4\u30b7\u30ea\u30fc\u30ba-\u30ec\u30b9\u30c8\u30e9\u30f3\u98df\u5668-\u5378\u58f2-7\" class=\"wp-image-1692\" srcset=\"https:\/\/www.czqunfa.com\/wp-content\/uploads\/2026\/01\/valentine-hearts-series-restaurant-tableware-supplies-wholesale-7.webp 800w, https:\/\/www.czqunfa.com\/wp-content\/uploads\/2026\/01\/valentine-hearts-series-restaurant-tableware-supplies-wholesale-7-300x300.webp 300w, https:\/\/www.czqunfa.com\/wp-content\/uploads\/2026\/01\/valentine-hearts-series-restaurant-tableware-supplies-wholesale-7-150x150.webp 150w, https:\/\/www.czqunfa.com\/wp-content\/uploads\/2026\/01\/valentine-hearts-series-restaurant-tableware-supplies-wholesale-7-768x768.webp 768w, https:\/\/www.czqunfa.com\/wp-content\/uploads\/2026\/01\/valentine-hearts-series-restaurant-tableware-supplies-wholesale-7-12x12.webp 12w, https:\/\/www.czqunfa.com\/wp-content\/uploads\/2026\/01\/valentine-hearts-series-restaurant-tableware-supplies-wholesale-7-600x600.webp 600w, https:\/\/www.czqunfa.com\/wp-content\/uploads\/2026\/01\/valentine-hearts-series-restaurant-tableware-supplies-wholesale-7-100x100.webp 100w\" sizes=\"(max-width: 800px) 100vw, 800px\" \/><\/figure>\n<\/figure>","protected":false},"excerpt":{"rendered":"<p>\u79c1\u305f\u3061\u306e\u30d0\u30ec\u30f3\u30bf\u30a4\u30f3\u30cf\u30fc\u30c8\u30b7\u30ea\u30fc\u30ba\u306e\u30ec\u30b9\u30c8\u30e9\u30f3\u98df\u5668\u7528\u54c1\u3092\u8cfc\u5165\u3059\u308b\u6b53\u8fce\u3001\u8010\u4e45\u6027\u3068\u6bce\u65e5\u306e\u5546\u696d\u4f7f\u7528\u306e\u305f\u3081\u306e\u9ad8\u54c1\u8cea\u306e\u30bb\u30e9\u30df\u30c3\u30af\u304b\u3089\u4f5c\u3089\u308c\u305f\u3002\u6ed1\u3089\u304b\u3067\u304a\u624b\u5165\u308c\u304c\u7c21\u5358\u306a\u91c9\u85ac\u3067\u3001\u3053\u306e\u30c7\u30a3\u30ca\u30fc\u30bb\u30c3\u30c816pc\u5378\u58f2\u306f\u8996\u899a\u7684\u306a\u9b45\u529b\u3092\u52a0\u3048\u3001\u30ec\u30b9\u30c8\u30e9\u30f3\u3001\u30d1\u30fc\u30c6\u30a3\u30fc\u3001\u5c0f\u58f2\u30d6\u30e9\u30f3\u30c9\u306b\u6700\u9069\u3067\u3059\u3002\u8907\u6570\u306e\u30a2\u30a4\u30c6\u30e0\u30b5\u30a4\u30ba\u306f\u3001\u5927\u91cf\u6ce8\u6587\u3084\u30ab\u30b9\u30bf\u30e0\u98df\u5668\u30bd\u30ea\u30e5\u30fc\u30b7\u30e7\u30f3\u3092\u30b5\u30dd\u30fc\u30c8\u3057\u3066\u3044\u307e\u3059\u3002\u5de5\u5834\u76f4\u63a5\u4fa1\u683c\u306e\u5229\u70b9\u3092\u5f97\u308b\u3002.<\/p>\n<h2>\u30ec\u30b9\u30c8\u30e9\u30f3\u98df\u5668\u7528\u54c1\u30d1\u30e9\u30e1\u30fc\u30bf<\/h2>\n<table width=\"328\">\n<tbody>\n<tr>\n<td width=\"116\">\u88fd\u9020\u696d\u8005<\/td>\n<td width=\"211\">QUNFA<\/td>\n<\/tr>\n<tr>\n<td width=\"116\">\u88fd\u54c1\u30bf\u30a4\u30d7<\/td>\n<td>\u98df\u5668\u30bb\u30c3\u30c8<\/td>\n<\/tr>\n<tr>\n<td width=\"116\">\u30e2\u30c7\u30eb\u756a\u53f7.<\/td>\n<td width=\"211\">\u00a0QF19-250<\/td>\n<\/tr>\n<tr>\n<td width=\"116\">\u6750\u6599<\/td>\n<td width=\"211\">\u30b9\u30c8\u30fc\u30f3\u30a6\u30a7\u30a2<\/td>\n<\/tr>\n<tr>\n<td width=\"116\">\u8272<\/td>\n<td width=\"211\">\u8d64\u3001\u767d<\/td>\n<\/tr>\n<tr>\n<td width=\"116\">\u6700\u5c0f\u767a\u6ce8\u6570\u91cf<\/td>\n<td width=\"211\">1000\u500b<\/td>\n<\/tr>\n<tr>\n<td width=\"116\">\u30ab\u30b9\u30bf\u30e0<\/td>\n<td width=\"211\">\u8272\uff0f\u30b5\u30a4\u30ba\uff0f\u30ed\u30b4\uff0f\u30d1\u30c3\u30b1\u30fc\u30b8\uff0f\u5f62\u72b6<\/td>\n<\/tr>\n<tr>\n<td>\u30d1\u30bf\u30fc\u30f3<\/td>\n<td>\u00a0\u30cf\u30fc\u30c4<\/td>\n<\/tr>\n<\/tbody>\n<\/table>","protected":false},"featured_media":1700,"comment_status":"closed","ping_status":"closed","template":"","meta":{"_acf_changed":false},"product_brand":[],"product_cat":[20,25],"product_tag":[],"class_list":{"0":"post-1657","1":"product","2":"type-product","3":"status-publish","4":"has-post-thumbnail","6":"product_cat-dinnerware-supplier","7":"product_cat-dinner-set-supplier","9":"first","10":"instock","11":"shipping-taxable","12":"product-type-simple"},"acf":[],"_links":{"self":[{"href":"https:\/\/www.czqunfa.com\/ja\/wp-json\/wp\/v2\/product\/1657","targetHints":{"allow":["GET"]}}],"collection":[{"href":"https:\/\/www.czqunfa.com\/ja\/wp-json\/wp\/v2\/product"}],"about":[{"href":"https:\/\/www.czqunfa.com\/ja\/wp-json\/wp\/v2\/types\/product"}],"replies":[{"embeddable":true,"href":"https:\/\/www.czqunfa.com\/ja\/wp-json\/wp\/v2\/comments?post=1657"}],"wp:featuredmedia":[{"embeddable":true,"href":"https:\/\/www.czqunfa.com\/ja\/wp-json\/wp\/v2\/media\/1700"}],"wp:attachment":[{"href":"https:\/\/www.czqunfa.com\/ja\/wp-json\/wp\/v2\/media?parent=1657"}],"wp:term":[{"taxonomy":"product_brand","embeddable":true,"href":"https:\/\/www.czqunfa.com\/ja\/wp-json\/wp\/v2\/product_brand?post=1657"},{"taxonomy":"product_cat","embeddable":true,"href":"https:\/\/www.czqunfa.com\/ja\/wp-json\/wp\/v2\/product_cat?post=1657"},{"taxonomy":"product_tag","embeddable":true,"href":"https:\/\/www.czqunfa.com\/ja\/wp-json\/wp\/v2\/product_tag?post=1657"}],"curies":[{"name":"wp","href":"https:\/\/api.w.org\/{rel}","templated":true}]}}