{"id":982,"date":"2025-12-24T09:35:45","date_gmt":"2025-12-24T09:35:45","guid":{"rendered":"https:\/\/www.tongdeceramic.com\/?post_type=product&#038;p=982"},"modified":"2025-12-25T03:32:34","modified_gmt":"2025-12-25T03:32:34","slug":"bulk-baking-pans","status":"publish","type":"product","link":"https:\/\/www.czqunfa.com\/fr\/produit\/bulk-baking-pans\/","title":{"rendered":"Moules \u00e0 p\u00e2tisserie ovales, vaisselle en c\u00e9ramique peinte \u00e0 la main sur mesure"},"content":{"rendered":"<div class=\"wp-block-columns is-layout-flex wp-container-core-columns-is-layout-9d6595d7 wp-block-columns-is-layout-flex\">\n<div class=\"wp-block-column is-layout-flow wp-block-column-is-layout-flow\">\n<h2 class=\"wp-block-heading\">Caract\u00e9ristiques des moules \u00e0 p\u00e2tisserie en vrac<\/h2>\n\n\n\n<ul class=\"wp-block-list\">\n<li><strong>Gla\u00e7ure peinte \u00e0 la main : <\/strong>Ces moules de cuisson en vrac sont \u00e9maill\u00e9s \u00e0 la main, dans un ton brun naturel et chaud, affichant un style de design entre le moderne et le naturel, avec une sensation de gentillesse artisanale, ajoutant un niveau \u00e0 votre table de salle \u00e0 manger ou de cuisson.<\/li>\n\n\n\n<li><strong>Conception \u00e0 double poign\u00e9e :<\/strong> Ces moules \u00e0 p\u00e2tisserie ovales en c\u00e9ramique sont dot\u00e9s de deux poign\u00e9es r\u00e9sistantes \u00e0 la chaleur des deux c\u00f4t\u00e9s pour une bonne prise en main, ce qui est parfait pour une utilisation \u00e0 haute temp\u00e9rature au four.<\/li>\n\n\n\n<li><strong>Mat\u00e9riau c\u00e9ramique de premi\u00e8re qualit\u00e9 : <\/strong>Ces moules \u00e0 p\u00e2tisserie en vrac sont fabriqu\u00e9s en c\u00e9ramique haute densit\u00e9, r\u00e9sistante aux temp\u00e9ratures \u00e9lev\u00e9es et aux changements brusques de temp\u00e9rature, non susceptible de se fissurer ou de se d\u00e9former, et durable.<\/li>\n\n\n\n<li><strong>Antiadh\u00e9sif et facile \u00e0 nettoyer :<\/strong> Les surfaces int\u00e9rieures et ext\u00e9rieures de ces moules \u00e0 p\u00e2tisserie en vrac sont lisses et glac\u00e9es, elles ne collent pas aux taches d'huile et sont faciles \u00e0 nettoyer, lavables au lave-vaisselle.<\/li>\n\n\n\n<li><strong>Utilisations polyvalentes : <\/strong>Ces moules en vrac conviennent non seulement \u00e0 la cuisson des g\u00e2teaux et du pain, mais servent \u00e9galement de moules \u00e0 p\u00e2tisserie, de saladiers ou d'assiettes \u00e0 d\u00eener, ce qui les rend id\u00e9aux pour les r\u00e9unions de famille, les restaurants, les boulangeries et d'autres occasions.<\/li>\n<\/ul>\n<\/div>\n\n\n\n<div class=\"wp-block-column is-layout-flow wp-block-column-is-layout-flow\">\n<figure class=\"wp-block-image size-full\"><img decoding=\"async\" width=\"2000\" height=\"2000\" src=\"https:\/\/www.czqunfa.com\/wp-content\/uploads\/2025\/12\/oval-bulk-baking-pans-hand-painted-custom-ceramic-tableware-1.webp\" alt=\"moules \u00e0 p\u00e2tisserie ovales peints \u00e0 la main - vaisselle en c\u00e9ramique personnalis\u00e9e - 1\" class=\"wp-image-988\" srcset=\"https:\/\/www.czqunfa.com\/wp-content\/uploads\/2025\/12\/oval-bulk-baking-pans-hand-painted-custom-ceramic-tableware-1.webp 2000w, https:\/\/www.czqunfa.com\/wp-content\/uploads\/2025\/12\/oval-bulk-baking-pans-hand-painted-custom-ceramic-tableware-1-300x300.webp 300w, https:\/\/www.czqunfa.com\/wp-content\/uploads\/2025\/12\/oval-bulk-baking-pans-hand-painted-custom-ceramic-tableware-1-150x150.webp 150w, https:\/\/www.czqunfa.com\/wp-content\/uploads\/2025\/12\/oval-bulk-baking-pans-hand-painted-custom-ceramic-tableware-1-768x768.webp 768w, https:\/\/www.czqunfa.com\/wp-content\/uploads\/2025\/12\/oval-bulk-baking-pans-hand-painted-custom-ceramic-tableware-1-1200x1200.webp 1200w, https:\/\/www.czqunfa.com\/wp-content\/uploads\/2025\/12\/oval-bulk-baking-pans-hand-painted-custom-ceramic-tableware-1-600x600.webp 600w, https:\/\/www.czqunfa.com\/wp-content\/uploads\/2025\/12\/oval-bulk-baking-pans-hand-painted-custom-ceramic-tableware-1-100x100.webp 100w\" sizes=\"(max-width: 2000px) 100vw, 2000px\" \/><\/figure>\n<\/div>\n<\/div>\n\n\n\n<figure class=\"wp-block-gallery has-nested-images columns-default is-cropped wp-block-gallery-1 is-layout-flex wp-block-gallery-is-layout-flex\">\n<figure class=\"wp-block-image size-full\"><img decoding=\"async\" width=\"2000\" height=\"2000\" data-id=\"989\" src=\"https:\/\/www.czqunfa.com\/wp-content\/uploads\/2025\/12\/oval-bulk-baking-pans-hand-painted-custom-ceramic-tableware-2.webp\" alt=\"moules \u00e0 p\u00e2tisserie ovales peints \u00e0 la main - vaisselle en c\u00e9ramique personnalis\u00e9e - 2\" class=\"wp-image-989\" srcset=\"https:\/\/www.czqunfa.com\/wp-content\/uploads\/2025\/12\/oval-bulk-baking-pans-hand-painted-custom-ceramic-tableware-2.webp 2000w, https:\/\/www.czqunfa.com\/wp-content\/uploads\/2025\/12\/oval-bulk-baking-pans-hand-painted-custom-ceramic-tableware-2-300x300.webp 300w, https:\/\/www.czqunfa.com\/wp-content\/uploads\/2025\/12\/oval-bulk-baking-pans-hand-painted-custom-ceramic-tableware-2-150x150.webp 150w, https:\/\/www.czqunfa.com\/wp-content\/uploads\/2025\/12\/oval-bulk-baking-pans-hand-painted-custom-ceramic-tableware-2-768x768.webp 768w, https:\/\/www.czqunfa.com\/wp-content\/uploads\/2025\/12\/oval-bulk-baking-pans-hand-painted-custom-ceramic-tableware-2-1200x1200.webp 1200w, https:\/\/www.czqunfa.com\/wp-content\/uploads\/2025\/12\/oval-bulk-baking-pans-hand-painted-custom-ceramic-tableware-2-600x600.webp 600w, https:\/\/www.czqunfa.com\/wp-content\/uploads\/2025\/12\/oval-bulk-baking-pans-hand-painted-custom-ceramic-tableware-2-100x100.webp 100w\" sizes=\"(max-width: 2000px) 100vw, 2000px\" \/><\/figure>\n\n\n\n<figure class=\"wp-block-image size-full\"><img decoding=\"async\" width=\"2000\" height=\"2000\" data-id=\"991\" src=\"https:\/\/www.czqunfa.com\/wp-content\/uploads\/2025\/12\/oval-bulk-baking-pans-hand-painted-custom-ceramic-tableware-4.webp\" alt=\"moules \u00e0 p\u00e2tisserie ovales peints \u00e0 la main - vaisselle en c\u00e9ramique personnalis\u00e9e - 4\" class=\"wp-image-991\" srcset=\"https:\/\/www.czqunfa.com\/wp-content\/uploads\/2025\/12\/oval-bulk-baking-pans-hand-painted-custom-ceramic-tableware-4.webp 2000w, https:\/\/www.czqunfa.com\/wp-content\/uploads\/2025\/12\/oval-bulk-baking-pans-hand-painted-custom-ceramic-tableware-4-300x300.webp 300w, https:\/\/www.czqunfa.com\/wp-content\/uploads\/2025\/12\/oval-bulk-baking-pans-hand-painted-custom-ceramic-tableware-4-150x150.webp 150w, https:\/\/www.czqunfa.com\/wp-content\/uploads\/2025\/12\/oval-bulk-baking-pans-hand-painted-custom-ceramic-tableware-4-768x768.webp 768w, https:\/\/www.czqunfa.com\/wp-content\/uploads\/2025\/12\/oval-bulk-baking-pans-hand-painted-custom-ceramic-tableware-4-1200x1200.webp 1200w, https:\/\/www.czqunfa.com\/wp-content\/uploads\/2025\/12\/oval-bulk-baking-pans-hand-painted-custom-ceramic-tableware-4-600x600.webp 600w, https:\/\/www.czqunfa.com\/wp-content\/uploads\/2025\/12\/oval-bulk-baking-pans-hand-painted-custom-ceramic-tableware-4-100x100.webp 100w\" sizes=\"(max-width: 2000px) 100vw, 2000px\" \/><\/figure>\n<\/figure>\n\n\n\n<p><\/p>","protected":false},"excerpt":{"rendered":"<p>Ces plats de cuisson ovales en vrac sont fabriqu\u00e9s en gr\u00e8s de haute qualit\u00e9, avec une gla\u00e7ure brune peinte \u00e0 la main et une surface lisse et facile \u00e0 nettoyer. Pouvant aller au micro-ondes, au four et au lave-vaisselle, ces plats de cuisson durables sont id\u00e9aux pour les achats en vrac, les collections de vaisselle personnalis\u00e9es et les applications de cuisson \u00e0 la maison et dans les commerces.<\/p>\n<h2>Param\u00e8tres des moules \u00e0 p\u00e2tisserie ovales en vrac<\/h2>\n<table width=\"328\">\n<tbody>\n<tr>\n<td width=\"116\">Fabricant<\/td>\n<td width=\"211\">QUNFA<\/td>\n<\/tr>\n<tr>\n<td width=\"116\">Type de produit<\/td>\n<td width=\"211\">Plaque de cuisson<\/td>\n<\/tr>\n<tr>\n<td width=\"116\">Num\u00e9ro de mod\u00e8le.<\/td>\n<td width=\"211\">\u00a0QFF15-115<\/td>\n<\/tr>\n<tr>\n<td width=\"116\">Mat\u00e9riau<\/td>\n<td width=\"211\">Gr\u00e8s<\/td>\n<\/tr>\n<tr>\n<td width=\"116\">Couleur<\/td>\n<td width=\"211\">Marron<\/td>\n<\/tr>\n<tr>\n<td width=\"116\">Dimension<\/td>\n<td width=\"211\">\u00a0M:22*15.3*4.7CM<br \/>S:18*11.5*5CM<\/td>\n<\/tr>\n<tr>\n<td width=\"116\">Quantit\u00e9 minimale de commande<\/td>\n<td width=\"211\">1000 pi\u00e8ces<\/td>\n<\/tr>\n<tr>\n<td width=\"116\">Personnalis\u00e9<\/td>\n<td width=\"211\">Couleur\/Taille\/Logo\/Emballage\/Forme<\/td>\n<\/tr>\n<\/tbody>\n<\/table>","protected":false},"featured_media":993,"comment_status":"closed","ping_status":"closed","template":"","meta":{"_acf_changed":false},"product_brand":[],"product_cat":[22,23],"product_tag":[],"class_list":{"0":"post-982","1":"product","2":"type-product","3":"status-publish","4":"has-post-thumbnail","6":"product_cat-bakeware-manufacturer","7":"product_cat-wholesale-baking-dishes","9":"first","10":"instock","11":"shipping-taxable","12":"product-type-simple"},"acf":[],"_links":{"self":[{"href":"https:\/\/www.czqunfa.com\/fr\/wp-json\/wp\/v2\/product\/982","targetHints":{"allow":["GET"]}}],"collection":[{"href":"https:\/\/www.czqunfa.com\/fr\/wp-json\/wp\/v2\/product"}],"about":[{"href":"https:\/\/www.czqunfa.com\/fr\/wp-json\/wp\/v2\/types\/product"}],"replies":[{"embeddable":true,"href":"https:\/\/www.czqunfa.com\/fr\/wp-json\/wp\/v2\/comments?post=982"}],"wp:featuredmedia":[{"embeddable":true,"href":"https:\/\/www.czqunfa.com\/fr\/wp-json\/wp\/v2\/media\/993"}],"wp:attachment":[{"href":"https:\/\/www.czqunfa.com\/fr\/wp-json\/wp\/v2\/media?parent=982"}],"wp:term":[{"taxonomy":"product_brand","embeddable":true,"href":"https:\/\/www.czqunfa.com\/fr\/wp-json\/wp\/v2\/product_brand?post=982"},{"taxonomy":"product_cat","embeddable":true,"href":"https:\/\/www.czqunfa.com\/fr\/wp-json\/wp\/v2\/product_cat?post=982"},{"taxonomy":"product_tag","embeddable":true,"href":"https:\/\/www.czqunfa.com\/fr\/wp-json\/wp\/v2\/product_tag?post=982"}],"curies":[{"name":"wp","href":"https:\/\/api.w.org\/{rel}","templated":true}]}}