{"id":430,"date":"2025-12-22T08:27:35","date_gmt":"2025-12-22T08:27:35","guid":{"rendered":"https:\/\/www.tongdeceramic.com\/?post_type=product&#038;p=430"},"modified":"2025-12-25T03:32:09","modified_gmt":"2025-12-25T03:32:09","slug":"wholesale-soup-bowls","status":"publish","type":"product","link":"https:\/\/www.czqunfa.com\/fr\/produit\/wholesale-soup-bowls\/","title":{"rendered":"Vente en gros de bols \u00e0 soupe \u00e0 double anse, bols en c\u00e9ramique en vrac"},"content":{"rendered":"<div class=\"wp-block-columns is-layout-flex wp-container-core-columns-is-layout-9d6595d7 wp-block-columns-is-layout-flex\">\n<div class=\"wp-block-column is-layout-flow wp-block-column-is-layout-flow\">\n<h2 class=\"wp-block-heading\">Caract\u00e9ristiques des bols \u00e0 soupe vendus en gros<\/h2>\n\n\n\n<ul class=\"wp-block-list\">\n<li><strong>Mat\u00e9riau c\u00e9ramique de haute qualit\u00e9 :<\/strong> Ces bols \u00e0 soupe vendus en gros sont fabriqu\u00e9s \u00e0 partir d'une c\u00e9ramique haut de gamme s\u00e9lectionn\u00e9e, robuste et durable, avec une excellente r\u00e9sistance \u00e0 la chaleur et au froid, adaptable \u00e0 divers environnements de temp\u00e9rature.<\/li>\n\n\n\n<li><strong>Conception facile \u00e0 nettoyer :<\/strong> Ces bols \u00e0 soupe vendus en gros ont une surface lisse et d\u00e9licate ; les taches n'adh\u00e8rent pas facilement, ils sont faciles \u00e0 rincer et \u00e0 nettoyer, et conviennent aussi bien \u00e0 un usage quotidien \u00e0 la maison qu'\u00e0 un usage commercial.<\/li>\n\n\n\n<li><strong>Conception \u00e0 double poign\u00e9e : <\/strong>Ces bols \u00e0 soupe vendus en gros sont dot\u00e9s d'une double poign\u00e9e ergonomique qui les rend stables \u00e0 tenir. Ils sont particuli\u00e8rement adapt\u00e9s pour contenir des soupes chaudes, des rago\u00fbts et d'autres aliments \u00e0 haute temp\u00e9rature, am\u00e9liorant ainsi la s\u00e9curit\u00e9 et le confort lors des repas.<\/li>\n\n\n\n<li><strong>Utilisations multifonctionnelles :<\/strong> Nos bols en c\u00e9ramique en vrac conviennent \u00e0 de nombreuses occasions, non seulement comme bols \u00e0 soupe et saladiers, mais aussi pour servir des nouilles instantan\u00e9es, des desserts, etc., r\u00e9pondant ainsi \u00e0 divers besoins en mati\u00e8re de restauration.<\/li>\n\n\n\n<li><strong>Compatible avec les appareils \u00e9lectrom\u00e9nagers de cuisine :<\/strong> Nos bols en c\u00e9ramique personnalis\u00e9s sont compatibles avec le lave-vaisselle, le micro-ondes et le four. Pratiques pour r\u00e9chauffer, nettoyer et conserver les aliments, ils am\u00e9liorent la facilit\u00e9 d'utilisation et r\u00e9pondent aux besoins multifonctionnels des cuisines modernes.<\/li>\n<\/ul>\n<\/div>\n\n\n\n<div class=\"wp-block-column is-layout-flow wp-block-column-is-layout-flow\">\n<figure class=\"wp-block-image size-full\"><img decoding=\"async\" width=\"1000\" height=\"1000\" src=\"https:\/\/www.czqunfa.com\/wp-content\/uploads\/2025\/12\/wholesale-soup-bowls-with-double-handles-ceramic-bowls-bulk-5.webp\" alt=\"bols-\u00e0-soupe-avec-double-poign\u00e9e-en-c\u00e9ramique-en-vrac-5\" class=\"wp-image-596\" srcset=\"https:\/\/www.czqunfa.com\/wp-content\/uploads\/2025\/12\/wholesale-soup-bowls-with-double-handles-ceramic-bowls-bulk-5.webp 1000w, https:\/\/www.czqunfa.com\/wp-content\/uploads\/2025\/12\/wholesale-soup-bowls-with-double-handles-ceramic-bowls-bulk-5-300x300.webp 300w, https:\/\/www.czqunfa.com\/wp-content\/uploads\/2025\/12\/wholesale-soup-bowls-with-double-handles-ceramic-bowls-bulk-5-150x150.webp 150w, https:\/\/www.czqunfa.com\/wp-content\/uploads\/2025\/12\/wholesale-soup-bowls-with-double-handles-ceramic-bowls-bulk-5-768x768.webp 768w, https:\/\/www.czqunfa.com\/wp-content\/uploads\/2025\/12\/wholesale-soup-bowls-with-double-handles-ceramic-bowls-bulk-5-600x600.webp 600w, https:\/\/www.czqunfa.com\/wp-content\/uploads\/2025\/12\/wholesale-soup-bowls-with-double-handles-ceramic-bowls-bulk-5-100x100.webp 100w\" sizes=\"(max-width: 1000px) 100vw, 1000px\" \/><\/figure>\n<\/div>\n<\/div>\n\n\n\n<figure class=\"wp-block-gallery has-nested-images columns-default is-cropped wp-block-gallery-1 is-layout-flex wp-block-gallery-is-layout-flex\">\n<figure class=\"wp-block-image size-full\"><img decoding=\"async\" width=\"1000\" height=\"1000\" data-id=\"595\" src=\"https:\/\/www.czqunfa.com\/wp-content\/uploads\/2025\/12\/wholesale-soup-bowls-with-double-handles-ceramic-bowls-bulk-4.webp\" alt=\"bols-\u00e0-soupe-avec-double-poign\u00e9e-en-c\u00e9ramique-en-vrac-4\" class=\"wp-image-595\" srcset=\"https:\/\/www.czqunfa.com\/wp-content\/uploads\/2025\/12\/wholesale-soup-bowls-with-double-handles-ceramic-bowls-bulk-4.webp 1000w, https:\/\/www.czqunfa.com\/wp-content\/uploads\/2025\/12\/wholesale-soup-bowls-with-double-handles-ceramic-bowls-bulk-4-300x300.webp 300w, https:\/\/www.czqunfa.com\/wp-content\/uploads\/2025\/12\/wholesale-soup-bowls-with-double-handles-ceramic-bowls-bulk-4-150x150.webp 150w, https:\/\/www.czqunfa.com\/wp-content\/uploads\/2025\/12\/wholesale-soup-bowls-with-double-handles-ceramic-bowls-bulk-4-768x768.webp 768w, https:\/\/www.czqunfa.com\/wp-content\/uploads\/2025\/12\/wholesale-soup-bowls-with-double-handles-ceramic-bowls-bulk-4-600x600.webp 600w, https:\/\/www.czqunfa.com\/wp-content\/uploads\/2025\/12\/wholesale-soup-bowls-with-double-handles-ceramic-bowls-bulk-4-100x100.webp 100w\" sizes=\"(max-width: 1000px) 100vw, 1000px\" \/><\/figure>\n\n\n\n<figure class=\"wp-block-image size-full\"><img decoding=\"async\" width=\"1000\" height=\"1000\" data-id=\"593\" src=\"https:\/\/www.czqunfa.com\/wp-content\/uploads\/2025\/12\/wholesale-soup-bowls-with-double-handles-ceramic-bowls-bulk-2.webp\" alt=\"bols-\u00e0-soupe-avec-double-poign\u00e9e-en-c\u00e9ramique-en-vrac-2\" class=\"wp-image-593\" srcset=\"https:\/\/www.czqunfa.com\/wp-content\/uploads\/2025\/12\/wholesale-soup-bowls-with-double-handles-ceramic-bowls-bulk-2.webp 1000w, https:\/\/www.czqunfa.com\/wp-content\/uploads\/2025\/12\/wholesale-soup-bowls-with-double-handles-ceramic-bowls-bulk-2-300x300.webp 300w, https:\/\/www.czqunfa.com\/wp-content\/uploads\/2025\/12\/wholesale-soup-bowls-with-double-handles-ceramic-bowls-bulk-2-150x150.webp 150w, https:\/\/www.czqunfa.com\/wp-content\/uploads\/2025\/12\/wholesale-soup-bowls-with-double-handles-ceramic-bowls-bulk-2-768x768.webp 768w, https:\/\/www.czqunfa.com\/wp-content\/uploads\/2025\/12\/wholesale-soup-bowls-with-double-handles-ceramic-bowls-bulk-2-600x600.webp 600w, https:\/\/www.czqunfa.com\/wp-content\/uploads\/2025\/12\/wholesale-soup-bowls-with-double-handles-ceramic-bowls-bulk-2-100x100.webp 100w\" sizes=\"(max-width: 1000px) 100vw, 1000px\" \/><\/figure>\n<\/figure>\n\n\n\n<p><\/p>","protected":false},"excerpt":{"rendered":"<p>Bienvenue pour acheter ces bols \u00e0 soupe empilables de 567 ml vendus en gros, dot\u00e9s de deux anses en gr\u00e8s durable, offrant une excellente r\u00e9sistance \u00e0 la chaleur et une performance durable. Les bols sont recouverts d'un vernis lisse, ce qui les rend faciles \u00e0 nettoyer pour les soupes, les nouilles, les rago\u00fbts, les salades, etc. Ils conviennent \u00e9galement tr\u00e8s bien \u00e0 la vente en gros, aux restaurants, aux h\u00f4tels, \u00e0 la restauration et \u00e0 tous les autres types d'utilisations commerciales.<\/p>\n<h2>Param\u00e8tres des bols \u00e0 soupe vendus en gros<\/h2>\n<table border=\"0\" width=\"328\" cellspacing=\"0\" cellpadding=\"0\">\n<tbody>\n<tr>\n<td width=\"116\" height=\"16\">Fabricant<\/td>\n<td width=\"211\">QUNFA<\/td>\n<\/tr>\n<tr>\n<td width=\"116\" height=\"16\">Type de produit<\/td>\n<td width=\"211\">Bol \u00e0 soupe<\/td>\n<\/tr>\n<tr>\n<td width=\"116\" height=\"16\">Num\u00e9ro de mod\u00e8le.<\/td>\n<td width=\"211\">QF22-116<\/td>\n<\/tr>\n<tr>\n<td width=\"116\" height=\"16\">Mat\u00e9riau<\/td>\n<td width=\"211\">Gr\u00e8s<\/td>\n<\/tr>\n<tr>\n<td width=\"116\" height=\"31\">Couleur<\/td>\n<td width=\"211\">Blanc, couleur caramel, vert for\u00eat, couleur raisin, noir, bleu marine<\/td>\n<\/tr>\n<tr>\n<td width=\"116\" height=\"16\">Dimension<\/td>\n<td width=\"211\">19,1 x 13,4 x 6,3 cm<\/td>\n<\/tr>\n<tr>\n<td width=\"116\" height=\"16\">Quantit\u00e9 minimale de commande<\/td>\n<td width=\"211\">1000 pi\u00e8ces<\/td>\n<\/tr>\n<tr>\n<td width=\"116\" height=\"16\">Personnalis\u00e9<\/td>\n<td width=\"211\">Couleur\/Taille\/Logo\/Emballage\/Forme<\/td>\n<\/tr>\n<\/tbody>\n<\/table>","protected":false},"featured_media":594,"comment_status":"closed","ping_status":"closed","template":"","meta":{"_acf_changed":false},"product_brand":[],"product_cat":[20,36],"product_tag":[],"class_list":{"0":"post-430","1":"product","2":"type-product","3":"status-publish","4":"has-post-thumbnail","6":"product_cat-dinnerware-supplier","7":"product_cat-ceramic-bowl-supplier","9":"first","10":"instock","11":"shipping-taxable","12":"product-type-simple"},"acf":[],"_links":{"self":[{"href":"https:\/\/www.czqunfa.com\/fr\/wp-json\/wp\/v2\/product\/430","targetHints":{"allow":["GET"]}}],"collection":[{"href":"https:\/\/www.czqunfa.com\/fr\/wp-json\/wp\/v2\/product"}],"about":[{"href":"https:\/\/www.czqunfa.com\/fr\/wp-json\/wp\/v2\/types\/product"}],"replies":[{"embeddable":true,"href":"https:\/\/www.czqunfa.com\/fr\/wp-json\/wp\/v2\/comments?post=430"}],"wp:featuredmedia":[{"embeddable":true,"href":"https:\/\/www.czqunfa.com\/fr\/wp-json\/wp\/v2\/media\/594"}],"wp:attachment":[{"href":"https:\/\/www.czqunfa.com\/fr\/wp-json\/wp\/v2\/media?parent=430"}],"wp:term":[{"taxonomy":"product_brand","embeddable":true,"href":"https:\/\/www.czqunfa.com\/fr\/wp-json\/wp\/v2\/product_brand?post=430"},{"taxonomy":"product_cat","embeddable":true,"href":"https:\/\/www.czqunfa.com\/fr\/wp-json\/wp\/v2\/product_cat?post=430"},{"taxonomy":"product_tag","embeddable":true,"href":"https:\/\/www.czqunfa.com\/fr\/wp-json\/wp\/v2\/product_tag?post=430"}],"curies":[{"name":"wp","href":"https:\/\/api.w.org\/{rel}","templated":true}]}}