{"id":424,"date":"2025-12-20T10:31:09","date_gmt":"2025-12-20T10:31:09","guid":{"rendered":"https:\/\/www.tongdeceramic.com\/?post_type=product&#038;p=424"},"modified":"2025-12-25T03:31:16","modified_gmt":"2025-12-25T03:31:16","slug":"restaurant-supply-bowls","status":"publish","type":"product","link":"https:\/\/www.czqunfa.com\/fr\/produit\/restaurant-supply-bowls\/","title":{"rendered":"Bols pour restaurants, ensemble de bols \u00e0 m\u00e9langer en c\u00e9ramique en gros"},"content":{"rendered":"<div class=\"wp-block-columns is-layout-flex wp-container-core-columns-is-layout-9d6595d7 wp-block-columns-is-layout-flex\">\n<div class=\"wp-block-column is-layout-flow wp-block-column-is-layout-flow\">\n<h2 class=\"wp-block-heading\">Caract\u00e9ristiques des bols de restauration<\/h2>\n\n\n\n<ul class=\"wp-block-list\">\n<li><strong>Mat\u00e9riau c\u00e9ramique de haute qualit\u00e9 :<\/strong> Ces bols destin\u00e9s \u00e0 la restauration sont fabriqu\u00e9s \u00e0 partir de gr\u00e8s de haute qualit\u00e9 soigneusement s\u00e9lectionn\u00e9s. Ce bol pr\u00e9sente une structure dense et durable avec une excellente r\u00e9sistance \u00e0 la chaleur et au froid, ce qui le rend adapt\u00e9 aux environnements commerciaux \u00e0 haute fr\u00e9quence.<\/li>\n\n\n\n<li><strong>S\u00e9curit\u00e9 alimentaire : <\/strong>R\u00e9pond aux normes de s\u00e9curit\u00e9 en mati\u00e8re de contact alimentaire. Ces bols destin\u00e9s aux restaurants peuvent \u00eatre utilis\u00e9s en toute s\u00e9curit\u00e9 dans les cuisines des restaurants, les boulangeries, les caf\u00e9t\u00e9rias et les cuisines domestiques.<\/li>\n\n\n\n<li><strong>Glacis lisse facile \u00e0 nettoyer :<\/strong> La couche de gla\u00e7age lisse et fine de l'ensemble de bols \u00e0 m\u00e9langer en gros emp\u00eache les taches d'huile et les odeurs de nourriture de s'accumuler, ce qui permet de les laver \u00e0 la main ou au lave-vaisselle. Ces bols pour restaurants restent propres et neufs m\u00eame apr\u00e8s une utilisation prolong\u00e9e.<\/li>\n\n\n\n<li><strong>Design multifonctionnel :<\/strong> Ces bols de restauration peuvent \u00eatre utilis\u00e9s comme bol \u00e0 fruits, bol \u00e0 salade, bol \u00e0 pr\u00e9paration d'ingr\u00e9dients et bol de stockage, r\u00e9pondant ainsi \u00e0 divers besoins de la cuisine tels que la pr\u00e9paration, le m\u00e9lange et le service des aliments.<\/li>\n\n\n\n<li><strong>S\u00fbr pour plusieurs appareils :<\/strong> Cet ensemble de bols \u00e0 m\u00e9langer en gros passe au lave-vaisselle, au micro-ondes et au four, et s'adapte aux processus op\u00e9rationnels efficaces des cuisines des restaurants modernes.<\/li>\n<\/ul>\n<\/div>\n\n\n\n<div class=\"wp-block-column is-layout-flow wp-block-column-is-layout-flow\">\n<figure class=\"wp-block-image size-full\"><img decoding=\"async\" width=\"1000\" height=\"1000\" src=\"https:\/\/www.czqunfa.com\/wp-content\/uploads\/2025\/12\/restaurant-supply-bowls-ceramic-mixing-bowl-set-wholesale-1.webp\" alt=\"restaurant-supply-bowls-ceramic-mixing-bowl-set-wholesale-1\" class=\"wp-image-425\" srcset=\"https:\/\/www.czqunfa.com\/wp-content\/uploads\/2025\/12\/restaurant-supply-bowls-ceramic-mixing-bowl-set-wholesale-1.webp 1000w, https:\/\/www.czqunfa.com\/wp-content\/uploads\/2025\/12\/restaurant-supply-bowls-ceramic-mixing-bowl-set-wholesale-1-300x300.webp 300w, https:\/\/www.czqunfa.com\/wp-content\/uploads\/2025\/12\/restaurant-supply-bowls-ceramic-mixing-bowl-set-wholesale-1-150x150.webp 150w, https:\/\/www.czqunfa.com\/wp-content\/uploads\/2025\/12\/restaurant-supply-bowls-ceramic-mixing-bowl-set-wholesale-1-768x768.webp 768w, https:\/\/www.czqunfa.com\/wp-content\/uploads\/2025\/12\/restaurant-supply-bowls-ceramic-mixing-bowl-set-wholesale-1-600x600.webp 600w, https:\/\/www.czqunfa.com\/wp-content\/uploads\/2025\/12\/restaurant-supply-bowls-ceramic-mixing-bowl-set-wholesale-1-100x100.webp 100w\" sizes=\"(max-width: 1000px) 100vw, 1000px\" \/><\/figure>\n<\/div>\n<\/div>\n\n\n\n<figure class=\"wp-block-gallery has-nested-images columns-default is-cropped wp-block-gallery-1 is-layout-flex wp-block-gallery-is-layout-flex\">\n<figure class=\"wp-block-image size-large\"><img decoding=\"async\" width=\"1000\" height=\"1000\" data-id=\"426\" src=\"https:\/\/www.czqunfa.com\/wp-content\/uploads\/2025\/12\/restaurant-supply-bowls-ceramic-mixing-bowl-set-wholesale-2.webp\" alt=\"restaurant-supply-bowls-ceramic-mixing-bowl-set-wholesale-2\" class=\"wp-image-426\" srcset=\"https:\/\/www.czqunfa.com\/wp-content\/uploads\/2025\/12\/restaurant-supply-bowls-ceramic-mixing-bowl-set-wholesale-2.webp 1000w, https:\/\/www.czqunfa.com\/wp-content\/uploads\/2025\/12\/restaurant-supply-bowls-ceramic-mixing-bowl-set-wholesale-2-300x300.webp 300w, https:\/\/www.czqunfa.com\/wp-content\/uploads\/2025\/12\/restaurant-supply-bowls-ceramic-mixing-bowl-set-wholesale-2-150x150.webp 150w, https:\/\/www.czqunfa.com\/wp-content\/uploads\/2025\/12\/restaurant-supply-bowls-ceramic-mixing-bowl-set-wholesale-2-768x768.webp 768w, https:\/\/www.czqunfa.com\/wp-content\/uploads\/2025\/12\/restaurant-supply-bowls-ceramic-mixing-bowl-set-wholesale-2-600x600.webp 600w, https:\/\/www.czqunfa.com\/wp-content\/uploads\/2025\/12\/restaurant-supply-bowls-ceramic-mixing-bowl-set-wholesale-2-100x100.webp 100w\" sizes=\"(max-width: 1000px) 100vw, 1000px\" \/><\/figure>\n\n\n\n<figure class=\"wp-block-image size-large\"><img decoding=\"async\" width=\"1000\" height=\"1000\" data-id=\"427\" src=\"https:\/\/www.czqunfa.com\/wp-content\/uploads\/2025\/12\/restaurant-supply-bowls-ceramic-mixing-bowl-set-wholesale-3.webp\" alt=\"restaurant-supply-bowls-ceramic-mixing-bowl-set-wholesale-3\" class=\"wp-image-427\" srcset=\"https:\/\/www.czqunfa.com\/wp-content\/uploads\/2025\/12\/restaurant-supply-bowls-ceramic-mixing-bowl-set-wholesale-3.webp 1000w, https:\/\/www.czqunfa.com\/wp-content\/uploads\/2025\/12\/restaurant-supply-bowls-ceramic-mixing-bowl-set-wholesale-3-300x300.webp 300w, https:\/\/www.czqunfa.com\/wp-content\/uploads\/2025\/12\/restaurant-supply-bowls-ceramic-mixing-bowl-set-wholesale-3-150x150.webp 150w, https:\/\/www.czqunfa.com\/wp-content\/uploads\/2025\/12\/restaurant-supply-bowls-ceramic-mixing-bowl-set-wholesale-3-768x768.webp 768w, https:\/\/www.czqunfa.com\/wp-content\/uploads\/2025\/12\/restaurant-supply-bowls-ceramic-mixing-bowl-set-wholesale-3-600x600.webp 600w, https:\/\/www.czqunfa.com\/wp-content\/uploads\/2025\/12\/restaurant-supply-bowls-ceramic-mixing-bowl-set-wholesale-3-100x100.webp 100w\" sizes=\"(max-width: 1000px) 100vw, 1000px\" \/><\/figure>\n<\/figure>","protected":false},"excerpt":{"rendered":"<p>Ces bols modernes pour restaurants sont fabriqu\u00e9s en c\u00e9ramique de premi\u00e8re qualit\u00e9 et pr\u00e9sentent une excellente r\u00e9sistance \u00e0 la chaleur et au froid. Con\u00e7us pour une utilisation professionnelle dans les restaurants et les cuisines commerciales, ces bols \u00e0 m\u00e9langer sont disponibles en plusieurs tailles pratiques. Ils sont id\u00e9aux pour m\u00e9langer, servir et conserver les aliments. Ils sont parfaits pour la vente en gros, les projets de restauration et la personnalisation OEM.<\/p>\n<h2>Restaurant Supply Bowls Parameter<\/h2>\n<table border=\"0\" width=\"328\" cellspacing=\"0\" cellpadding=\"0\">\n<tbody>\n<tr>\n<td width=\"116\" height=\"16\">Fabricant<\/td>\n<td width=\"211\">QUNFA<\/td>\n<\/tr>\n<tr>\n<td width=\"116\" height=\"16\">Type de produit<\/td>\n<td width=\"211\">Bol \u00e0 m\u00e9langer<\/td>\n<\/tr>\n<tr>\n<td width=\"116\" height=\"16\">Num\u00e9ro de mod\u00e8le.<\/td>\n<td width=\"211\">T25-0214<\/td>\n<\/tr>\n<tr>\n<td width=\"116\" height=\"16\">Mat\u00e9riau<\/td>\n<td width=\"211\">Gr\u00e8s<\/td>\n<\/tr>\n<tr>\n<td width=\"116\" height=\"16\">Couleur<\/td>\n<td width=\"211\">Gris<\/td>\n<\/tr>\n<tr>\n<td width=\"116\" height=\"46\">Dimension<\/td>\n<td width=\"211\">8.8\u201dbowl:22.4*22.4*11.2cm 8\u2033bowl:20*20*10.1cm 6\u201cbowl:15*15*7.1cm<\/td>\n<\/tr>\n<tr>\n<td width=\"116\" height=\"16\">Quantit\u00e9 minimale de commande<\/td>\n<td width=\"211\">1000 pi\u00e8ces<\/td>\n<\/tr>\n<tr>\n<td width=\"116\" height=\"16\">Personnalis\u00e9<\/td>\n<td width=\"211\">Couleur\/Taille\/Logo\/Emballage\/Forme<\/td>\n<\/tr>\n<\/tbody>\n<\/table>","protected":false},"featured_media":429,"comment_status":"closed","ping_status":"closed","template":"","meta":{"_acf_changed":false},"product_brand":[],"product_cat":[20,36,21,31],"product_tag":[],"class_list":{"0":"post-424","1":"product","2":"type-product","3":"status-publish","4":"has-post-thumbnail","6":"product_cat-dinnerware-supplier","7":"product_cat-ceramic-bowl-supplier","8":"product_cat-ceramic-kitchenware-wholesale","9":"product_cat-ceramic-mixing-bowls-supplier","11":"first","12":"instock","13":"shipping-taxable","14":"product-type-simple"},"acf":[],"_links":{"self":[{"href":"https:\/\/www.czqunfa.com\/fr\/wp-json\/wp\/v2\/product\/424","targetHints":{"allow":["GET"]}}],"collection":[{"href":"https:\/\/www.czqunfa.com\/fr\/wp-json\/wp\/v2\/product"}],"about":[{"href":"https:\/\/www.czqunfa.com\/fr\/wp-json\/wp\/v2\/types\/product"}],"replies":[{"embeddable":true,"href":"https:\/\/www.czqunfa.com\/fr\/wp-json\/wp\/v2\/comments?post=424"}],"wp:featuredmedia":[{"embeddable":true,"href":"https:\/\/www.czqunfa.com\/fr\/wp-json\/wp\/v2\/media\/429"}],"wp:attachment":[{"href":"https:\/\/www.czqunfa.com\/fr\/wp-json\/wp\/v2\/media?parent=424"}],"wp:term":[{"taxonomy":"product_brand","embeddable":true,"href":"https:\/\/www.czqunfa.com\/fr\/wp-json\/wp\/v2\/product_brand?post=424"},{"taxonomy":"product_cat","embeddable":true,"href":"https:\/\/www.czqunfa.com\/fr\/wp-json\/wp\/v2\/product_cat?post=424"},{"taxonomy":"product_tag","embeddable":true,"href":"https:\/\/www.czqunfa.com\/fr\/wp-json\/wp\/v2\/product_tag?post=424"}],"curies":[{"name":"wp","href":"https:\/\/api.w.org\/{rel}","templated":true}]}}