{"id":2149,"date":"2026-04-18T01:46:34","date_gmt":"2026-04-18T01:46:34","guid":{"rendered":"https:\/\/www.czqunfa.com\/?post_type=product&#038;p=2149"},"modified":"2026-04-18T01:46:35","modified_gmt":"2026-04-18T01:46:35","slug":"wholesale-ceramic-cupcake-pan","status":"publish","type":"product","link":"https:\/\/www.czqunfa.com\/fr\/produit\/wholesale-ceramic-cupcake-pan\/","title":{"rendered":"Vente en gros de moules \u00e0 cupcakes en c\u00e9ramique, moules \u00e0 6 muffins en c\u00e9ramique personnalis\u00e9s"},"content":{"rendered":"<div class=\"wp-block-columns is-layout-flex wp-container-core-columns-is-layout-9d6595d7 wp-block-columns-is-layout-flex\">\n<div class=\"wp-block-column is-layout-flow wp-block-column-is-layout-flow\">\n<h2 class=\"wp-block-heading\">Caract\u00e9ristiques des moules \u00e0 cupcakes en c\u00e9ramique Wholesale<\/h2>\n\n\n\n<ul class=\"wp-block-list\">\n<li><strong>Plaque de cuisson \u00e0 six grilles, pour une cuisson efficace :<\/strong> Notre moule \u00e0 cupcakes en c\u00e9ramique a une conception \u00e0 six grilles qui permet de cuire 6 cupcakes de taille normale \u00e0 la fois, ce qui am\u00e9liore consid\u00e9rablement l'efficacit\u00e9 de la cuisson. Convient \u00e0 un usage familial ou \u00e0 une production commerciale de masse.<\/li>\n\n\n\n<li><strong>Fabriqu\u00e9 en c\u00e9ramique de haute qualit\u00e9, transfert de chaleur uniforme : <\/strong>Notre moule \u00e0 cupcake en c\u00e9ramique est fabriqu\u00e9 en c\u00e9ramique de haute qualit\u00e9, le transfert de chaleur est stable et r\u00e9gulier, \u00e9vitant qu'une partie du g\u00e2teau soit br\u00fbl\u00e9e ou \u00e0 moiti\u00e9 cuite, garantissant que chaque cupcake sera dor\u00e9 et moelleux.<\/li>\n\n\n\n<li><strong>Taille moyenne, ratio ad\u00e9quat :<\/strong> Avec une longueur et une largeur moyennes par rapport \u00e0 la hauteur, le moule \u00e0 6 muffins en c\u00e9ramique peut s'adapter \u00e0 la plupart des fours domestiques, avec une profondeur suffisante pour permettre \u00e0 la p\u00e2te de se dilater et d'\u00e9viter les d\u00e9bordements.<\/li>\n\n\n\n<li><strong>Facile \u00e0 retirer et \u00e0 laver :<\/strong> La surface est plate et lisse, le moule \u00e0 6 muffins en c\u00e9ramique a un bon effet antiadh\u00e9sif, ce qui permet de retirer facilement le g\u00e2teau apr\u00e8s la cuisson, et peut \u00e9galement \u00eatre lav\u00e9 directement au lave-vaisselle.<\/li>\n\n\n\n<li><strong>R\u00e9sistance \u00e9lev\u00e9e \u00e0 la chaleur et fonctions diverses :<\/strong> Notre moule \u00e0 cupcake en c\u00e9ramique peut r\u00e9sister \u00e0 des temp\u00e9ratures \u00e9lev\u00e9es dans le four (g\u00e9n\u00e9ralement sup\u00e9rieures \u00e0 200 degr\u00e9s centigrades), ce qui s'applique non seulement \u00e0 la cuisson des cupcakes, mais aussi \u00e0 celle des mini cheesecakes, des muffins ou des tartelettes aux \u0153ufs.<\/li>\n<\/ul>\n<\/div>\n\n\n\n<div class=\"wp-block-column is-layout-flow wp-block-column-is-layout-flow\">\n<figure class=\"wp-block-image size-full\"><img decoding=\"async\" width=\"1000\" height=\"1000\" src=\"https:\/\/www.czqunfa.com\/wp-content\/uploads\/2026\/04\/cupcake-baking-pan-1.webp\" alt=\"moule \u00e0 cupcakes en c\u00e9ramique en gros - moule \u00e0 6 muffins en c\u00e9ramique sur mesure - 1\" class=\"wp-image-2145\" srcset=\"https:\/\/www.czqunfa.com\/wp-content\/uploads\/2026\/04\/cupcake-baking-pan-1.webp 1000w, https:\/\/www.czqunfa.com\/wp-content\/uploads\/2026\/04\/cupcake-baking-pan-1-300x300.webp 300w, https:\/\/www.czqunfa.com\/wp-content\/uploads\/2026\/04\/cupcake-baking-pan-1-150x150.webp 150w, https:\/\/www.czqunfa.com\/wp-content\/uploads\/2026\/04\/cupcake-baking-pan-1-768x768.webp 768w, https:\/\/www.czqunfa.com\/wp-content\/uploads\/2026\/04\/cupcake-baking-pan-1-12x12.webp 12w, https:\/\/www.czqunfa.com\/wp-content\/uploads\/2026\/04\/cupcake-baking-pan-1-600x600.webp 600w, https:\/\/www.czqunfa.com\/wp-content\/uploads\/2026\/04\/cupcake-baking-pan-1-100x100.webp 100w\" sizes=\"(max-width: 1000px) 100vw, 1000px\" \/><\/figure>\n<\/div>\n<\/div>\n\n\n\n<figure class=\"wp-block-gallery has-nested-images columns-default is-cropped wp-block-gallery-1 is-layout-flex wp-block-gallery-is-layout-flex\">\n<figure class=\"wp-block-image size-full\"><img decoding=\"async\" width=\"1000\" height=\"1000\" data-id=\"2147\" src=\"https:\/\/www.czqunfa.com\/wp-content\/uploads\/2026\/04\/cupcake-baking-pan-3.webp\" alt=\"moule \u00e0 cupcakes-3\" class=\"wp-image-2147\" srcset=\"https:\/\/www.czqunfa.com\/wp-content\/uploads\/2026\/04\/cupcake-baking-pan-3.webp 1000w, https:\/\/www.czqunfa.com\/wp-content\/uploads\/2026\/04\/cupcake-baking-pan-3-300x300.webp 300w, https:\/\/www.czqunfa.com\/wp-content\/uploads\/2026\/04\/cupcake-baking-pan-3-150x150.webp 150w, https:\/\/www.czqunfa.com\/wp-content\/uploads\/2026\/04\/cupcake-baking-pan-3-768x768.webp 768w, https:\/\/www.czqunfa.com\/wp-content\/uploads\/2026\/04\/cupcake-baking-pan-3-12x12.webp 12w, https:\/\/www.czqunfa.com\/wp-content\/uploads\/2026\/04\/cupcake-baking-pan-3-600x600.webp 600w, https:\/\/www.czqunfa.com\/wp-content\/uploads\/2026\/04\/cupcake-baking-pan-3-100x100.webp 100w\" sizes=\"(max-width: 1000px) 100vw, 1000px\" \/><\/figure>\n\n\n\n<figure class=\"wp-block-image size-full\"><img decoding=\"async\" width=\"1000\" height=\"1000\" data-id=\"2148\" src=\"https:\/\/www.czqunfa.com\/wp-content\/uploads\/2026\/04\/cupcake-baking-pan-4.webp\" alt=\"moule \u00e0 cupcakes-4\" class=\"wp-image-2148\" srcset=\"https:\/\/www.czqunfa.com\/wp-content\/uploads\/2026\/04\/cupcake-baking-pan-4.webp 1000w, https:\/\/www.czqunfa.com\/wp-content\/uploads\/2026\/04\/cupcake-baking-pan-4-300x300.webp 300w, https:\/\/www.czqunfa.com\/wp-content\/uploads\/2026\/04\/cupcake-baking-pan-4-150x150.webp 150w, https:\/\/www.czqunfa.com\/wp-content\/uploads\/2026\/04\/cupcake-baking-pan-4-768x768.webp 768w, https:\/\/www.czqunfa.com\/wp-content\/uploads\/2026\/04\/cupcake-baking-pan-4-12x12.webp 12w, https:\/\/www.czqunfa.com\/wp-content\/uploads\/2026\/04\/cupcake-baking-pan-4-600x600.webp 600w, https:\/\/www.czqunfa.com\/wp-content\/uploads\/2026\/04\/cupcake-baking-pan-4-100x100.webp 100w\" sizes=\"(max-width: 1000px) 100vw, 1000px\" \/><\/figure>\n<\/figure>\n\n\n\n<p><\/p>","protected":false},"excerpt":{"rendered":"<p>Bienvenue sur notre site de vente en gros de moules \u00e0 cupcakes en c\u00e9ramique. Ce moule \u00e0 muffins \u00e0 six grilles en c\u00e9ramique (30,6\u00d719,9\u00d74,8 cm) est sp\u00e9cialement con\u00e7u pour cuire 6 muffins ou cupcakes parfaits en une seule fois. Fabriqu\u00e9 en c\u00e9ramique de haute qualit\u00e9, il chauffe uniform\u00e9ment. Il convient non seulement \u00e0 la pr\u00e9paration de muffins, mais peut \u00e9galement \u00eatre utilis\u00e9 pour la cuisson de cheesecakes, de mini-tartes ou de desserts glac\u00e9s. C'est le compagnon id\u00e9al des fours domestiques et des friteuses.<\/p>\n<h2>Param\u00e8tres de vente en gros de moules \u00e0 cupcakes en c\u00e9ramique<\/h2>\n<table width=\"328\">\n<tbody>\n<tr>\n<td width=\"116\">Fabricant<\/td>\n<td width=\"211\">QUNFA<\/td>\n<\/tr>\n<tr>\n<td width=\"116\">Type de produit<\/td>\n<td width=\"211\">\u00a0moule \u00e0 muffins en c\u00e9ramique<\/td>\n<\/tr>\n<tr>\n<td width=\"116\">Num\u00e9ro de mod\u00e8le.<\/td>\n<td width=\"211\">\u00a024-0446-3<\/td>\n<\/tr>\n<tr>\n<td width=\"116\">Mat\u00e9riau<\/td>\n<td width=\"211\">Gr\u00e8s<\/td>\n<\/tr>\n<tr>\n<td width=\"116\">Couleur<\/td>\n<td width=\"211\">Beige<\/td>\n<\/tr>\n<tr>\n<td width=\"116\">Dimension<\/td>\n<td width=\"211\">30,6*19,9*4,8CM<\/td>\n<\/tr>\n<tr>\n<td width=\"116\">Quantit\u00e9 minimale de commande<\/td>\n<td width=\"211\">1000 pi\u00e8ces<\/td>\n<\/tr>\n<tr>\n<td width=\"116\">Personnalis\u00e9<\/td>\n<td width=\"211\">Couleur\/Taille\/Logo\/Emballage\/Forme<\/td>\n<\/tr>\n<\/tbody>\n<\/table>","protected":false},"featured_media":2146,"comment_status":"closed","ping_status":"closed","template":"","meta":{"_acf_changed":false},"product_brand":[],"product_cat":[22,23],"product_tag":[],"class_list":{"0":"post-2149","1":"product","2":"type-product","3":"status-publish","4":"has-post-thumbnail","6":"product_cat-bakeware-manufacturer","7":"product_cat-wholesale-baking-dishes","9":"first","10":"instock","11":"shipping-taxable","12":"product-type-simple"},"acf":[],"_links":{"self":[{"href":"https:\/\/www.czqunfa.com\/fr\/wp-json\/wp\/v2\/product\/2149","targetHints":{"allow":["GET"]}}],"collection":[{"href":"https:\/\/www.czqunfa.com\/fr\/wp-json\/wp\/v2\/product"}],"about":[{"href":"https:\/\/www.czqunfa.com\/fr\/wp-json\/wp\/v2\/types\/product"}],"replies":[{"embeddable":true,"href":"https:\/\/www.czqunfa.com\/fr\/wp-json\/wp\/v2\/comments?post=2149"}],"wp:featuredmedia":[{"embeddable":true,"href":"https:\/\/www.czqunfa.com\/fr\/wp-json\/wp\/v2\/media\/2146"}],"wp:attachment":[{"href":"https:\/\/www.czqunfa.com\/fr\/wp-json\/wp\/v2\/media?parent=2149"}],"wp:term":[{"taxonomy":"product_brand","embeddable":true,"href":"https:\/\/www.czqunfa.com\/fr\/wp-json\/wp\/v2\/product_brand?post=2149"},{"taxonomy":"product_cat","embeddable":true,"href":"https:\/\/www.czqunfa.com\/fr\/wp-json\/wp\/v2\/product_cat?post=2149"},{"taxonomy":"product_tag","embeddable":true,"href":"https:\/\/www.czqunfa.com\/fr\/wp-json\/wp\/v2\/product_tag?post=2149"}],"curies":[{"name":"wp","href":"https:\/\/api.w.org\/{rel}","templated":true}]}}