{"id":2136,"date":"2026-04-18T03:09:05","date_gmt":"2026-04-18T03:09:05","guid":{"rendered":"https:\/\/www.czqunfa.com\/?post_type=product&#038;p=2136"},"modified":"2026-04-18T03:09:07","modified_gmt":"2026-04-18T03:09:07","slug":"ceramic-baking-pans-wholesale","status":"publish","type":"product","link":"https:\/\/www.czqunfa.com\/fr\/produit\/ceramic-baking-pans-wholesale\/","title":{"rendered":"Plaques de cuisson en c\u00e9ramique Wholesale, Restaurant Supply Bakeware"},"content":{"rendered":"<div class=\"wp-block-columns is-layout-flex wp-container-core-columns-is-layout-9d6595d7 wp-block-columns-is-layout-flex\">\n<div class=\"wp-block-column is-layout-flow wp-block-column-is-layout-flow\">\n<h2 class=\"wp-block-heading\">Caract\u00e9ristiques des moules \u00e0 p\u00e2tisserie en c\u00e9ramique (vente en gros)<\/h2>\n\n\n\n<ul class=\"wp-block-list\">\n<li><strong>Gla\u00e7ure peinte \u00e0 la main : <\/strong>Ces moules \u00e0 p\u00e2tisserie en c\u00e9ramique de grande taille sont tous peints \u00e0 la main avec des motifs de fleurs sauvages et de papillons, ce qui leur conf\u00e8re une atmosph\u00e8re chaleureuse et naturelle de style rural. Leur design se situe entre la modernit\u00e9 et la nature, avec une texture chaleureuse et artisanale, ajoutant une couche de charme \u00e0 votre table de salle \u00e0 manger ou de cuisson.<\/li>\n\n\n\n<li><strong>Combinaison flexible de deux tailles : <\/strong>Ces moules \u00e0 p\u00e2tisserie en c\u00e9ramique, disponibles en gros en deux tailles distinctes, peuvent accueillir diff\u00e9rents produits de boulangerie et tailles de four. La conception permet un empilage vertical pour former une structure de pr\u00e9sentation \u00e0 deux niveaux, ce qui est id\u00e9al pour le merchandising en magasin et les zones de buffet afin d'am\u00e9liorer l'attrait des produits.<\/li>\n\n\n\n<li><strong>Mat\u00e9riau c\u00e9ramique de premi\u00e8re qualit\u00e9 : <\/strong>Ces moules \u00e0 p\u00e2tisserie en c\u00e9ramique sont fabriqu\u00e9s en c\u00e9ramique de haute densit\u00e9, r\u00e9sistante aux temp\u00e9ratures \u00e9lev\u00e9es et aux changements brusques de temp\u00e9rature, non susceptible de se fissurer ou de se d\u00e9former, et durable.<\/li>\n\n\n\n<li><strong>Antiadh\u00e9sif et facile \u00e0 nettoyer :<\/strong> Les surfaces int\u00e9rieures et ext\u00e9rieures du moule \u00e0 p\u00e2tisserie de restaurant sont lisses et glac\u00e9es, elles ne collent pas aux taches d'huile et sont faciles \u00e0 nettoyer, lavables au lave-vaisselle.<\/li>\n\n\n\n<li><strong>Utilisations polyvalentes :<\/strong> Les ustensiles de cuisson avec couvercle pour restaurants conviennent non seulement \u00e0 la cuisson des g\u00e2teaux et du pain, mais servent \u00e9galement de moules \u00e0 p\u00e2tisserie, de saladiers ou d'assiettes \u00e0 d\u00eener, ce qui les rend id\u00e9aux pour les r\u00e9unions de famille, les restaurants, les boulangeries et d'autres occasions.<\/li>\n<\/ul>\n<\/div>\n\n\n\n<div class=\"wp-block-column is-layout-flow wp-block-column-is-layout-flow\">\n<figure class=\"wp-block-image size-full\"><img decoding=\"async\" width=\"1000\" height=\"1000\" src=\"https:\/\/www.czqunfa.com\/wp-content\/uploads\/2026\/04\/ceramic-baking-pans-wholesale-restaurant-supply-bakeware-with-lid-6.webp\" alt=\"casseroles-c\u00e9ramiques-wholesale-restaurant-supply-bakeware-with-lid-6\" class=\"wp-image-2210\" srcset=\"https:\/\/www.czqunfa.com\/wp-content\/uploads\/2026\/04\/ceramic-baking-pans-wholesale-restaurant-supply-bakeware-with-lid-6.webp 1000w, https:\/\/www.czqunfa.com\/wp-content\/uploads\/2026\/04\/ceramic-baking-pans-wholesale-restaurant-supply-bakeware-with-lid-6-300x300.webp 300w, https:\/\/www.czqunfa.com\/wp-content\/uploads\/2026\/04\/ceramic-baking-pans-wholesale-restaurant-supply-bakeware-with-lid-6-150x150.webp 150w, https:\/\/www.czqunfa.com\/wp-content\/uploads\/2026\/04\/ceramic-baking-pans-wholesale-restaurant-supply-bakeware-with-lid-6-768x768.webp 768w, https:\/\/www.czqunfa.com\/wp-content\/uploads\/2026\/04\/ceramic-baking-pans-wholesale-restaurant-supply-bakeware-with-lid-6-12x12.webp 12w, https:\/\/www.czqunfa.com\/wp-content\/uploads\/2026\/04\/ceramic-baking-pans-wholesale-restaurant-supply-bakeware-with-lid-6-600x600.webp 600w, https:\/\/www.czqunfa.com\/wp-content\/uploads\/2026\/04\/ceramic-baking-pans-wholesale-restaurant-supply-bakeware-with-lid-6-100x100.webp 100w\" sizes=\"(max-width: 1000px) 100vw, 1000px\" \/><\/figure>\n<\/div>\n<\/div>\n\n\n\n<figure class=\"wp-block-gallery has-nested-images columns-default is-cropped wp-block-gallery-1 is-layout-flex wp-block-gallery-is-layout-flex\">\n<figure class=\"wp-block-image size-full\"><img decoding=\"async\" width=\"1000\" height=\"1000\" data-id=\"2209\" src=\"https:\/\/www.czqunfa.com\/wp-content\/uploads\/2026\/04\/ceramic-baking-pans-wholesale-restaurant-supply-bakeware-with-lid-5.webp\" alt=\"casseroles-c\u00e9ramiques-wholesale-restaurant-supply-bakeware-with-lid-5\" class=\"wp-image-2209\" srcset=\"https:\/\/www.czqunfa.com\/wp-content\/uploads\/2026\/04\/ceramic-baking-pans-wholesale-restaurant-supply-bakeware-with-lid-5.webp 1000w, https:\/\/www.czqunfa.com\/wp-content\/uploads\/2026\/04\/ceramic-baking-pans-wholesale-restaurant-supply-bakeware-with-lid-5-300x300.webp 300w, https:\/\/www.czqunfa.com\/wp-content\/uploads\/2026\/04\/ceramic-baking-pans-wholesale-restaurant-supply-bakeware-with-lid-5-150x150.webp 150w, https:\/\/www.czqunfa.com\/wp-content\/uploads\/2026\/04\/ceramic-baking-pans-wholesale-restaurant-supply-bakeware-with-lid-5-768x768.webp 768w, https:\/\/www.czqunfa.com\/wp-content\/uploads\/2026\/04\/ceramic-baking-pans-wholesale-restaurant-supply-bakeware-with-lid-5-12x12.webp 12w, https:\/\/www.czqunfa.com\/wp-content\/uploads\/2026\/04\/ceramic-baking-pans-wholesale-restaurant-supply-bakeware-with-lid-5-600x600.webp 600w, https:\/\/www.czqunfa.com\/wp-content\/uploads\/2026\/04\/ceramic-baking-pans-wholesale-restaurant-supply-bakeware-with-lid-5-100x100.webp 100w\" sizes=\"(max-width: 1000px) 100vw, 1000px\" \/><\/figure>\n\n\n\n<figure class=\"wp-block-image size-full\"><img decoding=\"async\" width=\"1000\" height=\"1000\" data-id=\"2211\" src=\"https:\/\/www.czqunfa.com\/wp-content\/uploads\/2026\/04\/ceramic-baking-pans-wholesale-restaurant-supply-bakeware-with-lid-7.webp\" alt=\"ceramic-baking-pans-wholesale-restaurant-supply-bakeware-with-lid-7\" class=\"wp-image-2211\" srcset=\"https:\/\/www.czqunfa.com\/wp-content\/uploads\/2026\/04\/ceramic-baking-pans-wholesale-restaurant-supply-bakeware-with-lid-7.webp 1000w, https:\/\/www.czqunfa.com\/wp-content\/uploads\/2026\/04\/ceramic-baking-pans-wholesale-restaurant-supply-bakeware-with-lid-7-300x300.webp 300w, https:\/\/www.czqunfa.com\/wp-content\/uploads\/2026\/04\/ceramic-baking-pans-wholesale-restaurant-supply-bakeware-with-lid-7-150x150.webp 150w, https:\/\/www.czqunfa.com\/wp-content\/uploads\/2026\/04\/ceramic-baking-pans-wholesale-restaurant-supply-bakeware-with-lid-7-768x768.webp 768w, https:\/\/www.czqunfa.com\/wp-content\/uploads\/2026\/04\/ceramic-baking-pans-wholesale-restaurant-supply-bakeware-with-lid-7-12x12.webp 12w, https:\/\/www.czqunfa.com\/wp-content\/uploads\/2026\/04\/ceramic-baking-pans-wholesale-restaurant-supply-bakeware-with-lid-7-600x600.webp 600w, https:\/\/www.czqunfa.com\/wp-content\/uploads\/2026\/04\/ceramic-baking-pans-wholesale-restaurant-supply-bakeware-with-lid-7-100x100.webp 100w\" sizes=\"(max-width: 1000px) 100vw, 1000px\" \/><\/figure>\n<\/figure>\n\n\n\n<p><\/p>","protected":false},"excerpt":{"rendered":"<p>Nous vous invitons \u00e0 acheter en gros ces moules \u00e0 p\u00e2tisserie rectangulaires en c\u00e9ramique, con\u00e7us pour les cuisines commerciales et les cha\u00eenes de boulangerie. Elles sont fabriqu\u00e9es en gr\u00e8s de haute qualit\u00e9 et leur surface est orn\u00e9e d'un motif de papillon peint \u00e0 la main. Ces moules peuvent \u00eatre utilis\u00e9s dans les fours \u00e0 micro-ondes, les fours et les lave-vaisselle et sont tr\u00e8s durables. Elles sont parfaites pour l'achat en gros, la personnalisation des s\u00e9ries de vaisselle, ainsi que pour la p\u00e2tisserie domestique et commerciale.<\/p>\n<h2>Plaques de cuisson en c\u00e9ramique Param\u00e8tre de gros<\/h2>\n<table width=\"328\">\n<tbody>\n<tr>\n<td width=\"116\">Fabricant<\/td>\n<td width=\"211\">QUNFA<\/td>\n<\/tr>\n<tr>\n<td width=\"116\">Type de produit<\/td>\n<td width=\"211\">\u00a0moule \u00e0 muffins en c\u00e9ramique<\/td>\n<\/tr>\n<tr>\n<td width=\"116\">Num\u00e9ro de mod\u00e8le.<\/td>\n<td width=\"211\">\u00a0T24-0418\/T24-0419<\/td>\n<\/tr>\n<tr>\n<td width=\"116\">Mat\u00e9riau<\/td>\n<td width=\"211\">Gr\u00e8s<\/td>\n<\/tr>\n<tr>\n<td width=\"116\">Couleur<\/td>\n<td width=\"211\">Beige<\/td>\n<\/tr>\n<tr>\n<td width=\"116\">Dimension<\/td>\n<td width=\"211\">S\uff1aCouvercle : 29.8*18*1cm ;<br \/>Corps : 27.4*18.2*6cm <br \/>M\uff1aCouvercle : 33.5\u00d723.5\u00d71.2cm ;<br \/>Corps : 32.7x23x8cm<\/td>\n<\/tr>\n<tr>\n<td width=\"116\">Quantit\u00e9 minimale de commande<\/td>\n<td width=\"211\">1000 pi\u00e8ces<\/td>\n<\/tr>\n<tr>\n<td width=\"116\">Personnalis\u00e9<\/td>\n<td width=\"211\">Couleur\/Taille\/Logo\/Emballage\/Forme<\/td>\n<\/tr>\n<\/tbody>\n<\/table>","protected":false},"featured_media":2212,"comment_status":"closed","ping_status":"closed","template":"","meta":{"_acf_changed":false},"product_brand":[],"product_cat":[22,23],"product_tag":[],"class_list":{"0":"post-2136","1":"product","2":"type-product","3":"status-publish","4":"has-post-thumbnail","6":"product_cat-bakeware-manufacturer","7":"product_cat-wholesale-baking-dishes","9":"first","10":"instock","11":"shipping-taxable","12":"product-type-simple"},"acf":[],"_links":{"self":[{"href":"https:\/\/www.czqunfa.com\/fr\/wp-json\/wp\/v2\/product\/2136","targetHints":{"allow":["GET"]}}],"collection":[{"href":"https:\/\/www.czqunfa.com\/fr\/wp-json\/wp\/v2\/product"}],"about":[{"href":"https:\/\/www.czqunfa.com\/fr\/wp-json\/wp\/v2\/types\/product"}],"replies":[{"embeddable":true,"href":"https:\/\/www.czqunfa.com\/fr\/wp-json\/wp\/v2\/comments?post=2136"}],"wp:featuredmedia":[{"embeddable":true,"href":"https:\/\/www.czqunfa.com\/fr\/wp-json\/wp\/v2\/media\/2212"}],"wp:attachment":[{"href":"https:\/\/www.czqunfa.com\/fr\/wp-json\/wp\/v2\/media?parent=2136"}],"wp:term":[{"taxonomy":"product_brand","embeddable":true,"href":"https:\/\/www.czqunfa.com\/fr\/wp-json\/wp\/v2\/product_brand?post=2136"},{"taxonomy":"product_cat","embeddable":true,"href":"https:\/\/www.czqunfa.com\/fr\/wp-json\/wp\/v2\/product_cat?post=2136"},{"taxonomy":"product_tag","embeddable":true,"href":"https:\/\/www.czqunfa.com\/fr\/wp-json\/wp\/v2\/product_tag?post=2136"}],"curies":[{"name":"wp","href":"https:\/\/api.w.org\/{rel}","templated":true}]}}