{"id":1878,"date":"2026-02-10T08:36:57","date_gmt":"2026-02-10T08:36:57","guid":{"rendered":"https:\/\/www.czqunfa.com\/?post_type=product&#038;p=1878"},"modified":"2026-02-10T08:36:58","modified_gmt":"2026-02-10T08:36:58","slug":"wholesale-ceramic-serving-bowls","status":"publish","type":"product","link":"https:\/\/www.czqunfa.com\/fr\/produit\/wholesale-ceramic-serving-bowls\/","title":{"rendered":"Grands bols de service en c\u00e9ramique avec impression polonaise color\u00e9e"},"content":{"rendered":"<div class=\"wp-block-columns is-layout-flex wp-container-core-columns-is-layout-9d6595d7 wp-block-columns-is-layout-flex\">\n<div class=\"wp-block-column is-layout-flow wp-block-column-is-layout-flow\">\n<h2 class=\"wp-block-heading\">Caract\u00e9ristiques des grands bols de service en c\u00e9ramique en gros<\/h2>\n\n\n\n<ul class=\"wp-block-list\">\n<li><strong>Structure en forme de godet profond :<\/strong> Le corps des bols de service en c\u00e9ramique est plus large en haut et plus \u00e9troit en bas, ce qui leur conf\u00e8re une grande profondeur. Cette forme est id\u00e9ale pour servir des aliments \u00e0 base de bouillon, comme la soupe de nouilles ou la salade. La base sur\u00e9lev\u00e9e et \u00e9paissie isole efficacement de la chaleur, \u00e9vitant ainsi d'endommager les plateaux de table.<\/li>\n\n\n\n<li><strong>C\u00f4ne d'empilage facile :<\/strong> Le rebord hexagonal raffin\u00e9 des bols de service en c\u00e9ramique et la courbe l\u00e9g\u00e8rement inclin\u00e9e des parois lat\u00e9rales permettent d'empiler de mani\u00e8re stable des bols de m\u00eame taille, ce qui permet aux clients B2B d'\u00e9conomiser consid\u00e9rablement de l'espace de stockage et d'exposition.<\/li>\n\n\n\n<li><strong>Mat\u00e9riau c\u00e9ramique de premi\u00e8re qualit\u00e9 :<\/strong> Ces bols de service en c\u00e9ramique sont fabriqu\u00e9s en c\u00e9ramique de haute qualit\u00e9. Ces bols de service hauts sont r\u00e9sistants \u00e0 la chaleur et con\u00e7us pour une utilisation \u00e0 long terme. Ils sont appr\u00e9ci\u00e9s pour les aliments chauds et froids et conviennent parfaitement aux cuisines commerciales et aux services de restauration.<\/li>\n\n\n\n<li><strong>Impression polonaise color\u00e9e : <\/strong>Nos bols pour la restauration pr\u00e9sentent des impressions vibrantes de style polonais, offrant une pr\u00e9sentation accrocheuse qui rehausse les d\u00e9cors de table. Parfaits pour les restaurants, les services de restauration et les collections de vaisselle de d\u00e9tail qui recherchent un attrait visuel unique.<\/li>\n\n\n\n<li><strong>Utilisation polyvalente :<\/strong> Nos bols pour restaurants sont con\u00e7us pour \u00eatre polyvalents. Disponibles en quatre tailles pour r\u00e9pondre \u00e0 une grande vari\u00e9t\u00e9 de besoins, des portions individuelles de nouilles instantan\u00e9es et de soupes aux salades familiales, ils sont id\u00e9aux comme bols \u00e0 soupe, bols \u00e0 ramen, bols \u00e0 salade, bols \u00e0 nouilles ou grands bols \u00e0 c\u00e9r\u00e9ales.<\/li>\n<\/ul>\n<\/div>\n\n\n\n<div class=\"wp-block-column is-layout-flow wp-block-column-is-layout-flow\">\n<figure class=\"wp-block-image size-full\"><img decoding=\"async\" width=\"800\" height=\"800\" src=\"https:\/\/www.czqunfa.com\/wp-content\/uploads\/2026\/02\/tall-wholesale-ceramic-serving-bowls-with-polish-print-4.webp\" alt=\"bols de service en c\u00e9ramique pour le commerce de gros, avec socle en papier cir\u00e9-4\" class=\"wp-image-1882\" srcset=\"https:\/\/www.czqunfa.com\/wp-content\/uploads\/2026\/02\/tall-wholesale-ceramic-serving-bowls-with-polish-print-4.webp 800w, https:\/\/www.czqunfa.com\/wp-content\/uploads\/2026\/02\/tall-wholesale-ceramic-serving-bowls-with-polish-print-4-300x300.webp 300w, https:\/\/www.czqunfa.com\/wp-content\/uploads\/2026\/02\/tall-wholesale-ceramic-serving-bowls-with-polish-print-4-150x150.webp 150w, https:\/\/www.czqunfa.com\/wp-content\/uploads\/2026\/02\/tall-wholesale-ceramic-serving-bowls-with-polish-print-4-768x768.webp 768w, https:\/\/www.czqunfa.com\/wp-content\/uploads\/2026\/02\/tall-wholesale-ceramic-serving-bowls-with-polish-print-4-12x12.webp 12w, https:\/\/www.czqunfa.com\/wp-content\/uploads\/2026\/02\/tall-wholesale-ceramic-serving-bowls-with-polish-print-4-600x600.webp 600w, https:\/\/www.czqunfa.com\/wp-content\/uploads\/2026\/02\/tall-wholesale-ceramic-serving-bowls-with-polish-print-4-100x100.webp 100w\" sizes=\"(max-width: 800px) 100vw, 800px\" \/><\/figure>\n<\/div>\n<\/div>\n\n\n\n<figure class=\"wp-block-gallery has-nested-images columns-default is-cropped wp-block-gallery-1 is-layout-flex wp-block-gallery-is-layout-flex\">\n<figure class=\"wp-block-image size-full\"><img decoding=\"async\" width=\"800\" height=\"800\" data-id=\"1883\" src=\"https:\/\/www.czqunfa.com\/wp-content\/uploads\/2026\/02\/tall-wholesale-ceramic-serving-bowls-with-polish-print-5.webp\" alt=\"bols de service en c\u00e9ramique pour le commerce de gros - avec socle en papier cir\u00e9 - 5\" class=\"wp-image-1883\" srcset=\"https:\/\/www.czqunfa.com\/wp-content\/uploads\/2026\/02\/tall-wholesale-ceramic-serving-bowls-with-polish-print-5.webp 800w, https:\/\/www.czqunfa.com\/wp-content\/uploads\/2026\/02\/tall-wholesale-ceramic-serving-bowls-with-polish-print-5-300x300.webp 300w, https:\/\/www.czqunfa.com\/wp-content\/uploads\/2026\/02\/tall-wholesale-ceramic-serving-bowls-with-polish-print-5-150x150.webp 150w, https:\/\/www.czqunfa.com\/wp-content\/uploads\/2026\/02\/tall-wholesale-ceramic-serving-bowls-with-polish-print-5-768x768.webp 768w, https:\/\/www.czqunfa.com\/wp-content\/uploads\/2026\/02\/tall-wholesale-ceramic-serving-bowls-with-polish-print-5-12x12.webp 12w, https:\/\/www.czqunfa.com\/wp-content\/uploads\/2026\/02\/tall-wholesale-ceramic-serving-bowls-with-polish-print-5-600x600.webp 600w, https:\/\/www.czqunfa.com\/wp-content\/uploads\/2026\/02\/tall-wholesale-ceramic-serving-bowls-with-polish-print-5-100x100.webp 100w\" sizes=\"(max-width: 800px) 100vw, 800px\" \/><\/figure>\n\n\n\n<figure class=\"wp-block-image size-full\"><img decoding=\"async\" width=\"800\" height=\"800\" data-id=\"1880\" src=\"https:\/\/www.czqunfa.com\/wp-content\/uploads\/2026\/02\/tall-wholesale-ceramic-serving-bowls-with-polish-print-2.webp\" alt=\"grands-bols de service en c\u00e9ramique avec impression sur papier glac\u00e9-2\" class=\"wp-image-1880\" srcset=\"https:\/\/www.czqunfa.com\/wp-content\/uploads\/2026\/02\/tall-wholesale-ceramic-serving-bowls-with-polish-print-2.webp 800w, https:\/\/www.czqunfa.com\/wp-content\/uploads\/2026\/02\/tall-wholesale-ceramic-serving-bowls-with-polish-print-2-300x300.webp 300w, https:\/\/www.czqunfa.com\/wp-content\/uploads\/2026\/02\/tall-wholesale-ceramic-serving-bowls-with-polish-print-2-150x150.webp 150w, https:\/\/www.czqunfa.com\/wp-content\/uploads\/2026\/02\/tall-wholesale-ceramic-serving-bowls-with-polish-print-2-768x768.webp 768w, https:\/\/www.czqunfa.com\/wp-content\/uploads\/2026\/02\/tall-wholesale-ceramic-serving-bowls-with-polish-print-2-12x12.webp 12w, https:\/\/www.czqunfa.com\/wp-content\/uploads\/2026\/02\/tall-wholesale-ceramic-serving-bowls-with-polish-print-2-600x600.webp 600w, https:\/\/www.czqunfa.com\/wp-content\/uploads\/2026\/02\/tall-wholesale-ceramic-serving-bowls-with-polish-print-2-100x100.webp 100w\" sizes=\"(max-width: 800px) 100vw, 800px\" \/><\/figure>\n<\/figure>","protected":false},"excerpt":{"rendered":"<p>Nous vous invitons \u00e0 acheter en gros nos grands bols de service en c\u00e9ramique avec impression polonaise color\u00e9e. Ils sont fabriqu\u00e9s en c\u00e9ramique de premi\u00e8re qualit\u00e9 pour leur durabilit\u00e9 et leur r\u00e9sistance \u00e0 la chaleur. Avec des motifs d\u00e9coratifs vibrants et de multiples options de taille, ces bols sont id\u00e9aux pour servir de la soupe, des nouilles, des salades, et plus encore dans les restaurants, les h\u00f4tels et les services de restauration. C'est la solution id\u00e9ale pour la vente en gros de vaisselle pour les acheteurs des services alimentaires et de la vente au d\u00e9tail.<\/p>\n<h2>Bols de service en c\u00e9ramique en gros Param\u00e8tre<\/h2>\n<table border=\"0\" width=\"328\" cellspacing=\"0\" cellpadding=\"0\">\n<tbody>\n<tr>\n<td width=\"116\" height=\"17\">Fabricant<\/td>\n<td width=\"211\">QUNFA<\/td>\n<\/tr>\n<tr>\n<td width=\"116\" height=\"17\">Type de produit<\/td>\n<td>Bol<\/td>\n<\/tr>\n<tr>\n<td width=\"116\" height=\"17\">Num\u00e9ro de mod\u00e8le.<\/td>\n<td>23-2161<\/td>\n<\/tr>\n<tr>\n<td width=\"116\" height=\"17\">Mat\u00e9riau<\/td>\n<td width=\"211\">Gr\u00e8s<\/td>\n<\/tr>\n<tr>\n<td width=\"116\" height=\"16\">Mod\u00e8le<\/td>\n<td width=\"211\">Impression polonaise<\/td>\n<\/tr>\n<tr>\n<td width=\"116\" height=\"61\">Dimension<\/td>\n<td width=\"211\">5.1\u201dbowl:13.2*13.2*6.2cm<br \/>5.5 \u201dbol:14*14*6.8cm<br \/>6 \u201dbol:15*15*7cm <br \/>6.2\u201dbowl:15.6*15.6*7cm<\/td>\n<\/tr>\n<tr>\n<td width=\"116\" height=\"17\">Quantit\u00e9 minimale de commande<\/td>\n<td width=\"211\">1000 pi\u00e8ces<\/td>\n<\/tr>\n<tr>\n<td width=\"116\" height=\"17\">Personnalis\u00e9<\/td>\n<td width=\"211\">Couleur\/Taille\/Logo\/Emballage\/Forme<\/td>\n<\/tr>\n<\/tbody>\n<\/table>","protected":false},"featured_media":1879,"comment_status":"closed","ping_status":"closed","template":"","meta":{"_acf_changed":false},"product_brand":[],"product_cat":[20,36],"product_tag":[],"class_list":{"0":"post-1878","1":"product","2":"type-product","3":"status-publish","4":"has-post-thumbnail","6":"product_cat-dinnerware-supplier","7":"product_cat-ceramic-bowl-supplier","9":"first","10":"instock","11":"shipping-taxable","12":"product-type-simple"},"acf":[],"_links":{"self":[{"href":"https:\/\/www.czqunfa.com\/fr\/wp-json\/wp\/v2\/product\/1878","targetHints":{"allow":["GET"]}}],"collection":[{"href":"https:\/\/www.czqunfa.com\/fr\/wp-json\/wp\/v2\/product"}],"about":[{"href":"https:\/\/www.czqunfa.com\/fr\/wp-json\/wp\/v2\/types\/product"}],"replies":[{"embeddable":true,"href":"https:\/\/www.czqunfa.com\/fr\/wp-json\/wp\/v2\/comments?post=1878"}],"wp:featuredmedia":[{"embeddable":true,"href":"https:\/\/www.czqunfa.com\/fr\/wp-json\/wp\/v2\/media\/1879"}],"wp:attachment":[{"href":"https:\/\/www.czqunfa.com\/fr\/wp-json\/wp\/v2\/media?parent=1878"}],"wp:term":[{"taxonomy":"product_brand","embeddable":true,"href":"https:\/\/www.czqunfa.com\/fr\/wp-json\/wp\/v2\/product_brand?post=1878"},{"taxonomy":"product_cat","embeddable":true,"href":"https:\/\/www.czqunfa.com\/fr\/wp-json\/wp\/v2\/product_cat?post=1878"},{"taxonomy":"product_tag","embeddable":true,"href":"https:\/\/www.czqunfa.com\/fr\/wp-json\/wp\/v2\/product_tag?post=1878"}],"curies":[{"name":"wp","href":"https:\/\/api.w.org\/{rel}","templated":true}]}}