{"id":1871,"date":"2026-02-10T08:00:51","date_gmt":"2026-02-10T08:00:51","guid":{"rendered":"https:\/\/www.czqunfa.com\/?post_type=product&#038;p=1871"},"modified":"2026-02-10T08:00:54","modified_gmt":"2026-02-10T08:00:54","slug":"wholesale-ceramic-snack-bowl-set","status":"publish","type":"product","link":"https:\/\/www.czqunfa.com\/fr\/produit\/wholesale-ceramic-snack-bowl-set\/","title":{"rendered":"Set de bols \u00e0 grignoter en c\u00e9ramique avec plateau en bois pour les f\u00eates"},"content":{"rendered":"<div class=\"wp-block-columns is-layout-flex wp-container-core-columns-is-layout-9d6595d7 wp-block-columns-is-layout-flex\">\n<div class=\"wp-block-column is-layout-flow wp-block-column-is-layout-flow\">\n<h2 class=\"wp-block-heading\">Caract\u00e9ristiques de l'ensemble de bols \u00e0 grignoter en c\u00e9ramique (Wholesale Ceramic Snack Bowl Set)<\/h2>\n\n\n\n<ul class=\"wp-block-list\">\n<li><strong>Mat\u00e9riau c\u00e9ramique alimentaire de qualit\u00e9 sup\u00e9rieure : <\/strong>Fabriqu\u00e9 en c\u00e9ramique de haute qualit\u00e9, sans plomb et non toxique, cet ensemble de bols \u00e0 grignoter en c\u00e9ramique est durable, r\u00e9sistant aux \u00e9clats et utilisable dans le commerce.<\/li>\n\n\n\n<li><strong>Plateau en bois naturel pour une pr\u00e9sentation \u00e9l\u00e9gante :<\/strong> Cet ensemble de bols \u00e0 grignoter en c\u00e9ramique est livr\u00e9 avec un plateau de service en bois massif qui permet d'organiser les bols de mani\u00e8re ordonn\u00e9e. L'aspect naturel et la texture cr\u00e9ent une ambiance chaleureuse et \u00e9l\u00e9gante, un excellent choix pour les restaurants, les h\u00f4tels, la restauration et les plateaux de f\u00eate.<\/li>\n\n\n\n<li><strong>Solution de service \u00e0 compartiments multiples :<\/strong> Cet ensemble de bols en c\u00e9ramique est parfait pour servir des snacks, des noix, des dips, des sauces, des bonbons, des olives, des desserts ou des amuse-gueules. La pr\u00e9sentation divis\u00e9e am\u00e9liore l'exposition des aliments tout en emp\u00eachant le m\u00e9lange des saveurs.<\/li>\n\n\n\n<li><strong>Facile \u00e0 nettoyer et \u00e0 entretenir : <\/strong>La surface de ces bols en c\u00e9ramique personnalis\u00e9s est une c\u00e9ramique lisse et \u00e9maill\u00e9e, qui r\u00e9siste aux taches et passe au lave-vaisselle. Le plateau en bois est fini pour r\u00e9sister \u00e0 l'humidit\u00e9 et s'essuyer facilement.<\/li>\n\n\n\n<li><strong>Approvisionnement en vrac pour les acheteurs commerciaux :<\/strong> Ces bols en c\u00e9ramique personnalis\u00e9s constituent un approvisionnement stable pour les supermarch\u00e9s, les marques d'ustensiles de cuisine, les distributeurs, les organisateurs d'\u00e9v\u00e9nements et les acheteurs de cadeaux promotionnels. La QMo est flexible et la capacit\u00e9 de production est modulable.<\/li>\n<\/ul>\n<\/div>\n\n\n\n<div class=\"wp-block-column is-layout-flow wp-block-column-is-layout-flow\">\n<figure class=\"wp-block-image size-full\"><img decoding=\"async\" width=\"800\" height=\"800\" src=\"https:\/\/www.czqunfa.com\/wp-content\/uploads\/2026\/02\/wholesale-ceramic-snack-bowl-set-with-wooden-tray-for-party-3.webp\" alt=\"wholesale-ceramic-snack-bowl-set-with-wooden-tray-for-party-3\" class=\"wp-image-1874\" srcset=\"https:\/\/www.czqunfa.com\/wp-content\/uploads\/2026\/02\/wholesale-ceramic-snack-bowl-set-with-wooden-tray-for-party-3.webp 800w, https:\/\/www.czqunfa.com\/wp-content\/uploads\/2026\/02\/wholesale-ceramic-snack-bowl-set-with-wooden-tray-for-party-3-300x300.webp 300w, https:\/\/www.czqunfa.com\/wp-content\/uploads\/2026\/02\/wholesale-ceramic-snack-bowl-set-with-wooden-tray-for-party-3-150x150.webp 150w, https:\/\/www.czqunfa.com\/wp-content\/uploads\/2026\/02\/wholesale-ceramic-snack-bowl-set-with-wooden-tray-for-party-3-768x768.webp 768w, https:\/\/www.czqunfa.com\/wp-content\/uploads\/2026\/02\/wholesale-ceramic-snack-bowl-set-with-wooden-tray-for-party-3-12x12.webp 12w, https:\/\/www.czqunfa.com\/wp-content\/uploads\/2026\/02\/wholesale-ceramic-snack-bowl-set-with-wooden-tray-for-party-3-600x600.webp 600w, https:\/\/www.czqunfa.com\/wp-content\/uploads\/2026\/02\/wholesale-ceramic-snack-bowl-set-with-wooden-tray-for-party-3-100x100.webp 100w\" sizes=\"(max-width: 800px) 100vw, 800px\" \/><\/figure>\n<\/div>\n<\/div>\n\n\n\n<figure class=\"wp-block-gallery has-nested-images columns-default is-cropped wp-block-gallery-1 is-layout-flex wp-block-gallery-is-layout-flex\">\n<figure class=\"wp-block-image size-full\"><img decoding=\"async\" width=\"800\" height=\"800\" data-id=\"1872\" src=\"https:\/\/www.czqunfa.com\/wp-content\/uploads\/2026\/02\/wholesale-ceramic-snack-bowl-set-with-wooden-tray-for-party-1.webp\" alt=\"wholesale-ceramic-snack-bowl-set-with-wooden-tray-for-party-1\" class=\"wp-image-1872\" srcset=\"https:\/\/www.czqunfa.com\/wp-content\/uploads\/2026\/02\/wholesale-ceramic-snack-bowl-set-with-wooden-tray-for-party-1.webp 800w, https:\/\/www.czqunfa.com\/wp-content\/uploads\/2026\/02\/wholesale-ceramic-snack-bowl-set-with-wooden-tray-for-party-1-300x300.webp 300w, https:\/\/www.czqunfa.com\/wp-content\/uploads\/2026\/02\/wholesale-ceramic-snack-bowl-set-with-wooden-tray-for-party-1-150x150.webp 150w, https:\/\/www.czqunfa.com\/wp-content\/uploads\/2026\/02\/wholesale-ceramic-snack-bowl-set-with-wooden-tray-for-party-1-768x768.webp 768w, https:\/\/www.czqunfa.com\/wp-content\/uploads\/2026\/02\/wholesale-ceramic-snack-bowl-set-with-wooden-tray-for-party-1-12x12.webp 12w, https:\/\/www.czqunfa.com\/wp-content\/uploads\/2026\/02\/wholesale-ceramic-snack-bowl-set-with-wooden-tray-for-party-1-600x600.webp 600w, https:\/\/www.czqunfa.com\/wp-content\/uploads\/2026\/02\/wholesale-ceramic-snack-bowl-set-with-wooden-tray-for-party-1-100x100.webp 100w\" sizes=\"(max-width: 800px) 100vw, 800px\" \/><\/figure>\n\n\n\n<figure class=\"wp-block-image size-full\"><img decoding=\"async\" width=\"800\" height=\"800\" data-id=\"1875\" src=\"https:\/\/www.czqunfa.com\/wp-content\/uploads\/2026\/02\/wholesale-ceramic-snack-bowl-set-with-wooden-tray-for-party-4.webp\" alt=\"wholesale-ceramic-snack-bowl-set-with-wooden-tray-for-party-4\" class=\"wp-image-1875\" srcset=\"https:\/\/www.czqunfa.com\/wp-content\/uploads\/2026\/02\/wholesale-ceramic-snack-bowl-set-with-wooden-tray-for-party-4.webp 800w, https:\/\/www.czqunfa.com\/wp-content\/uploads\/2026\/02\/wholesale-ceramic-snack-bowl-set-with-wooden-tray-for-party-4-300x300.webp 300w, https:\/\/www.czqunfa.com\/wp-content\/uploads\/2026\/02\/wholesale-ceramic-snack-bowl-set-with-wooden-tray-for-party-4-150x150.webp 150w, https:\/\/www.czqunfa.com\/wp-content\/uploads\/2026\/02\/wholesale-ceramic-snack-bowl-set-with-wooden-tray-for-party-4-768x768.webp 768w, https:\/\/www.czqunfa.com\/wp-content\/uploads\/2026\/02\/wholesale-ceramic-snack-bowl-set-with-wooden-tray-for-party-4-12x12.webp 12w, https:\/\/www.czqunfa.com\/wp-content\/uploads\/2026\/02\/wholesale-ceramic-snack-bowl-set-with-wooden-tray-for-party-4-600x600.webp 600w, https:\/\/www.czqunfa.com\/wp-content\/uploads\/2026\/02\/wholesale-ceramic-snack-bowl-set-with-wooden-tray-for-party-4-100x100.webp 100w\" sizes=\"(max-width: 800px) 100vw, 800px\" \/><\/figure>\n<\/figure>","protected":false},"excerpt":{"rendered":"<p>Nous vous invitons \u00e0 acheter en gros cet ensemble de bols \u00e0 grignoter en c\u00e9ramique avec plateau en bois, qui combine des mat\u00e9riaux respectueux de l'environnement avec une pr\u00e9sentation \u00e9l\u00e9gante, ce qui le rend id\u00e9al pour les f\u00eates, les traiteurs, les restaurants et les ventes au d\u00e9tail. Fabriqu\u00e9 en c\u00e9ramique de qualit\u00e9 alimentaire avec un plateau de service en bois naturel, cet ensemble est id\u00e9al pour les noix, les trempettes, les desserts et les ap\u00e9ritifs. Nous offrons une personnalisation compl\u00e8te, y compris le logo, la couleur, la taille et l'emballage, et prenons en charge la vente en gros et la marque priv\u00e9e.<\/p>\n<h2>Param\u00e8tres de l'ensemble de bols \u00e0 grignoter en c\u00e9ramique en gros<\/h2>\n<table border=\"0\" width=\"328\" cellspacing=\"0\" cellpadding=\"0\">\n<tbody>\n<tr>\n<td width=\"116\" height=\"17\">Fabricant<\/td>\n<td width=\"211\">QUNFA<\/td>\n<\/tr>\n<tr>\n<td width=\"116\" height=\"17\">Type de produit<\/td>\n<td>Bol<\/td>\n<\/tr>\n<tr>\n<td width=\"116\" height=\"17\">Num\u00e9ro de mod\u00e8le.<\/td>\n<td>23-0130<\/td>\n<\/tr>\n<tr>\n<td width=\"116\" height=\"17\">Mat\u00e9riau<\/td>\n<td width=\"211\">Gr\u00e8s<\/td>\n<\/tr>\n<tr>\n<td width=\"116\" height=\"17\">Couleur<\/td>\n<td width=\"211\">Blanc<\/td>\n<\/tr>\n<tr>\n<td width=\"116\" height=\"31\">Dimension<\/td>\n<td width=\"211\">bol :.11.8*11.8*7cm<br \/>palette en bois : 36*11.7*1.2cm<\/td>\n<\/tr>\n<tr>\n<td width=\"116\" height=\"17\">Quantit\u00e9 minimale de commande<\/td>\n<td width=\"211\">1000 pi\u00e8ces<\/td>\n<\/tr>\n<tr>\n<td width=\"116\" height=\"17\">Personnalis\u00e9<\/td>\n<td width=\"211\">Couleur\/Taille\/Logo\/Emballage\/Forme<\/td>\n<\/tr>\n<\/tbody>\n<\/table>","protected":false},"featured_media":1876,"comment_status":"closed","ping_status":"closed","template":"","meta":{"_acf_changed":false},"product_brand":[],"product_cat":[20,36],"product_tag":[],"class_list":{"0":"post-1871","1":"product","2":"type-product","3":"status-publish","4":"has-post-thumbnail","6":"product_cat-dinnerware-supplier","7":"product_cat-ceramic-bowl-supplier","9":"first","10":"instock","11":"shipping-taxable","12":"product-type-simple"},"acf":[],"_links":{"self":[{"href":"https:\/\/www.czqunfa.com\/fr\/wp-json\/wp\/v2\/product\/1871","targetHints":{"allow":["GET"]}}],"collection":[{"href":"https:\/\/www.czqunfa.com\/fr\/wp-json\/wp\/v2\/product"}],"about":[{"href":"https:\/\/www.czqunfa.com\/fr\/wp-json\/wp\/v2\/types\/product"}],"replies":[{"embeddable":true,"href":"https:\/\/www.czqunfa.com\/fr\/wp-json\/wp\/v2\/comments?post=1871"}],"wp:featuredmedia":[{"embeddable":true,"href":"https:\/\/www.czqunfa.com\/fr\/wp-json\/wp\/v2\/media\/1876"}],"wp:attachment":[{"href":"https:\/\/www.czqunfa.com\/fr\/wp-json\/wp\/v2\/media?parent=1871"}],"wp:term":[{"taxonomy":"product_brand","embeddable":true,"href":"https:\/\/www.czqunfa.com\/fr\/wp-json\/wp\/v2\/product_brand?post=1871"},{"taxonomy":"product_cat","embeddable":true,"href":"https:\/\/www.czqunfa.com\/fr\/wp-json\/wp\/v2\/product_cat?post=1871"},{"taxonomy":"product_tag","embeddable":true,"href":"https:\/\/www.czqunfa.com\/fr\/wp-json\/wp\/v2\/product_tag?post=1871"}],"curies":[{"name":"wp","href":"https:\/\/api.w.org\/{rel}","templated":true}]}}