{"id":1862,"date":"2026-02-10T03:19:05","date_gmt":"2026-02-10T03:19:05","guid":{"rendered":"https:\/\/www.czqunfa.com\/?post_type=product&#038;p=1862"},"modified":"2026-02-10T03:19:07","modified_gmt":"2026-02-10T03:19:07","slug":"wholesale-ceramic-casserole-pot","status":"publish","type":"product","link":"https:\/\/www.czqunfa.com\/fr\/produit\/wholesale-ceramic-casserole-pot\/","title":{"rendered":"Wholesale Ceramic Casserole Pot, 6.4\u2033 Bulk Casserole Dish"},"content":{"rendered":"<div class=\"wp-block-columns is-layout-flex wp-container-core-columns-is-layout-9d6595d7 wp-block-columns-is-layout-flex\">\n<div class=\"wp-block-column is-layout-flow wp-block-column-is-layout-flow\">\n<h2 class=\"wp-block-heading\">Caract\u00e9ristiques de la cocotte en c\u00e9ramique Wholesale Ceramic Casserole Pot<\/h2>\n\n\n\n<ul class=\"wp-block-list\">\n<li><strong>Gr\u00e8s de qualit\u00e9 sup\u00e9rieure Mat\u00e9riau<\/strong> Cette cocotte en c\u00e9ramique est fabriqu\u00e9e en gr\u00e8s de haute qualit\u00e9. Cette cocotte offre une excellente r\u00e9tention de la chaleur et une distribution uniforme de la chaleur. Elle garantit une cuisson compl\u00e8te des aliments tout en conservant leur saveur et leur humidit\u00e9 d'origine.<\/li>\n\n\n\n<li>6.4\u2033 Taille compacte et pratique : La capacit\u00e9 de la cocotte en c\u00e9ramique de gros est de 6,4 pouces (pratique pour les portions individuelles ou les petites portions), couramment utilis\u00e9e dans les restaurants, les caf\u00e9s, les boulangeries et les services de repas des h\u00f4tels pour offrir des plats cuits au four individuels.<\/li>\n\n\n\n<li><strong>Gla\u00e7age durable et r\u00e9sistant \u00e0 l'\u00e9caillage : <\/strong>La cocotte allant au four avec couvercle est recouverte d'un gla\u00e7age antiadh\u00e9sif lisse qui r\u00e9siste aux rayures, aux taches et aux \u00e9clats. Les rin\u00e7ages commerciaux n'en alt\u00e8rent pas l'\u00e9clat.<\/li>\n\n\n\n<li><strong>Utilisable au four et multifonctionnel :<\/strong> La cocotte en c\u00e9ramique de gros est con\u00e7ue pour aller au four, au micro-ondes, au lave-vaisselle et au cong\u00e9lateur. Parfaite pour la cuisson des plats en cocotte, des rago\u00fbts, des p\u00e2tes, des plats de riz et des desserts, elle r\u00e9pond \u00e0 divers besoins en mati\u00e8re de cuisson et de service.<\/li>\n\n\n\n<li><strong>Pr\u00e9sentation \u00e9l\u00e9gante sur table :<\/strong> Notre plat \u00e0 gratin avec couvercle est dot\u00e9 d'une \u00e9l\u00e9gante finition \u00e9maill\u00e9e et d'un design minimaliste. Il convient pour le bureau, la salle \u00e0 manger et le salon, ainsi que pour l'exposition sur le comptoir. Vous pouvez l'utiliser pour pr\u00e9senter des ustensiles de cuisine et des ustensiles de service en m\u00eame temps.<\/li>\n\n\n\n<li><strong>Vente en gros et personnalisation :<\/strong> La cocotte en c\u00e9ramique en gros permet des commandes en gros pour la personnalisation OEM\/ODM, comme l'impression de logo, les options de gla\u00e7age de couleur, la conception d'emballage et les variations de taille pour les clients de marque et les distributeurs.<\/li>\n<\/ul>\n<\/div>\n\n\n\n<div class=\"wp-block-column is-layout-flow wp-block-column-is-layout-flow\">\n<figure class=\"wp-block-image size-full\"><img decoding=\"async\" width=\"800\" height=\"800\" src=\"https:\/\/www.czqunfa.com\/wp-content\/uploads\/2026\/02\/wholesale-ceramic-casserole-pot-bulk-casserole-dish-2.webp\" alt=\"grossiste-c\u00e9ramique-casserole-pot-bulk-casserole-dish-2\" class=\"wp-image-1864\" srcset=\"https:\/\/www.czqunfa.com\/wp-content\/uploads\/2026\/02\/wholesale-ceramic-casserole-pot-bulk-casserole-dish-2.webp 800w, https:\/\/www.czqunfa.com\/wp-content\/uploads\/2026\/02\/wholesale-ceramic-casserole-pot-bulk-casserole-dish-2-300x300.webp 300w, https:\/\/www.czqunfa.com\/wp-content\/uploads\/2026\/02\/wholesale-ceramic-casserole-pot-bulk-casserole-dish-2-150x150.webp 150w, https:\/\/www.czqunfa.com\/wp-content\/uploads\/2026\/02\/wholesale-ceramic-casserole-pot-bulk-casserole-dish-2-768x768.webp 768w, https:\/\/www.czqunfa.com\/wp-content\/uploads\/2026\/02\/wholesale-ceramic-casserole-pot-bulk-casserole-dish-2-12x12.webp 12w, https:\/\/www.czqunfa.com\/wp-content\/uploads\/2026\/02\/wholesale-ceramic-casserole-pot-bulk-casserole-dish-2-600x600.webp 600w, https:\/\/www.czqunfa.com\/wp-content\/uploads\/2026\/02\/wholesale-ceramic-casserole-pot-bulk-casserole-dish-2-100x100.webp 100w\" sizes=\"(max-width: 800px) 100vw, 800px\" \/><\/figure>\n<\/div>\n<\/div>\n\n\n\n<figure class=\"wp-block-gallery has-nested-images columns-default is-cropped wp-block-gallery-1 is-layout-flex wp-block-gallery-is-layout-flex\">\n<figure class=\"wp-block-image size-full\"><img decoding=\"async\" width=\"800\" height=\"800\" data-id=\"1864\" src=\"https:\/\/www.czqunfa.com\/wp-content\/uploads\/2026\/02\/wholesale-ceramic-casserole-pot-bulk-casserole-dish-2.webp\" alt=\"grossiste-c\u00e9ramique-casserole-pot-bulk-casserole-dish-2\" class=\"wp-image-1864\" srcset=\"https:\/\/www.czqunfa.com\/wp-content\/uploads\/2026\/02\/wholesale-ceramic-casserole-pot-bulk-casserole-dish-2.webp 800w, https:\/\/www.czqunfa.com\/wp-content\/uploads\/2026\/02\/wholesale-ceramic-casserole-pot-bulk-casserole-dish-2-300x300.webp 300w, https:\/\/www.czqunfa.com\/wp-content\/uploads\/2026\/02\/wholesale-ceramic-casserole-pot-bulk-casserole-dish-2-150x150.webp 150w, https:\/\/www.czqunfa.com\/wp-content\/uploads\/2026\/02\/wholesale-ceramic-casserole-pot-bulk-casserole-dish-2-768x768.webp 768w, https:\/\/www.czqunfa.com\/wp-content\/uploads\/2026\/02\/wholesale-ceramic-casserole-pot-bulk-casserole-dish-2-12x12.webp 12w, https:\/\/www.czqunfa.com\/wp-content\/uploads\/2026\/02\/wholesale-ceramic-casserole-pot-bulk-casserole-dish-2-600x600.webp 600w, https:\/\/www.czqunfa.com\/wp-content\/uploads\/2026\/02\/wholesale-ceramic-casserole-pot-bulk-casserole-dish-2-100x100.webp 100w\" sizes=\"(max-width: 800px) 100vw, 800px\" \/><\/figure>\n\n\n\n<figure class=\"wp-block-image size-full\"><img decoding=\"async\" width=\"800\" height=\"800\" data-id=\"1866\" src=\"https:\/\/www.czqunfa.com\/wp-content\/uploads\/2026\/02\/wholesale-ceramic-casserole-pot-bulk-casserole-dish-4.webp\" alt=\"grossiste-c\u00e9ramique-casserole-pot-bulk-casserole-dish-4\" class=\"wp-image-1866\" srcset=\"https:\/\/www.czqunfa.com\/wp-content\/uploads\/2026\/02\/wholesale-ceramic-casserole-pot-bulk-casserole-dish-4.webp 800w, https:\/\/www.czqunfa.com\/wp-content\/uploads\/2026\/02\/wholesale-ceramic-casserole-pot-bulk-casserole-dish-4-300x300.webp 300w, https:\/\/www.czqunfa.com\/wp-content\/uploads\/2026\/02\/wholesale-ceramic-casserole-pot-bulk-casserole-dish-4-150x150.webp 150w, https:\/\/www.czqunfa.com\/wp-content\/uploads\/2026\/02\/wholesale-ceramic-casserole-pot-bulk-casserole-dish-4-768x768.webp 768w, https:\/\/www.czqunfa.com\/wp-content\/uploads\/2026\/02\/wholesale-ceramic-casserole-pot-bulk-casserole-dish-4-12x12.webp 12w, https:\/\/www.czqunfa.com\/wp-content\/uploads\/2026\/02\/wholesale-ceramic-casserole-pot-bulk-casserole-dish-4-600x600.webp 600w, https:\/\/www.czqunfa.com\/wp-content\/uploads\/2026\/02\/wholesale-ceramic-casserole-pot-bulk-casserole-dish-4-100x100.webp 100w\" sizes=\"(max-width: 800px) 100vw, 800px\" \/><\/figure>\n<\/figure>\n\n\n\n<p><\/p>","protected":false},"excerpt":{"rendered":"<p>Cette cocotte en c\u00e9ramique de 6,4\u2033 avec couvercle est fabriqu\u00e9e en gr\u00e8s de haute qualit\u00e9 allant au four, offrant une r\u00e9tention de chaleur sup\u00e9rieure et une durabilit\u00e9 pour la cuisson et le service. Parfaite pour les mariages, les f\u00eates de fin d'ann\u00e9e, les restaurants ou les repas \u00e0 domicile, elle offre une fonctionnalit\u00e9 pratique et une pr\u00e9sentation \u00e9l\u00e9gante. L'approvisionnement en vrac et les options de marquage personnalis\u00e9 en font un choix parfait pour les restaurants, les h\u00f4tels, les fournisseurs de restauration et les distributeurs d'articles de cuisine \u00e0 la recherche de cocottes en c\u00e9ramique de haute qualit\u00e9.<\/p>\n<h2>Param\u00e8tre de vente en gros de la cocotte en c\u00e9ramique<\/h2>\n<table width=\"328\">\n<tbody>\n<tr>\n<td width=\"116\">Fabricant<\/td>\n<td width=\"211\">QUNFA<\/td>\n<\/tr>\n<tr>\n<td width=\"116\">Type de produit<\/td>\n<td>Casserole<\/td>\n<\/tr>\n<tr>\n<td width=\"116\">Num\u00e9ro de mod\u00e8le.<\/td>\n<td>22-0166\u00a0<\/td>\n<\/tr>\n<tr>\n<td width=\"116\">Mat\u00e9riau<\/td>\n<td width=\"211\">Gr\u00e8s<\/td>\n<\/tr>\n<tr>\n<td width=\"116\">Couleur<\/td>\n<td width=\"211\">Rouge\u00a0<\/td>\n<\/tr>\n<tr>\n<td width=\"116\">Dimension<\/td>\n<td width=\"211\">Couvercle : 13*13*4cm <br \/>corps : 16,3*11,9*5,5cm <br \/>le plus petit:16.3*11.9*9cm<\/td>\n<\/tr>\n<tr>\n<td width=\"116\">Quantit\u00e9 minimale de commande<\/td>\n<td width=\"211\">1000 pi\u00e8ces<\/td>\n<\/tr>\n<tr>\n<td width=\"116\">Personnalis\u00e9<\/td>\n<td width=\"211\">Couleur\/Taille\/Logo\/Emballage\/Forme<\/td>\n<\/tr>\n<\/tbody>\n<\/table>","protected":false},"featured_media":1863,"comment_status":"closed","ping_status":"closed","template":"","meta":{"_acf_changed":false},"product_brand":[],"product_cat":[22,28],"product_tag":[],"class_list":{"0":"post-1862","1":"product","2":"type-product","3":"status-publish","4":"has-post-thumbnail","6":"product_cat-bakeware-manufacturer","7":"product_cat-wholesale-casserole-dishes","9":"first","10":"instock","11":"shipping-taxable","12":"product-type-simple"},"acf":[],"_links":{"self":[{"href":"https:\/\/www.czqunfa.com\/fr\/wp-json\/wp\/v2\/product\/1862","targetHints":{"allow":["GET"]}}],"collection":[{"href":"https:\/\/www.czqunfa.com\/fr\/wp-json\/wp\/v2\/product"}],"about":[{"href":"https:\/\/www.czqunfa.com\/fr\/wp-json\/wp\/v2\/types\/product"}],"replies":[{"embeddable":true,"href":"https:\/\/www.czqunfa.com\/fr\/wp-json\/wp\/v2\/comments?post=1862"}],"wp:featuredmedia":[{"embeddable":true,"href":"https:\/\/www.czqunfa.com\/fr\/wp-json\/wp\/v2\/media\/1863"}],"wp:attachment":[{"href":"https:\/\/www.czqunfa.com\/fr\/wp-json\/wp\/v2\/media?parent=1862"}],"wp:term":[{"taxonomy":"product_brand","embeddable":true,"href":"https:\/\/www.czqunfa.com\/fr\/wp-json\/wp\/v2\/product_brand?post=1862"},{"taxonomy":"product_cat","embeddable":true,"href":"https:\/\/www.czqunfa.com\/fr\/wp-json\/wp\/v2\/product_cat?post=1862"},{"taxonomy":"product_tag","embeddable":true,"href":"https:\/\/www.czqunfa.com\/fr\/wp-json\/wp\/v2\/product_tag?post=1862"}],"curies":[{"name":"wp","href":"https:\/\/api.w.org\/{rel}","templated":true}]}}