{"id":1794,"date":"2026-02-10T06:41:03","date_gmt":"2026-02-10T06:41:03","guid":{"rendered":"https:\/\/www.czqunfa.com\/?post_type=product&#038;p=1794"},"modified":"2026-02-10T06:41:04","modified_gmt":"2026-02-10T06:41:04","slug":"bulk-gravy-boats","status":"publish","type":"product","link":"https:\/\/www.czqunfa.com\/fr\/produit\/bulk-gravy-boats\/","title":{"rendered":"Sauci\u00e8re en vrac, Sauci\u00e8re en c\u00e9ramique personnalis\u00e9e peinte \u00e0 la main"},"content":{"rendered":"<div class=\"wp-block-columns is-layout-flex wp-container-core-columns-is-layout-9d6595d7 wp-block-columns-is-layout-flex\">\n<div class=\"wp-block-column is-layout-flow wp-block-column-is-layout-flow\">\n<h2 class=\"wp-block-heading\">Caract\u00e9ristiques des sauci\u00e8res en vrac<\/h2>\n\n\n\n<p><strong>Abeilles et fleurs Design : <\/strong>Ces sauci\u00e8res en vrac sont orn\u00e9es de motifs peints \u00e0 la main repr\u00e9sentant des abeilles, des fleurs roses et des feuilles vertes. Les bords et la poign\u00e9e jaune vif sont assortis \u00e0 l'ensemble de la c\u00e9ramique blanche et douce, ajoutant une touche de couleur \u00e0 la table de tous les jours.<\/p>\n\n\n\n<p><strong>Mat\u00e9riau c\u00e9ramique durable et facile \u00e0 nettoyer :<\/strong> Ces sauci\u00e8res en vrac sont fabriqu\u00e9es en gr\u00e8s de haute qualit\u00e9, durable et facile \u00e0 nettoyer. L'excellent gla\u00e7age peut \u00eatre utilis\u00e9 en toute s\u00e9curit\u00e9 pour les aliments, n'h\u00e9sitez donc pas \u00e0 l'utiliser.<\/p>\n\n\n\n<p><strong>Versement en douceur sans aucune fuite :<\/strong> Le bec verseur des sauci\u00e8res en vrac a \u00e9t\u00e9 soigneusement con\u00e7u. Lorsque vous versez la sauce, elle s'\u00e9coule doucement et proprement, avec une fermeture propre et nette qui ne laisse pas de gouttes ou de fuites, ce qui permet de garder la table \u00e0 manger toujours propre.<\/p>\n\n\n\n<p><strong>Base large avec propri\u00e9t\u00e9s antid\u00e9rapantes et anti-chaleur :<\/strong> La base est \u00e9largie et trait\u00e9e pour un effet antid\u00e9rapant, assurant une bonne isolation thermique. M\u00eame lorsque vous tenez de la sauce piquante, vous pouvez la saisir en toute s\u00e9curit\u00e9 sans vous br\u00fbler ni la renverser.<\/p>\n\n\n\n<p><strong>Sc\u00e9nario d'utilisation : <\/strong>Notre sauci\u00e8re en c\u00e9ramique personnalis\u00e9e peut \u00eatre utilis\u00e9e pour accompagner des toasts au petit-d\u00e9jeuner, pour servir du scotch et de la cr\u00e8me au th\u00e9 de l'apr\u00e8s-midi ou pour arroser de sauce une viande grill\u00e9e lors d'un d\u00eener en famille. L'\u00e9l\u00e9gante forme incurv\u00e9e et les d\u00e9corations d\u00e9taill\u00e9es de la sauci\u00e8re peuvent subtilement rehausser l'atmosph\u00e8re du repas, faisant d'un repas ordinaire une exp\u00e9rience m\u00e9morable.<\/p>\n<\/div>\n\n\n\n<div class=\"wp-block-column is-layout-flow wp-block-column-is-layout-flow\">\n<figure class=\"wp-block-image size-full is-resized\"><img decoding=\"async\" width=\"1000\" height=\"1000\" src=\"https:\/\/www.czqunfa.com\/wp-content\/uploads\/2026\/02\/bulk-gravy-boats-1.webp\" alt=\"bulk-gravy-boats-main-peinte-custom-ceramic-sauce-boat-1\" class=\"wp-image-1795\" style=\"width:308px;height:auto\" srcset=\"https:\/\/www.czqunfa.com\/wp-content\/uploads\/2026\/02\/bulk-gravy-boats-1.webp 1000w, https:\/\/www.czqunfa.com\/wp-content\/uploads\/2026\/02\/bulk-gravy-boats-1-300x300.webp 300w, https:\/\/www.czqunfa.com\/wp-content\/uploads\/2026\/02\/bulk-gravy-boats-1-150x150.webp 150w, https:\/\/www.czqunfa.com\/wp-content\/uploads\/2026\/02\/bulk-gravy-boats-1-768x768.webp 768w, https:\/\/www.czqunfa.com\/wp-content\/uploads\/2026\/02\/bulk-gravy-boats-1-12x12.webp 12w, https:\/\/www.czqunfa.com\/wp-content\/uploads\/2026\/02\/bulk-gravy-boats-1-600x600.webp 600w, https:\/\/www.czqunfa.com\/wp-content\/uploads\/2026\/02\/bulk-gravy-boats-1-100x100.webp 100w\" sizes=\"(max-width: 1000px) 100vw, 1000px\" \/><\/figure>\n<\/div>\n<\/div>\n\n\n\n<div class=\"wp-block-columns is-layout-flex wp-container-core-columns-is-layout-9d6595d7 wp-block-columns-is-layout-flex\">\n<div class=\"wp-block-column is-layout-flow wp-block-column-is-layout-flow\">\n<figure class=\"wp-block-image size-full\"><img decoding=\"async\" width=\"1000\" height=\"1000\" src=\"https:\/\/www.czqunfa.com\/wp-content\/uploads\/2026\/02\/bulk-gravy-boats-3.webp\" alt=\"sauci\u00e8res en vrac-3\" class=\"wp-image-1797\" srcset=\"https:\/\/www.czqunfa.com\/wp-content\/uploads\/2026\/02\/bulk-gravy-boats-3.webp 1000w, https:\/\/www.czqunfa.com\/wp-content\/uploads\/2026\/02\/bulk-gravy-boats-3-300x300.webp 300w, https:\/\/www.czqunfa.com\/wp-content\/uploads\/2026\/02\/bulk-gravy-boats-3-150x150.webp 150w, https:\/\/www.czqunfa.com\/wp-content\/uploads\/2026\/02\/bulk-gravy-boats-3-768x768.webp 768w, https:\/\/www.czqunfa.com\/wp-content\/uploads\/2026\/02\/bulk-gravy-boats-3-12x12.webp 12w, https:\/\/www.czqunfa.com\/wp-content\/uploads\/2026\/02\/bulk-gravy-boats-3-600x600.webp 600w, https:\/\/www.czqunfa.com\/wp-content\/uploads\/2026\/02\/bulk-gravy-boats-3-100x100.webp 100w\" sizes=\"(max-width: 1000px) 100vw, 1000px\" \/><\/figure>\n<\/div>\n\n\n\n<div class=\"wp-block-column is-layout-flow wp-block-column-is-layout-flow\">\n<figure class=\"wp-block-image size-full\"><img decoding=\"async\" width=\"1000\" height=\"1000\" src=\"https:\/\/www.czqunfa.com\/wp-content\/uploads\/2026\/02\/bulk-gravy-boats-4.webp\" alt=\"sauci\u00e8res en vrac-4\" class=\"wp-image-1798\" srcset=\"https:\/\/www.czqunfa.com\/wp-content\/uploads\/2026\/02\/bulk-gravy-boats-4.webp 1000w, https:\/\/www.czqunfa.com\/wp-content\/uploads\/2026\/02\/bulk-gravy-boats-4-300x300.webp 300w, https:\/\/www.czqunfa.com\/wp-content\/uploads\/2026\/02\/bulk-gravy-boats-4-150x150.webp 150w, https:\/\/www.czqunfa.com\/wp-content\/uploads\/2026\/02\/bulk-gravy-boats-4-768x768.webp 768w, https:\/\/www.czqunfa.com\/wp-content\/uploads\/2026\/02\/bulk-gravy-boats-4-12x12.webp 12w, https:\/\/www.czqunfa.com\/wp-content\/uploads\/2026\/02\/bulk-gravy-boats-4-600x600.webp 600w, https:\/\/www.czqunfa.com\/wp-content\/uploads\/2026\/02\/bulk-gravy-boats-4-100x100.webp 100w\" sizes=\"(max-width: 1000px) 100vw, 1000px\" \/><\/figure>\n<\/div>\n<\/div>","protected":false},"excerpt":{"rendered":"<p>Nos sauci\u00e8res en vrac sont fabriqu\u00e9es en c\u00e9ramique de qualit\u00e9 alimentaire et pr\u00e9sentent une structure r\u00e9sistante \u00e0 la chaleur et antid\u00e9rapante, ainsi qu'un bec verseur optimis\u00e9. Nous proposons \u00e9galement des services de personnalisation de lots et de vente en gros de sauci\u00e8res pour les restaurants et les h\u00f4tels. Nous prenons en charge l'impression d'\u00e9tiquettes et la personnalisation de couleurs exclusives. Nous nous r\u00e9jouissons d'\u00e9tablir une coop\u00e9ration \u00e0 long terme avec vous.<\/p>\n<h2>Param\u00e8tres des sauci\u00e8res en vrac<\/h2>\n<table border=\"0\" width=\"505\" cellspacing=\"0\" cellpadding=\"0\">\n<tbody>\n<tr>\n<td width=\"179\" height=\"20\">Fabricant<\/td>\n<td width=\"325\">QUNFA<\/td>\n<\/tr>\n<tr>\n<td width=\"179\" height=\"20\">Type de produit<\/td>\n<td width=\"325\">Bacs \u00e0 sauce<\/td>\n<\/tr>\n<tr>\n<td width=\"179\" height=\"20\">Num\u00e9ro de mod\u00e8le.<\/td>\n<td width=\"325\">1919-30<\/td>\n<\/tr>\n<tr>\n<td width=\"179\" height=\"20\">Mat\u00e9riau<\/td>\n<td width=\"325\">Gr\u00e8s<\/td>\n<\/tr>\n<tr>\n<td width=\"179\" height=\"18\">Mod\u00e8le<\/td>\n<td width=\"325\">Abeille<\/td>\n<\/tr>\n<tr>\n<td width=\"179\" height=\"36\">Dimension<\/td>\n<td width=\"325\">19x11x9.5cm<\/td>\n<\/tr>\n<tr>\n<td width=\"179\" height=\"18\">Poids<\/td>\n<td width=\"325\">400g<\/td>\n<\/tr>\n<tr>\n<td width=\"179\" height=\"18\">Quantit\u00e9 minimale de commande<\/td>\n<td width=\"325\">1000 pi\u00e8ces<\/td>\n<\/tr>\n<tr>\n<td width=\"179\" height=\"18\">Personnalis\u00e9<\/td>\n<td width=\"325\">Couleur\/Taille\/Logo\/Emballage\/Forme<\/td>\n<\/tr>\n<\/tbody>\n<\/table>","protected":false},"featured_media":1800,"comment_status":"closed","ping_status":"closed","template":"","meta":{"_acf_changed":false},"product_brand":[],"product_cat":[19,39],"product_tag":[],"class_list":{"0":"post-1794","1":"product","2":"type-product","3":"status-publish","4":"has-post-thumbnail","6":"product_cat-wholesale-serveware","7":"product_cat-gravy-boat-supplier","9":"first","10":"instock","11":"shipping-taxable","12":"product-type-simple"},"acf":[],"_links":{"self":[{"href":"https:\/\/www.czqunfa.com\/fr\/wp-json\/wp\/v2\/product\/1794","targetHints":{"allow":["GET"]}}],"collection":[{"href":"https:\/\/www.czqunfa.com\/fr\/wp-json\/wp\/v2\/product"}],"about":[{"href":"https:\/\/www.czqunfa.com\/fr\/wp-json\/wp\/v2\/types\/product"}],"replies":[{"embeddable":true,"href":"https:\/\/www.czqunfa.com\/fr\/wp-json\/wp\/v2\/comments?post=1794"}],"wp:featuredmedia":[{"embeddable":true,"href":"https:\/\/www.czqunfa.com\/fr\/wp-json\/wp\/v2\/media\/1800"}],"wp:attachment":[{"href":"https:\/\/www.czqunfa.com\/fr\/wp-json\/wp\/v2\/media?parent=1794"}],"wp:term":[{"taxonomy":"product_brand","embeddable":true,"href":"https:\/\/www.czqunfa.com\/fr\/wp-json\/wp\/v2\/product_brand?post=1794"},{"taxonomy":"product_cat","embeddable":true,"href":"https:\/\/www.czqunfa.com\/fr\/wp-json\/wp\/v2\/product_cat?post=1794"},{"taxonomy":"product_tag","embeddable":true,"href":"https:\/\/www.czqunfa.com\/fr\/wp-json\/wp\/v2\/product_tag?post=1794"}],"curies":[{"name":"wp","href":"https:\/\/api.w.org\/{rel}","templated":true}]}}