{"id":1787,"date":"2026-02-10T04:03:09","date_gmt":"2026-02-10T04:03:09","guid":{"rendered":"https:\/\/www.czqunfa.com\/?post_type=product&#038;p=1787"},"modified":"2026-02-10T04:03:13","modified_gmt":"2026-02-10T04:03:13","slug":"wholesale-butter-dish","status":"publish","type":"product","link":"https:\/\/www.czqunfa.com\/fr\/produit\/wholesale-butter-dish\/","title":{"rendered":"Beurrier en gros, plateau \u00e0 beurre en c\u00e9ramique peint \u00e0 la main"},"content":{"rendered":"<div class=\"wp-block-columns is-layout-flex wp-container-core-columns-is-layout-9d6595d7 wp-block-columns-is-layout-flex\">\n<div class=\"wp-block-column is-layout-flow wp-block-column-is-layout-flow\">\n<h2 class=\"wp-block-heading\">Caract\u00e9ristiques du beurrier en gros<\/h2>\n\n\n\n<p><strong>C\u00e9ramique de qualit\u00e9 alimentaire :<\/strong> Le beurrier de gros est fabriqu\u00e9 en c\u00e9ramique de haute qualit\u00e9 et pr\u00e9sente une gla\u00e7ure lisse et transparente. Sans plomb et non toxique, il est id\u00e9al pour conserver le beurre en toute s\u00e9curit\u00e9. L'\u00e9mail est brillant et facile \u00e0 nettoyer. Les taches peuvent \u00eatre \u00e9limin\u00e9es d'un simple coup de chiffon. Il est facile \u00e0 entretenir apr\u00e8s utilisation.<\/p>\n\n\n\n<p><strong>Avec couvercle Design :<\/strong> Le couvercle du beurrier en gros se ferme herm\u00e9tiquement pour emp\u00eacher la poussi\u00e8re de p\u00e9n\u00e9trer, et il pr\u00e9serve \u00e9galement l'humidit\u00e9 et la saveur du beurre, en le rendant doux et en \u00e9vitant qu'il ne se dess\u00e8che. Il est facile \u00e0 obtenir pour le petit-d\u00e9jeuner ou le th\u00e9 de l'apr\u00e8s-midi, ou pour la p\u00e2tisserie, lorsque vous devez vous assurer que le go\u00fbt n'est pas compromis.<\/p>\n\n\n\n<p><strong>Motif peint \u00e0 la main :<\/strong> Ce beurrier est d\u00e9cor\u00e9 de fleurs, d'abeilles et de motifs de bordure jaune vif. Il apporte chaleur et naturel \u00e0 votre table \u00e0 manger ou \u00e0 votre cuisine.<\/p>\n\n\n\n<p><strong>Conception simple, \u00e9conomie d'espace : <\/strong>La forme rectangulaire du plateau \u00e0 beurre personnalis\u00e9 peut \u00eatre facilement pos\u00e9e sur le comptoir de la cuisine, la table \u00e0 manger ou l'armoire. D'une capacit\u00e9 moyenne pour un bloc de beurre standard, il est l\u00e9ger et facile \u00e0 transporter. Il convient \u00e9galement aux petits espaces de cuisine.<\/p>\n\n\n\n<p><strong>Grande capacit\u00e9 et taille pratique :<\/strong> Con\u00e7u pour accueillir des b\u00e2tonnets ou des blocs de beurre standard, il convient aux restaurants, aux boulangeries, aux h\u00f4tels et \u00e0 l'usage domestique.<\/p>\n<\/div>\n\n\n\n<div class=\"wp-block-column is-layout-flow wp-block-column-is-layout-flow\">\n<figure class=\"wp-block-image size-full is-resized\"><img decoding=\"async\" width=\"1000\" height=\"1000\" src=\"https:\/\/www.czqunfa.com\/wp-content\/uploads\/2026\/02\/wholesale-butter-dish-1.webp\" alt=\"grossiste-plat \u00e0 beurre-peint-\u00e0-la-main-bulk-c\u00e9ramique-panier-\u00e0-beurre-1\" class=\"wp-image-1788\" style=\"width:308px;height:auto\" srcset=\"https:\/\/www.czqunfa.com\/wp-content\/uploads\/2026\/02\/wholesale-butter-dish-1.webp 1000w, https:\/\/www.czqunfa.com\/wp-content\/uploads\/2026\/02\/wholesale-butter-dish-1-300x300.webp 300w, https:\/\/www.czqunfa.com\/wp-content\/uploads\/2026\/02\/wholesale-butter-dish-1-150x150.webp 150w, https:\/\/www.czqunfa.com\/wp-content\/uploads\/2026\/02\/wholesale-butter-dish-1-768x768.webp 768w, https:\/\/www.czqunfa.com\/wp-content\/uploads\/2026\/02\/wholesale-butter-dish-1-12x12.webp 12w, https:\/\/www.czqunfa.com\/wp-content\/uploads\/2026\/02\/wholesale-butter-dish-1-600x600.webp 600w, https:\/\/www.czqunfa.com\/wp-content\/uploads\/2026\/02\/wholesale-butter-dish-1-100x100.webp 100w\" sizes=\"(max-width: 1000px) 100vw, 1000px\" \/><\/figure>\n<\/div>\n<\/div>\n\n\n\n<div class=\"wp-block-columns is-layout-flex wp-container-core-columns-is-layout-9d6595d7 wp-block-columns-is-layout-flex\">\n<div class=\"wp-block-column is-layout-flow wp-block-column-is-layout-flow\">\n<figure class=\"wp-block-image size-full\"><img decoding=\"async\" width=\"1000\" height=\"1000\" src=\"https:\/\/www.czqunfa.com\/wp-content\/uploads\/2026\/02\/wholesale-butter-dish-5.webp\" alt=\"beurrier en gros-5\" class=\"wp-image-1792\" srcset=\"https:\/\/www.czqunfa.com\/wp-content\/uploads\/2026\/02\/wholesale-butter-dish-5.webp 1000w, https:\/\/www.czqunfa.com\/wp-content\/uploads\/2026\/02\/wholesale-butter-dish-5-300x300.webp 300w, https:\/\/www.czqunfa.com\/wp-content\/uploads\/2026\/02\/wholesale-butter-dish-5-150x150.webp 150w, https:\/\/www.czqunfa.com\/wp-content\/uploads\/2026\/02\/wholesale-butter-dish-5-768x768.webp 768w, https:\/\/www.czqunfa.com\/wp-content\/uploads\/2026\/02\/wholesale-butter-dish-5-12x12.webp 12w, https:\/\/www.czqunfa.com\/wp-content\/uploads\/2026\/02\/wholesale-butter-dish-5-600x600.webp 600w, https:\/\/www.czqunfa.com\/wp-content\/uploads\/2026\/02\/wholesale-butter-dish-5-100x100.webp 100w\" sizes=\"(max-width: 1000px) 100vw, 1000px\" \/><\/figure>\n<\/div>\n\n\n\n<div class=\"wp-block-column is-layout-flow wp-block-column-is-layout-flow\">\n<figure class=\"wp-block-image size-full\"><img decoding=\"async\" width=\"1000\" height=\"1000\" src=\"https:\/\/www.czqunfa.com\/wp-content\/uploads\/2026\/02\/wholesale-butter-dish-6.webp\" alt=\"beurrier en gros-6\" class=\"wp-image-1793\" srcset=\"https:\/\/www.czqunfa.com\/wp-content\/uploads\/2026\/02\/wholesale-butter-dish-6.webp 1000w, https:\/\/www.czqunfa.com\/wp-content\/uploads\/2026\/02\/wholesale-butter-dish-6-300x300.webp 300w, https:\/\/www.czqunfa.com\/wp-content\/uploads\/2026\/02\/wholesale-butter-dish-6-150x150.webp 150w, https:\/\/www.czqunfa.com\/wp-content\/uploads\/2026\/02\/wholesale-butter-dish-6-768x768.webp 768w, https:\/\/www.czqunfa.com\/wp-content\/uploads\/2026\/02\/wholesale-butter-dish-6-12x12.webp 12w, https:\/\/www.czqunfa.com\/wp-content\/uploads\/2026\/02\/wholesale-butter-dish-6-600x600.webp 600w, https:\/\/www.czqunfa.com\/wp-content\/uploads\/2026\/02\/wholesale-butter-dish-6-100x100.webp 100w\" sizes=\"(max-width: 1000px) 100vw, 1000px\" \/><\/figure>\n<\/div>\n<\/div>","protected":false},"excerpt":{"rendered":"<p>Nous vous invitons \u00e0 acheter nos beurriers en gros, fabriqu\u00e9s en gr\u00e8s de haute qualit\u00e9 et orn\u00e9s d'un magnifique motif d'abeilles peint \u00e0 la main. La gla\u00e7ure utilis\u00e9e est de qualit\u00e9 alimentaire et sans danger. Le design rectangulaire est simple et \u00e9l\u00e9gant. Le couvercle incurv\u00e9 bien ajust\u00e9 emp\u00eache efficacement la poussi\u00e8re de p\u00e9n\u00e9trer, conserve l'humidit\u00e9 et la saveur du beurre, id\u00e9al pour les d\u00e9taillants, les marques d'articles de cuisine, les restaurants et les grossistes en cadeaux. Il garantit que la saveur reste intacte.<\/p>\n<h2>Param\u00e8tres de vente en gros des beurriers<\/h2>\n<table border=\"0\" width=\"505\" cellspacing=\"0\" cellpadding=\"0\">\n<tbody>\n<tr>\n<td width=\"179\" height=\"20\">Fabricant<\/td>\n<td width=\"325\">QUNFA<\/td>\n<\/tr>\n<tr>\n<td width=\"179\" height=\"20\">Type de produit<\/td>\n<td width=\"325\">Plat \u00e0 beurre<\/td>\n<\/tr>\n<tr>\n<td width=\"179\" height=\"20\">Num\u00e9ro de mod\u00e8le.<\/td>\n<td width=\"325\">T24-0469<\/td>\n<\/tr>\n<tr>\n<td width=\"179\" height=\"20\">Mat\u00e9riau<\/td>\n<td width=\"325\">Gr\u00e8s<\/td>\n<\/tr>\n<tr>\n<td width=\"179\" height=\"18\">Mod\u00e8le<\/td>\n<td width=\"325\">Abeille<\/td>\n<\/tr>\n<tr>\n<td width=\"179\" height=\"36\">Dimension<\/td>\n<td width=\"325\">Plat : 19.7*11.4*2.5cm<br \/>Couvercle : 6.3*9.4*8.5cm<\/td>\n<\/tr>\n<tr>\n<td width=\"179\" height=\"18\">Poids<\/td>\n<td width=\"325\">710g<\/td>\n<\/tr>\n<tr>\n<td width=\"179\" height=\"18\">Quantit\u00e9 minimale de commande<\/td>\n<td width=\"325\">1000 pi\u00e8ces<\/td>\n<\/tr>\n<tr>\n<td width=\"179\" height=\"18\">Personnalis\u00e9<\/td>\n<td width=\"325\">Couleur\/Taille\/Logo\/Emballage\/Forme<\/td>\n<\/tr>\n<\/tbody>\n<\/table>","protected":false},"featured_media":1788,"comment_status":"closed","ping_status":"closed","template":"","meta":{"_acf_changed":false},"product_brand":[],"product_cat":[19,40],"product_tag":[],"class_list":{"0":"post-1787","1":"product","2":"type-product","3":"status-publish","4":"has-post-thumbnail","6":"product_cat-wholesale-serveware","7":"product_cat-butter-dish-supplier","9":"first","10":"instock","11":"shipping-taxable","12":"product-type-simple"},"acf":[],"_links":{"self":[{"href":"https:\/\/www.czqunfa.com\/fr\/wp-json\/wp\/v2\/product\/1787","targetHints":{"allow":["GET"]}}],"collection":[{"href":"https:\/\/www.czqunfa.com\/fr\/wp-json\/wp\/v2\/product"}],"about":[{"href":"https:\/\/www.czqunfa.com\/fr\/wp-json\/wp\/v2\/types\/product"}],"replies":[{"embeddable":true,"href":"https:\/\/www.czqunfa.com\/fr\/wp-json\/wp\/v2\/comments?post=1787"}],"wp:featuredmedia":[{"embeddable":true,"href":"https:\/\/www.czqunfa.com\/fr\/wp-json\/wp\/v2\/media\/1788"}],"wp:attachment":[{"href":"https:\/\/www.czqunfa.com\/fr\/wp-json\/wp\/v2\/media?parent=1787"}],"wp:term":[{"taxonomy":"product_brand","embeddable":true,"href":"https:\/\/www.czqunfa.com\/fr\/wp-json\/wp\/v2\/product_brand?post=1787"},{"taxonomy":"product_cat","embeddable":true,"href":"https:\/\/www.czqunfa.com\/fr\/wp-json\/wp\/v2\/product_cat?post=1787"},{"taxonomy":"product_tag","embeddable":true,"href":"https:\/\/www.czqunfa.com\/fr\/wp-json\/wp\/v2\/product_tag?post=1787"}],"curies":[{"name":"wp","href":"https:\/\/api.w.org\/{rel}","templated":true}]}}