{"id":1657,"date":"2026-01-30T03:37:38","date_gmt":"2026-01-30T03:37:38","guid":{"rendered":"https:\/\/www.czqunfa.com\/?post_type=product&#038;p=1657"},"modified":"2026-01-30T03:37:41","modified_gmt":"2026-01-30T03:37:41","slug":"restaurant-tableware-supplies","status":"publish","type":"product","link":"https:\/\/www.czqunfa.com\/fr\/produit\/restaurant-tableware-supplies\/","title":{"rendered":"Vaisselle de restaurant, Set de table 16pc Wholesale"},"content":{"rendered":"<div class=\"wp-block-columns is-layout-flex wp-container-core-columns-is-layout-9d6595d7 wp-block-columns-is-layout-flex\">\n<div class=\"wp-block-column is-layout-flow wp-block-column-is-layout-flow\">\n<h2 class=\"wp-block-heading\">Features of Restaurant Tableware Supplies<\/h2>\n\n\n\n<ul class=\"wp-block-list\">\n<li><strong>Durable Ceramic Material:<\/strong> These restaurant tableware supplies are made from selected premium ceramic, fired at high temperatures to ensure excellent durability, heat resistance, and thermal shock resistance. Designed for long-term use in restaurants, hotels, and wholesale markets.<\/li>\n\n\n\n<li><strong>Valentine Hearts Design: <\/strong>These restaurant tableware supplies feature a romantic Valentine hearts theme. This dinnerware set is perfect for themed restaurants, seasonal promotions, gift collections, and event dining, helping buyers create visual differentiation.<\/li>\n\n\n\n<li><strong>Complete 16-Piece Dinner Set for Wholesale Supply:<\/strong> These restaurant tableware supplies include plates, bowls, cups, pitchers, and accessories in multiple sizes, supporting flexible set combinations for restaurants, retailers, and bulk buyers. OEM\/ODM customization is available for pattern, color, and packaging.<\/li>\n\n\n\n<li><strong>Fully compatible with modern kitchen equipment:<\/strong> Our restaurant tableware supplies comprehensive safety certification for dishwashers, microwaves, and ovens,  greatly facilitating use in high-frequency commercial restaurants and modern homes.<\/li>\n\n\n\n<li><strong>Extremely Easy-to-Clean Glazed Surface:<\/strong> The high-quality glazed surface of the dinner set 16pc wholesale is smooth and dense, making it easy to clean and resistant to scratches or odor absorption. It maintains its like-new texture for a long time, reducing replacement costs.<\/li>\n\n\n\n<li><strong>Logistics and Profit Advantages: <\/strong>The restaurant tableware supplies can be perfectly nested and stacked, minimizing packaging space, significantly reducing shipping volume, greatly increasing the loading capacity per carton, and lowering the sea freight cost per unit product.<\/li>\n<\/ul>\n<\/div>\n\n\n\n<div class=\"wp-block-column is-layout-flow wp-block-column-is-layout-flow\">\n<figure class=\"wp-block-image size-full\"><img decoding=\"async\" width=\"1000\" height=\"1000\" src=\"https:\/\/www.czqunfa.com\/wp-content\/uploads\/2026\/01\/valentine-hearts-series-restaurant-tableware-supplies-wholesale-1.webp\" alt=\"valentine-hearts-series-restaurant-tableware-supplies-wholesale-1\" class=\"wp-image-1687\" srcset=\"https:\/\/www.czqunfa.com\/wp-content\/uploads\/2026\/01\/valentine-hearts-series-restaurant-tableware-supplies-wholesale-1.webp 1000w, https:\/\/www.czqunfa.com\/wp-content\/uploads\/2026\/01\/valentine-hearts-series-restaurant-tableware-supplies-wholesale-1-300x300.webp 300w, https:\/\/www.czqunfa.com\/wp-content\/uploads\/2026\/01\/valentine-hearts-series-restaurant-tableware-supplies-wholesale-1-150x150.webp 150w, https:\/\/www.czqunfa.com\/wp-content\/uploads\/2026\/01\/valentine-hearts-series-restaurant-tableware-supplies-wholesale-1-768x768.webp 768w, https:\/\/www.czqunfa.com\/wp-content\/uploads\/2026\/01\/valentine-hearts-series-restaurant-tableware-supplies-wholesale-1-12x12.webp 12w, https:\/\/www.czqunfa.com\/wp-content\/uploads\/2026\/01\/valentine-hearts-series-restaurant-tableware-supplies-wholesale-1-600x600.webp 600w, https:\/\/www.czqunfa.com\/wp-content\/uploads\/2026\/01\/valentine-hearts-series-restaurant-tableware-supplies-wholesale-1-100x100.webp 100w\" sizes=\"(max-width: 1000px) 100vw, 1000px\" \/><\/figure>\n<\/div>\n<\/div>\n\n\n\n<figure class=\"wp-block-table\"><table class=\"has-fixed-layout\"><tbody><tr><td>Product Name<\/td><td>Item No.<\/td><td>Size<\/td><\/tr><tr><td>Red Pitcher<\/td><td>QF2012S-1049<\/td><td>18 \u00d7 12.8 \u00d7 17.8 cm<\/td><\/tr><tr><td>Mug<\/td><td>QF2012S-1050R<\/td><td>13 \u00d7 9 \u00d7 11.5 cm<\/td><\/tr><tr><td>Teapot with Cup<\/td><td>QF2012S-1051R<\/td><td>Lid: 6 \u00d7 6 \u00d7 4 cmTeapot: 18 \u00d7 12.5 \u00d7 8.2 cmCup: 14.5 \u00d7 11.6 \u00d7 5.5 cm<\/td><\/tr><tr><td>Teapot<\/td><td>QF2012S-1052<\/td><td>Lid: 8.5 \u00d7 8.5 \u00d7 4 cmBody: 19.5 \u00d7 13 \u00d7 12 cm<\/td><\/tr><tr><td>Heart Bowl<\/td><td>QF2012S-1053<\/td><td>16.8 \u00d7 15.8 \u00d7 4.8 cm<\/td><\/tr><tr><td>Plat \u00e0 beurre<\/td><td>QF2012S-1056R<\/td><td>Lid: 13.5 \u00d7 8.6 \u00d7 8.5 cmDish: 18.5 \u00d7 12 \u00d7 10.5 cm<\/td><\/tr><tr><td>Plat \u00e0 tarte<\/td><td>QF2012S-1129R<\/td><td>29 \u00d7 29 \u00d7 4 cm<\/td><\/tr><tr><td>Bol<\/td><td>QF2012S-1130R<\/td><td>27 \u00d7 27 \u00d7 13.7 cm<\/td><\/tr><tr><td>Heart Plate<\/td><td>QF2012S-1131R<\/td><td>20.6 \u00d7 19 \u00d7 2.5 cm<\/td><\/tr><tr><td>Cup<\/td><td>QF2012S-1132R<\/td><td>5 \u00d7 5 \u00d7 6 cm<\/td><\/tr><tr><td>Spoon<\/td><td>QF2012S-1134R<\/td><td>26 \u00d7 8 \u00d7 2.5 cm<\/td><\/tr><tr><td>Round Plate<\/td><td>QF2012S-1135R<\/td><td>26.9 \u00d7 26.9 \u00d7 2.5 cm<\/td><\/tr><tr><td>Round Plate<\/td><td>QF2012S-1136R<\/td><td>22 \u00d7 22 \u00d7 2.7 cm<\/td><\/tr><tr><td>Bol en c\u00e9ramique<\/td><td>QF2012S-1137R<\/td><td>14.7 \u00d7 14.7 \u00d7 9 cm<\/td><\/tr><tr><td>Cup with Dish<\/td><td>QF2012S-1138R<\/td><td>Cup: 9.4 \u00d7 6.2 \u00d7 5.5 cmDish: 13.5 \u00d7 9 \u00d7 0.6 cm<\/td><\/tr><tr><td>White Pitcher<\/td><td>QF2012S-1139R<\/td><td>10.2 \u00d7 8.5 \u00d7 12.3 cm<\/td><\/tr><\/tbody><\/table><\/figure>\n\n\n\n<figure class=\"wp-block-gallery has-nested-images columns-default is-cropped wp-block-gallery-1 is-layout-flex wp-block-gallery-is-layout-flex\">\n<figure class=\"wp-block-image size-large\"><img decoding=\"async\" width=\"800\" height=\"800\" data-id=\"1689\" src=\"https:\/\/www.czqunfa.com\/wp-content\/uploads\/2026\/01\/valentine-hearts-series-restaurant-tableware-supplies-wholesale-3.webp\" alt=\"valentine-hearts-series-restaurant-tableware-supplies-wholesale-3\" class=\"wp-image-1689\" srcset=\"https:\/\/www.czqunfa.com\/wp-content\/uploads\/2026\/01\/valentine-hearts-series-restaurant-tableware-supplies-wholesale-3.webp 800w, https:\/\/www.czqunfa.com\/wp-content\/uploads\/2026\/01\/valentine-hearts-series-restaurant-tableware-supplies-wholesale-3-300x300.webp 300w, https:\/\/www.czqunfa.com\/wp-content\/uploads\/2026\/01\/valentine-hearts-series-restaurant-tableware-supplies-wholesale-3-150x150.webp 150w, https:\/\/www.czqunfa.com\/wp-content\/uploads\/2026\/01\/valentine-hearts-series-restaurant-tableware-supplies-wholesale-3-768x768.webp 768w, https:\/\/www.czqunfa.com\/wp-content\/uploads\/2026\/01\/valentine-hearts-series-restaurant-tableware-supplies-wholesale-3-12x12.webp 12w, https:\/\/www.czqunfa.com\/wp-content\/uploads\/2026\/01\/valentine-hearts-series-restaurant-tableware-supplies-wholesale-3-600x600.webp 600w, https:\/\/www.czqunfa.com\/wp-content\/uploads\/2026\/01\/valentine-hearts-series-restaurant-tableware-supplies-wholesale-3-100x100.webp 100w\" sizes=\"(max-width: 800px) 100vw, 800px\" \/><\/figure>\n\n\n\n<figure class=\"wp-block-image size-large\"><img decoding=\"async\" width=\"800\" height=\"800\" data-id=\"1692\" src=\"https:\/\/www.czqunfa.com\/wp-content\/uploads\/2026\/01\/valentine-hearts-series-restaurant-tableware-supplies-wholesale-7.webp\" alt=\"valentine-hearts-series-restaurant-tableware-supplies-wholesale-7\" class=\"wp-image-1692\" srcset=\"https:\/\/www.czqunfa.com\/wp-content\/uploads\/2026\/01\/valentine-hearts-series-restaurant-tableware-supplies-wholesale-7.webp 800w, https:\/\/www.czqunfa.com\/wp-content\/uploads\/2026\/01\/valentine-hearts-series-restaurant-tableware-supplies-wholesale-7-300x300.webp 300w, https:\/\/www.czqunfa.com\/wp-content\/uploads\/2026\/01\/valentine-hearts-series-restaurant-tableware-supplies-wholesale-7-150x150.webp 150w, https:\/\/www.czqunfa.com\/wp-content\/uploads\/2026\/01\/valentine-hearts-series-restaurant-tableware-supplies-wholesale-7-768x768.webp 768w, https:\/\/www.czqunfa.com\/wp-content\/uploads\/2026\/01\/valentine-hearts-series-restaurant-tableware-supplies-wholesale-7-12x12.webp 12w, https:\/\/www.czqunfa.com\/wp-content\/uploads\/2026\/01\/valentine-hearts-series-restaurant-tableware-supplies-wholesale-7-600x600.webp 600w, https:\/\/www.czqunfa.com\/wp-content\/uploads\/2026\/01\/valentine-hearts-series-restaurant-tableware-supplies-wholesale-7-100x100.webp 100w\" sizes=\"(max-width: 800px) 100vw, 800px\" \/><\/figure>\n<\/figure>","protected":false},"excerpt":{"rendered":"<p>Welcome to purchase our Valentine hearts series restaurant tableware supplies, crafted from high-quality ceramic for durability and daily commercial use. With a smooth, easy-to-clean glaze, this dinner set 16pc wholesale adds visual appeal and is ideal for restaurants, parties, and retail brands. Multiple item sizes support bulk orders and custom tableware solutions. Get the advantage of factory-direct pricing.<\/p>\n<h2>Restaurant Tableware Supplies Parameter<\/h2>\n<table width=\"328\">\n<tbody>\n<tr>\n<td width=\"116\">Fabricant<\/td>\n<td width=\"211\">QUNFA<\/td>\n<\/tr>\n<tr>\n<td width=\"116\">Type de produit<\/td>\n<td>Service de vaisselle<\/td>\n<\/tr>\n<tr>\n<td width=\"116\">Num\u00e9ro de mod\u00e8le.<\/td>\n<td width=\"211\">\u00a0QF19-250<\/td>\n<\/tr>\n<tr>\n<td width=\"116\">Mat\u00e9riau<\/td>\n<td width=\"211\">Gr\u00e8s<\/td>\n<\/tr>\n<tr>\n<td width=\"116\">Couleur<\/td>\n<td width=\"211\">Red, White<\/td>\n<\/tr>\n<tr>\n<td width=\"116\">Quantit\u00e9 minimale de commande<\/td>\n<td width=\"211\">1000 pi\u00e8ces<\/td>\n<\/tr>\n<tr>\n<td width=\"116\">Personnalis\u00e9<\/td>\n<td width=\"211\">Couleur\/Taille\/Logo\/Emballage\/Forme<\/td>\n<\/tr>\n<tr>\n<td>Mod\u00e8le<\/td>\n<td>\u00a0Hearts<\/td>\n<\/tr>\n<\/tbody>\n<\/table>","protected":false},"featured_media":1700,"comment_status":"closed","ping_status":"closed","template":"","meta":{"_acf_changed":false},"product_brand":[],"product_cat":[20,25],"product_tag":[],"class_list":{"0":"post-1657","1":"product","2":"type-product","3":"status-publish","4":"has-post-thumbnail","6":"product_cat-dinnerware-supplier","7":"product_cat-dinner-set-supplier","9":"first","10":"instock","11":"shipping-taxable","12":"product-type-simple"},"acf":[],"_links":{"self":[{"href":"https:\/\/www.czqunfa.com\/fr\/wp-json\/wp\/v2\/product\/1657","targetHints":{"allow":["GET"]}}],"collection":[{"href":"https:\/\/www.czqunfa.com\/fr\/wp-json\/wp\/v2\/product"}],"about":[{"href":"https:\/\/www.czqunfa.com\/fr\/wp-json\/wp\/v2\/types\/product"}],"replies":[{"embeddable":true,"href":"https:\/\/www.czqunfa.com\/fr\/wp-json\/wp\/v2\/comments?post=1657"}],"wp:featuredmedia":[{"embeddable":true,"href":"https:\/\/www.czqunfa.com\/fr\/wp-json\/wp\/v2\/media\/1700"}],"wp:attachment":[{"href":"https:\/\/www.czqunfa.com\/fr\/wp-json\/wp\/v2\/media?parent=1657"}],"wp:term":[{"taxonomy":"product_brand","embeddable":true,"href":"https:\/\/www.czqunfa.com\/fr\/wp-json\/wp\/v2\/product_brand?post=1657"},{"taxonomy":"product_cat","embeddable":true,"href":"https:\/\/www.czqunfa.com\/fr\/wp-json\/wp\/v2\/product_cat?post=1657"},{"taxonomy":"product_tag","embeddable":true,"href":"https:\/\/www.czqunfa.com\/fr\/wp-json\/wp\/v2\/product_tag?post=1657"}],"curies":[{"name":"wp","href":"https:\/\/api.w.org\/{rel}","templated":true}]}}