{"id":1578,"date":"2026-01-24T06:24:35","date_gmt":"2026-01-24T06:24:35","guid":{"rendered":"https:\/\/www.czqunfa.com\/?post_type=product&#038;p=1578"},"modified":"2026-01-24T06:24:37","modified_gmt":"2026-01-24T06:24:37","slug":"wholesale-ceramic-planters","status":"publish","type":"product","link":"https:\/\/www.czqunfa.com\/fr\/produit\/wholesale-ceramic-planters\/","title":{"rendered":"Jardini\u00e8res en c\u00e9ramique de qualit\u00e9 sup\u00e9rieure avec cadre en fer \u00e9l\u00e9gant"},"content":{"rendered":"<div class=\"wp-block-columns is-layout-flex wp-container-core-columns-is-layout-9d6595d7 wp-block-columns-is-layout-flex\">\n<div class=\"wp-block-column is-layout-flow wp-block-column-is-layout-flow\">\n<h2 class=\"wp-block-heading\">Caract\u00e9ristiques des jardini\u00e8res en c\u00e9ramique en gros<\/h2>\n\n\n\n<ul class=\"wp-block-list\">\n<li><strong>Gr\u00e8s de haute qualit\u00e9 :<\/strong> Ces jardini\u00e8res en c\u00e9ramique sont fabriqu\u00e9es en gr\u00e8s \u00e9pais, qui r\u00e9siste tr\u00e8s bien \u00e0 la chaleur et au froid. Ils conviennent aussi bien \u00e0 l'int\u00e9rieur qu'\u00e0 l'ext\u00e9rieur, et s'adaptent \u00e0 diff\u00e9rents types d'environnement pour l'exposition de plantes vertes.<\/li>\n\n\n\n<li><strong>Cadre \u00e9l\u00e9gant en fer :<\/strong> Ces jardini\u00e8res en c\u00e9ramique de gros sont dot\u00e9es d'un cadre en m\u00e9tal con\u00e7u sur mesure. La finition noire mate contraste magnifiquement avec l'\u00e9mail lisse, ce qui renforce l'attrait visuel et ajoute une esth\u00e9tique moderne.<\/li>\n\n\n\n<li><strong>Finition glac\u00e9e sup\u00e9rieure :<\/strong> Ces pots de jardin en vrac sont recouverts d'une gla\u00e7ure blanche de haute qualit\u00e9, ce qui leur conf\u00e8re un aspect tr\u00e8s net et \u00e9clatant. La surface soyeuse est tr\u00e8s hydrophobe, ce qui permet de la nettoyer facilement et de l'utiliser fr\u00e9quemment dans les maisons et les entreprises sans qu'elle perde de son \u00e9clat, et elle est moins susceptible d'\u00eatre vue dans un brouillard pendant une longue p\u00e9riode.<\/li>\n\n\n\n<li><strong>Plusieurs tailles et combinaisons disponibles : <\/strong>Ces pots de jardin en vrac peuvent \u00eatre combin\u00e9s en s\u00e9rie avec des tailles ou des hauteurs diff\u00e9rentes, ce qui permet aux clients de vendre facilement par lots ou dans le cadre d'un projet, en augmentant la valeur moyenne de la commande et la comp\u00e9titivit\u00e9 globale du projet.<\/li>\n\n\n\n<li><strong>Direct de l'usine &amp; Faible MOQ : <\/strong>Ces jardini\u00e8res en c\u00e9ramique en gros sont directement fournies par l'usine et offrent des prix tr\u00e8s comp\u00e9titifs. La quantit\u00e9 minimale de commande n'est que de 1000 pi\u00e8ces, ce qui en fait un produit id\u00e9al pour les grossistes, les marques d'ameublement et les canaux de distribution de cadeaux.<\/li>\n<\/ul>\n<\/div>\n\n\n\n<div class=\"wp-block-column is-layout-flow wp-block-column-is-layout-flow\">\n<figure class=\"wp-block-image size-full\"><img decoding=\"async\" width=\"1000\" height=\"1000\" src=\"https:\/\/www.czqunfa.com\/wp-content\/uploads\/2026\/01\/premium-wholesale-ceramic-planters-with-elegant-iron-frame-2.webp\" alt=\"premium-wholesale-ceramic-planters-with-elegant-iron-frame-2\" class=\"wp-image-1585\" srcset=\"https:\/\/www.czqunfa.com\/wp-content\/uploads\/2026\/01\/premium-wholesale-ceramic-planters-with-elegant-iron-frame-2.webp 1000w, https:\/\/www.czqunfa.com\/wp-content\/uploads\/2026\/01\/premium-wholesale-ceramic-planters-with-elegant-iron-frame-2-300x300.webp 300w, https:\/\/www.czqunfa.com\/wp-content\/uploads\/2026\/01\/premium-wholesale-ceramic-planters-with-elegant-iron-frame-2-150x150.webp 150w, https:\/\/www.czqunfa.com\/wp-content\/uploads\/2026\/01\/premium-wholesale-ceramic-planters-with-elegant-iron-frame-2-768x768.webp 768w, https:\/\/www.czqunfa.com\/wp-content\/uploads\/2026\/01\/premium-wholesale-ceramic-planters-with-elegant-iron-frame-2-12x12.webp 12w, https:\/\/www.czqunfa.com\/wp-content\/uploads\/2026\/01\/premium-wholesale-ceramic-planters-with-elegant-iron-frame-2-600x600.webp 600w, https:\/\/www.czqunfa.com\/wp-content\/uploads\/2026\/01\/premium-wholesale-ceramic-planters-with-elegant-iron-frame-2-100x100.webp 100w\" sizes=\"(max-width: 1000px) 100vw, 1000px\" \/><\/figure>\n<\/div>\n<\/div>\n\n\n\n<figure class=\"wp-block-gallery has-nested-images columns-default is-cropped wp-block-gallery-1 is-layout-flex wp-block-gallery-is-layout-flex\">\n<figure class=\"wp-block-image size-full\"><img decoding=\"async\" width=\"1000\" height=\"1000\" data-id=\"1589\" src=\"https:\/\/www.czqunfa.com\/wp-content\/uploads\/2026\/01\/premium-wholesale-ceramic-planters-with-elegant-iron-frame-6.webp\" alt=\"premium-wholesale-ceramic-planters-with-elegant-iron-frame-6\" class=\"wp-image-1589\" srcset=\"https:\/\/www.czqunfa.com\/wp-content\/uploads\/2026\/01\/premium-wholesale-ceramic-planters-with-elegant-iron-frame-6.webp 1000w, https:\/\/www.czqunfa.com\/wp-content\/uploads\/2026\/01\/premium-wholesale-ceramic-planters-with-elegant-iron-frame-6-300x300.webp 300w, https:\/\/www.czqunfa.com\/wp-content\/uploads\/2026\/01\/premium-wholesale-ceramic-planters-with-elegant-iron-frame-6-150x150.webp 150w, https:\/\/www.czqunfa.com\/wp-content\/uploads\/2026\/01\/premium-wholesale-ceramic-planters-with-elegant-iron-frame-6-768x768.webp 768w, https:\/\/www.czqunfa.com\/wp-content\/uploads\/2026\/01\/premium-wholesale-ceramic-planters-with-elegant-iron-frame-6-12x12.webp 12w, https:\/\/www.czqunfa.com\/wp-content\/uploads\/2026\/01\/premium-wholesale-ceramic-planters-with-elegant-iron-frame-6-600x600.webp 600w, https:\/\/www.czqunfa.com\/wp-content\/uploads\/2026\/01\/premium-wholesale-ceramic-planters-with-elegant-iron-frame-6-100x100.webp 100w\" sizes=\"(max-width: 1000px) 100vw, 1000px\" \/><\/figure>\n\n\n\n<figure class=\"wp-block-image size-full\"><img decoding=\"async\" width=\"800\" height=\"800\" data-id=\"1588\" src=\"https:\/\/www.czqunfa.com\/wp-content\/uploads\/2026\/01\/premium-wholesale-ceramic-planters-with-elegant-iron-frame-5.webp\" alt=\"premium-wholesale-ceramic-planters-with-elegant-iron-frame-5\" class=\"wp-image-1588\" srcset=\"https:\/\/www.czqunfa.com\/wp-content\/uploads\/2026\/01\/premium-wholesale-ceramic-planters-with-elegant-iron-frame-5.webp 800w, https:\/\/www.czqunfa.com\/wp-content\/uploads\/2026\/01\/premium-wholesale-ceramic-planters-with-elegant-iron-frame-5-300x300.webp 300w, https:\/\/www.czqunfa.com\/wp-content\/uploads\/2026\/01\/premium-wholesale-ceramic-planters-with-elegant-iron-frame-5-150x150.webp 150w, https:\/\/www.czqunfa.com\/wp-content\/uploads\/2026\/01\/premium-wholesale-ceramic-planters-with-elegant-iron-frame-5-768x768.webp 768w, https:\/\/www.czqunfa.com\/wp-content\/uploads\/2026\/01\/premium-wholesale-ceramic-planters-with-elegant-iron-frame-5-12x12.webp 12w, https:\/\/www.czqunfa.com\/wp-content\/uploads\/2026\/01\/premium-wholesale-ceramic-planters-with-elegant-iron-frame-5-600x600.webp 600w, https:\/\/www.czqunfa.com\/wp-content\/uploads\/2026\/01\/premium-wholesale-ceramic-planters-with-elegant-iron-frame-5-100x100.webp 100w\" sizes=\"(max-width: 800px) 100vw, 800px\" \/><\/figure>\n<\/figure>\n\n\n\n<p><\/p>","protected":false},"excerpt":{"rendered":"<p>Nous vous invitons \u00e0 acheter en gros ces jardini\u00e8res en c\u00e9ramique de haute qualit\u00e9, dot\u00e9es d'une \u00e9l\u00e9gante armature en fer, qui sont id\u00e9ales pour la d\u00e9coration de la maison et du jardin. Con\u00e7ues pour l'int\u00e9rieur et l'ext\u00e9rieur, elles offrent un \u00e9quilibre parfait entre fonctionnalit\u00e9 et esth\u00e9tique. Disponibles pour les commandes en gros avec personnalisation OEM\/ODM, ces jardini\u00e8res en c\u00e9ramique sont un choix fiable pour les marques, les d\u00e9taillants et les projets commerciaux.<\/p>\n<h2>Param\u00e8tres de vente en gros de jardini\u00e8res en c\u00e9ramique<\/h2>\n<table width=\"328\">\n<tbody>\n<tr>\n<td width=\"116\">Fabricant<\/td>\n<td width=\"211\">QUNFA<\/td>\n<\/tr>\n<tr>\n<td width=\"116\">Type de produit<\/td>\n<td>Pot de fleurs<\/td>\n<\/tr>\n<tr>\n<td width=\"116\">Num\u00e9ro de mod\u00e8le.<\/td>\n<td width=\"211\">T22-0105\/06\/07<\/td>\n<\/tr>\n<tr>\n<td width=\"116\">Mat\u00e9riau<\/td>\n<td width=\"211\">Gr\u00e8s<\/td>\n<\/tr>\n<tr>\n<td width=\"116\">Couleur<\/td>\n<td width=\"211\">Blanc<\/td>\n<\/tr>\n<tr>\n<td width=\"116\">Dimension<\/td>\n<td width=\"211\">\u00a0S:9.5*9.5*9cm Support en fer:11.2cm*11cm<br \/>M:10*10*10.6cm Support en fer:11.8cm*13cm<br \/>L:12.5*12.5*7.7cm Support en fer:14.21cm*8.2cm<\/td>\n<\/tr>\n<tr>\n<td width=\"116\">Quantit\u00e9 minimale de commande<\/td>\n<td width=\"211\">1000 pi\u00e8ces<\/td>\n<\/tr>\n<tr>\n<td width=\"116\">Personnalis\u00e9<\/td>\n<td width=\"211\">Couleur\/Taille\/Logo\/Emballage\/Forme<\/td>\n<\/tr>\n<\/tbody>\n<\/table>","protected":false},"featured_media":1586,"comment_status":"closed","ping_status":"closed","template":"","meta":{"_acf_changed":false},"product_brand":[],"product_cat":[17,45],"product_tag":[],"class_list":{"0":"post-1578","1":"product","2":"type-product","3":"status-publish","4":"has-post-thumbnail","6":"product_cat-home-garden-decor-wholesale","7":"product_cat-wholesale-flower-pots-and-planters","9":"first","10":"instock","11":"shipping-taxable","12":"product-type-simple"},"acf":[],"_links":{"self":[{"href":"https:\/\/www.czqunfa.com\/fr\/wp-json\/wp\/v2\/product\/1578","targetHints":{"allow":["GET"]}}],"collection":[{"href":"https:\/\/www.czqunfa.com\/fr\/wp-json\/wp\/v2\/product"}],"about":[{"href":"https:\/\/www.czqunfa.com\/fr\/wp-json\/wp\/v2\/types\/product"}],"replies":[{"embeddable":true,"href":"https:\/\/www.czqunfa.com\/fr\/wp-json\/wp\/v2\/comments?post=1578"}],"wp:featuredmedia":[{"embeddable":true,"href":"https:\/\/www.czqunfa.com\/fr\/wp-json\/wp\/v2\/media\/1586"}],"wp:attachment":[{"href":"https:\/\/www.czqunfa.com\/fr\/wp-json\/wp\/v2\/media?parent=1578"}],"wp:term":[{"taxonomy":"product_brand","embeddable":true,"href":"https:\/\/www.czqunfa.com\/fr\/wp-json\/wp\/v2\/product_brand?post=1578"},{"taxonomy":"product_cat","embeddable":true,"href":"https:\/\/www.czqunfa.com\/fr\/wp-json\/wp\/v2\/product_cat?post=1578"},{"taxonomy":"product_tag","embeddable":true,"href":"https:\/\/www.czqunfa.com\/fr\/wp-json\/wp\/v2\/product_tag?post=1578"}],"curies":[{"name":"wp","href":"https:\/\/api.w.org\/{rel}","templated":true}]}}