{"id":1569,"date":"2026-01-15T08:03:49","date_gmt":"2026-01-15T08:03:49","guid":{"rendered":"https:\/\/www.czqunfa.com\/?post_type=product&#038;p=1569"},"modified":"2026-01-15T08:09:53","modified_gmt":"2026-01-15T08:09:53","slug":"custom-flower-pots","status":"publish","type":"product","link":"https:\/\/www.czqunfa.com\/fr\/produit\/custom-flower-pots\/","title":{"rendered":"Pots de fleurs personnalis\u00e9s ray\u00e9s, jardini\u00e8res en c\u00e9ramique en vrac pour le jardin"},"content":{"rendered":"<div class=\"wp-block-columns is-layout-flex wp-container-core-columns-is-layout-9d6595d7 wp-block-columns-is-layout-flex\">\n<div class=\"wp-block-column is-layout-flow wp-block-column-is-layout-flow\">\n<h2 class=\"wp-block-heading\">Caract\u00e9ristiques des pots de fleurs personnalis\u00e9s<\/h2>\n\n\n\n<ul class=\"wp-block-list\">\n<li><strong>Mat\u00e9riau c\u00e9ramique de haute qualit\u00e9 : <\/strong>Ces pots de fleurs personnalis\u00e9s sont fabriqu\u00e9s en c\u00e9ramique de haute qualit\u00e9 cuite \u00e0 haute temp\u00e9rature, ce qui leur conf\u00e8re une texture solide et une surface d\u00e9licate. Ils offrent une excellente durabilit\u00e9 et stabilit\u00e9 et conviennent \u00e0 une utilisation int\u00e9rieure et ext\u00e9rieure \u00e0 long terme.<\/li>\n\n\n\n<li><strong>Design \u00e9l\u00e9gant \u00e0 rayures verticales :<\/strong> Ces pots de fleurs personnalis\u00e9s pr\u00e9sentent une forme cylindrique classique combin\u00e9e \u00e0 un design tridimensionnel \u00e0 bandes verticales en relief. Simples et sophistiqu\u00e9s, ils s'int\u00e8grent parfaitement dans les jardineries, les bureaux et les int\u00e9rieurs modernes.<\/li>\n\n\n\n<li><strong>Application int\u00e9rieure\/ext\u00e9rieure multi-sc\u00e9narios : <\/strong>Ces jardini\u00e8res en c\u00e9ramique sont disponibles en grandes, moyennes et petites tailles (4,5 pouces) et conviennent \u00e0 divers sc\u00e9narios tels que la d\u00e9coration d'int\u00e9rieur, les jardins, les balcons, les bureaux et les pr\u00e9sentoirs de vente au d\u00e9tail, r\u00e9pondant ainsi aux besoins des diff\u00e9rents canaux et march\u00e9s.<\/li>\n\n\n\n<li><strong>Facile \u00e0 nettoyer et \u00e0 entretenir :<\/strong> Ces jardini\u00e8res en c\u00e9ramique de gros ont une surface \u00e9maill\u00e9e lisse et de haute qualit\u00e9 qui est non seulement visuellement \u00e9l\u00e9gante mais aussi tr\u00e8s facile \u00e0 nettoyer, ce qui les rend id\u00e9ales pour la maison et l'exposition commerciale \u00e0 haute fr\u00e9quence.<\/li>\n\n\n\n<li><strong>Prix direct d'usine : <\/strong>En tant que fabricant de pots de fleurs en c\u00e9ramique, nos pots de fleurs personnalis\u00e9s sont directement produits et vendus par l'usine, ce qui r\u00e9duit les liens interm\u00e9diaires et fournit aux grossistes, aux marques et aux clients du projet des prix d'usine plus comp\u00e9titifs pour les pots de fleurs en c\u00e9ramique en gros.<\/li>\n<\/ul>\n<\/div>\n\n\n\n<div class=\"wp-block-column is-layout-flow wp-block-column-is-layout-flow\">\n<figure class=\"wp-block-image size-full\"><img decoding=\"async\" width=\"960\" height=\"960\" src=\"https:\/\/www.czqunfa.com\/wp-content\/uploads\/2026\/01\/striped-custom-flower-pots-bulk-ceramic-planters-for-garden-5.webp\" alt=\"pots-de-fleurs-personnalis\u00e9s-bulk-ceramic-planters-for-garden-5\" class=\"wp-image-1576\" srcset=\"https:\/\/www.czqunfa.com\/wp-content\/uploads\/2026\/01\/striped-custom-flower-pots-bulk-ceramic-planters-for-garden-5.webp 960w, https:\/\/www.czqunfa.com\/wp-content\/uploads\/2026\/01\/striped-custom-flower-pots-bulk-ceramic-planters-for-garden-5-300x300.webp 300w, https:\/\/www.czqunfa.com\/wp-content\/uploads\/2026\/01\/striped-custom-flower-pots-bulk-ceramic-planters-for-garden-5-150x150.webp 150w, https:\/\/www.czqunfa.com\/wp-content\/uploads\/2026\/01\/striped-custom-flower-pots-bulk-ceramic-planters-for-garden-5-768x768.webp 768w, https:\/\/www.czqunfa.com\/wp-content\/uploads\/2026\/01\/striped-custom-flower-pots-bulk-ceramic-planters-for-garden-5-12x12.webp 12w, https:\/\/www.czqunfa.com\/wp-content\/uploads\/2026\/01\/striped-custom-flower-pots-bulk-ceramic-planters-for-garden-5-600x600.webp 600w, https:\/\/www.czqunfa.com\/wp-content\/uploads\/2026\/01\/striped-custom-flower-pots-bulk-ceramic-planters-for-garden-5-100x100.webp 100w\" sizes=\"(max-width: 960px) 100vw, 960px\" \/><\/figure>\n<\/div>\n<\/div>\n\n\n\n<figure class=\"wp-block-gallery has-nested-images columns-default is-cropped wp-block-gallery-1 is-layout-flex wp-block-gallery-is-layout-flex\">\n<figure class=\"wp-block-image size-full\"><img decoding=\"async\" width=\"960\" height=\"960\" data-id=\"1572\" src=\"https:\/\/www.czqunfa.com\/wp-content\/uploads\/2026\/01\/striped-custom-flower-pots-bulk-ceramic-planters-for-garden-1.webp\" alt=\"pots-de-fleurs-personnalis\u00e9s-bulk-ceramic-planters-for-garden-1\" class=\"wp-image-1572\" srcset=\"https:\/\/www.czqunfa.com\/wp-content\/uploads\/2026\/01\/striped-custom-flower-pots-bulk-ceramic-planters-for-garden-1.webp 960w, https:\/\/www.czqunfa.com\/wp-content\/uploads\/2026\/01\/striped-custom-flower-pots-bulk-ceramic-planters-for-garden-1-300x300.webp 300w, https:\/\/www.czqunfa.com\/wp-content\/uploads\/2026\/01\/striped-custom-flower-pots-bulk-ceramic-planters-for-garden-1-150x150.webp 150w, https:\/\/www.czqunfa.com\/wp-content\/uploads\/2026\/01\/striped-custom-flower-pots-bulk-ceramic-planters-for-garden-1-768x768.webp 768w, https:\/\/www.czqunfa.com\/wp-content\/uploads\/2026\/01\/striped-custom-flower-pots-bulk-ceramic-planters-for-garden-1-12x12.webp 12w, https:\/\/www.czqunfa.com\/wp-content\/uploads\/2026\/01\/striped-custom-flower-pots-bulk-ceramic-planters-for-garden-1-600x600.webp 600w, https:\/\/www.czqunfa.com\/wp-content\/uploads\/2026\/01\/striped-custom-flower-pots-bulk-ceramic-planters-for-garden-1-100x100.webp 100w\" sizes=\"(max-width: 960px) 100vw, 960px\" \/><\/figure>\n\n\n\n<figure class=\"wp-block-image size-full\"><img decoding=\"async\" width=\"960\" height=\"960\" data-id=\"1574\" src=\"https:\/\/www.czqunfa.com\/wp-content\/uploads\/2026\/01\/striped-custom-flower-pots-bulk-ceramic-planters-for-garden-3.webp\" alt=\"pots-de-fleurs-personnalis\u00e9s-bulk-ceramic-planters-for-garden-3\" class=\"wp-image-1574\" srcset=\"https:\/\/www.czqunfa.com\/wp-content\/uploads\/2026\/01\/striped-custom-flower-pots-bulk-ceramic-planters-for-garden-3.webp 960w, https:\/\/www.czqunfa.com\/wp-content\/uploads\/2026\/01\/striped-custom-flower-pots-bulk-ceramic-planters-for-garden-3-300x300.webp 300w, https:\/\/www.czqunfa.com\/wp-content\/uploads\/2026\/01\/striped-custom-flower-pots-bulk-ceramic-planters-for-garden-3-150x150.webp 150w, https:\/\/www.czqunfa.com\/wp-content\/uploads\/2026\/01\/striped-custom-flower-pots-bulk-ceramic-planters-for-garden-3-768x768.webp 768w, https:\/\/www.czqunfa.com\/wp-content\/uploads\/2026\/01\/striped-custom-flower-pots-bulk-ceramic-planters-for-garden-3-12x12.webp 12w, https:\/\/www.czqunfa.com\/wp-content\/uploads\/2026\/01\/striped-custom-flower-pots-bulk-ceramic-planters-for-garden-3-600x600.webp 600w, https:\/\/www.czqunfa.com\/wp-content\/uploads\/2026\/01\/striped-custom-flower-pots-bulk-ceramic-planters-for-garden-3-100x100.webp 100w\" sizes=\"(max-width: 960px) 100vw, 960px\" \/><\/figure>\n<\/figure>\n\n\n\n<p><\/p>","protected":false},"excerpt":{"rendered":"<p>Nous vous invitons \u00e0 acheter ces pots de fleurs personnalis\u00e9s en gr\u00e8s de haute qualit\u00e9, qui pr\u00e9sentent un design ray\u00e9 simple, \u00e0 la fois d\u00e9coratif et pratique. La production en masse stable et les d\u00e9lais de livraison contr\u00f4lables permettent une coop\u00e9ration \u00e0 long terme, fournissant une solution de grande valeur pour le jardinage moderne, la vente en gros et les canaux de cadeaux commerciaux.<\/p>\n<h2>Param\u00e8tres des pots de fleurs personnalis\u00e9s<\/h2>\n<table width=\"328\">\n<tbody>\n<tr>\n<td width=\"116\">Fabricant<\/td>\n<td width=\"211\">QUNFA<\/td>\n<\/tr>\n<tr>\n<td width=\"116\">Type de produit<\/td>\n<td>Pot de fleurs<\/td>\n<\/tr>\n<tr>\n<td width=\"116\">Num\u00e9ro de mod\u00e8le.<\/td>\n<td width=\"211\">NO70\u00a0<\/td>\n<\/tr>\n<tr>\n<td width=\"116\">Mat\u00e9riau<\/td>\n<td width=\"211\">Gr\u00e8s<\/td>\n<\/tr>\n<tr>\n<td width=\"116\">Couleur<\/td>\n<td width=\"211\">Bleu<\/td>\n<\/tr>\n<tr>\n<td width=\"116\">Dimension<\/td>\n<td width=\"211\">L:22*22*19cm, Dish:19.2*19.2*2.2cm<br \/>M:18*18*16.5cm, Dish:15.8*15.8*2cm<br \/>S:14.5*14.5*14.5cm, Dish:12.5*12.5*1.6cm<\/td>\n<\/tr>\n<tr>\n<td width=\"116\">Quantit\u00e9 minimale de commande<\/td>\n<td width=\"211\">1000 pi\u00e8ces<\/td>\n<\/tr>\n<tr>\n<td width=\"116\">Personnalis\u00e9<\/td>\n<td width=\"211\">Couleur\/Taille\/Logo\/Emballage\/Forme<\/td>\n<\/tr>\n<\/tbody>\n<\/table>","protected":false},"featured_media":1575,"comment_status":"closed","ping_status":"closed","template":"","meta":{"_acf_changed":false},"product_brand":[],"product_cat":[17,45],"product_tag":[],"class_list":{"0":"post-1569","1":"product","2":"type-product","3":"status-publish","4":"has-post-thumbnail","6":"product_cat-home-garden-decor-wholesale","7":"product_cat-wholesale-flower-pots-and-planters","9":"first","10":"instock","11":"shipping-taxable","12":"product-type-simple"},"acf":[],"_links":{"self":[{"href":"https:\/\/www.czqunfa.com\/fr\/wp-json\/wp\/v2\/product\/1569","targetHints":{"allow":["GET"]}}],"collection":[{"href":"https:\/\/www.czqunfa.com\/fr\/wp-json\/wp\/v2\/product"}],"about":[{"href":"https:\/\/www.czqunfa.com\/fr\/wp-json\/wp\/v2\/types\/product"}],"replies":[{"embeddable":true,"href":"https:\/\/www.czqunfa.com\/fr\/wp-json\/wp\/v2\/comments?post=1569"}],"wp:featuredmedia":[{"embeddable":true,"href":"https:\/\/www.czqunfa.com\/fr\/wp-json\/wp\/v2\/media\/1575"}],"wp:attachment":[{"href":"https:\/\/www.czqunfa.com\/fr\/wp-json\/wp\/v2\/media?parent=1569"}],"wp:term":[{"taxonomy":"product_brand","embeddable":true,"href":"https:\/\/www.czqunfa.com\/fr\/wp-json\/wp\/v2\/product_brand?post=1569"},{"taxonomy":"product_cat","embeddable":true,"href":"https:\/\/www.czqunfa.com\/fr\/wp-json\/wp\/v2\/product_cat?post=1569"},{"taxonomy":"product_tag","embeddable":true,"href":"https:\/\/www.czqunfa.com\/fr\/wp-json\/wp\/v2\/product_tag?post=1569"}],"curies":[{"name":"wp","href":"https:\/\/api.w.org\/{rel}","templated":true}]}}