{"id":1561,"date":"2026-01-15T03:49:53","date_gmt":"2026-01-15T03:49:53","guid":{"rendered":"https:\/\/www.czqunfa.com\/?post_type=product&#038;p=1561"},"modified":"2026-01-15T06:29:05","modified_gmt":"2026-01-15T06:29:05","slug":"wholesale-planter-pots","status":"publish","type":"product","link":"https:\/\/www.czqunfa.com\/fr\/produit\/wholesale-planter-pots\/","title":{"rendered":"Grossiste pots de fleurs avec soucoupes, Pot de jardin en c\u00e9ramique en vrac"},"content":{"rendered":"<div class=\"wp-block-columns is-layout-flex wp-container-core-columns-is-layout-9d6595d7 wp-block-columns-is-layout-flex\">\n<div class=\"wp-block-column is-layout-flow wp-block-column-is-layout-flow\">\n<h2 class=\"wp-block-heading\">Caract\u00e9ristiques des pots de fleurs en gros<\/h2>\n\n\n\n<ul class=\"wp-block-list\">\n<li><strong>Gr\u00e8s de premi\u00e8re qualit\u00e9 : <\/strong>Ces pots en gros sont fabriqu\u00e9s avec une forme conique classique, flanqu\u00e9e d'un cactus en relief et de l'inscription artistique \u2018A GOOD LIFE\u2019 pour renforcer l'aspect haut de gamme du produit.<\/li>\n\n\n\n<li><strong>Couleurs tendance :<\/strong> Ces pots en gros sont disponibles dans une large gamme de couleurs \u00e0 la mode, telles que le rose \u00e9l\u00e9gant, le vert vif, le beige naturel, le bleu fonc\u00e9, etc., et conviennent \u00e0 diff\u00e9rents environnements de maison et de bureau.<\/li>\n\n\n\n<li><strong>Design \u00e9l\u00e9gant :<\/strong> Ces pots en gros pr\u00e9sentent une forme conique classique, orn\u00e9e de d\u00e9licats motifs en relief de cactus et de l'inscription artistique \u201cA GOOD LIFE\u201d, ce qui renforce l'impression de qualit\u00e9 sup\u00e9rieure du produit.<\/li>\n\n\n\n<li><strong>Les soucoupes assorties sont incluses :<\/strong> Le pot de jardin en c\u00e9ramique est livr\u00e9 en vrac avec un plateau individuel assorti pour recueillir efficacement l'exc\u00e8s d'eau et maintenir votre collection de plantes d'int\u00e9rieur en bon \u00e9tat, tout en pr\u00e9servant votre environnement.<\/li>\n\n\n\n<li><strong>Application multi-sc\u00e9narios : <\/strong>Le pot de jardin en c\u00e9ramique en vrac est disponible en trois tailles pour r\u00e9pondre aux besoins de plantation des plantes succulentes et des plantes \u00e0 larges feuilles, qui sont les meilleures ventes des jardineries et des d\u00e9taillants.<\/li>\n\n\n\n<li><strong>Approvisionnement en gros et en masse : <\/strong>Ces pots de fleurs en gros sont propos\u00e9s en quantit\u00e9s importantes avec une capacit\u00e9 de production stable, garantissant une qualit\u00e9 constante et des d\u00e9lais de livraison fiables pour les grossistes, les importateurs et les cha\u00eenes de d\u00e9taillants.<\/li>\n<\/ul>\n<\/div>\n\n\n\n<div class=\"wp-block-column is-layout-flow wp-block-column-is-layout-flow\">\n<figure class=\"wp-block-image size-full\"><img decoding=\"async\" width=\"800\" height=\"800\" src=\"https:\/\/www.czqunfa.com\/wp-content\/uploads\/2026\/01\/wholesale-planter-pots-with-saucers-ceramic-garden-pot-bulk-6.webp\" alt=\"grossiste-pots-de-plantes-avec-saucettes-pot-de-jardin-en-c\u00e9ramique-bulk-6\" class=\"wp-image-1567\" srcset=\"https:\/\/www.czqunfa.com\/wp-content\/uploads\/2026\/01\/wholesale-planter-pots-with-saucers-ceramic-garden-pot-bulk-6.webp 800w, https:\/\/www.czqunfa.com\/wp-content\/uploads\/2026\/01\/wholesale-planter-pots-with-saucers-ceramic-garden-pot-bulk-6-300x300.webp 300w, https:\/\/www.czqunfa.com\/wp-content\/uploads\/2026\/01\/wholesale-planter-pots-with-saucers-ceramic-garden-pot-bulk-6-150x150.webp 150w, https:\/\/www.czqunfa.com\/wp-content\/uploads\/2026\/01\/wholesale-planter-pots-with-saucers-ceramic-garden-pot-bulk-6-768x768.webp 768w, https:\/\/www.czqunfa.com\/wp-content\/uploads\/2026\/01\/wholesale-planter-pots-with-saucers-ceramic-garden-pot-bulk-6-12x12.webp 12w, https:\/\/www.czqunfa.com\/wp-content\/uploads\/2026\/01\/wholesale-planter-pots-with-saucers-ceramic-garden-pot-bulk-6-600x600.webp 600w, https:\/\/www.czqunfa.com\/wp-content\/uploads\/2026\/01\/wholesale-planter-pots-with-saucers-ceramic-garden-pot-bulk-6-100x100.webp 100w\" sizes=\"(max-width: 800px) 100vw, 800px\" \/><\/figure>\n<\/div>\n<\/div>\n\n\n\n<figure class=\"wp-block-gallery has-nested-images columns-default is-cropped wp-block-gallery-1 is-layout-flex wp-block-gallery-is-layout-flex\">\n<figure class=\"wp-block-image size-full\"><img decoding=\"async\" width=\"800\" height=\"800\" data-id=\"1566\" src=\"https:\/\/www.czqunfa.com\/wp-content\/uploads\/2026\/01\/wholesale-planter-pots-with-saucers-ceramic-garden-pot-bulk-5.webp\" alt=\"grossiste-pots-de-plantes-avec-saucettes-pot-de-jardin-en-c\u00e9ramique-bulk-5\" class=\"wp-image-1566\" srcset=\"https:\/\/www.czqunfa.com\/wp-content\/uploads\/2026\/01\/wholesale-planter-pots-with-saucers-ceramic-garden-pot-bulk-5.webp 800w, https:\/\/www.czqunfa.com\/wp-content\/uploads\/2026\/01\/wholesale-planter-pots-with-saucers-ceramic-garden-pot-bulk-5-300x300.webp 300w, https:\/\/www.czqunfa.com\/wp-content\/uploads\/2026\/01\/wholesale-planter-pots-with-saucers-ceramic-garden-pot-bulk-5-150x150.webp 150w, https:\/\/www.czqunfa.com\/wp-content\/uploads\/2026\/01\/wholesale-planter-pots-with-saucers-ceramic-garden-pot-bulk-5-768x768.webp 768w, https:\/\/www.czqunfa.com\/wp-content\/uploads\/2026\/01\/wholesale-planter-pots-with-saucers-ceramic-garden-pot-bulk-5-12x12.webp 12w, https:\/\/www.czqunfa.com\/wp-content\/uploads\/2026\/01\/wholesale-planter-pots-with-saucers-ceramic-garden-pot-bulk-5-600x600.webp 600w, https:\/\/www.czqunfa.com\/wp-content\/uploads\/2026\/01\/wholesale-planter-pots-with-saucers-ceramic-garden-pot-bulk-5-100x100.webp 100w\" sizes=\"(max-width: 800px) 100vw, 800px\" \/><\/figure>\n\n\n\n<figure class=\"wp-block-image size-full\"><img decoding=\"async\" width=\"800\" height=\"800\" data-id=\"1565\" src=\"https:\/\/www.czqunfa.com\/wp-content\/uploads\/2026\/01\/wholesale-planter-pots-with-saucers-ceramic-garden-pot-bulk-4.webp\" alt=\"grossiste-pots-de-plantes-avec-saucettes-pot-de-jardin-en-c\u00e9ramique-bulk-4\" class=\"wp-image-1565\" srcset=\"https:\/\/www.czqunfa.com\/wp-content\/uploads\/2026\/01\/wholesale-planter-pots-with-saucers-ceramic-garden-pot-bulk-4.webp 800w, https:\/\/www.czqunfa.com\/wp-content\/uploads\/2026\/01\/wholesale-planter-pots-with-saucers-ceramic-garden-pot-bulk-4-300x300.webp 300w, https:\/\/www.czqunfa.com\/wp-content\/uploads\/2026\/01\/wholesale-planter-pots-with-saucers-ceramic-garden-pot-bulk-4-150x150.webp 150w, https:\/\/www.czqunfa.com\/wp-content\/uploads\/2026\/01\/wholesale-planter-pots-with-saucers-ceramic-garden-pot-bulk-4-768x768.webp 768w, https:\/\/www.czqunfa.com\/wp-content\/uploads\/2026\/01\/wholesale-planter-pots-with-saucers-ceramic-garden-pot-bulk-4-12x12.webp 12w, https:\/\/www.czqunfa.com\/wp-content\/uploads\/2026\/01\/wholesale-planter-pots-with-saucers-ceramic-garden-pot-bulk-4-600x600.webp 600w, https:\/\/www.czqunfa.com\/wp-content\/uploads\/2026\/01\/wholesale-planter-pots-with-saucers-ceramic-garden-pot-bulk-4-100x100.webp 100w\" sizes=\"(max-width: 800px) 100vw, 800px\" \/><\/figure>\n<\/figure>\n\n\n\n<p><\/p>","protected":false},"excerpt":{"rendered":"<p>Nous vous invitons \u00e0 acheter en gros ces pots de fleurs avec soucoupes. Fabriqu\u00e9s en gr\u00e8s de haute qualit\u00e9, ces pots en c\u00e9ramique sont con\u00e7us pour le jardinage d'int\u00e9rieur et d'ext\u00e9rieur, sont durables et offrent une excellente r\u00e9sistance aux fluctuations de temp\u00e9rature. La surface pr\u00e9sente une finition gaufr\u00e9e et est accompagn\u00e9e d'un plateau assorti pratique, ce qui les rend id\u00e9aux pour les jardineries, les d\u00e9taillants de plantes et les projets d'am\u00e9nagement paysager commerciaux \u00e0 la recherche de pots en c\u00e9ramique fiables en vrac.<\/p>\n<h2>Param\u00e8tres de vente en gros de pots de fleurs<\/h2>\n<table width=\"328\">\n<tbody>\n<tr>\n<td width=\"116\">Fabricant<\/td>\n<td width=\"211\">QUNFA<\/td>\n<\/tr>\n<tr>\n<td width=\"116\">Type de produit<\/td>\n<td>Pot de fleurs<\/td>\n<\/tr>\n<tr>\n<td width=\"116\">Num\u00e9ro de mod\u00e8le.<\/td>\n<td width=\"211\">NO70\u00a0<\/td>\n<\/tr>\n<tr>\n<td width=\"116\">Mat\u00e9riau<\/td>\n<td width=\"211\">Gr\u00e8s<\/td>\n<\/tr>\n<tr>\n<td width=\"116\">Couleur<\/td>\n<td width=\"211\">Bleu, sur mesure<\/td>\n<\/tr>\n<tr>\n<td width=\"116\">Dimension<\/td>\n<td width=\"211\">L:22*22*19cm, Dish:19.2*19.2*2.2cm<br \/>M:18*18*16.5cm, Dish:15.8*15.8*2cm<br \/>S:14.5*14.5*14.5cm, Dish:12.5*12.5*1.6cm<\/td>\n<\/tr>\n<tr>\n<td width=\"116\">Quantit\u00e9 minimale de commande<\/td>\n<td width=\"211\">1000 pi\u00e8ces<\/td>\n<\/tr>\n<tr>\n<td width=\"116\">Personnalis\u00e9<\/td>\n<td width=\"211\">Couleur\/Taille\/Logo\/Emballage\/Forme<\/td>\n<\/tr>\n<\/tbody>\n<\/table>","protected":false},"featured_media":1563,"comment_status":"closed","ping_status":"closed","template":"","meta":{"_acf_changed":false},"product_brand":[],"product_cat":[17,45],"product_tag":[],"class_list":{"0":"post-1561","1":"product","2":"type-product","3":"status-publish","4":"has-post-thumbnail","6":"product_cat-home-garden-decor-wholesale","7":"product_cat-wholesale-flower-pots-and-planters","9":"first","10":"instock","11":"shipping-taxable","12":"product-type-simple"},"acf":[],"_links":{"self":[{"href":"https:\/\/www.czqunfa.com\/fr\/wp-json\/wp\/v2\/product\/1561","targetHints":{"allow":["GET"]}}],"collection":[{"href":"https:\/\/www.czqunfa.com\/fr\/wp-json\/wp\/v2\/product"}],"about":[{"href":"https:\/\/www.czqunfa.com\/fr\/wp-json\/wp\/v2\/types\/product"}],"replies":[{"embeddable":true,"href":"https:\/\/www.czqunfa.com\/fr\/wp-json\/wp\/v2\/comments?post=1561"}],"wp:featuredmedia":[{"embeddable":true,"href":"https:\/\/www.czqunfa.com\/fr\/wp-json\/wp\/v2\/media\/1563"}],"wp:attachment":[{"href":"https:\/\/www.czqunfa.com\/fr\/wp-json\/wp\/v2\/media?parent=1561"}],"wp:term":[{"taxonomy":"product_brand","embeddable":true,"href":"https:\/\/www.czqunfa.com\/fr\/wp-json\/wp\/v2\/product_brand?post=1561"},{"taxonomy":"product_cat","embeddable":true,"href":"https:\/\/www.czqunfa.com\/fr\/wp-json\/wp\/v2\/product_cat?post=1561"},{"taxonomy":"product_tag","embeddable":true,"href":"https:\/\/www.czqunfa.com\/fr\/wp-json\/wp\/v2\/product_tag?post=1561"}],"curies":[{"name":"wp","href":"https:\/\/api.w.org\/{rel}","templated":true}]}}