{"id":1551,"date":"2026-01-15T02:54:04","date_gmt":"2026-01-15T02:54:04","guid":{"rendered":"https:\/\/www.czqunfa.com\/?post_type=product&#038;p=1551"},"modified":"2026-01-15T02:54:06","modified_gmt":"2026-01-15T02:54:06","slug":"ramekins-bulk","status":"publish","type":"product","link":"https:\/\/www.czqunfa.com\/fr\/produit\/ramekins-bulk\/","title":{"rendered":"3.5\u2033 Ramequins en forme de coeur Vrac, Mini plats \u00e0 Souffle personnalis\u00e9s"},"content":{"rendered":"<div class=\"wp-block-columns is-layout-flex wp-container-core-columns-is-layout-9d6595d7 wp-block-columns-is-layout-flex\">\n<div class=\"wp-block-column is-layout-flow wp-block-column-is-layout-flow\">\n<h2 class=\"wp-block-heading\">Caract\u00e9ristiques des ramequins en c\u00e9ramique en vrac<\/h2>\n\n\n\n<ul class=\"wp-block-list\">\n<li><strong>Mat\u00e9riau c\u00e9ramique de haute qualit\u00e9 :<\/strong> Ces ramequins en vrac sont fabriqu\u00e9s \u00e0 partir de mati\u00e8res premi\u00e8res c\u00e9ramiques de qualit\u00e9 sup\u00e9rieure, r\u00e9sistantes aux temp\u00e9ratures \u00e9lev\u00e9es et aux chocs thermiques. Ils conviennent \u00e0 une utilisation commerciale fr\u00e9quente et r\u00e9pondent aux exigences de stabilit\u00e9 des grossistes et des cha\u00eenes de restauration.<\/li>\n\n\n\n<li><strong>Design en forme de c\u0153ur :<\/strong> Ces ramequins en c\u00e9ramique adoptent en vrac la forme d'un c\u0153ur, sont petits et d\u00e9licats et pr\u00e9sentent un fort attrait visuel. Ils sont parfaits pour les desserts, les p\u00e2tisseries et les produits sur le th\u00e8me des f\u00eates, et aident les marques \u00e0 se d\u00e9marquer dans le commerce de d\u00e9tail et la restauration.<\/li>\n\n\n\n<li><strong>Applications polyvalentes :<\/strong> Les ramequins en c\u00e9ramique de 3,5\u2033 en vrac sont parfaits pour pr\u00e9parer des souffl\u00e9s, des puddings, des \u0153ufs au four, des trempettes, etc. Ils conviennent \u00e0 la pr\u00e9paration de petits plats cuits au four, de desserts, etc. Ils sont populaires dans les restaurants, les caf\u00e9s, les boulangeries et les p\u00e2tisseries domestiques.<\/li>\n\n\n\n<li><strong>Glacis lisse : <\/strong>Nos mini plats \u00e0 souffl\u00e9 personnalis\u00e9s ont un gla\u00e7age lisse et uniforme qui emp\u00eache les r\u00e9sidus d'aliments et d'huile de s'accumuler, ce qui les rend faciles \u00e0 nettoyer et r\u00e9duit les co\u00fbts de main-d'\u0153uvre et d'entretien pour les clients du secteur de la restauration.<\/li>\n\n\n\n<li><strong>Fourniture directe par l'usine :<\/strong> En tant que fabricant professionnel d'ustensiles de cuisson en c\u00e9ramique, nos mini plats \u00e0 souffl\u00e9 sur mesure sont adapt\u00e9s aux commandes en gros et aux partenariats \u00e0 long terme, garantissant des prix stables et des d\u00e9lais de livraison contr\u00f4lables, ce qui les rend appropri\u00e9s pour les grossistes et les clients travaillant sur des projets.<\/li>\n<\/ul>\n<\/div>\n\n\n\n<div class=\"wp-block-column is-layout-flow wp-block-column-is-layout-flow\">\n<figure class=\"wp-block-image size-full\"><img decoding=\"async\" width=\"800\" height=\"800\" src=\"https:\/\/www.czqunfa.com\/wp-content\/uploads\/2026\/01\/heart-shaped-ramekins-bulk-custom-mini-souffle-dishes-1.webp\" alt=\"heart-shaped-ramekins-bulk-custom-mini-souffle-dishes-1\" class=\"wp-image-1555\" srcset=\"https:\/\/www.czqunfa.com\/wp-content\/uploads\/2026\/01\/heart-shaped-ramekins-bulk-custom-mini-souffle-dishes-1.webp 800w, https:\/\/www.czqunfa.com\/wp-content\/uploads\/2026\/01\/heart-shaped-ramekins-bulk-custom-mini-souffle-dishes-1-300x300.webp 300w, https:\/\/www.czqunfa.com\/wp-content\/uploads\/2026\/01\/heart-shaped-ramekins-bulk-custom-mini-souffle-dishes-1-150x150.webp 150w, https:\/\/www.czqunfa.com\/wp-content\/uploads\/2026\/01\/heart-shaped-ramekins-bulk-custom-mini-souffle-dishes-1-768x768.webp 768w, https:\/\/www.czqunfa.com\/wp-content\/uploads\/2026\/01\/heart-shaped-ramekins-bulk-custom-mini-souffle-dishes-1-12x12.webp 12w, https:\/\/www.czqunfa.com\/wp-content\/uploads\/2026\/01\/heart-shaped-ramekins-bulk-custom-mini-souffle-dishes-1-600x600.webp 600w, https:\/\/www.czqunfa.com\/wp-content\/uploads\/2026\/01\/heart-shaped-ramekins-bulk-custom-mini-souffle-dishes-1-100x100.webp 100w\" sizes=\"(max-width: 800px) 100vw, 800px\" \/><\/figure>\n<\/div>\n<\/div>\n\n\n\n<figure class=\"wp-block-gallery has-nested-images columns-default is-cropped wp-block-gallery-1 is-layout-flex wp-block-gallery-is-layout-flex\">\n<figure class=\"wp-block-image size-full\"><img decoding=\"async\" width=\"800\" height=\"800\" data-id=\"1556\" src=\"https:\/\/www.czqunfa.com\/wp-content\/uploads\/2026\/01\/heart-shaped-ramekins-bulk-custom-mini-souffle-dishes-2.webp\" alt=\"heart-shaped-ramekins-bulk-custom-mini-souffle-dishes-2\" class=\"wp-image-1556\" srcset=\"https:\/\/www.czqunfa.com\/wp-content\/uploads\/2026\/01\/heart-shaped-ramekins-bulk-custom-mini-souffle-dishes-2.webp 800w, https:\/\/www.czqunfa.com\/wp-content\/uploads\/2026\/01\/heart-shaped-ramekins-bulk-custom-mini-souffle-dishes-2-300x300.webp 300w, https:\/\/www.czqunfa.com\/wp-content\/uploads\/2026\/01\/heart-shaped-ramekins-bulk-custom-mini-souffle-dishes-2-150x150.webp 150w, https:\/\/www.czqunfa.com\/wp-content\/uploads\/2026\/01\/heart-shaped-ramekins-bulk-custom-mini-souffle-dishes-2-768x768.webp 768w, https:\/\/www.czqunfa.com\/wp-content\/uploads\/2026\/01\/heart-shaped-ramekins-bulk-custom-mini-souffle-dishes-2-12x12.webp 12w, https:\/\/www.czqunfa.com\/wp-content\/uploads\/2026\/01\/heart-shaped-ramekins-bulk-custom-mini-souffle-dishes-2-600x600.webp 600w, https:\/\/www.czqunfa.com\/wp-content\/uploads\/2026\/01\/heart-shaped-ramekins-bulk-custom-mini-souffle-dishes-2-100x100.webp 100w\" sizes=\"(max-width: 800px) 100vw, 800px\" \/><\/figure>\n\n\n\n<figure class=\"wp-block-image size-full\"><img decoding=\"async\" width=\"800\" height=\"800\" data-id=\"1557\" src=\"https:\/\/www.czqunfa.com\/wp-content\/uploads\/2026\/01\/heart-shaped-ramekins-bulk-custom-mini-souffle-dishes-3.webp\" alt=\"heart-shaped-ramekins-bulk-custom-mini-souffle-dishes-3\" class=\"wp-image-1557\" srcset=\"https:\/\/www.czqunfa.com\/wp-content\/uploads\/2026\/01\/heart-shaped-ramekins-bulk-custom-mini-souffle-dishes-3.webp 800w, https:\/\/www.czqunfa.com\/wp-content\/uploads\/2026\/01\/heart-shaped-ramekins-bulk-custom-mini-souffle-dishes-3-300x300.webp 300w, https:\/\/www.czqunfa.com\/wp-content\/uploads\/2026\/01\/heart-shaped-ramekins-bulk-custom-mini-souffle-dishes-3-150x150.webp 150w, https:\/\/www.czqunfa.com\/wp-content\/uploads\/2026\/01\/heart-shaped-ramekins-bulk-custom-mini-souffle-dishes-3-768x768.webp 768w, https:\/\/www.czqunfa.com\/wp-content\/uploads\/2026\/01\/heart-shaped-ramekins-bulk-custom-mini-souffle-dishes-3-12x12.webp 12w, https:\/\/www.czqunfa.com\/wp-content\/uploads\/2026\/01\/heart-shaped-ramekins-bulk-custom-mini-souffle-dishes-3-600x600.webp 600w, https:\/\/www.czqunfa.com\/wp-content\/uploads\/2026\/01\/heart-shaped-ramekins-bulk-custom-mini-souffle-dishes-3-100x100.webp 100w\" sizes=\"(max-width: 800px) 100vw, 800px\" \/><\/figure>\n<\/figure>\n\n\n\n<p><\/p>","protected":false},"excerpt":{"rendered":"<p>Nous vous invitons \u00e0 acheter en vrac les ramequins en c\u00e9ramique en forme de c\u0153ur de 3,5 pouces, un choix id\u00e9al pour les grossistes en p\u00e2tisserie et les acheteurs du secteur de la restauration. Fabriqu\u00e9s en c\u00e9ramique thermor\u00e9sistante de qualit\u00e9 professionnelle, ils passent au four et au micro-ondes et sont parfaits pour pr\u00e9parer des souffl\u00e9s, des puddings ou des condiments. La personnalisation en profondeur OEM\/ODM est possible pour vous aider \u00e0 cr\u00e9er des produits de marque diff\u00e9renci\u00e9s.<\/p>\n<h2>Ramequins en c\u00e9ramique Param\u00e8tre en vrac<\/h2>\n<table width=\"328\">\n<tbody>\n<tr>\n<td width=\"116\">Fabricant<\/td>\n<td width=\"211\">QUNFA<\/td>\n<\/tr>\n<tr>\n<td width=\"116\">Type de produit<\/td>\n<td>Ramequin<\/td>\n<\/tr>\n<tr>\n<td width=\"116\">Num\u00e9ro de mod\u00e8le.<\/td>\n<td width=\"211\">23-0121<\/td>\n<\/tr>\n<tr>\n<td width=\"116\">Mat\u00e9riau<\/td>\n<td width=\"211\">Gr\u00e8s<\/td>\n<\/tr>\n<tr>\n<td width=\"116\">Couleur<\/td>\n<td width=\"211\">Rose, Rouge<\/td>\n<\/tr>\n<tr>\n<td width=\"116\">Dimension<\/td>\n<td width=\"211\">\u00a08,9*8,9*4,3cm<\/td>\n<\/tr>\n<tr>\n<td width=\"116\">Quantit\u00e9 minimale de commande<\/td>\n<td width=\"211\">1000 pi\u00e8ces<\/td>\n<\/tr>\n<tr>\n<td width=\"116\">Personnalis\u00e9<\/td>\n<td width=\"211\">Couleur\/Taille\/Logo\/Emballage\/Forme<\/td>\n<\/tr>\n<\/tbody>\n<\/table>","protected":false},"featured_media":1560,"comment_status":"closed","ping_status":"closed","template":"","meta":{"_acf_changed":false},"product_brand":[],"product_cat":[22,29],"product_tag":[],"class_list":{"0":"post-1551","1":"product","2":"type-product","3":"status-publish","4":"has-post-thumbnail","6":"product_cat-bakeware-manufacturer","7":"product_cat-wholesale-ramekins","9":"first","10":"instock","11":"shipping-taxable","12":"product-type-simple"},"acf":[],"_links":{"self":[{"href":"https:\/\/www.czqunfa.com\/fr\/wp-json\/wp\/v2\/product\/1551","targetHints":{"allow":["GET"]}}],"collection":[{"href":"https:\/\/www.czqunfa.com\/fr\/wp-json\/wp\/v2\/product"}],"about":[{"href":"https:\/\/www.czqunfa.com\/fr\/wp-json\/wp\/v2\/types\/product"}],"replies":[{"embeddable":true,"href":"https:\/\/www.czqunfa.com\/fr\/wp-json\/wp\/v2\/comments?post=1551"}],"wp:featuredmedia":[{"embeddable":true,"href":"https:\/\/www.czqunfa.com\/fr\/wp-json\/wp\/v2\/media\/1560"}],"wp:attachment":[{"href":"https:\/\/www.czqunfa.com\/fr\/wp-json\/wp\/v2\/media?parent=1551"}],"wp:term":[{"taxonomy":"product_brand","embeddable":true,"href":"https:\/\/www.czqunfa.com\/fr\/wp-json\/wp\/v2\/product_brand?post=1551"},{"taxonomy":"product_cat","embeddable":true,"href":"https:\/\/www.czqunfa.com\/fr\/wp-json\/wp\/v2\/product_cat?post=1551"},{"taxonomy":"product_tag","embeddable":true,"href":"https:\/\/www.czqunfa.com\/fr\/wp-json\/wp\/v2\/product_tag?post=1551"}],"curies":[{"name":"wp","href":"https:\/\/api.w.org\/{rel}","templated":true}]}}