{"id":1542,"date":"2026-01-15T02:09:44","date_gmt":"2026-01-15T02:09:44","guid":{"rendered":"https:\/\/www.czqunfa.com\/?post_type=product&#038;p=1542"},"modified":"2026-01-15T02:15:46","modified_gmt":"2026-01-15T02:15:46","slug":"wholesale-baking-pans","status":"publish","type":"product","link":"https:\/\/www.czqunfa.com\/fr\/produit\/wholesale-baking-pans\/","title":{"rendered":"Plaques \u00e0 p\u00e2tisserie carr\u00e9es en gros, plaques \u00e0 pain en c\u00e9ramique allant au four"},"content":{"rendered":"<div class=\"wp-block-columns is-layout-flex wp-container-core-columns-is-layout-9d6595d7 wp-block-columns-is-layout-flex\">\n<div class=\"wp-block-column is-layout-flow wp-block-column-is-layout-flow\">\n<h2 class=\"wp-block-heading\">Caract\u00e9ristiques des moules de cuisson en gros<\/h2>\n\n\n\n<ul class=\"wp-block-list\">\n<li><strong>Gr\u00e8s de haute qualit\u00e9 :<\/strong> Ces moules de cuisson en gros sont fabriqu\u00e9s en gr\u00e8s de haute qualit\u00e9, avec une structure dense, une excellente durabilit\u00e9 et une r\u00e9sistance aux chocs thermiques. Ils conviennent pour une utilisation \u00e0 long terme et \u00e0 haute fr\u00e9quence, et r\u00e9pondent aux besoins des acheteurs professionnels de p\u00e2tisserie et des clients commerciaux.<\/li>\n\n\n\n<li><strong>Multi-usage Applicable : <\/strong>Ces moules \u00e0 p\u00e2tisserie en gros peuvent \u00eatre utilis\u00e9s au four, au micro-ondes et au lave-vaisselle. Ils sont r\u00e9sistants \u00e0 la chaleur et ne se d\u00e9forment pas, ce qui vous permet de les utiliser pour pr\u00e9parer des toasts, des g\u00e2teaux, des brownies, des plats cuisin\u00e9s, etc. Ils sont largement utilis\u00e9s dans les p\u00e2tisseries domestiques, les boulangeries, les traiteurs et les commerces de d\u00e9tail.<\/li>\n\n\n\n<li><strong>Conception carr\u00e9e pour un chauffage homog\u00e8ne : <\/strong>La structure carr\u00e9e classique des moules \u00e0 pain en c\u00e9ramique de ces moules de cuisson en gros assure un chauffage plus uniforme, ce qui contribue \u00e0 am\u00e9liorer la consistance des produits de boulangerie et \u00e0 donner une bonne forme aux bords. Particuli\u00e8rement adapt\u00e9s aux toasts et aux pains carr\u00e9s, ils sont tr\u00e8s appr\u00e9ci\u00e9s des professionnels de la boulangerie.<\/li>\n\n\n\n<li><strong>Surface glac\u00e9e lisse et facile \u00e0 nettoyer :<\/strong> Notre moule \u00e0 pain en c\u00e9ramique allant au four est dot\u00e9 d'une surface \u00e9maill\u00e9e de haute qualit\u00e9, lisse au toucher, r\u00e9sistante aux taches d'huile et aux r\u00e9sidus, et facile \u00e0 nettoyer. Elle peut \u00eatre lav\u00e9e au lave-vaisselle, ce qui r\u00e9duit les co\u00fbts d'entretien dans le cadre d'une utilisation commerciale.<\/li>\n\n\n\n<li><strong>Ventes directes \u00e0 l'usine : <\/strong>Nos moules de cuisson en gros sont vendus directement par le fabricant, ce qui \u00e9limine les interm\u00e9diaires et offre les prix de gros les plus comp\u00e9titifs. Nous pouvons personnaliser en profondeur les couleurs, les tailles et les logos des marques pour r\u00e9pondre aux besoins de votre march\u00e9.<\/li>\n<\/ul>\n<\/div>\n\n\n\n<div class=\"wp-block-column is-layout-flow wp-block-column-is-layout-flow\">\n<figure class=\"wp-block-image size-full\"><img decoding=\"async\" width=\"1000\" height=\"1000\" src=\"https:\/\/www.czqunfa.com\/wp-content\/uploads\/2026\/01\/square-wholesale-baking-pans-oven-safe-ceramic-bread-pan-3.webp\" alt=\"square-wholesale-baking-pans-oven-safe-ceramic-bread-pan-3\" class=\"wp-image-1545\" srcset=\"https:\/\/www.czqunfa.com\/wp-content\/uploads\/2026\/01\/square-wholesale-baking-pans-oven-safe-ceramic-bread-pan-3.webp 1000w, https:\/\/www.czqunfa.com\/wp-content\/uploads\/2026\/01\/square-wholesale-baking-pans-oven-safe-ceramic-bread-pan-3-300x300.webp 300w, https:\/\/www.czqunfa.com\/wp-content\/uploads\/2026\/01\/square-wholesale-baking-pans-oven-safe-ceramic-bread-pan-3-150x150.webp 150w, https:\/\/www.czqunfa.com\/wp-content\/uploads\/2026\/01\/square-wholesale-baking-pans-oven-safe-ceramic-bread-pan-3-768x768.webp 768w, https:\/\/www.czqunfa.com\/wp-content\/uploads\/2026\/01\/square-wholesale-baking-pans-oven-safe-ceramic-bread-pan-3-12x12.webp 12w, https:\/\/www.czqunfa.com\/wp-content\/uploads\/2026\/01\/square-wholesale-baking-pans-oven-safe-ceramic-bread-pan-3-600x600.webp 600w, https:\/\/www.czqunfa.com\/wp-content\/uploads\/2026\/01\/square-wholesale-baking-pans-oven-safe-ceramic-bread-pan-3-100x100.webp 100w\" sizes=\"(max-width: 1000px) 100vw, 1000px\" \/><\/figure>\n<\/div>\n<\/div>\n\n\n\n<figure class=\"wp-block-gallery has-nested-images columns-default is-cropped wp-block-gallery-1 is-layout-flex wp-block-gallery-is-layout-flex\">\n<figure class=\"wp-block-image size-full\"><img decoding=\"async\" width=\"1000\" height=\"1000\" data-id=\"1546\" src=\"https:\/\/www.czqunfa.com\/wp-content\/uploads\/2026\/01\/square-wholesale-baking-pans-oven-safe-ceramic-bread-pan-4.webp\" alt=\"square-wholesale-baking-pans-oven-safe-ceramic-bread-pan-4\" class=\"wp-image-1546\" srcset=\"https:\/\/www.czqunfa.com\/wp-content\/uploads\/2026\/01\/square-wholesale-baking-pans-oven-safe-ceramic-bread-pan-4.webp 1000w, https:\/\/www.czqunfa.com\/wp-content\/uploads\/2026\/01\/square-wholesale-baking-pans-oven-safe-ceramic-bread-pan-4-300x300.webp 300w, https:\/\/www.czqunfa.com\/wp-content\/uploads\/2026\/01\/square-wholesale-baking-pans-oven-safe-ceramic-bread-pan-4-150x150.webp 150w, https:\/\/www.czqunfa.com\/wp-content\/uploads\/2026\/01\/square-wholesale-baking-pans-oven-safe-ceramic-bread-pan-4-768x768.webp 768w, https:\/\/www.czqunfa.com\/wp-content\/uploads\/2026\/01\/square-wholesale-baking-pans-oven-safe-ceramic-bread-pan-4-12x12.webp 12w, https:\/\/www.czqunfa.com\/wp-content\/uploads\/2026\/01\/square-wholesale-baking-pans-oven-safe-ceramic-bread-pan-4-600x600.webp 600w, https:\/\/www.czqunfa.com\/wp-content\/uploads\/2026\/01\/square-wholesale-baking-pans-oven-safe-ceramic-bread-pan-4-100x100.webp 100w\" sizes=\"(max-width: 1000px) 100vw, 1000px\" \/><\/figure>\n\n\n\n<figure class=\"wp-block-image size-full\"><img decoding=\"async\" width=\"1000\" height=\"1000\" data-id=\"1547\" src=\"https:\/\/www.czqunfa.com\/wp-content\/uploads\/2026\/01\/square-wholesale-baking-pans-oven-safe-ceramic-bread-pan-5.webp\" alt=\"square-wholesale-baking-pans-oven-safe-ceramic-bread-pan-5\" class=\"wp-image-1547\" srcset=\"https:\/\/www.czqunfa.com\/wp-content\/uploads\/2026\/01\/square-wholesale-baking-pans-oven-safe-ceramic-bread-pan-5.webp 1000w, https:\/\/www.czqunfa.com\/wp-content\/uploads\/2026\/01\/square-wholesale-baking-pans-oven-safe-ceramic-bread-pan-5-300x300.webp 300w, https:\/\/www.czqunfa.com\/wp-content\/uploads\/2026\/01\/square-wholesale-baking-pans-oven-safe-ceramic-bread-pan-5-150x150.webp 150w, https:\/\/www.czqunfa.com\/wp-content\/uploads\/2026\/01\/square-wholesale-baking-pans-oven-safe-ceramic-bread-pan-5-768x768.webp 768w, https:\/\/www.czqunfa.com\/wp-content\/uploads\/2026\/01\/square-wholesale-baking-pans-oven-safe-ceramic-bread-pan-5-12x12.webp 12w, https:\/\/www.czqunfa.com\/wp-content\/uploads\/2026\/01\/square-wholesale-baking-pans-oven-safe-ceramic-bread-pan-5-600x600.webp 600w, https:\/\/www.czqunfa.com\/wp-content\/uploads\/2026\/01\/square-wholesale-baking-pans-oven-safe-ceramic-bread-pan-5-100x100.webp 100w\" sizes=\"(max-width: 1000px) 100vw, 1000px\" \/><\/figure>\n<\/figure>\n\n\n\n<p><\/p>","protected":false},"excerpt":{"rendered":"<p>Nous vous invitons \u00e0 acheter en gros des moules \u00e0 p\u00e2tisserie en c\u00e9ramique de haute qualit\u00e9, pouvant \u00eatre utilis\u00e9s au four, au micro-ondes et au lave-vaisselle. Le design carr\u00e9 assure un chauffage uniforme, et le gla\u00e7age lisse est facile \u00e0 nettoyer, convenant \u00e0 une utilisation \u00e0 long terme dans les environnements de cuisson domestiques et commerciaux. Le moule \u00e0 pain en c\u00e9ramique allant au four est un choix id\u00e9al pour les acheteurs de produits de boulangerie et les clients en gros.<\/p>\n<h2>Param\u00e8tres des moules \u00e0 p\u00e2tisserie en gros<\/h2>\n<table width=\"328\">\n<tbody>\n<tr>\n<td width=\"116\">Fabricant<\/td>\n<td width=\"211\">QUNFA<\/td>\n<\/tr>\n<tr>\n<td width=\"116\">Type de produit<\/td>\n<td>Plat \u00e0 four, moule \u00e0 pain<\/td>\n<\/tr>\n<tr>\n<td width=\"116\">Num\u00e9ro de mod\u00e8le.<\/td>\n<td width=\"211\">\u00a019-419<\/td>\n<\/tr>\n<tr>\n<td width=\"116\">Mat\u00e9riau<\/td>\n<td width=\"211\">Gr\u00e8s<\/td>\n<\/tr>\n<tr>\n<td width=\"116\">Couleur<\/td>\n<td width=\"211\">Gris, rose, bleu, jaune<\/td>\n<\/tr>\n<tr>\n<td width=\"116\">Dimension<\/td>\n<td width=\"211\">7.7\u2033pan:19.5*19.5*6.2cm<br \/>9.3\u2033pan:23.5*23.5*7cm<\/td>\n<\/tr>\n<tr>\n<td width=\"116\">Quantit\u00e9 minimale de commande<\/td>\n<td width=\"211\">1000 pi\u00e8ces<\/td>\n<\/tr>\n<tr>\n<td width=\"116\">Personnalis\u00e9<\/td>\n<td width=\"211\">Couleur\/Taille\/Logo\/Emballage\/Forme<\/td>\n<\/tr>\n<\/tbody>\n<\/table>","protected":false},"featured_media":1548,"comment_status":"closed","ping_status":"closed","template":"","meta":{"_acf_changed":false},"product_brand":[],"product_cat":[22,26,23],"product_tag":[],"class_list":{"0":"post-1542","1":"product","2":"type-product","3":"status-publish","4":"has-post-thumbnail","6":"product_cat-bakeware-manufacturer","7":"product_cat-ceramic-loaf-pan-supplier","8":"product_cat-wholesale-baking-dishes","10":"first","11":"instock","12":"shipping-taxable","13":"product-type-simple"},"acf":[],"_links":{"self":[{"href":"https:\/\/www.czqunfa.com\/fr\/wp-json\/wp\/v2\/product\/1542","targetHints":{"allow":["GET"]}}],"collection":[{"href":"https:\/\/www.czqunfa.com\/fr\/wp-json\/wp\/v2\/product"}],"about":[{"href":"https:\/\/www.czqunfa.com\/fr\/wp-json\/wp\/v2\/types\/product"}],"replies":[{"embeddable":true,"href":"https:\/\/www.czqunfa.com\/fr\/wp-json\/wp\/v2\/comments?post=1542"}],"wp:featuredmedia":[{"embeddable":true,"href":"https:\/\/www.czqunfa.com\/fr\/wp-json\/wp\/v2\/media\/1548"}],"wp:attachment":[{"href":"https:\/\/www.czqunfa.com\/fr\/wp-json\/wp\/v2\/media?parent=1542"}],"wp:term":[{"taxonomy":"product_brand","embeddable":true,"href":"https:\/\/www.czqunfa.com\/fr\/wp-json\/wp\/v2\/product_brand?post=1542"},{"taxonomy":"product_cat","embeddable":true,"href":"https:\/\/www.czqunfa.com\/fr\/wp-json\/wp\/v2\/product_cat?post=1542"},{"taxonomy":"product_tag","embeddable":true,"href":"https:\/\/www.czqunfa.com\/fr\/wp-json\/wp\/v2\/product_tag?post=1542"}],"curies":[{"name":"wp","href":"https:\/\/api.w.org\/{rel}","templated":true}]}}