{"id":1497,"date":"2026-01-10T06:30:50","date_gmt":"2026-01-10T06:30:50","guid":{"rendered":"https:\/\/www.czqunfa.com\/?post_type=product&#038;p=1497"},"modified":"2026-01-10T06:30:52","modified_gmt":"2026-01-10T06:30:52","slug":"wholesale-ceramic-ramekin","status":"publish","type":"product","link":"https:\/\/www.czqunfa.com\/fr\/produit\/wholesale-ceramic-ramekin\/","title":{"rendered":"Wholesale Ceramic Ramekin Set of 3, Wholesale Souffle Cups"},"content":{"rendered":"<div class=\"wp-block-columns is-layout-flex wp-container-core-columns-is-layout-9d6595d7 wp-block-columns-is-layout-flex\">\n<div class=\"wp-block-column is-layout-flow wp-block-column-is-layout-flow\">\n<h2 class=\"wp-block-heading\">Caract\u00e9ristiques du ramequin en c\u00e9ramique Wholesale<\/h2>\n\n\n\n<ul class=\"wp-block-list\">\n<li><strong>Gla\u00e7age iris\u00e9, style d'affichage am\u00e9lior\u00e9 :<\/strong> Ce set de ramequins en c\u00e9ramique utilise une gla\u00e7ure iris\u00e9e unique, pr\u00e9sentant une vari\u00e9t\u00e9 de reflets iris\u00e9s tels que le rouge-orange, le jaune-vert et le bleu-vert, rendant les desserts finis visuellement remarquables et stimulant efficacement la consommation.<\/li>\n\n\n\n<li><strong>R\u00e9cipient polyvalent pour la p\u00e2tisserie et les desserts : <\/strong>Cet ensemble de ramequins en c\u00e9ramique peut \u00eatre utilis\u00e9 pour pr\u00e9parer des souffl\u00e9s, des puddings, des mousses, des g\u00e2teaux, des desserts, des projets de bricolage, etc. Il est le choix des marques de p\u00e2tisserie, des cha\u00eenes de restauration, des h\u00f4tels, ainsi que des amateurs de bricolage.<\/li>\n\n\n\n<li><strong>Durable et robuste, convient aux cuisines commerciales :<\/strong> Il s'agit d'un ensemble de ramequins en c\u00e9ramique de haute qualit\u00e9, avec une texture \u00e9paisse et une excellente r\u00e9sistance aux chocs thermiques et \u00e0 la cuisson \u00e0 haute temp\u00e9rature. Il r\u00e9siste \u00e0 la cuisson au four et au refroidissement rapide et est extr\u00eamement durable.<\/li>\n\n\n\n<li><strong>Enti\u00e8rement compatible avec tous les appareils de cuisine, facile \u00e0 nettoyer :<\/strong> Ces tasses \u00e0 souffl\u00e9 en gros ont un gla\u00e7age lisse qui emp\u00eache les taches d'adh\u00e9rer, ce qui les rend compatibles avec le lave-vaisselle pour un nettoyage efficace. Elles conviennent \u00e9galement au chauffage au micro-ondes et \u00e0 la cuisson au four, ce qui permet de respecter les proc\u00e9dures op\u00e9rationnelles normalis\u00e9es.<\/li>\n\n\n\n<li><strong>Possibilit\u00e9 de personnalisation et d'emballage en vrac : <\/strong>Le set de ramequins en c\u00e9ramique est disponible en trois couleurs, avec une quantit\u00e9 minimale de commande de 1000 sets. Des services de personnalisation tels que l'impression de logos sont disponibles sur demande, et ils sont livr\u00e9s dans un emballage industriel r\u00e9sistant aux chocs pour garantir un transport en toute s\u00e9curit\u00e9.<\/li>\n<\/ul>\n<\/div>\n\n\n\n<div class=\"wp-block-column is-layout-flow wp-block-column-is-layout-flow\">\n<figure class=\"wp-block-image size-full\"><img decoding=\"async\" width=\"800\" height=\"800\" src=\"https:\/\/www.czqunfa.com\/wp-content\/uploads\/2026\/01\/wholesale-ceramic-ramekin-set-of-3-custom-souffle-cups-1.webp\" alt=\"wholesale-ceramic-ramekin-set-of-3-custom-souffle-cups-1\" class=\"wp-image-1498\" srcset=\"https:\/\/www.czqunfa.com\/wp-content\/uploads\/2026\/01\/wholesale-ceramic-ramekin-set-of-3-custom-souffle-cups-1.webp 800w, https:\/\/www.czqunfa.com\/wp-content\/uploads\/2026\/01\/wholesale-ceramic-ramekin-set-of-3-custom-souffle-cups-1-300x300.webp 300w, https:\/\/www.czqunfa.com\/wp-content\/uploads\/2026\/01\/wholesale-ceramic-ramekin-set-of-3-custom-souffle-cups-1-150x150.webp 150w, https:\/\/www.czqunfa.com\/wp-content\/uploads\/2026\/01\/wholesale-ceramic-ramekin-set-of-3-custom-souffle-cups-1-768x768.webp 768w, https:\/\/www.czqunfa.com\/wp-content\/uploads\/2026\/01\/wholesale-ceramic-ramekin-set-of-3-custom-souffle-cups-1-12x12.webp 12w, https:\/\/www.czqunfa.com\/wp-content\/uploads\/2026\/01\/wholesale-ceramic-ramekin-set-of-3-custom-souffle-cups-1-600x600.webp 600w, https:\/\/www.czqunfa.com\/wp-content\/uploads\/2026\/01\/wholesale-ceramic-ramekin-set-of-3-custom-souffle-cups-1-100x100.webp 100w\" sizes=\"(max-width: 800px) 100vw, 800px\" \/><\/figure>\n<\/div>\n<\/div>\n\n\n\n<figure class=\"wp-block-gallery has-nested-images columns-default is-cropped wp-block-gallery-1 is-layout-flex wp-block-gallery-is-layout-flex\">\n<figure class=\"wp-block-image size-full\"><img decoding=\"async\" width=\"800\" height=\"800\" data-id=\"1502\" src=\"https:\/\/www.czqunfa.com\/wp-content\/uploads\/2026\/01\/wholesale-ceramic-ramekin-set-of-3-custom-souffle-cups-5.webp\" alt=\"wholesale-ceramic-ramekin-set-of-3-custom-souffle-cups-5\" class=\"wp-image-1502\" srcset=\"https:\/\/www.czqunfa.com\/wp-content\/uploads\/2026\/01\/wholesale-ceramic-ramekin-set-of-3-custom-souffle-cups-5.webp 800w, https:\/\/www.czqunfa.com\/wp-content\/uploads\/2026\/01\/wholesale-ceramic-ramekin-set-of-3-custom-souffle-cups-5-300x300.webp 300w, https:\/\/www.czqunfa.com\/wp-content\/uploads\/2026\/01\/wholesale-ceramic-ramekin-set-of-3-custom-souffle-cups-5-150x150.webp 150w, https:\/\/www.czqunfa.com\/wp-content\/uploads\/2026\/01\/wholesale-ceramic-ramekin-set-of-3-custom-souffle-cups-5-768x768.webp 768w, https:\/\/www.czqunfa.com\/wp-content\/uploads\/2026\/01\/wholesale-ceramic-ramekin-set-of-3-custom-souffle-cups-5-12x12.webp 12w, https:\/\/www.czqunfa.com\/wp-content\/uploads\/2026\/01\/wholesale-ceramic-ramekin-set-of-3-custom-souffle-cups-5-600x600.webp 600w, https:\/\/www.czqunfa.com\/wp-content\/uploads\/2026\/01\/wholesale-ceramic-ramekin-set-of-3-custom-souffle-cups-5-100x100.webp 100w\" sizes=\"(max-width: 800px) 100vw, 800px\" \/><\/figure>\n\n\n\n<figure class=\"wp-block-image size-full\"><img decoding=\"async\" width=\"800\" height=\"800\" data-id=\"1500\" src=\"https:\/\/www.czqunfa.com\/wp-content\/uploads\/2026\/01\/wholesale-ceramic-ramekin-set-of-3-custom-souffle-cups-3.webp\" alt=\"wholesale-ceramic-ramekin-set-of-3-custom-souffle-cups-3\" class=\"wp-image-1500\" srcset=\"https:\/\/www.czqunfa.com\/wp-content\/uploads\/2026\/01\/wholesale-ceramic-ramekin-set-of-3-custom-souffle-cups-3.webp 800w, https:\/\/www.czqunfa.com\/wp-content\/uploads\/2026\/01\/wholesale-ceramic-ramekin-set-of-3-custom-souffle-cups-3-300x300.webp 300w, https:\/\/www.czqunfa.com\/wp-content\/uploads\/2026\/01\/wholesale-ceramic-ramekin-set-of-3-custom-souffle-cups-3-150x150.webp 150w, https:\/\/www.czqunfa.com\/wp-content\/uploads\/2026\/01\/wholesale-ceramic-ramekin-set-of-3-custom-souffle-cups-3-768x768.webp 768w, https:\/\/www.czqunfa.com\/wp-content\/uploads\/2026\/01\/wholesale-ceramic-ramekin-set-of-3-custom-souffle-cups-3-12x12.webp 12w, https:\/\/www.czqunfa.com\/wp-content\/uploads\/2026\/01\/wholesale-ceramic-ramekin-set-of-3-custom-souffle-cups-3-600x600.webp 600w, https:\/\/www.czqunfa.com\/wp-content\/uploads\/2026\/01\/wholesale-ceramic-ramekin-set-of-3-custom-souffle-cups-3-100x100.webp 100w\" sizes=\"(max-width: 800px) 100vw, 800px\" \/><\/figure>\n<\/figure>\n\n\n\n<p><\/p>","protected":false},"excerpt":{"rendered":"<p>Bienvenue sur notre site de vente en gros de ramequins en c\u00e9ramique. Ces tasses \u00e0 souffl\u00e9 en c\u00e9ramique arc-en-ciel sont con\u00e7ues pour les boulangeries, les magasins de desserts, les h\u00f4tels et les cha\u00eenes de restaurants. Fabriqu\u00e9es en c\u00e9ramique de haute qualit\u00e9, elles pr\u00e9sentent une excellente r\u00e9sistance \u00e0 la temp\u00e9rature et une grande durabilit\u00e9, et peuvent \u00eatre utilis\u00e9es en toute s\u00e9curit\u00e9 au four, au micro-ondes et au lave-vaisselle. La personnalisation en vrac est accept\u00e9e (commande minimum de 1000 unit\u00e9s), offrant des options de personnalisation de la marque et des solutions d'exp\u00e9dition en vrac fiables.<\/p>\n<h2>Param\u00e8tre Ramekin en c\u00e9ramique en gros<\/h2>\n<table border=\"0\" width=\"328\" cellspacing=\"0\" cellpadding=\"0\">\n<tbody>\n<tr>\n<td width=\"116\" height=\"17\">Fabricant<\/td>\n<td width=\"211\">QUNFA<\/td>\n<\/tr>\n<tr>\n<td width=\"116\" height=\"17\">Type de produit<\/td>\n<td>Ramequin<\/td>\n<\/tr>\n<tr>\n<td width=\"116\" height=\"17\">Num\u00e9ro de mod\u00e8le.<\/td>\n<td width=\"211\">2061<\/td>\n<\/tr>\n<tr>\n<td width=\"116\" height=\"17\">Mat\u00e9riau<\/td>\n<td width=\"211\">Gr\u00e8s<\/td>\n<\/tr>\n<tr>\n<td width=\"116\" height=\"17\">Couleur<\/td>\n<td width=\"211\">Personnalis\u00e9<\/td>\n<\/tr>\n<tr>\n<td width=\"116\" height=\"16\">Dimension<\/td>\n<td width=\"211\">7,3*7,3*3,8CM<\/td>\n<\/tr>\n<tr>\n<td width=\"116\" height=\"17\">Quantit\u00e9 minimale de commande<\/td>\n<td width=\"211\">1000 pi\u00e8ces<\/td>\n<\/tr>\n<tr>\n<td width=\"116\" height=\"17\">Personnalis\u00e9<\/td>\n<td width=\"211\">Couleur\/Taille\/Logo\/Emballage\/Forme<\/td>\n<\/tr>\n<\/tbody>\n<\/table>","protected":false},"featured_media":1503,"comment_status":"closed","ping_status":"closed","template":"","meta":{"_acf_changed":false},"product_brand":[],"product_cat":[22,29],"product_tag":[],"class_list":{"0":"post-1497","1":"product","2":"type-product","3":"status-publish","4":"has-post-thumbnail","6":"product_cat-bakeware-manufacturer","7":"product_cat-wholesale-ramekins","9":"first","10":"instock","11":"shipping-taxable","12":"product-type-simple"},"acf":[],"_links":{"self":[{"href":"https:\/\/www.czqunfa.com\/fr\/wp-json\/wp\/v2\/product\/1497","targetHints":{"allow":["GET"]}}],"collection":[{"href":"https:\/\/www.czqunfa.com\/fr\/wp-json\/wp\/v2\/product"}],"about":[{"href":"https:\/\/www.czqunfa.com\/fr\/wp-json\/wp\/v2\/types\/product"}],"replies":[{"embeddable":true,"href":"https:\/\/www.czqunfa.com\/fr\/wp-json\/wp\/v2\/comments?post=1497"}],"wp:featuredmedia":[{"embeddable":true,"href":"https:\/\/www.czqunfa.com\/fr\/wp-json\/wp\/v2\/media\/1503"}],"wp:attachment":[{"href":"https:\/\/www.czqunfa.com\/fr\/wp-json\/wp\/v2\/media?parent=1497"}],"wp:term":[{"taxonomy":"product_brand","embeddable":true,"href":"https:\/\/www.czqunfa.com\/fr\/wp-json\/wp\/v2\/product_brand?post=1497"},{"taxonomy":"product_cat","embeddable":true,"href":"https:\/\/www.czqunfa.com\/fr\/wp-json\/wp\/v2\/product_cat?post=1497"},{"taxonomy":"product_tag","embeddable":true,"href":"https:\/\/www.czqunfa.com\/fr\/wp-json\/wp\/v2\/product_tag?post=1497"}],"curies":[{"name":"wp","href":"https:\/\/api.w.org\/{rel}","templated":true}]}}